{"id":802,"date":"2025-04-23T00:12:56","date_gmt":"2025-04-22T22:12:56","guid":{"rendered":"https:\/\/dualdur.com\/?page_id=802"},"modified":"2025-11-03T07:24:31","modified_gmt":"2025-11-03T06:24:31","slug":"zwiazek-miedzy-borelioza-a-cukrzyca","status":"publish","type":"page","link":"https:\/\/dualdur.com\/pl\/a-lyme-kor-es-a-diabetesz-kapcsolata\/","title":{"rendered":"Zwi\u0105zek mi\u0119dzy borelioz\u0105, a cukrzyc\u0105"},"content":{"rendered":"<div data-elementor-type=\"wp-page\" data-elementor-id=\"802\" class=\"elementor elementor-802\" data-elementor-post-type=\"page\">\n\t\t\t\t<div class=\"elementor-element elementor-element-c18e0de e-con-full e-flex e-con e-parent\" data-id=\"c18e0de\" data-element_type=\"container\" data-e-type=\"container\" data-settings=\"{&quot;background_background&quot;:&quot;classic&quot;}\">\n\t\t\t\t<div class=\"elementor-element elementor-element-3ef9e74 elementor-align-center elementor-widget elementor-widget-breadcrumbs\" data-id=\"3ef9e74\" data-element_type=\"widget\" data-e-type=\"widget\" data-widget_type=\"breadcrumbs.default\">\n\t\t\t\t\t<p id=\"breadcrumbs\"><span><span><a href=\"https:\/\/dualdur.com\/pl\/\">Strona g\u0142\u00f3wna<\/a><\/span><\/span><\/p>\t\t\t\t<\/div>\n\t\t\t\t<\/div>\n\t\t<div class=\"elementor-element elementor-element-927a73d e-flex e-con-boxed e-con e-parent\" data-id=\"927a73d\" data-element_type=\"container\" data-e-type=\"container\">\n\t\t\t\t\t<div class=\"e-con-inner\">\n\t\t<div class=\"elementor-element elementor-element-dd6fccf e-con-full e-flex e-con e-child\" data-id=\"dd6fccf\" data-element_type=\"container\" data-e-type=\"container\">\n\t\t\t\t<div class=\"elementor-element elementor-element-79de2d9 elementor-widget elementor-widget-image\" data-id=\"79de2d9\" data-element_type=\"widget\" data-e-type=\"widget\" data-widget_type=\"image.default\">\n\t\t\t\t\t\t\t\t\t\t\t\t\t\t\t<img fetchpriority=\"high\" decoding=\"async\" width=\"187\" height=\"300\" src=\"https:\/\/dualdur.com\/wp-content\/uploads\/2025\/04\/pexels-ylanite-koppens-612825-e1701257007910-187x300-1.jpg\" class=\"attachment-large size-large wp-image-801\" alt=\"\" \/>\t\t\t\t\t\t\t\t\t\t\t\t\t\t\t<\/div>\n\t\t\t\t<\/div>\n\t\t<div class=\"elementor-element elementor-element-f9b7456 e-con-full e-flex e-con e-child\" data-id=\"f9b7456\" data-element_type=\"container\" data-e-type=\"container\">\n\t\t\t\t<div class=\"elementor-element elementor-element-7a1b1cf elementor-widget elementor-widget-heading\" data-id=\"7a1b1cf\" data-element_type=\"widget\" data-e-type=\"widget\" data-widget_type=\"heading.default\">\n\t\t\t\t\t<h2 class=\"elementor-heading-title elementor-size-default\">Czy mog\u0105 istnie\u0107 powi\u0105zania mi\u0119dzy objawami autoimmunologicznymi choroby z Lyme, a cukrzyc\u0105?\n<br> <br>\nW jaki spos\u00f3b cukrzyca mo\u017ce utrudnia\u0107 leczenie boreliozy?<\/h2>\t\t\t\t<\/div>\n\t\t\t\t<div class=\"elementor-element elementor-element-3812c933 elementor-widget elementor-widget-text-editor\" data-id=\"3812c933\" data-element_type=\"widget\" data-e-type=\"widget\" data-widget_type=\"text-editor.default\">\n\t\t\t\t\t\t\t\t\t<p>Z okazji miesi\u0105ca po\u015bwi\u0119conego cukrzycy, poni\u017cszy artyku\u0142 bada interesuj\u0105ce powi\u0105zania mi\u0119dzy cukrzyc\u0105 a infekcj\u0105, kt\u00f3ra mo\u017ce wywo\u0142a\u0107 procesy autoimmunologiczne \u2013 chorob\u0105 z Lyme. U ludzi jak dot\u0105d nie uda\u0142o si\u0119 wykaza\u0107 ani zwi\u0105zku przyczynowego, ani korelacji, ale istniej\u0105 interesuj\u0105ce, udokumentowane obserwacje.<\/p><p>Cukrzyca typu 1 jest chorob\u0105 autoimmunologiczn\u0105, kt\u00f3ra atakuje kom\u00f3rki produkuj\u0105ce insulin\u0119 w trzustce, prowadz\u0105c do przewlek\u0142ego niedoboru insuliny u os\u00f3b genetycznie predysponowanych. W przypadku cukrzycy typu 2 tylko niewielka cz\u0119\u015b\u0107 przypadk\u00f3w jest wynikiem proces\u00f3w autoimmunologicznych.<\/p><p>Poniewa\u017c dok\u0142adna przyczyna uruchamiania proces\u00f3w autoimmunologicznych nie zosta\u0142a jeszcze poznana w \u017cadnym z typ\u00f3w cukrzycy, warto szerzej bada\u0107 inne czynniki, kt\u00f3re mog\u0105 je wywo\u0142a\u0107 \u2013 na przyk\u0142ad niekt\u00f3re infekcje, w tym chorob\u0119 z Lyme.<\/p><p class=\"translation-block\">Jak dot\u0105d istnieje niewiele do\u015bwiadcze\u0144 dotycz\u0105cych wsp\u00f3\u0142wyst\u0119powania choroby z Lyme i cukrzycy. Najcz\u0119\u015bciej pojawiaj\u0105 si\u0119 opisy przypadk\u00f3w dotycz\u0105ce rozr\u00f3\u017cniania objaw\u00f3w obu chor\u00f3b lub mo\u017cliwo\u015bci wykluczenia jednej z nich i leczenia drugiej. Niewiele jest udokumentowanych przypadk\u00f3w, w kt\u00f3rych uda\u0142o si\u0119 potwierdzi\u0107 oba stany, co wynika m.in. z faktu, \u017ce lekarze cz\u0119sto nie zlecaj\u0105 bada\u0144 laboratoryjnych w kierunku potencjalnych infekcji. Nawet je\u015bli pojawi si\u0119 podejrzenie choroby z Lyme, powszechnie stosowane testy wykrywaj\u0105 mniej ni\u017c po\u0142ow\u0119 przypadk\u00f3w.<\/p><p>Niekt\u00f3re zespo\u0142y objaw\u00f3w mog\u0105 sugerowa\u0107 jednoczesne wyst\u0119powanie obu chor\u00f3b, np. pora\u017cenie nerwu twarzowego (pora\u017cenie Bella), zaburzenia metabolizmu witaminy D, ograniczenia ruchomo\u015bci ma\u0142ych i du\u017cych staw\u00f3w, twardzina, zapalenia naczy\u0144 w\u0142osowatych oraz problemy ze wzrokiem i oczami.<\/p><p class=\"translation-block\">Niestety w przypadku cukrzycy dochodzi do tak powa\u017cnego uszkodzenia trzustki, \u017ce nawet je\u015bli proces autoimmunologiczny ust\u0105pi, pe\u0142na funkcja kom\u00f3rek produkuj\u0105cych insulin\u0119 zwykle nie wraca \u2013 cz\u0119sto zachowuje j\u0105 jedynie 10\u201320% tych kom\u00f3rek. Oznacza to, \u017ce nawet je\u015bli reakcja autoimmunologiczna ust\u0105pi po leczeniu infekcji, produkcja insuliny prawdopodobnie nie powr\u00f3ci. Dlatego pacjenci z podejrzeniem cukrzycy typu 1 powinni by\u0107 niezw\u0142ocznie dok\u0142adnie przebadani, a lekarz powinien wzi\u0105\u0107 pod uwag\u0119 r\u00f3wnie\u017c mniej prawdopodobne czynniki ryzyka.<\/p><p>Chocia\u017c choroba z Lyme jako przyczyna cukrzycy nie zosta\u0142a udowodniona, ro\u015bnie liczba dowod\u00f3w sugeruj\u0105cych, \u017ce cukrzyca, a w szczeg\u00f3lno\u015bci podwy\u017cszony poziom cukru we krwi, mo\u017ce nasila\u0107 przebieg boreliozy.<\/p><p>Niedawne badanie przeprowadzone na myszach sprawdza\u0142o, jak hiperglikemia \u2013 wysoki poziom cukru we krwi obserwowany tak\u017ce w cukrzycy typu 1 \u2013 wp\u0142ywa na eliminacj\u0119 bakterii wywo\u0142uj\u0105cych chorob\u0119 z Lyme oraz na odpowied\u017a immunologiczn\u0105. Niszczenie bakterii w uk\u0142adzie odporno\u015bciowym odbywa si\u0119 dzi\u0119ki granulocytom oboj\u0119tnoch\u0142onnym, kt\u00f3re odpowiadaj\u0105 tak\u017ce za procesy zapalne w trakcie infekcji. W cukrzycy typu 1 granulocyty oboj\u0119tnoch\u0142onne dzia\u0142aj\u0105 mniej skutecznie \u2013 trudniej wykrywaj\u0105 i niszcz\u0105 patogeny, co prowadzi do ich wi\u0119kszego przetrwania w organizmie. Bakterie mog\u0105 przetrwa\u0107 w r\u00f3\u017cnych tkankach, m.in. w m\u00f3zgu, sercu, p\u0142ucach, w\u0105trobie oraz stawach kolanowych. Z tego wynika konieczno\u015b\u0107 badania wp\u0142ywu infekcji Borrelia na przebieg wsp\u00f3\u0142istniej\u0105cych chor\u00f3b, takich jak cukrzyca.<\/p><p>Hiperglikemia mo\u017ce by\u0107 spowodowana r\u00f3wnie\u017c innymi czynnikami, nie tylko cukrzyc\u0105. Choroba z Lyme mo\u017ce dotyczy\u0107 wielu narz\u0105d\u00f3w, w tym nadnerczy. Nadnercza produkuj\u0105 hormony reguluj\u0105ce metabolizm, uk\u0142ad odporno\u015bciowy, ci\u015bnienie krwi i reakcj\u0119 na stres. Choroba z Lyme mo\u017ce zaburza\u0107 funkcje nadnerczy, prowadz\u0105c do waha\u0144 poziomu cukru we krwi, hiperglikemii, nadci\u015bnienia, os\u0142abienia, waha\u0144 nastroju, depresji i objaw\u00f3w autoimmunologicznych. Objawy autoimmunologiczne mog\u0105 pojawi\u0107 si\u0119 tak\u017ce w przypadku cukrzycy. Hiperglikemia spowodowana uszkodzeniem nadnerczy utrudnia kontrolowanie objaw\u00f3w i sam proces leczenia. Dlatego wielu pacjentom z chorob\u0105 z Lyme zaleca si\u0119 \u015bcis\u0142\u0105 diet\u0119, np. bezglutenow\u0105 lub o obni\u017conej zawarto\u015bci cukru. Interesuj\u0105ce jest, \u017ce w\u015br\u00f3d objaw\u00f3w jednej z cz\u0119stych wsp\u00f3\u0142istniej\u0105cych infekcji w chorobie z Lyme, infekcji Babesia, r\u00f3wnie\u017c wymienia si\u0119 hiperglikemi\u0119.<\/p><p>Przewlek\u0142e stany zapalne spowodowane chorob\u0105 z Lyme mog\u0105 prowadzi\u0107 do znacznej utraty lub przyrostu masy cia\u0142a, co r\u00f3wnie\u017c negatywnie wp\u0142ywa na poziom cukru we krwi.<\/p><p>Badania wspierane przez Canadian Institutes of Health Research, przeprowadzone w 2013 roku przez pracownika Uniwersytetu w Toronto, analizowa\u0142y podobny temat jak wcze\u015bniejsze badania, lecz z nieco innej perspektywy. Projekt bada\u0142, czy podwy\u017cszony poziom cukru we krwi w przebiegu infekcji Borrelia pogarsza objawy artretyzmu Lyme i czy kontrolowanie poziomu cukru za pomoc\u0105 insuliny zmniejsza nasilenie tych objaw\u00f3w.<\/p><p>Borelioza sama w sobie mo\u017ce wywo\u0142ywa\u0107 r\u00f3\u017cnorodne objawy, kt\u00f3re dodatkowo komplikuj\u0105 przebieg wsp\u00f3\u0142istniej\u0105cych chor\u00f3b. Wa\u017cne jest badanie reakcji krzy\u017cowych tych chor\u00f3b i ich wp\u0142ywu na Lyme, poniewa\u017c im lepiej rozumiemy patologi\u0119 danej choroby, tym skuteczniej mo\u017cna j\u0105 leczy\u0107.<\/p>\t\t\t\t\t\t\t\t<\/div>\n\t\t\t\t<\/div>\n\t\t\t\t\t<\/div>\n\t\t\t\t<\/div>\n\t\t\t\t<\/div>","protected":false},"excerpt":{"rendered":"<p>Vajon milyen \u00f6sszef\u00fcgg\u00e9s lehet a Lyme-k\u00f3r autoimmun t\u00fcnetei \u00e9s a diab\u00e9tesz k\u00f6z\u00f6tt? Hogyan nehez\u00edtheti meg a diab\u00e9tesz a Lyme-k\u00f3r gy\u00f3gy\u00edt\u00e1s\u00e1t? A diab\u00e9tesz h\u00f3nap ok\u00e1n a k\u00f6vetkez\u0151 cikk n\u00e9h\u00e1ny \u00e9rdekes \u00f6sszef\u00fcgg\u00e9st vizsg\u00e1l meg a diab\u00e9tesz \u00e9s egy autoimmun folyamatokat is beind\u00edt\u00f3 fert\u0151z\u00e9s, a Lyme-k\u00f3r k\u00f6z\u00f6tt. Emberekben egyel\u0151re sem az ok-okozati viszonyt, sem a korrel\u00e1ci\u00f3t nem siker\u00fclt [&hellip;]<\/p>\n","protected":false},"author":1,"featured_media":0,"parent":0,"menu_order":0,"comment_status":"closed","ping_status":"closed","template":"","meta":{"footnotes":""},"class_list":["post-802","page","type-page","status-publish","hentry"],"yoast_head":"<!-- This site is optimized with the Yoast SEO Premium plugin v27.4 (Yoast SEO v27.4) - https:\/\/yoast.com\/product\/yoast-seo-premium-wordpress\/ -->\n<title>A lyme-k\u00f3r \u00e9s a diab\u00e9tesz kapcsolata<\/title>\n<meta name=\"description\" content=\"Vajon milyen \u00f6sszef\u00fcgg\u00e9s lehet a Lyme-k\u00f3r autoimmun t\u00fcnetei \u00e9s a diab\u00e9tesz k\u00f6z\u00f6tt? Hogyan nehez\u00edtheti meg a diab\u00e9tesz a Lyme-k\u00f3r gy\u00f3gy\u00edt\u00e1s\u00e1t? A diab\u00e9tesz\" \/>\n<meta name=\"robots\" content=\"index, follow, max-snippet:-1, max-image-preview:large, max-video-preview:-1\" \/>\n<link rel=\"canonical\" href=\"https:\/\/uj.dualdur.com\/a-lyme-kor-es-a-diabetesz-kapcsolata\/\" \/>\n<meta property=\"og:locale\" content=\"pl_PL\" \/>\n<meta property=\"og:type\" content=\"article\" \/>\n<meta property=\"og:title\" content=\"A lyme-k\u00f3r \u00e9s a diab\u00e9tesz kapcsolata\" \/>\n<meta property=\"og:description\" content=\"Vajon milyen \u00f6sszef\u00fcgg\u00e9s lehet a Lyme-k\u00f3r autoimmun t\u00fcnetei \u00e9s a diab\u00e9tesz k\u00f6z\u00f6tt? Hogyan nehez\u00edtheti meg a diab\u00e9tesz a Lyme-k\u00f3r gy\u00f3gy\u00edt\u00e1s\u00e1t? A diab\u00e9tesz\" \/>\n<meta property=\"og:url\" content=\"https:\/\/uj.dualdur.com\/a-lyme-kor-es-a-diabetesz-kapcsolata\/\" \/>\n<meta property=\"og:site_name\" content=\"DualDur\" \/>\n<meta property=\"article:modified_time\" content=\"2025-11-03T06:24:31+00:00\" \/>\n<meta property=\"og:image\" content=\"https:\/\/dualdur.com\/wp-content\/uploads\/2025\/04\/pexels-ylanite-koppens-612825-e1701257007910-187x300-1.jpg\" \/>\n\t<meta property=\"og:image:width\" content=\"187\" \/>\n\t<meta property=\"og:image:height\" content=\"300\" \/>\n\t<meta property=\"og:image:type\" content=\"image\/jpeg\" \/>\n<meta name=\"twitter:card\" content=\"summary_large_image\" \/>\n<meta name=\"twitter:label1\" content=\"Szacowany czas czytania\" \/>\n\t<meta name=\"twitter:data1\" content=\"5 minut\" \/>\n<script type=\"application\/ld+json\" class=\"yoast-schema-graph\">{\"@context\":\"https:\\\/\\\/schema.org\",\"@graph\":[{\"@type\":\"WebPage\",\"@id\":\"https:\\\/\\\/uj.dualdur.com\\\/a-lyme-kor-es-a-diabetesz-kapcsolata\\\/\",\"url\":\"https:\\\/\\\/uj.dualdur.com\\\/a-lyme-kor-es-a-diabetesz-kapcsolata\\\/\",\"name\":\"A lyme-k\u00f3r \u00e9s a diab\u00e9tesz kapcsolata\",\"isPartOf\":{\"@id\":\"https:\\\/\\\/dualdur.com\\\/#website\"},\"primaryImageOfPage\":{\"@id\":\"https:\\\/\\\/uj.dualdur.com\\\/a-lyme-kor-es-a-diabetesz-kapcsolata\\\/#primaryimage\"},\"image\":{\"@id\":\"https:\\\/\\\/uj.dualdur.com\\\/a-lyme-kor-es-a-diabetesz-kapcsolata\\\/#primaryimage\"},\"thumbnailUrl\":\"https:\\\/\\\/dualdur.com\\\/wp-content\\\/uploads\\\/2025\\\/04\\\/pexels-ylanite-koppens-612825-e1701257007910-187x300-1.jpg\",\"datePublished\":\"2025-04-22T22:12:56+00:00\",\"dateModified\":\"2025-11-03T06:24:31+00:00\",\"description\":\"Vajon milyen \u00f6sszef\u00fcgg\u00e9s lehet a Lyme-k\u00f3r autoimmun t\u00fcnetei \u00e9s a diab\u00e9tesz k\u00f6z\u00f6tt? Hogyan nehez\u00edtheti meg a diab\u00e9tesz a Lyme-k\u00f3r gy\u00f3gy\u00edt\u00e1s\u00e1t? A diab\u00e9tesz\",\"breadcrumb\":{\"@id\":\"https:\\\/\\\/uj.dualdur.com\\\/a-lyme-kor-es-a-diabetesz-kapcsolata\\\/#breadcrumb\"},\"inLanguage\":\"pl-PL\",\"potentialAction\":[{\"@type\":\"ReadAction\",\"target\":[\"https:\\\/\\\/uj.dualdur.com\\\/a-lyme-kor-es-a-diabetesz-kapcsolata\\\/\"]}]},{\"@type\":\"ImageObject\",\"inLanguage\":\"pl-PL\",\"@id\":\"https:\\\/\\\/uj.dualdur.com\\\/a-lyme-kor-es-a-diabetesz-kapcsolata\\\/#primaryimage\",\"url\":\"https:\\\/\\\/dualdur.com\\\/wp-content\\\/uploads\\\/2025\\\/04\\\/pexels-ylanite-koppens-612825-e1701257007910-187x300-1.jpg\",\"contentUrl\":\"https:\\\/\\\/dualdur.com\\\/wp-content\\\/uploads\\\/2025\\\/04\\\/pexels-ylanite-koppens-612825-e1701257007910-187x300-1.jpg\"},{\"@type\":\"BreadcrumbList\",\"@id\":\"https:\\\/\\\/uj.dualdur.com\\\/a-lyme-kor-es-a-diabetesz-kapcsolata\\\/#breadcrumb\",\"itemListElement\":[{\"@type\":\"ListItem\",\"position\":1,\"name\":\"Kezd\u0151lap\",\"item\":\"https:\\\/\\\/dualdur.com\\\/\"},{\"@type\":\"ListItem\",\"position\":2,\"name\":\"A lyme-k\u00f3r \u00e9s a diab\u00e9tesz kapcsolata\"}]},{\"@type\":\"WebSite\",\"@id\":\"https:\\\/\\\/dualdur.com\\\/#website\",\"url\":\"https:\\\/\\\/dualdur.com\\\/\",\"name\":\"DualDur\",\"description\":\"\",\"publisher\":{\"@id\":\"https:\\\/\\\/dualdur.com\\\/#organization\"},\"potentialAction\":[{\"@type\":\"SearchAction\",\"target\":{\"@type\":\"EntryPoint\",\"urlTemplate\":\"https:\\\/\\\/dualdur.com\\\/?s={search_term_string}\"},\"query-input\":{\"@type\":\"PropertyValueSpecification\",\"valueRequired\":true,\"valueName\":\"search_term_string\"}}],\"inLanguage\":\"pl-PL\"},{\"@type\":\"Organization\",\"@id\":\"https:\\\/\\\/dualdur.com\\\/#organization\",\"name\":\"DualDur\",\"url\":\"https:\\\/\\\/dualdur.com\\\/\",\"logo\":{\"@type\":\"ImageObject\",\"inLanguage\":\"pl-PL\",\"@id\":\"https:\\\/\\\/dualdur.com\\\/#\\\/schema\\\/logo\\\/image\\\/\",\"url\":\"https:\\\/\\\/dualdur.com\\\/wp-content\\\/uploads\\\/2025\\\/03\\\/cropped-favicon.png\",\"contentUrl\":\"https:\\\/\\\/dualdur.com\\\/wp-content\\\/uploads\\\/2025\\\/03\\\/cropped-favicon.png\",\"width\":512,\"height\":512,\"caption\":\"DualDur\"},\"image\":{\"@id\":\"https:\\\/\\\/dualdur.com\\\/#\\\/schema\\\/logo\\\/image\\\/\"}}]}<\/script>\n<!-- \/ Yoast SEO Premium plugin. -->","yoast_head_json":{"title":"Zwi\u0105zek mi\u0119dzy borelioz\u0105, a cukrzyc\u0105","description":"Jaki jest mo\u017cliwy zwi\u0105zek mi\u0119dzy autoimmunologicznymi objawami boreliozy a cukrzyc\u0105? W jaki spos\u00f3b cukrzyca mo\u017ce utrudnia\u0107 leczenie boreliozy? Cukrzyca","robots":{"index":"index","follow":"follow","max-snippet":"max-snippet:-1","max-image-preview":"max-image-preview:large","max-video-preview":"max-video-preview:-1"},"canonical":"https:\/\/uj.dualdur.com\/a-lyme-kor-es-a-diabetesz-kapcsolata\/","og_locale":"pl_PL","og_type":"article","og_title":"A lyme-k\u00f3r \u00e9s a diab\u00e9tesz kapcsolata","og_description":"Vajon milyen \u00f6sszef\u00fcgg\u00e9s lehet a Lyme-k\u00f3r autoimmun t\u00fcnetei \u00e9s a diab\u00e9tesz k\u00f6z\u00f6tt? Hogyan nehez\u00edtheti meg a diab\u00e9tesz a Lyme-k\u00f3r gy\u00f3gy\u00edt\u00e1s\u00e1t? A diab\u00e9tesz","og_url":"https:\/\/uj.dualdur.com\/a-lyme-kor-es-a-diabetesz-kapcsolata\/","og_site_name":"DualDur","article_modified_time":"2025-11-03T06:24:31+00:00","og_image":[{"width":187,"height":300,"url":"https:\/\/dualdur.com\/wp-content\/uploads\/2025\/04\/pexels-ylanite-koppens-612825-e1701257007910-187x300-1.jpg","type":"image\/jpeg"}],"twitter_card":"summary_large_image","twitter_misc":{"Szacowany czas czytania":"5 minut"},"schema":{"@context":"https:\/\/schema.org","@graph":[{"@type":"WebPage","@id":"https:\/\/uj.dualdur.com\/a-lyme-kor-es-a-diabetesz-kapcsolata\/","url":"https:\/\/uj.dualdur.com\/a-lyme-kor-es-a-diabetesz-kapcsolata\/","name":"Zwi\u0105zek mi\u0119dzy borelioz\u0105, a cukrzyc\u0105","isPartOf":{"@id":"https:\/\/dualdur.com\/#website"},"primaryImageOfPage":{"@id":"https:\/\/uj.dualdur.com\/a-lyme-kor-es-a-diabetesz-kapcsolata\/#primaryimage"},"image":{"@id":"https:\/\/uj.dualdur.com\/a-lyme-kor-es-a-diabetesz-kapcsolata\/#primaryimage"},"thumbnailUrl":"https:\/\/dualdur.com\/wp-content\/uploads\/2025\/04\/pexels-ylanite-koppens-612825-e1701257007910-187x300-1.jpg","datePublished":"2025-04-22T22:12:56+00:00","dateModified":"2025-11-03T06:24:31+00:00","description":"Jaki jest mo\u017cliwy zwi\u0105zek mi\u0119dzy autoimmunologicznymi objawami boreliozy a cukrzyc\u0105? W jaki spos\u00f3b cukrzyca mo\u017ce utrudnia\u0107 leczenie boreliozy? Cukrzyca","breadcrumb":{"@id":"https:\/\/uj.dualdur.com\/a-lyme-kor-es-a-diabetesz-kapcsolata\/#breadcrumb"},"inLanguage":"pl-PL","potentialAction":[{"@type":"ReadAction","target":["https:\/\/uj.dualdur.com\/a-lyme-kor-es-a-diabetesz-kapcsolata\/"]}]},{"@type":"ImageObject","inLanguage":"pl-PL","@id":"https:\/\/uj.dualdur.com\/a-lyme-kor-es-a-diabetesz-kapcsolata\/#primaryimage","url":"https:\/\/dualdur.com\/wp-content\/uploads\/2025\/04\/pexels-ylanite-koppens-612825-e1701257007910-187x300-1.jpg","contentUrl":"https:\/\/dualdur.com\/wp-content\/uploads\/2025\/04\/pexels-ylanite-koppens-612825-e1701257007910-187x300-1.jpg"},{"@type":"BreadcrumbList","@id":"https:\/\/uj.dualdur.com\/a-lyme-kor-es-a-diabetesz-kapcsolata\/#breadcrumb","itemListElement":[{"@type":"ListItem","position":1,"name":"Kezd\u0151lap","item":"https:\/\/dualdur.com\/"},{"@type":"ListItem","position":2,"name":"A lyme-k\u00f3r \u00e9s a diab\u00e9tesz kapcsolata"}]},{"@type":"WebSite","@id":"https:\/\/dualdur.com\/#website","url":"https:\/\/dualdur.com\/","name":"Podw\u00f3jny kierunek studi\u00f3w","description":"","publisher":{"@id":"https:\/\/dualdur.com\/#organization"},"potentialAction":[{"@type":"SearchAction","target":{"@type":"EntryPoint","urlTemplate":"https:\/\/dualdur.com\/?s={search_term_string}"},"query-input":{"@type":"PropertyValueSpecification","valueRequired":true,"valueName":"search_term_string"}}],"inLanguage":"pl-PL"},{"@type":"Organization","@id":"https:\/\/dualdur.com\/#organization","name":"Podw\u00f3jny kierunek studi\u00f3w","url":"https:\/\/dualdur.com\/","logo":{"@type":"ImageObject","inLanguage":"pl-PL","@id":"https:\/\/dualdur.com\/#\/schema\/logo\/image\/","url":"https:\/\/dualdur.com\/wp-content\/uploads\/2025\/03\/cropped-favicon.png","contentUrl":"https:\/\/dualdur.com\/wp-content\/uploads\/2025\/03\/cropped-favicon.png","width":512,"height":512,"caption":"DualDur"},"image":{"@id":"https:\/\/dualdur.com\/#\/schema\/logo\/image\/"}}]}},"_links":{"self":[{"href":"https:\/\/dualdur.com\/pl\/wp-json\/wp\/v2\/pages\/802","targetHints":{"allow":["GET"]}}],"collection":[{"href":"https:\/\/dualdur.com\/pl\/wp-json\/wp\/v2\/pages"}],"about":[{"href":"https:\/\/dualdur.com\/pl\/wp-json\/wp\/v2\/types\/page"}],"author":[{"embeddable":true,"href":"https:\/\/dualdur.com\/pl\/wp-json\/wp\/v2\/users\/1"}],"replies":[{"embeddable":true,"href":"https:\/\/dualdur.com\/pl\/wp-json\/wp\/v2\/comments?post=802"}],"version-history":[{"count":20,"href":"https:\/\/dualdur.com\/pl\/wp-json\/wp\/v2\/pages\/802\/revisions"}],"predecessor-version":[{"id":1691,"href":"https:\/\/dualdur.com\/pl\/wp-json\/wp\/v2\/pages\/802\/revisions\/1691"}],"wp:attachment":[{"href":"https:\/\/dualdur.com\/pl\/wp-json\/wp\/v2\/media?parent=802"}],"curies":[{"name":"wp","href":"https:\/\/api.w.org\/{rel}","templated":true}]}}