{"id":797,"date":"2025-04-23T00:08:54","date_gmt":"2025-04-22T22:08:54","guid":{"rendered":"https:\/\/dualdur.com\/?page_id=797"},"modified":"2025-11-03T07:29:34","modified_gmt":"2025-11-03T06:29:34","slug":"palmy-i-wielblady-plamiace-borelioze","status":"publish","type":"page","link":"https:\/\/dualdur.com\/pl\/lyme-folt-tenyek-es-tevhitek\/","title":{"rendered":"Rumie\u0144 po boreliozie: fakty i mity"},"content":{"rendered":"<div data-elementor-type=\"wp-page\" data-elementor-id=\"797\" class=\"elementor elementor-797\" data-elementor-post-type=\"page\">\n\t\t\t\t<div class=\"elementor-element elementor-element-ee833f9 e-con-full e-flex e-con e-parent\" data-id=\"ee833f9\" data-element_type=\"container\" data-e-type=\"container\" data-settings=\"{&quot;background_background&quot;:&quot;classic&quot;}\">\n\t\t\t\t<div class=\"elementor-element elementor-element-a764b96 elementor-align-center elementor-widget elementor-widget-breadcrumbs\" data-id=\"a764b96\" data-element_type=\"widget\" data-e-type=\"widget\" data-widget_type=\"breadcrumbs.default\">\n\t\t\t\t\t<p id=\"breadcrumbs\"><span><span><a href=\"https:\/\/dualdur.com\/pl\/\">Strona g\u0142\u00f3wna<\/a><\/span><\/span><\/p>\t\t\t\t<\/div>\n\t\t\t\t<\/div>\n\t\t<div class=\"elementor-element elementor-element-71dbacbe e-flex e-con-boxed e-con e-parent\" data-id=\"71dbacbe\" data-element_type=\"container\" data-e-type=\"container\">\n\t\t\t\t\t<div class=\"e-con-inner\">\n\t\t\t\t<div class=\"elementor-element elementor-element-0b6791d elementor-widget elementor-widget-heading\" data-id=\"0b6791d\" data-element_type=\"widget\" data-e-type=\"widget\" data-widget_type=\"heading.default\">\n\t\t\t\t\t<h2 class=\"elementor-heading-title elementor-size-default\">Kiedy pojawia si\u0119 rumie\u0144 w\u0119druj\u0105cy (erythema migrans) \u2013 okr\u0119\u017cnie rozszerzaj\u0105cy si\u0119 rumie\u0144 sk\u00f3ry, tzw. zmiana \u201ekokardowa\u201d.<\/h2>\t\t\t\t<\/div>\n\t\t<div class=\"elementor-element elementor-element-b73ec91 e-con-full e-flex e-con e-child\" data-id=\"b73ec91\" data-element_type=\"container\" data-e-type=\"container\">\n\t\t\t\t<div class=\"elementor-element elementor-element-148183d e-n-tabs-mobile elementor-widget elementor-widget-n-tabs\" data-id=\"148183d\" data-element_type=\"widget\" data-e-type=\"widget\" data-widget_type=\"nested-tabs.default\">\n\t\t\t\t\t\t\t<div class=\"e-n-tabs\" data-widget-number=\"21502013\" aria-label=\"Pesta\u00f1as. Abre elementos con Intro o Espacio, ci\u00e9rralos con Escape y navega con las fechas.\">\n\t\t\t<div class=\"e-n-tabs-heading\" role=\"tablist\">\n\t\t\t\t\t<button id=\"e-n-tab-title-215020131\" data-tab-title-id=\"e-n-tab-title-215020131\" class=\"e-n-tab-title\" aria-selected=\"true\" data-tab-index=\"1\" role=\"tab\" tabindex=\"0\" aria-controls=\"e-n-tab-content-215020131\" style=\"--n-tabs-title-order: 1;\">\n\t\t\t\t\t\t<span class=\"e-n-tab-title-text\">\n\t\t\t\tDefinicja:\t\t\t<\/span>\n\t\t<\/button>\n\t\t\t\t<button id=\"e-n-tab-title-215020132\" data-tab-title-id=\"e-n-tab-title-215020132\" class=\"e-n-tab-title\" aria-selected=\"false\" data-tab-index=\"2\" role=\"tab\" tabindex=\"-1\" aria-controls=\"e-n-tab-content-215020132\" style=\"--n-tabs-title-order: 2;\">\n\t\t\t\t\t\t<span class=\"e-n-tab-title-text\">\n\t\t\t\tWyst\u0119powanie\t\t\t<\/span>\n\t\t<\/button>\n\t\t\t\t<button id=\"e-n-tab-title-215020133\" data-tab-title-id=\"e-n-tab-title-215020133\" class=\"e-n-tab-title\" aria-selected=\"false\" data-tab-index=\"3\" role=\"tab\" tabindex=\"-1\" aria-controls=\"e-n-tab-content-215020133\" style=\"--n-tabs-title-order: 3;\">\n\t\t\t\t\t\t<span class=\"e-n-tab-title-text\">\n\t\t\t\tDiagnoza\t\t\t<\/span>\n\t\t<\/button>\n\t\t\t\t<button id=\"e-n-tab-title-215020134\" data-tab-title-id=\"e-n-tab-title-215020134\" class=\"e-n-tab-title\" aria-selected=\"false\" data-tab-index=\"4\" role=\"tab\" tabindex=\"-1\" aria-controls=\"e-n-tab-content-215020134\" style=\"--n-tabs-title-order: 4;\">\n\t\t\t\t\t\t<span class=\"e-n-tab-title-text\">\n\t\t\t\tBadania laboratoryjne\t\t\t<\/span>\n\t\t<\/button>\n\t\t\t\t\t<\/div>\n\t\t\t<div class=\"e-n-tabs-content\">\n\t\t\t\t<div id=\"e-n-tab-content-215020131\" role=\"tabpanel\" aria-labelledby=\"e-n-tab-title-215020131\" data-tab-index=\"1\" style=\"--n-tabs-title-order: 1;\" class=\"e-active elementor-element elementor-element-7613d1b e-con-full e-flex e-con e-child\" data-id=\"7613d1b\" data-element_type=\"container\" data-e-type=\"container\" data-settings=\"{&quot;background_background&quot;:&quot;classic&quot;}\">\n\t\t\t\t<div class=\"elementor-element elementor-element-78d9184 elementor-widget elementor-widget-text-editor\" data-id=\"78d9184\" data-element_type=\"widget\" data-e-type=\"widget\" data-widget_type=\"text-editor.default\">\n\t\t\t\t\t\t\t\t\t<p><strong>Definicja:<\/strong><\/p><p>Rumie\u0144 w\u0119druj\u0105cy (erythema migrans) \u2013 okr\u0119\u017cnie rozszerzaj\u0105cy si\u0119 rumie\u0144 sk\u00f3ry, tzw. zmiana \u201ekokardowa\u201d, nazywana r\u00f3wnie\u017c rumieniem z Lyme. Jest to jeden z najbardziej charakterystycznych i wiarygodnych objaw\u00f3w zaka\u017cenia borelioz\u0105.<\/p>\t\t\t\t\t\t\t\t<\/div>\n\t\t\t\t<\/div>\n\t\t<div id=\"e-n-tab-content-215020132\" role=\"tabpanel\" aria-labelledby=\"e-n-tab-title-215020132\" data-tab-index=\"2\" style=\"--n-tabs-title-order: 2;\" class=\"elementor-element elementor-element-cbb821d e-con-full e-flex e-con e-child\" data-id=\"cbb821d\" data-element_type=\"container\" data-e-type=\"container\" data-settings=\"{&quot;background_background&quot;:&quot;classic&quot;}\">\n\t\t\t\t<div class=\"elementor-element elementor-element-4294e13 elementor-widget elementor-widget-text-editor\" data-id=\"4294e13\" data-element_type=\"widget\" data-e-type=\"widget\" data-widget_type=\"text-editor.default\">\n\t\t\t\t\t\t\t\t\t<p>Cho\u0107 rumie\u0144 w\u0119druj\u0105cy (erythema migrans) nie wyst\u0119puje u wszystkich os\u00f3b choruj\u0105cych na borelioz\u0119, jego rozpoznanie ma kluczowe znaczenie dla wczesnej diagnostyki i skutecznego leczenia. Nale\u017cy jednak podkre\u015bli\u0107, \u017ce rumie\u0144 w\u0119druj\u0105cy nie zawsze si\u0119 rozwija. Badania wskazuj\u0105, \u017ce pojawia si\u0119 on jedynie w oko\u0142o 30\u201350% przypadk\u00f3w i mo\u017ce wyst\u0105pi\u0107 nie tylko w miejscu uk\u0142ucia kleszcza, lecz tak\u017ce w innych obszarach sk\u00f3ry.\n\nZgodnie z danymi ameryka\u0144skiego Centrum Kontroli i Prewencji Chor\u00f3b (CDC) dotycz\u0105cymi boreliozowego zapalenia serca (Lyme carditis), rumie\u0144 w\u0119druj\u0105cy rozpoznano jedynie u 42% badanych pacjent\u00f3w. Z kolei badania przeprowadzone w Wielkiej Brytanii pokazuj\u0105, \u017ce a\u017c jedna trzecia chorych na borelioz\u0119 nie zauwa\u017cy\u0142a u siebie \u017cadnych zmian sk\u00f3rnych.\n\nJe\u017celi jednak rumie\u0144 w\u0119druj\u0105cy si\u0119 pojawi, powinien on natychmiast wzbudzi\u0107 podejrzenie zaka\u017cenia borelioz\u0105 i sk\u0142oni\u0107 do wykonania odpowiedniej diagnostyki, najlepiej z wykorzystaniem test\u00f3w bezpo\u015brednich.<\/p>\t\t\t\t\t\t\t\t<\/div>\n\t\t\t\t<\/div>\n\t\t<div id=\"e-n-tab-content-215020133\" role=\"tabpanel\" aria-labelledby=\"e-n-tab-title-215020133\" data-tab-index=\"3\" style=\"--n-tabs-title-order: 3;\" class=\"elementor-element elementor-element-d61eb44 e-con-full e-flex e-con e-child\" data-id=\"d61eb44\" data-element_type=\"container\" data-e-type=\"container\" data-settings=\"{&quot;background_background&quot;:&quot;classic&quot;}\">\n\t\t\t\t<div class=\"elementor-element elementor-element-ba731c5 elementor-widget elementor-widget-text-editor\" data-id=\"ba731c5\" data-element_type=\"widget\" data-e-type=\"widget\" data-widget_type=\"text-editor.default\">\n\t\t\t\t\t\t\t\t\t<p>Po uk\u0142uciu kleszcza, zwykle w ci\u0105gu 1\u20133 tygodni, mo\u017ce pojawi\u0107 si\u0119 zmiana sk\u00f3rna, najcz\u0119\u015bciej w miejscu uk\u0142ucia. Jest to koncentrycznie powi\u0119kszaj\u0105cy si\u0119 czerwony rumie\u0144, kt\u00f3rego \u015brodek z czasem blednie \u2013 st\u0105d nazwa plama w kszta\u0142cie kokardy. Wa\u017cne jest, \u017ce zmiana nigdy nie unosi si\u0119 ponad powierzchni\u0119 sk\u00f3ry.<\/p><p>Kszta\u0142t erythema migrans nie musi by\u0107 idealnie okr\u0105g\u0142y \u2013 mo\u017ce mie\u0107 form\u0119 owaln\u0105 lub pod\u0142u\u017cn\u0105 \u2013 ale wci\u0105\u017c powinien wzbudza\u0107 podejrzenie boreliozy po uk\u0142uciu kleszcza. Rumie\u0144 mo\u017ce osi\u0105ga\u0107 nawet 40 cm \u015brednicy i mie\u0107 nieostre, rozmyte granice. Czasem na ciele pojawia si\u0119 nie jedna, lecz kilka takich zmian.<\/p><p>Plama charakterystyczna dla boreliozy mo\u017ce si\u0119 pojawi\u0107, ale tak\u017ce znikn\u0105\u0107 w ci\u0105gu kilku dni. Nie oznacza to jednak, \u017ce patogen znikn\u0105\u0142 z organizmu \u2013 zaka\u017cenie mo\u017ce nadal istnie\u0107. Najszybsz\u0105 i najbardziej wiarygodn\u0105 diagnostyk\u0119 zapewnia bezpo\u015bredni test. Celem leczenia nie jest jedynie znikni\u0119cie rumienia, lecz ca\u0142kowite usuni\u0119cie patogenu z organizmu.<\/p><p>Warto podejrzewa\u0107 borelioz\u0119 tak\u017ce wtedy, gdy erythema migrans nie jest intensywnie czerwona, lecz ma odcie\u0144 czerwono-niebieski, oraz gdy nie jest idealnie okr\u0105g\u0142a, a owalna. Zmiana zwykle powi\u0119ksza si\u0119 przez kilka dni, a w jej centrum mog\u0105 pojawi\u0107 si\u0119 p\u0119cherzyki \u2013 cho\u0107 zdarza si\u0119 to rzadziej.<\/p>\t\t\t\t\t\t\t\t<\/div>\n\t\t\t\t<\/div>\n\t\t<div id=\"e-n-tab-content-215020134\" role=\"tabpanel\" aria-labelledby=\"e-n-tab-title-215020134\" data-tab-index=\"4\" style=\"--n-tabs-title-order: 4;\" class=\"elementor-element elementor-element-b9fdbcf e-con-full e-flex e-con e-child\" data-id=\"b9fdbcf\" data-element_type=\"container\" data-e-type=\"container\" data-settings=\"{&quot;background_background&quot;:&quot;classic&quot;}\">\n\t\t\t\t<div class=\"elementor-element elementor-element-5119d84 elementor-widget elementor-widget-text-editor\" data-id=\"5119d84\" data-element_type=\"widget\" data-e-type=\"widget\" data-widget_type=\"text-editor.default\">\n\t\t\t\t\t\t\t\t\t<p>W przypadku wczesnych objaw\u00f3w zaka\u017cenia, takich jak pojawienie si\u0119 plamy po kleszczu (erythema migrans), test laboratoryjny DualDur jest najbardziej odpowiedni. Wynika to z faktu, \u017ce pe\u0142na, mierzalna odpowied\u017a immunologiczna mo\u017ce rozwija\u0107 si\u0119 przez kilka tygodni, dlatego testy serologiczne, takie jak ELISA, Western blot, Immunoblot czy ELISpot, nie sprawdzaj\u0105 si\u0119 w diagnostyce wczesnego zaka\u017cenia. Zaka\u017cenie natomiast w ci\u0105gu kilku dni dociera do r\u00f3\u017cnych narz\u0105d\u00f3w, a liczba bakterii osi\u0105ga maksimum, dlatego bezpo\u015brednie badanie krwi, takie jak DualDur, pozwala na pe\u0142n\u0105 pewno\u015b\u0107 diagnozy i umo\u017cliwia wykrycie zaka\u017cenia jeszcze przed rozpocz\u0119ciem leczenia.<\/p><p>Spo\u015br\u00f3d bada\u0144 serologicznych r\u00f3wnie\u017c test Western blot opracowany przez dr. B\u00f3zsika pozwala odr\u00f3\u017cni\u0107 odpowied\u017a immunologiczn\u0105 na wcze\u015bniejsze zaka\u017cenie od reakcji organizmu na \u015bwie\u017c\u0105 infekcj\u0119. Dzi\u0119ki temu wyniki badania wykonane w momencie podejrzenia zaka\u017cenia mo\u017cna por\u00f3wna\u0107 z wynikami powt\u00f3rnego badania, przeprowadzonego w p\u00f3\u017aniejszym terminie, po zako\u0144czeniu leczenia, co dostarcza lekarzowi cennych informacji diagnostycznych.<\/p>\t\t\t\t\t\t\t\t<\/div>\n\t\t\t\t<\/div>\n\t\t\t\t\t<\/div>\n\t\t<\/div>\n\t\t\t\t\t\t<\/div>\n\t\t\t\t<\/div>\n\t\t\t\t\t<\/div>\n\t\t\t\t<\/div>\n\t\t\t\t<\/div>","protected":false},"excerpt":{"rendered":"<p>Mikor alakul ki az Erythema migrans, a b\u0151r\u00f6n k\u00f6rk\u00f6r\u00f6sen terjed\u0151 b\u0151rp\u00edr, kok\u00e1rda-szer\u0171 piros folt? Defin\u00edci\u00f3 El\u0151fordul\u00e1sa Diagn\u00f3zis Laborat\u00f3riumi tesztel\u00e9s Defin\u00edci\u00f3: Erythema migrans. A b\u0151r\u00f6n k\u00f6rk\u00f6r\u00f6sen terjed\u0151 b\u0151rp\u00edr, kok\u00e1rda-szer\u0171 piros folt. Lyme-folt. \u00a0A Lyme borreliosis fert\u0151z\u00e9s egyik legbiztosabb jele. B\u00e1r nem minden Lyme-k\u00f3rban szenved\u0151 embern\u00e9l jelentkezik erythema migrans, felismer\u00e9se a korai diagn\u00f3zis \u00e9s kezel\u00e9s fontos eleme. [&hellip;]<\/p>\n","protected":false},"author":1,"featured_media":0,"parent":0,"menu_order":0,"comment_status":"closed","ping_status":"closed","template":"","meta":{"footnotes":""},"class_list":["post-797","page","type-page","status-publish","hentry"],"yoast_head":"<!-- This site is optimized with the Yoast SEO Premium plugin v27.4 (Yoast SEO v27.4) - https:\/\/yoast.com\/product\/yoast-seo-premium-wordpress\/ -->\n<title>Lyme-folt: T\u00e9nyek \u00e9s t\u00e9vhitek<\/title>\n<meta name=\"description\" content=\"Mikor alakul ki az Erythema migrans, a b\u0151r\u00f6n k\u00f6rk\u00f6r\u00f6sen terjed\u0151 b\u0151rp\u00edr, kok\u00e1rda-szer\u0171 piros folt? Defin\u00edci\u00f3 El\u0151fordul\u00e1sa Diagn\u00f3zis Laborat\u00f3riumi tesztel\u00e9s\" \/>\n<meta name=\"robots\" content=\"index, follow, max-snippet:-1, max-image-preview:large, max-video-preview:-1\" \/>\n<link rel=\"canonical\" href=\"https:\/\/uj.dualdur.com\/lyme-folt-tenyek-es-tevhitek\/\" \/>\n<meta property=\"og:locale\" content=\"pl_PL\" \/>\n<meta property=\"og:type\" content=\"article\" \/>\n<meta property=\"og:title\" content=\"Lyme-folt: T\u00e9nyek \u00e9s t\u00e9vhitek\" \/>\n<meta property=\"og:description\" content=\"Mikor alakul ki az Erythema migrans, a b\u0151r\u00f6n k\u00f6rk\u00f6r\u00f6sen terjed\u0151 b\u0151rp\u00edr, kok\u00e1rda-szer\u0171 piros folt? Defin\u00edci\u00f3 El\u0151fordul\u00e1sa Diagn\u00f3zis Laborat\u00f3riumi tesztel\u00e9s\" \/>\n<meta property=\"og:url\" content=\"https:\/\/uj.dualdur.com\/lyme-folt-tenyek-es-tevhitek\/\" \/>\n<meta property=\"og:site_name\" content=\"DualDur\" \/>\n<meta property=\"article:modified_time\" content=\"2025-11-03T06:29:34+00:00\" \/>\n<meta name=\"twitter:card\" content=\"summary_large_image\" \/>\n<meta name=\"twitter:label1\" content=\"Szacowany czas czytania\" \/>\n\t<meta name=\"twitter:data1\" content=\"5 minut\" \/>\n<script type=\"application\/ld+json\" class=\"yoast-schema-graph\">{\"@context\":\"https:\\\/\\\/schema.org\",\"@graph\":[{\"@type\":\"WebPage\",\"@id\":\"https:\\\/\\\/uj.dualdur.com\\\/lyme-folt-tenyek-es-tevhitek\\\/\",\"url\":\"https:\\\/\\\/uj.dualdur.com\\\/lyme-folt-tenyek-es-tevhitek\\\/\",\"name\":\"Lyme-folt: T\u00e9nyek \u00e9s t\u00e9vhitek\",\"isPartOf\":{\"@id\":\"https:\\\/\\\/dualdur.com\\\/#website\"},\"datePublished\":\"2025-04-22T22:08:54+00:00\",\"dateModified\":\"2025-11-03T06:29:34+00:00\",\"description\":\"Mikor alakul ki az Erythema migrans, a b\u0151r\u00f6n k\u00f6rk\u00f6r\u00f6sen terjed\u0151 b\u0151rp\u00edr, kok\u00e1rda-szer\u0171 piros folt? Defin\u00edci\u00f3 El\u0151fordul\u00e1sa Diagn\u00f3zis Laborat\u00f3riumi tesztel\u00e9s\",\"breadcrumb\":{\"@id\":\"https:\\\/\\\/uj.dualdur.com\\\/lyme-folt-tenyek-es-tevhitek\\\/#breadcrumb\"},\"inLanguage\":\"pl-PL\",\"potentialAction\":[{\"@type\":\"ReadAction\",\"target\":[\"https:\\\/\\\/uj.dualdur.com\\\/lyme-folt-tenyek-es-tevhitek\\\/\"]}]},{\"@type\":\"BreadcrumbList\",\"@id\":\"https:\\\/\\\/uj.dualdur.com\\\/lyme-folt-tenyek-es-tevhitek\\\/#breadcrumb\",\"itemListElement\":[{\"@type\":\"ListItem\",\"position\":1,\"name\":\"Kezd\u0151lap\",\"item\":\"https:\\\/\\\/dualdur.com\\\/\"},{\"@type\":\"ListItem\",\"position\":2,\"name\":\"Lyme-folt: T\u00e9nyek \u00e9s t\u00e9vhitek\"}]},{\"@type\":\"WebSite\",\"@id\":\"https:\\\/\\\/dualdur.com\\\/#website\",\"url\":\"https:\\\/\\\/dualdur.com\\\/\",\"name\":\"DualDur\",\"description\":\"\",\"publisher\":{\"@id\":\"https:\\\/\\\/dualdur.com\\\/#organization\"},\"potentialAction\":[{\"@type\":\"SearchAction\",\"target\":{\"@type\":\"EntryPoint\",\"urlTemplate\":\"https:\\\/\\\/dualdur.com\\\/?s={search_term_string}\"},\"query-input\":{\"@type\":\"PropertyValueSpecification\",\"valueRequired\":true,\"valueName\":\"search_term_string\"}}],\"inLanguage\":\"pl-PL\"},{\"@type\":\"Organization\",\"@id\":\"https:\\\/\\\/dualdur.com\\\/#organization\",\"name\":\"DualDur\",\"url\":\"https:\\\/\\\/dualdur.com\\\/\",\"logo\":{\"@type\":\"ImageObject\",\"inLanguage\":\"pl-PL\",\"@id\":\"https:\\\/\\\/dualdur.com\\\/#\\\/schema\\\/logo\\\/image\\\/\",\"url\":\"https:\\\/\\\/dualdur.com\\\/wp-content\\\/uploads\\\/2025\\\/03\\\/cropped-favicon.png\",\"contentUrl\":\"https:\\\/\\\/dualdur.com\\\/wp-content\\\/uploads\\\/2025\\\/03\\\/cropped-favicon.png\",\"width\":512,\"height\":512,\"caption\":\"DualDur\"},\"image\":{\"@id\":\"https:\\\/\\\/dualdur.com\\\/#\\\/schema\\\/logo\\\/image\\\/\"}}]}<\/script>\n<!-- \/ Yoast SEO Premium plugin. -->","yoast_head_json":{"title":"Rumie\u0144 po boreliozie: fakty i mity","description":"Kiedy pojawia si\u0119 rumie\u0144 w\u0119druj\u0105cy, okr\u0105g\u0142e zaczerwienienie sk\u00f3ry? Definicja Wyst\u0119powanie Diagnoza Badania laboratoryjne","robots":{"index":"index","follow":"follow","max-snippet":"max-snippet:-1","max-image-preview":"max-image-preview:large","max-video-preview":"max-video-preview:-1"},"canonical":"https:\/\/uj.dualdur.com\/lyme-folt-tenyek-es-tevhitek\/","og_locale":"pl_PL","og_type":"article","og_title":"Lyme-folt: T\u00e9nyek \u00e9s t\u00e9vhitek","og_description":"Mikor alakul ki az Erythema migrans, a b\u0151r\u00f6n k\u00f6rk\u00f6r\u00f6sen terjed\u0151 b\u0151rp\u00edr, kok\u00e1rda-szer\u0171 piros folt? Defin\u00edci\u00f3 El\u0151fordul\u00e1sa Diagn\u00f3zis Laborat\u00f3riumi tesztel\u00e9s","og_url":"https:\/\/uj.dualdur.com\/lyme-folt-tenyek-es-tevhitek\/","og_site_name":"DualDur","article_modified_time":"2025-11-03T06:29:34+00:00","twitter_card":"summary_large_image","twitter_misc":{"Szacowany czas czytania":"5 minut"},"schema":{"@context":"https:\/\/schema.org","@graph":[{"@type":"WebPage","@id":"https:\/\/uj.dualdur.com\/lyme-folt-tenyek-es-tevhitek\/","url":"https:\/\/uj.dualdur.com\/lyme-folt-tenyek-es-tevhitek\/","name":"Rumie\u0144 po boreliozie: fakty i mity","isPartOf":{"@id":"https:\/\/dualdur.com\/#website"},"datePublished":"2025-04-22T22:08:54+00:00","dateModified":"2025-11-03T06:29:34+00:00","description":"Kiedy pojawia si\u0119 rumie\u0144 w\u0119druj\u0105cy, okr\u0105g\u0142e zaczerwienienie sk\u00f3ry? Definicja Wyst\u0119powanie Diagnoza Badania laboratoryjne","breadcrumb":{"@id":"https:\/\/uj.dualdur.com\/lyme-folt-tenyek-es-tevhitek\/#breadcrumb"},"inLanguage":"pl-PL","potentialAction":[{"@type":"ReadAction","target":["https:\/\/uj.dualdur.com\/lyme-folt-tenyek-es-tevhitek\/"]}]},{"@type":"BreadcrumbList","@id":"https:\/\/uj.dualdur.com\/lyme-folt-tenyek-es-tevhitek\/#breadcrumb","itemListElement":[{"@type":"ListItem","position":1,"name":"Kezd\u0151lap","item":"https:\/\/dualdur.com\/"},{"@type":"ListItem","position":2,"name":"Lyme-folt: T\u00e9nyek \u00e9s t\u00e9vhitek"}]},{"@type":"WebSite","@id":"https:\/\/dualdur.com\/#website","url":"https:\/\/dualdur.com\/","name":"Podw\u00f3jny kierunek studi\u00f3w","description":"","publisher":{"@id":"https:\/\/dualdur.com\/#organization"},"potentialAction":[{"@type":"SearchAction","target":{"@type":"EntryPoint","urlTemplate":"https:\/\/dualdur.com\/?s={search_term_string}"},"query-input":{"@type":"PropertyValueSpecification","valueRequired":true,"valueName":"search_term_string"}}],"inLanguage":"pl-PL"},{"@type":"Organization","@id":"https:\/\/dualdur.com\/#organization","name":"Podw\u00f3jny kierunek studi\u00f3w","url":"https:\/\/dualdur.com\/","logo":{"@type":"ImageObject","inLanguage":"pl-PL","@id":"https:\/\/dualdur.com\/#\/schema\/logo\/image\/","url":"https:\/\/dualdur.com\/wp-content\/uploads\/2025\/03\/cropped-favicon.png","contentUrl":"https:\/\/dualdur.com\/wp-content\/uploads\/2025\/03\/cropped-favicon.png","width":512,"height":512,"caption":"DualDur"},"image":{"@id":"https:\/\/dualdur.com\/#\/schema\/logo\/image\/"}}]}},"_links":{"self":[{"href":"https:\/\/dualdur.com\/pl\/wp-json\/wp\/v2\/pages\/797","targetHints":{"allow":["GET"]}}],"collection":[{"href":"https:\/\/dualdur.com\/pl\/wp-json\/wp\/v2\/pages"}],"about":[{"href":"https:\/\/dualdur.com\/pl\/wp-json\/wp\/v2\/types\/page"}],"author":[{"embeddable":true,"href":"https:\/\/dualdur.com\/pl\/wp-json\/wp\/v2\/users\/1"}],"replies":[{"embeddable":true,"href":"https:\/\/dualdur.com\/pl\/wp-json\/wp\/v2\/comments?post=797"}],"version-history":[{"count":39,"href":"https:\/\/dualdur.com\/pl\/wp-json\/wp\/v2\/pages\/797\/revisions"}],"predecessor-version":[{"id":1715,"href":"https:\/\/dualdur.com\/pl\/wp-json\/wp\/v2\/pages\/797\/revisions\/1715"}],"wp:attachment":[{"href":"https:\/\/dualdur.com\/pl\/wp-json\/wp\/v2\/media?parent=797"}],"curies":[{"name":"wp","href":"https:\/\/api.w.org\/{rel}","templated":true}]}}