{"id":685,"date":"2025-07-07T19:11:44","date_gmt":"2025-07-07T17:11:44","guid":{"rendered":"https:\/\/dualdur.com\/?page_id=685"},"modified":"2026-04-20T12:07:41","modified_gmt":"2026-04-20T10:07:41","slug":"mi-a-dualdur","status":"publish","type":"page","link":"https:\/\/dualdur.com\/pl\/mi-a-dualdur\/","title":{"rendered":"Czym jest DualDur?"},"content":{"rendered":"<div data-elementor-type=\"wp-page\" data-elementor-id=\"685\" class=\"elementor elementor-685\" data-elementor-post-type=\"page\">\n\t\t\t\t<div class=\"elementor-element elementor-element-4fd982c e-con-full e-flex e-con e-parent\" data-id=\"4fd982c\" data-element_type=\"container\" data-e-type=\"container\" data-settings=\"{&quot;background_background&quot;:&quot;classic&quot;}\">\n\t\t\t\t<div class=\"elementor-element elementor-element-20d7ad3 elementor-align-center elementor-widget elementor-widget-breadcrumbs\" data-id=\"20d7ad3\" data-element_type=\"widget\" data-e-type=\"widget\" data-widget_type=\"breadcrumbs.default\">\n\t\t\t\t\t<p id=\"breadcrumbs\"><span><span><a href=\"https:\/\/dualdur.com\/pl\/\">Strona g\u0142\u00f3wna<\/a><\/span><\/span><\/p>\t\t\t\t<\/div>\n\t\t\t\t<\/div>\n\t\t<div class=\"elementor-element elementor-element-604bcce e-flex e-con-boxed e-con e-parent\" data-id=\"604bcce\" data-element_type=\"container\" data-e-type=\"container\">\n\t\t\t\t\t<div class=\"e-con-inner\">\n\t\t\t\t<div class=\"elementor-element elementor-element-45aedce6 elementor-widget elementor-widget-text-editor\" data-id=\"45aedce6\" data-element_type=\"widget\" data-e-type=\"widget\" data-widget_type=\"text-editor.default\">\n\t\t\t\t\t\t\t\t\t<div class=\"wpb_column vc_column_container vc_col-sm-3\">\r\n<div class=\"vc_column-inner\">\r\n<div class=\"wpb_wrapper\">\r\n<div class=\"aio-icon-component    style_1\">\r\n<div id=\"Info-box-wrap-2556\" class=\"aio-icon-box top-icon\">\r\n<div class=\"aio-icon-description ult-responsive\" data-ultimate-target=\"#Info-box-wrap-2556 .aio-icon-description\" data-responsive-json-new=\"{&quot;font-size&quot;:&quot;&quot;,&quot;line-height&quot;:&quot;&quot;}\">Test DualDur\u00ae to proste pobranie krwi. Wykonuje si\u0119 go w akredytowanym laboratorium. Sednem tej wyj\u0105tkowej metody badawczej jest mo\u017cliwo\u015b\u0107 skuteczniejszego wykrywania w krwi pacjent\u00f3w bakterii wywo\u0142uj\u0105cych borelioz\u0119.\u00a0<strong>Dzi\u0119ki specjalnemu odczynnikowi DualDur\u00ae<\/strong> mo\u017cemy skuteczniej wykrywa\u0107 bakteri\u0119 we krwi pacjent\u00f3w.<\/div>\r\n<div class=\"aio-icon-description ult-responsive\" data-ultimate-target=\"#Info-box-wrap-2556 .aio-icon-description\" data-responsive-json-new=\"{&quot;font-size&quot;:&quot;&quot;,&quot;line-height&quot;:&quot;&quot;}\">Kluczowym elementem testu DualDur\u00ae jest specjalny p\u0142yn oraz metoda przygotowania kom\u00f3rek, kt\u00f3re umo\u017cliwiaj\u0105 bezpo\u015brednie badanie i potwierdzenie obecno\u015bci patogenu pod <strong>mikroskopem<\/strong>\u00a0\u2014 jeszcze przed pojawieniem si\u0119 reakcji serologicznej, czyli immunologicznej, a tak\u017ce zanim objawy stan\u0105 si\u0119 bardziej wyra\u017ane.<\/div>\r\n<\/div>\r\n<\/div>\r\n<\/div>\r\n<\/div>\r\n<\/div>\r\n<div class=\"wpb_column vc_column_container vc_col-sm-3\">\r\n<div class=\"vc_column-inner\">\r\n<div class=\"wpb_wrapper\">\r\n<div class=\"aio-icon-component    style_1\">\r\n<div id=\"Info-box-wrap-4402\" class=\"aio-icon-box top-icon\">\r\n<div class=\"aio-icon-top\">\r\n<div class=\"ult-just-icon-wrapper\">\r\n<div class=\"aio-icon-img\">\r\n<div class=\"wpb_column vc_column_container vc_col-sm-3\">\r\n<div class=\"vc_column-inner\">\r\n<div class=\"wpb_wrapper\">\r\n<div class=\"aio-icon-component    style_1\">\r\n<div id=\"Info-box-wrap-8238\" class=\"aio-icon-box top-icon\">\r\n<div class=\"aio-icon-top\">\r\n<div class=\"ult-just-icon-wrapper\">\r\n<div class=\"align-icon\">\r\n<div class=\"aio-icon-img\">\r\n<div class=\"wpb_column vc_column_container vc_col-sm-3\">\r\n<div class=\"vc_column-inner\">\r\n<div class=\"wpb_wrapper\">\r\n<div class=\"aio-icon-component    style_1\">\r\n<div id=\"Info-box-wrap-8238\" class=\"aio-icon-box top-icon\">\r\n<div class=\"aio-icon-description ult-responsive\" data-ultimate-target=\"#Info-box-wrap-8238 .aio-icon-description\" data-responsive-json-new=\"{&quot;font-size&quot;:&quot;&quot;,&quot;line-height&quot;:&quot;&quot;}\">Skuteczno\u015b\u0107 testu DualDur\u00ae zosta\u0142a potwierdzona w najwi\u0119kszym w Europie klinicznym badaniu dotycz\u0105cym diagnostyki boreliozy, zanim udost\u0119pniono go szerokiej publiczno\u015bci.\u00a0<strong>Przygotowanie pr\u00f3bek nasz\u0105 metod\u0105 pozwoli\u0142o uzyska\u0107 w badaniu z u\u017cyciem automatycznej mikroskopii w ciemnym polu (AIM) znacznie lepsze wyniki diagnostyczne<\/strong> ni\u017c w przypadku obecnie stosowanych standardowych metod.<\/div>\r\n<div class=\"aio-icon-description ult-responsive\" data-ultimate-target=\"#Info-box-wrap-8238 .aio-icon-description\" data-responsive-json-new=\"{&quot;font-size&quot;:&quot;&quot;,&quot;line-height&quot;:&quot;&quot;}\">Nasze badanie zalecamy pacjentom, po konsultacji lekarskiej, u kt\u00f3rych pojawi\u0142o si\u0119 podejrzenie boreliozy lub innego zaka\u017cenia bakteryjnego, a objawy nie ust\u0119puj\u0105 mimo stosowania innych metod leczenia.<\/div>\r\n<\/div>\r\n<\/div>\r\n<\/div>\r\n<\/div>\r\n<\/div>\r\n<div class=\"wpb_column vc_column_container vc_col-sm-3\">\r\n<div class=\"vc_column-inner\">\r\n<div class=\"wpb_wrapper\">\r\n<div class=\"aio-icon-component    style_1\">\r\n<div id=\"Info-box-wrap-1825\" class=\"aio-icon-box top-icon\">\r\n<div class=\"aio-icon-top\">\r\n<div class=\"ult-just-icon-wrapper\">\r\n<div class=\"align-icon\">\r\n<div class=\"aio-icon-img\">\r\n<div class=\"wpb_text_column wpb_content_element\">\r\n<div class=\"wpb_wrapper\">\r\n<div class=\"vc_row wpb_row vc_row-fluid mi-a-dualdur\">\r\n<div class=\"wpb_column vc_column_container vc_col-sm-12\">\r\n<div class=\"vc_column-inner\">\r\n<div class=\"wpb_wrapper\">\r\n<div class=\"wpb_text_column wpb_content_element\">\r\n<div class=\"wpb_wrapper\">\r\n\r\nTest DualDur jest zatem jedyn\u0105 metod\u0105 diagnostyczn\u0105 wykorzystywan\u0105 do wykrywania boreliozy, kt\u00f3r\u0105 potwierdzono\u00a0<strong>w publicznych, prospektywnych badaniach przeprowadzonych w Europie.<\/strong>\u00a0i kt\u00f3r\u0105 wykonuje si\u0119\u00a0<strong>w akredytowanym<\/strong>\u00a0<strong>laboratorium<\/strong>\u00a0na W\u0119grzech. W por\u00f3wnaniu z badaniami serologicznymi (Western blot, ELISA, ELISPOT, Vibrant, szybkie testy apteczne itp.), test ten pozwala uzyska\u0107 bardziej wiarygodny obraz rzeczywistego stanu zaka\u017cenia, nawet gdy odpowied\u017a immunologiczna nie jest jeszcze wykrywalna. Spo\u015br\u00f3d badanych metod, test DualDur wykaza\u0142 najwy\u017csz\u0105 czu\u0142o\u015b\u0107, czyli najlepiej wykrywa\u0142 faktyczny stan zaka\u017cenia.\r\n\r\n<\/div>\r\n<\/div>\r\n<\/div>\r\n<\/div>\r\n<\/div>\r\n<\/div>\r\n<div class=\"vc_row wpb_row vc_row-fluid\">\r\n<div class=\"wpb_column vc_column_container vc_col-sm-12\">\r\n<div class=\"vc_column-inner\">\r\n<div class=\"wpb_wrapper\"><\/div>\r\n<\/div>\r\n<\/div>\r\n<\/div>\r\n<\/div>\r\n<\/div>\r\n<\/div>\r\n<\/div>\r\n<\/div>\r\n<\/div>\r\n<\/div>\r\n<\/div>\r\n<\/div>\r\n<\/div>\r\n<\/div>\r\n<\/div>\r\n<\/div>\r\n<\/div>\r\n<\/div>\r\n<\/div>\r\n<\/div>\r\n<\/div>\r\n<\/div>\r\n<\/div>\r\n<\/div>\r\n<\/div>\r\n<\/div>\r\n<\/div>\r\n<\/div>\r\n<\/div>\r\n<\/div>\r\n<\/div>\t\t\t\t\t\t\t\t<\/div>\n\t\t\t\t\t<\/div>\n\t\t\t\t<\/div>\n\t\t\t\t<\/div>","protected":false},"excerpt":{"rendered":"<p>A DualDur\u00ae teszt egy egyszer\u0171 v\u00e9rv\u00e9tel. A k\u00f6telez\u0151 min\u0151s\u00e9gi jel\u00f6l\u00e9ssel \u00e9s \u00e9rv\u00e9nyes regisztr\u00e1ci\u00f3val, akkredit\u00e1lt laborat\u00f3riumban v\u00e9gzik. Az egyed\u00fcl\u00e1ll\u00f3 vizsg\u00e1lati m\u00f3dszer l\u00e9nyege az, hogy speci\u00e1lisan a Lyme borreliosist okoz\u00f3\u00a0bakt\u00e9riumok jelenl\u00e9t\u00e9t a betegek v\u00e9r\u00e9b\u0151l tudjuk hat\u00e9konyabban kimutatni. A DualDur\u00ae teszt kulcsa egy sejttechnol\u00f3giai folyad\u00e9k \u00e9s el\u0151k\u00e9sz\u00edt\u00e9si m\u00f3dszer, mely lehet\u0151v\u00e9 teszi, hogy direkt vizsg\u00e1lati m\u00f3dszerekkel igazoljuk, l\u00e1that\u00f3v\u00e1 tegy\u00fck\u00a0a [&hellip;]<\/p>\n","protected":false},"author":1,"featured_media":0,"parent":0,"menu_order":0,"comment_status":"closed","ping_status":"closed","template":"","meta":{"footnotes":""},"class_list":["post-685","page","type-page","status-publish","hentry"],"yoast_head":"<!-- This site is optimized with the Yoast SEO Premium plugin v27.4 (Yoast SEO v27.4) - https:\/\/yoast.com\/product\/yoast-seo-premium-wordpress\/ -->\n<title>Mi a DualDur?<\/title>\n<meta name=\"description\" content=\"A DualDur\u00ae teszt egy egyszer\u0171 v\u00e9rv\u00e9tel. A k\u00f6telez\u0151 min\u0151s\u00e9gi jel\u00f6l\u00e9ssel \u00e9s \u00e9rv\u00e9nyes regisztr\u00e1ci\u00f3val, akkredit\u00e1lt laborat\u00f3riumban v\u00e9gzik. Az egyed\u00fcl\u00e1ll\u00f3\" \/>\n<meta name=\"robots\" content=\"index, follow, max-snippet:-1, max-image-preview:large, max-video-preview:-1\" \/>\n<link rel=\"canonical\" href=\"https:\/\/dualdur.com\/pl\/mi-a-dualdur\/\" \/>\n<meta property=\"og:locale\" content=\"pl_PL\" \/>\n<meta property=\"og:type\" content=\"article\" \/>\n<meta property=\"og:title\" content=\"Mi a DualDur?\" \/>\n<meta property=\"og:description\" content=\"A DualDur\u00ae teszt egy egyszer\u0171 v\u00e9rv\u00e9tel. A k\u00f6telez\u0151 min\u0151s\u00e9gi jel\u00f6l\u00e9ssel \u00e9s \u00e9rv\u00e9nyes regisztr\u00e1ci\u00f3val, akkredit\u00e1lt laborat\u00f3riumban v\u00e9gzik. Az egyed\u00fcl\u00e1ll\u00f3\" \/>\n<meta property=\"og:url\" content=\"https:\/\/dualdur.com\/pl\/mi-a-dualdur\/\" \/>\n<meta property=\"og:site_name\" content=\"DualDur\" \/>\n<meta property=\"article:modified_time\" content=\"2026-04-20T10:07:41+00:00\" \/>\n<meta name=\"twitter:card\" content=\"summary_large_image\" \/>\n<script type=\"application\/ld+json\" class=\"yoast-schema-graph\">{\"@context\":\"https:\\\/\\\/schema.org\",\"@graph\":[{\"@type\":\"WebPage\",\"@id\":\"https:\\\/\\\/dualdur.com\\\/mi-a-dualdur\\\/\",\"url\":\"https:\\\/\\\/dualdur.com\\\/mi-a-dualdur\\\/\",\"name\":\"Mi a DualDur?\",\"isPartOf\":{\"@id\":\"https:\\\/\\\/dualdur.com\\\/#website\"},\"datePublished\":\"2025-07-07T17:11:44+00:00\",\"dateModified\":\"2026-04-20T10:07:41+00:00\",\"description\":\"A DualDur\u00ae teszt egy egyszer\u0171 v\u00e9rv\u00e9tel. A k\u00f6telez\u0151 min\u0151s\u00e9gi jel\u00f6l\u00e9ssel \u00e9s \u00e9rv\u00e9nyes regisztr\u00e1ci\u00f3val, akkredit\u00e1lt laborat\u00f3riumban v\u00e9gzik. Az egyed\u00fcl\u00e1ll\u00f3\",\"breadcrumb\":{\"@id\":\"https:\\\/\\\/dualdur.com\\\/mi-a-dualdur\\\/#breadcrumb\"},\"inLanguage\":\"pl-PL\",\"potentialAction\":[{\"@type\":\"ReadAction\",\"target\":[\"https:\\\/\\\/dualdur.com\\\/mi-a-dualdur\\\/\"]}]},{\"@type\":\"BreadcrumbList\",\"@id\":\"https:\\\/\\\/dualdur.com\\\/mi-a-dualdur\\\/#breadcrumb\",\"itemListElement\":[{\"@type\":\"ListItem\",\"position\":1,\"name\":\"Kezd\u0151lap\",\"item\":\"https:\\\/\\\/dualdur.com\\\/\"},{\"@type\":\"ListItem\",\"position\":2,\"name\":\"Mi a DualDur?\"}]},{\"@type\":\"WebSite\",\"@id\":\"https:\\\/\\\/dualdur.com\\\/#website\",\"url\":\"https:\\\/\\\/dualdur.com\\\/\",\"name\":\"DualDur\",\"description\":\"\",\"publisher\":{\"@id\":\"https:\\\/\\\/dualdur.com\\\/#organization\"},\"potentialAction\":[{\"@type\":\"SearchAction\",\"target\":{\"@type\":\"EntryPoint\",\"urlTemplate\":\"https:\\\/\\\/dualdur.com\\\/?s={search_term_string}\"},\"query-input\":{\"@type\":\"PropertyValueSpecification\",\"valueRequired\":true,\"valueName\":\"search_term_string\"}}],\"inLanguage\":\"pl-PL\"},{\"@type\":\"Organization\",\"@id\":\"https:\\\/\\\/dualdur.com\\\/#organization\",\"name\":\"DualDur\",\"url\":\"https:\\\/\\\/dualdur.com\\\/\",\"logo\":{\"@type\":\"ImageObject\",\"inLanguage\":\"pl-PL\",\"@id\":\"https:\\\/\\\/dualdur.com\\\/#\\\/schema\\\/logo\\\/image\\\/\",\"url\":\"https:\\\/\\\/dualdur.com\\\/wp-content\\\/uploads\\\/2025\\\/03\\\/cropped-favicon.png\",\"contentUrl\":\"https:\\\/\\\/dualdur.com\\\/wp-content\\\/uploads\\\/2025\\\/03\\\/cropped-favicon.png\",\"width\":512,\"height\":512,\"caption\":\"DualDur\"},\"image\":{\"@id\":\"https:\\\/\\\/dualdur.com\\\/#\\\/schema\\\/logo\\\/image\\\/\"}}]}<\/script>\n<!-- \/ Yoast SEO Premium plugin. -->","yoast_head_json":{"title":"Czym jest DualDur?","description":"Test DualDur\u00ae jest prostym badaniem krwi. Przeprowadzany jest w akredytowanym laboratorium posiadaj\u0105cym obowi\u0105zkowy znak jako\u015bci i wa\u017cn\u0105 rejestracj\u0119. Unikalny","robots":{"index":"index","follow":"follow","max-snippet":"max-snippet:-1","max-image-preview":"max-image-preview:large","max-video-preview":"max-video-preview:-1"},"canonical":"https:\/\/dualdur.com\/pl\/mi-a-dualdur\/","og_locale":"pl_PL","og_type":"article","og_title":"Mi a DualDur?","og_description":"A DualDur\u00ae teszt egy egyszer\u0171 v\u00e9rv\u00e9tel. A k\u00f6telez\u0151 min\u0151s\u00e9gi jel\u00f6l\u00e9ssel \u00e9s \u00e9rv\u00e9nyes regisztr\u00e1ci\u00f3val, akkredit\u00e1lt laborat\u00f3riumban v\u00e9gzik. Az egyed\u00fcl\u00e1ll\u00f3","og_url":"https:\/\/dualdur.com\/pl\/mi-a-dualdur\/","og_site_name":"DualDur","article_modified_time":"2026-04-20T10:07:41+00:00","twitter_card":"summary_large_image","schema":{"@context":"https:\/\/schema.org","@graph":[{"@type":"WebPage","@id":"https:\/\/dualdur.com\/mi-a-dualdur\/","url":"https:\/\/dualdur.com\/mi-a-dualdur\/","name":"Czym jest DualDur?","isPartOf":{"@id":"https:\/\/dualdur.com\/#website"},"datePublished":"2025-07-07T17:11:44+00:00","dateModified":"2026-04-20T10:07:41+00:00","description":"Test DualDur\u00ae jest prostym badaniem krwi. Przeprowadzany jest w akredytowanym laboratorium posiadaj\u0105cym obowi\u0105zkowy znak jako\u015bci i wa\u017cn\u0105 rejestracj\u0119. Unikalny","breadcrumb":{"@id":"https:\/\/dualdur.com\/mi-a-dualdur\/#breadcrumb"},"inLanguage":"pl-PL","potentialAction":[{"@type":"ReadAction","target":["https:\/\/dualdur.com\/mi-a-dualdur\/"]}]},{"@type":"BreadcrumbList","@id":"https:\/\/dualdur.com\/mi-a-dualdur\/#breadcrumb","itemListElement":[{"@type":"ListItem","position":1,"name":"Kezd\u0151lap","item":"https:\/\/dualdur.com\/"},{"@type":"ListItem","position":2,"name":"Mi a DualDur?"}]},{"@type":"WebSite","@id":"https:\/\/dualdur.com\/#website","url":"https:\/\/dualdur.com\/","name":"Podw\u00f3jny kierunek studi\u00f3w","description":"","publisher":{"@id":"https:\/\/dualdur.com\/#organization"},"potentialAction":[{"@type":"SearchAction","target":{"@type":"EntryPoint","urlTemplate":"https:\/\/dualdur.com\/?s={search_term_string}"},"query-input":{"@type":"PropertyValueSpecification","valueRequired":true,"valueName":"search_term_string"}}],"inLanguage":"pl-PL"},{"@type":"Organization","@id":"https:\/\/dualdur.com\/#organization","name":"Podw\u00f3jny kierunek studi\u00f3w","url":"https:\/\/dualdur.com\/","logo":{"@type":"ImageObject","inLanguage":"pl-PL","@id":"https:\/\/dualdur.com\/#\/schema\/logo\/image\/","url":"https:\/\/dualdur.com\/wp-content\/uploads\/2025\/03\/cropped-favicon.png","contentUrl":"https:\/\/dualdur.com\/wp-content\/uploads\/2025\/03\/cropped-favicon.png","width":512,"height":512,"caption":"DualDur"},"image":{"@id":"https:\/\/dualdur.com\/#\/schema\/logo\/image\/"}}]}},"_links":{"self":[{"href":"https:\/\/dualdur.com\/pl\/wp-json\/wp\/v2\/pages\/685","targetHints":{"allow":["GET"]}}],"collection":[{"href":"https:\/\/dualdur.com\/pl\/wp-json\/wp\/v2\/pages"}],"about":[{"href":"https:\/\/dualdur.com\/pl\/wp-json\/wp\/v2\/types\/page"}],"author":[{"embeddable":true,"href":"https:\/\/dualdur.com\/pl\/wp-json\/wp\/v2\/users\/1"}],"replies":[{"embeddable":true,"href":"https:\/\/dualdur.com\/pl\/wp-json\/wp\/v2\/comments?post=685"}],"version-history":[{"count":10,"href":"https:\/\/dualdur.com\/pl\/wp-json\/wp\/v2\/pages\/685\/revisions"}],"predecessor-version":[{"id":1721,"href":"https:\/\/dualdur.com\/pl\/wp-json\/wp\/v2\/pages\/685\/revisions\/1721"}],"wp:attachment":[{"href":"https:\/\/dualdur.com\/pl\/wp-json\/wp\/v2\/media?parent=685"}],"curies":[{"name":"wp","href":"https:\/\/api.w.org\/{rel}","templated":true}]}}