{"id":1310,"date":"2025-08-16T10:26:44","date_gmt":"2025-08-16T08:26:44","guid":{"rendered":"https:\/\/dualdur.com\/?page_id=1310"},"modified":"2025-11-03T07:36:27","modified_gmt":"2025-11-03T06:36:27","slug":"rzeczy-do-zrobienia-przed-weekendem","status":"publish","type":"page","link":"https:\/\/dualdur.com\/pl\/teendok-vervetel-elott\/","title":{"rendered":"Zalecenia przed badaniem krwi"},"content":{"rendered":"<div data-elementor-type=\"wp-page\" data-elementor-id=\"1310\" class=\"elementor elementor-1310\" data-elementor-post-type=\"page\">\n\t\t\t\t<div class=\"elementor-element elementor-element-304b0c6 e-con-full e-flex e-con e-parent\" data-id=\"304b0c6\" data-element_type=\"container\" data-e-type=\"container\" data-settings=\"{&quot;background_background&quot;:&quot;classic&quot;}\">\n\t\t\t\t<div class=\"elementor-element elementor-element-007b1a7 elementor-widget elementor-widget-heading\" data-id=\"007b1a7\" data-element_type=\"widget\" data-e-type=\"widget\" data-widget_type=\"heading.default\">\n\t\t\t\t\t<h2 class=\"elementor-heading-title elementor-size-default\">Zalecenia przed badaniem krwi<\/h2>\t\t\t\t<\/div>\n\t\t\t\t<div class=\"elementor-element elementor-element-368f880 elementor-align-center elementor-widget elementor-widget-breadcrumbs\" data-id=\"368f880\" data-element_type=\"widget\" data-e-type=\"widget\" data-widget_type=\"breadcrumbs.default\">\n\t\t\t\t\t<p id=\"breadcrumbs\"><span><span><a href=\"https:\/\/dualdur.com\/pl\/\">Strona g\u0142\u00f3wna<\/a><\/span><\/span><\/p>\t\t\t\t<\/div>\n\t\t\t\t<\/div>\n\t\t<div class=\"elementor-element elementor-element-cfd450c e-flex e-con-boxed e-con e-parent\" data-id=\"cfd450c\" data-element_type=\"container\" data-e-type=\"container\">\n\t\t\t\t\t<div class=\"e-con-inner\">\n\t\t\t\t<div class=\"elementor-element elementor-element-d6cb557 elementor-widget elementor-widget-text-editor\" data-id=\"d6cb557\" data-element_type=\"widget\" data-e-type=\"widget\" data-widget_type=\"text-editor.default\">\n\t\t\t\t\t\t\t\t\t<p class=\"translation-block\"><strong>Na czym polega badanie DualDur?<\/strong><br>\nBadanie wykonywane jest in vitro, czyli poza organizmem, w kontrolowanych warunkach laboratoryjnych. Do jego przeprowadzenia potrzebne s\u0105 jedynie 4 ml krwi od pacjenta, pobranej jednorazowo przez wykwalifikowany personel do pr\u00f3b\u00f3wki zawieraj\u0105cej specjalny p\u0142yn.<\/p><p class=\"translation-block\"><strong>Jak przygotowa\u0107 si\u0119 do badania DualDur?<\/strong><br>Pobranie krwi odbywa si\u0119 standardowo na czczo \u2013 nie nale\u017cy przyjmowa\u0107 pokarmu przez 8\u201310 godzin przed badaniem. Na 24 godziny przed pobraniem nale\u017cy stosowa\u0107 diet\u0119 niskot\u0142uszczow\u0105, aby wyniki by\u0142y miarodajne.\nPrzed badaniem pacjent powinien zapozna\u0107 si\u0119 z obowi\u0105zuj\u0105c\u0105 ulotk\u0105 informacyjn\u0105, kt\u00f3r\u0105 mo\u017cna uzyska\u0107 u lekarza prowadz\u0105cego lub bezpo\u015brednio od naszych pracownik\u00f3w. W razie pyta\u0144 mo\u017cna kontaktowa\u0107 si\u0119 z lekarzem lub, w przypadku w\u0105tpliwo\u015bci dotycz\u0105cych metody badania, z naszym personelem. \u015awiadom\u0105 zgod\u0119 oraz przestrzeganie diety pacjent potwierdza podpisem.\nAby badanie mog\u0142o zosta\u0107 wykonane, a jego wyniki przes\u0142ane, konieczne jest podanie danych identyfikacyjnych, takich jak: imi\u0119 i nazwisko, nazwisko rodowe, nazwisko panie\u0144skie, data urodzenia, numer PESEL oraz adres e-mail, numer telefonu lub inny kontakt. Dane te s\u0105 przetwarzane zgodnie z ustaw\u0105 RODO (Rozporz\u0105dzenie Parlamentu Europejskiego i Rady (UE) 2016\/679).<\/p><p class=\"translation-block\"><strong>Co oznacza dieta bezt\u0142uszczowa?<\/strong><br>Dieta bezt\u0142uszczowa polega na wyeliminowanie t\u0142uszczy na 24 godziny przed badaniem. Nie jest ona du\u017cym obci\u0105\u017ceniem dla organizmu, ani nie powoduje silnego uczucia g\u0142odu. Nale\u017cy jednak pami\u0119ta\u0107, \u017ce niekt\u00f3re produkty zawieraj\u0105 t\u0142uszcz w niewielkich ilo\u015bciach i \u0142atwo o tym zapomnie\u0107 \u2013 np. jeden migda\u0142 zawiera oko\u0142o 1 g t\u0142uszczu, podobnie inne orzechy i nasiona, kt\u00f3rych nale\u017cy unika\u0107.\nNale\u017cy tak\u017ce unika\u0107 wszelkich potraw przygotowanych z olejem, w tym sa\u0142atek z olejem, chips\u00f3w, a tak\u017ce mleka i przetwor\u00f3w mlecznych, mi\u0119sa (z wyj\u0105tkiem piersi z kurczaka i indyka - bez dodatk\u00f3w), awokado, czekolady, nasion chia, \u0142ososia, tu\u0144czyka, tofu czy oliwek. Najlepiej odstawi\u0107 te\u017c na ten dzie\u0144 suplementy, zw\u0142aszcza z grupy ADEK. W przypadku w\u0105tpliwo\u015bci warto sprawdzi\u0107 zawarto\u015b\u0107 t\u0142uszczu w Internecie lub \u2013 dla pewno\u015bci \u2013 pomin\u0105\u0107 dany produkt.<br>\n<br><strong>Zalecane produkty podczas diety bezt\u0142uszczowej:<\/strong><\/p>\t\t\t\t\t\t\t\t<\/div>\n\t\t<div class=\"elementor-element elementor-element-2109bee e-con-full e-flex e-con e-child\" data-id=\"2109bee\" data-element_type=\"container\" data-e-type=\"container\">\n\t\t<div class=\"elementor-element elementor-element-874788f e-con-full e-flex e-con e-child\" data-id=\"874788f\" data-element_type=\"container\" data-e-type=\"container\">\n\t\t\t\t<div class=\"elementor-element elementor-element-9653640 elementor-icon-list--layout-traditional elementor-list-item-link-full_width elementor-widget elementor-widget-icon-list\" data-id=\"9653640\" data-element_type=\"widget\" data-e-type=\"widget\" data-widget_type=\"icon-list.default\">\n\t\t\t\t\t\t\t<ul class=\"elementor-icon-list-items\">\n\t\t\t\t\t\t\t<li class=\"elementor-icon-list-item\">\n\t\t\t\t\t\t\t\t\t\t\t<span class=\"elementor-icon-list-icon\">\n\t\t\t\t\t\t\t<svg aria-hidden=\"true\" class=\"e-font-icon-svg e-fas-check-circle\" viewbox=\"0 0 512 512\" xmlns=\"http:\/\/www.w3.org\/2000\/svg\"><path d=\"M504 256c0 136.967-111.033 248-248 248S8 392.967 8 256 119.033 8 256 8s248 111.033 248 248zM227.314 387.314l184-184c6.248-6.248 6.248-16.379 0-22.627l-22.627-22.627c-6.248-6.249-16.379-6.249-22.628 0L216 308.118l-70.059-70.059c-6.248-6.248-16.379-6.248-22.628 0l-22.627 22.627c-6.248 6.248-6.248 16.379 0 22.627l104 104c6.249 6.249 16.379 6.249 22.628.001z\"><\/path><\/svg>\t\t\t\t\t\t<\/span>\n\t\t\t\t\t\t\t\t\t\t<span class=\"elementor-icon-list-text\">Ro\u015bliny str\u0105czkowe<\/span>\n\t\t\t\t\t\t\t\t\t<\/li>\n\t\t\t\t\t\t\t\t<li class=\"elementor-icon-list-item\">\n\t\t\t\t\t\t\t\t\t\t\t<span class=\"elementor-icon-list-icon\">\n\t\t\t\t\t\t\t<svg aria-hidden=\"true\" class=\"e-font-icon-svg e-fas-check-circle\" viewbox=\"0 0 512 512\" xmlns=\"http:\/\/www.w3.org\/2000\/svg\"><path d=\"M504 256c0 136.967-111.033 248-248 248S8 392.967 8 256 119.033 8 256 8s248 111.033 248 248zM227.314 387.314l184-184c6.248-6.248 6.248-16.379 0-22.627l-22.627-22.627c-6.248-6.249-16.379-6.249-22.628 0L216 308.118l-70.059-70.059c-6.248-6.248-16.379-6.248-22.628 0l-22.627 22.627c-6.248 6.248-6.248 16.379 0 22.627l104 104c6.249 6.249 16.379 6.249 22.628.001z\"><\/path><\/svg>\t\t\t\t\t\t<\/span>\n\t\t\t\t\t\t\t\t\t\t<span class=\"elementor-icon-list-text\">Soczewica<\/span>\n\t\t\t\t\t\t\t\t\t<\/li>\n\t\t\t\t\t\t\t\t<li class=\"elementor-icon-list-item\">\n\t\t\t\t\t\t\t\t\t\t\t<span class=\"elementor-icon-list-icon\">\n\t\t\t\t\t\t\t<svg aria-hidden=\"true\" class=\"e-font-icon-svg e-fas-check-circle\" viewbox=\"0 0 512 512\" xmlns=\"http:\/\/www.w3.org\/2000\/svg\"><path d=\"M504 256c0 136.967-111.033 248-248 248S8 392.967 8 256 119.033 8 256 8s248 111.033 248 248zM227.314 387.314l184-184c6.248-6.248 6.248-16.379 0-22.627l-22.627-22.627c-6.248-6.249-16.379-6.249-22.628 0L216 308.118l-70.059-70.059c-6.248-6.248-16.379-6.248-22.628 0l-22.627 22.627c-6.248 6.248-6.248 16.379 0 22.627l104 104c6.249 6.249 16.379 6.249 22.628.001z\"><\/path><\/svg>\t\t\t\t\t\t<\/span>\n\t\t\t\t\t\t\t\t\t\t<span class=\"elementor-icon-list-text\">Jarmu\u017c<\/span>\n\t\t\t\t\t\t\t\t\t<\/li>\n\t\t\t\t\t\t\t\t<li class=\"elementor-icon-list-item\">\n\t\t\t\t\t\t\t\t\t\t\t<span class=\"elementor-icon-list-icon\">\n\t\t\t\t\t\t\t<svg aria-hidden=\"true\" class=\"e-font-icon-svg e-fas-check-circle\" viewbox=\"0 0 512 512\" xmlns=\"http:\/\/www.w3.org\/2000\/svg\"><path d=\"M504 256c0 136.967-111.033 248-248 248S8 392.967 8 256 119.033 8 256 8s248 111.033 248 248zM227.314 387.314l184-184c6.248-6.248 6.248-16.379 0-22.627l-22.627-22.627c-6.248-6.249-16.379-6.249-22.628 0L216 308.118l-70.059-70.059c-6.248-6.248-16.379-6.248-22.628 0l-22.627 22.627c-6.248 6.248-6.248 16.379 0 22.627l104 104c6.249 6.249 16.379 6.249 22.628.001z\"><\/path><\/svg>\t\t\t\t\t\t<\/span>\n\t\t\t\t\t\t\t\t\t\t<span class=\"elementor-icon-list-text\">Szpinak<\/span>\n\t\t\t\t\t\t\t\t\t<\/li>\n\t\t\t\t\t\t<\/ul>\n\t\t\t\t\t\t<\/div>\n\t\t\t\t<\/div>\n\t\t<div class=\"elementor-element elementor-element-5f1085f e-con-full e-flex e-con e-child\" data-id=\"5f1085f\" data-element_type=\"container\" data-e-type=\"container\">\n\t\t\t\t<div class=\"elementor-element elementor-element-e9a28a5 elementor-icon-list--layout-traditional elementor-list-item-link-full_width elementor-widget elementor-widget-icon-list\" data-id=\"e9a28a5\" data-element_type=\"widget\" data-e-type=\"widget\" data-widget_type=\"icon-list.default\">\n\t\t\t\t\t\t\t<ul class=\"elementor-icon-list-items\">\n\t\t\t\t\t\t\t<li class=\"elementor-icon-list-item\">\n\t\t\t\t\t\t\t\t\t\t\t<span class=\"elementor-icon-list-icon\">\n\t\t\t\t\t\t\t<svg aria-hidden=\"true\" class=\"e-font-icon-svg e-fas-check-circle\" viewbox=\"0 0 512 512\" xmlns=\"http:\/\/www.w3.org\/2000\/svg\"><path d=\"M504 256c0 136.967-111.033 248-248 248S8 392.967 8 256 119.033 8 256 8s248 111.033 248 248zM227.314 387.314l184-184c6.248-6.248 6.248-16.379 0-22.627l-22.627-22.627c-6.248-6.249-16.379-6.249-22.628 0L216 308.118l-70.059-70.059c-6.248-6.248-16.379-6.248-22.628 0l-22.627 22.627c-6.248 6.248-6.248 16.379 0 22.627l104 104c6.249 6.249 16.379 6.249 22.628.001z\"><\/path><\/svg>\t\t\t\t\t\t<\/span>\n\t\t\t\t\t\t\t\t\t\t<span class=\"elementor-icon-list-text\">Broku\u0142y<\/span>\n\t\t\t\t\t\t\t\t\t<\/li>\n\t\t\t\t\t\t\t\t<li class=\"elementor-icon-list-item\">\n\t\t\t\t\t\t\t\t\t\t\t<span class=\"elementor-icon-list-icon\">\n\t\t\t\t\t\t\t<svg aria-hidden=\"true\" class=\"e-font-icon-svg e-fas-check-circle\" viewbox=\"0 0 512 512\" xmlns=\"http:\/\/www.w3.org\/2000\/svg\"><path d=\"M504 256c0 136.967-111.033 248-248 248S8 392.967 8 256 119.033 8 256 8s248 111.033 248 248zM227.314 387.314l184-184c6.248-6.248 6.248-16.379 0-22.627l-22.627-22.627c-6.248-6.249-16.379-6.249-22.628 0L216 308.118l-70.059-70.059c-6.248-6.248-16.379-6.248-22.628 0l-22.627 22.627c-6.248 6.248-6.248 16.379 0 22.627l104 104c6.249 6.249 16.379 6.249 22.628.001z\"><\/path><\/svg>\t\t\t\t\t\t<\/span>\n\t\t\t\t\t\t\t\t\t\t<span class=\"elementor-icon-list-text\">Grzyby<\/span>\n\t\t\t\t\t\t\t\t\t<\/li>\n\t\t\t\t\t\t\t\t<li class=\"elementor-icon-list-item\">\n\t\t\t\t\t\t\t\t\t\t\t<span class=\"elementor-icon-list-icon\">\n\t\t\t\t\t\t\t<svg aria-hidden=\"true\" class=\"e-font-icon-svg e-fas-check-circle\" viewbox=\"0 0 512 512\" xmlns=\"http:\/\/www.w3.org\/2000\/svg\"><path d=\"M504 256c0 136.967-111.033 248-248 248S8 392.967 8 256 119.033 8 256 8s248 111.033 248 248zM227.314 387.314l184-184c6.248-6.248 6.248-16.379 0-22.627l-22.627-22.627c-6.248-6.249-16.379-6.249-22.628 0L216 308.118l-70.059-70.059c-6.248-6.248-16.379-6.248-22.628 0l-22.627 22.627c-6.248 6.248-6.248 16.379 0 22.627l104 104c6.249 6.249 16.379 6.249 22.628.001z\"><\/path><\/svg>\t\t\t\t\t\t<\/span>\n\t\t\t\t\t\t\t\t\t\t<span class=\"elementor-icon-list-text\">Jab\u0142ka<\/span>\n\t\t\t\t\t\t\t\t\t<\/li>\n\t\t\t\t\t\t<\/ul>\n\t\t\t\t\t\t<\/div>\n\t\t\t\t<\/div>\n\t\t<div class=\"elementor-element elementor-element-69b305a e-con-full e-flex e-con e-child\" data-id=\"69b305a\" data-element_type=\"container\" data-e-type=\"container\">\n\t\t\t\t<div class=\"elementor-element elementor-element-aa5c5a7 elementor-icon-list--layout-traditional elementor-list-item-link-full_width elementor-widget elementor-widget-icon-list\" data-id=\"aa5c5a7\" data-element_type=\"widget\" data-e-type=\"widget\" data-widget_type=\"icon-list.default\">\n\t\t\t\t\t\t\t<ul class=\"elementor-icon-list-items\">\n\t\t\t\t\t\t\t<li class=\"elementor-icon-list-item\">\n\t\t\t\t\t\t\t\t\t\t\t<span class=\"elementor-icon-list-icon\">\n\t\t\t\t\t\t\t<svg aria-hidden=\"true\" class=\"e-font-icon-svg e-fas-check-circle\" viewbox=\"0 0 512 512\" xmlns=\"http:\/\/www.w3.org\/2000\/svg\"><path d=\"M504 256c0 136.967-111.033 248-248 248S8 392.967 8 256 119.033 8 256 8s248 111.033 248 248zM227.314 387.314l184-184c6.248-6.248 6.248-16.379 0-22.627l-22.627-22.627c-6.248-6.249-16.379-6.249-22.628 0L216 308.118l-70.059-70.059c-6.248-6.248-16.379-6.248-22.628 0l-22.627 22.627c-6.248 6.248-6.248 16.379 0 22.627l104 104c6.249 6.249 16.379 6.249 22.628.001z\"><\/path><\/svg>\t\t\t\t\t\t<\/span>\n\t\t\t\t\t\t\t\t\t\t<span class=\"elementor-icon-list-text\">Banany<\/span>\n\t\t\t\t\t\t\t\t\t<\/li>\n\t\t\t\t\t\t\t\t<li class=\"elementor-icon-list-item\">\n\t\t\t\t\t\t\t\t\t\t\t<span class=\"elementor-icon-list-icon\">\n\t\t\t\t\t\t\t<svg aria-hidden=\"true\" class=\"e-font-icon-svg e-fas-check-circle\" viewbox=\"0 0 512 512\" xmlns=\"http:\/\/www.w3.org\/2000\/svg\"><path d=\"M504 256c0 136.967-111.033 248-248 248S8 392.967 8 256 119.033 8 256 8s248 111.033 248 248zM227.314 387.314l184-184c6.248-6.248 6.248-16.379 0-22.627l-22.627-22.627c-6.248-6.249-16.379-6.249-22.628 0L216 308.118l-70.059-70.059c-6.248-6.248-16.379-6.248-22.628 0l-22.627 22.627c-6.248 6.248-6.248 16.379 0 22.627l104 104c6.249 6.249 16.379 6.249 22.628.001z\"><\/path><\/svg>\t\t\t\t\t\t<\/span>\n\t\t\t\t\t\t\t\t\t\t<span class=\"elementor-icon-list-text\">Pomara\u0144cze<\/span>\n\t\t\t\t\t\t\t\t\t<\/li>\n\t\t\t\t\t\t\t\t<li class=\"elementor-icon-list-item\">\n\t\t\t\t\t\t\t\t\t\t\t<span class=\"elementor-icon-list-icon\">\n\t\t\t\t\t\t\t<svg aria-hidden=\"true\" class=\"e-font-icon-svg e-fas-check-circle\" viewbox=\"0 0 512 512\" xmlns=\"http:\/\/www.w3.org\/2000\/svg\"><path d=\"M504 256c0 136.967-111.033 248-248 248S8 392.967 8 256 119.033 8 256 8s248 111.033 248 248zM227.314 387.314l184-184c6.248-6.248 6.248-16.379 0-22.627l-22.627-22.627c-6.248-6.249-16.379-6.249-22.628 0L216 308.118l-70.059-70.059c-6.248-6.248-16.379-6.248-22.628 0l-22.627 22.627c-6.248 6.248-6.248 16.379 0 22.627l104 104c6.249 6.249 16.379 6.249 22.628.001z\"><\/path><\/svg>\t\t\t\t\t\t<\/span>\n\t\t\t\t\t\t\t\t\t\t<span class=\"elementor-icon-list-text\">Bia\u0142ka jaj<\/span>\n\t\t\t\t\t\t\t\t\t<\/li>\n\t\t\t\t\t\t<\/ul>\n\t\t\t\t\t\t<\/div>\n\t\t\t\t<\/div>\n\t\t<div class=\"elementor-element elementor-element-3bafcc4 e-con-full e-flex e-con e-child\" data-id=\"3bafcc4\" data-element_type=\"container\" data-e-type=\"container\">\n\t\t\t\t<div class=\"elementor-element elementor-element-01bc256 elementor-icon-list--layout-traditional elementor-list-item-link-full_width elementor-widget elementor-widget-icon-list\" data-id=\"01bc256\" data-element_type=\"widget\" data-e-type=\"widget\" data-widget_type=\"icon-list.default\">\n\t\t\t\t\t\t\t<ul class=\"elementor-icon-list-items\">\n\t\t\t\t\t\t\t<li class=\"elementor-icon-list-item\">\n\t\t\t\t\t\t\t\t\t\t\t<span class=\"elementor-icon-list-icon\">\n\t\t\t\t\t\t\t<svg aria-hidden=\"true\" class=\"e-font-icon-svg e-fas-check-circle\" viewbox=\"0 0 512 512\" xmlns=\"http:\/\/www.w3.org\/2000\/svg\"><path d=\"M504 256c0 136.967-111.033 248-248 248S8 392.967 8 256 119.033 8 256 8s248 111.033 248 248zM227.314 387.314l184-184c6.248-6.248 6.248-16.379 0-22.627l-22.627-22.627c-6.248-6.249-16.379-6.249-22.628 0L216 308.118l-70.059-70.059c-6.248-6.248-16.379-6.248-22.628 0l-22.627 22.627c-6.248 6.248-6.248 16.379 0 22.627l104 104c6.249 6.249 16.379 6.249 22.628.001z\"><\/path><\/svg>\t\t\t\t\t\t<\/span>\n\t\t\t\t\t\t\t\t\t\t<span class=\"elementor-icon-list-text\">Domowy makaron bez oleju i jaj (woda, m\u0105ka, przyprawy)<\/span>\n\t\t\t\t\t\t\t\t\t<\/li>\n\t\t\t\t\t\t\t\t<li class=\"elementor-icon-list-item\">\n\t\t\t\t\t\t\t\t\t\t\t<span class=\"elementor-icon-list-icon\">\n\t\t\t\t\t\t\t<svg aria-hidden=\"true\" class=\"e-font-icon-svg e-fas-check-circle\" viewbox=\"0 0 512 512\" xmlns=\"http:\/\/www.w3.org\/2000\/svg\"><path d=\"M504 256c0 136.967-111.033 248-248 248S8 392.967 8 256 119.033 8 256 8s248 111.033 248 248zM227.314 387.314l184-184c6.248-6.248 6.248-16.379 0-22.627l-22.627-22.627c-6.248-6.249-16.379-6.249-22.628 0L216 308.118l-70.059-70.059c-6.248-6.248-16.379-6.248-22.628 0l-22.627 22.627c-6.248 6.248-6.248 16.379 0 22.627l104 104c6.249 6.249 16.379 6.249 22.628.001z\"><\/path><\/svg>\t\t\t\t\t\t<\/span>\n\t\t\t\t\t\t\t\t\t\t<span class=\"elementor-icon-list-text\">Filet z dorsza<\/span>\n\t\t\t\t\t\t\t\t\t<\/li>\n\t\t\t\t\t\t\t\t<li class=\"elementor-icon-list-item\">\n\t\t\t\t\t\t\t\t\t\t\t<span class=\"elementor-icon-list-icon\">\n\t\t\t\t\t\t\t<svg aria-hidden=\"true\" class=\"e-font-icon-svg e-fas-check-circle\" viewbox=\"0 0 512 512\" xmlns=\"http:\/\/www.w3.org\/2000\/svg\"><path d=\"M504 256c0 136.967-111.033 248-248 248S8 392.967 8 256 119.033 8 256 8s248 111.033 248 248zM227.314 387.314l184-184c6.248-6.248 6.248-16.379 0-22.627l-22.627-22.627c-6.248-6.249-16.379-6.249-22.628 0L216 308.118l-70.059-70.059c-6.248-6.248-16.379-6.248-22.628 0l-22.627 22.627c-6.248 6.248-6.248 16.379 0 22.627l104 104c6.249 6.249 16.379 6.249 22.628.001z\"><\/path><\/svg>\t\t\t\t\t\t<\/span>\n\t\t\t\t\t\t\t\t\t\t<span class=\"elementor-icon-list-text\">Gotowany br\u0105zowy ry\u017c<\/span>\n\t\t\t\t\t\t\t\t\t<\/li>\n\t\t\t\t\t\t<\/ul>\n\t\t\t\t\t\t<\/div>\n\t\t\t\t<\/div>\n\t\t\t\t<\/div>\n\t\t\t\t\t<\/div>\n\t\t\t\t<\/div>\n\t\t<div class=\"elementor-element elementor-element-c4abdbc e-flex e-con-boxed e-con e-parent\" data-id=\"c4abdbc\" data-element_type=\"container\" data-e-type=\"container\" data-settings=\"{&quot;background_background&quot;:&quot;classic&quot;}\">\n\t\t\t\t\t<div class=\"e-con-inner\">\n\t\t\t\t<div class=\"elementor-element elementor-element-7ea1bb9 elementor-widget elementor-widget-text-editor\" data-id=\"7ea1bb9\" data-element_type=\"widget\" data-e-type=\"widget\" data-widget_type=\"text-editor.default\">\n\t\t\t\t\t\t\t\t\t<p>We wszystkich przypadkach nale\u017cy pami\u0119ta\u0107 o odpowiednim nawodnieniu \u2013 zaleca si\u0119 wypijanie co najmniej 2 litr\u00f3w wody dziennie i unikanie sok\u00f3w owocowych oraz napoj\u00f3w gazowanych. W razie potrzeby wod\u0119 mo\u017cna doprawi\u0107 cytryn\u0105. <br>WA\u017bNE \u2013 nie nale\u017cy si\u0119 g\u0142odzi\u0107.<\/p>\t\t\t\t\t\t\t\t<\/div>\n\t\t\t\t\t<\/div>\n\t\t\t\t<\/div>\n\t\t\t\t<\/div>","protected":false},"excerpt":{"rendered":"<p>Teend\u0151k v\u00e9rv\u00e9tel el\u0151tt Mivel j\u00e1r a DualDur vizsg\u00e1lat?A vizsg\u00e1latot in vitro v\u00e9gezz\u00fck, teh\u00e1t a folyamat a szervezeten k\u00edv\u00fcl, ellen\u0151rz\u00f6tt laborat\u00f3riumi k\u00f6r\u00fclm\u00e9nyek k\u00f6z\u00f6tt zajlik. Ehhez el\u0151zetesen mind\u00f6ssze 4 ml v\u00e9rre van sz\u00fcks\u00e9g a p\u00e1cienst\u0151l, melyet k\u00e9pzett szakemberek vesznek le egyszeri alkalommal egy speci\u00e1lis folyad\u00e9kba. Hogyan k\u00e9sz\u00fclhet a DualDur vizsg\u00e1latra?A v\u00e9rv\u00e9tel szok\u00e1s szerint \u00e9hgyomorra t\u00f6rt\u00e9nik, a v\u00e9rv\u00e9tel [&hellip;]<\/p>\n","protected":false},"author":1,"featured_media":0,"parent":0,"menu_order":0,"comment_status":"closed","ping_status":"closed","template":"elementor_header_footer","meta":{"footnotes":""},"class_list":["post-1310","page","type-page","status-publish","hentry"],"yoast_head":"<!-- This site is optimized with the Yoast SEO Premium plugin v27.4 (Yoast SEO v27.4) - https:\/\/yoast.com\/product\/yoast-seo-premium-wordpress\/ -->\n<title>Teend\u0151k v\u00e9rv\u00e9tel el\u0151tt<\/title>\n<meta name=\"description\" content=\"Teend\u0151k v\u00e9rv\u00e9tel el\u0151tt Mivel j\u00e1r a DualDur vizsg\u00e1lat?A vizsg\u00e1latot in vitro v\u00e9gezz\u00fck, teh\u00e1t a folyamat a szervezeten k\u00edv\u00fcl, ellen\u0151rz\u00f6tt laborat\u00f3riumi\" \/>\n<meta name=\"robots\" content=\"index, follow, max-snippet:-1, max-image-preview:large, max-video-preview:-1\" \/>\n<link rel=\"canonical\" href=\"https:\/\/uj.dualdur.com\/teendok-vervetel-elott\/\" \/>\n<meta property=\"og:locale\" content=\"pl_PL\" \/>\n<meta property=\"og:type\" content=\"article\" \/>\n<meta property=\"og:title\" content=\"Teend\u0151k v\u00e9rv\u00e9tel el\u0151tt\" \/>\n<meta property=\"og:description\" content=\"Teend\u0151k v\u00e9rv\u00e9tel el\u0151tt Mivel j\u00e1r a DualDur vizsg\u00e1lat?A vizsg\u00e1latot in vitro v\u00e9gezz\u00fck, teh\u00e1t a folyamat a szervezeten k\u00edv\u00fcl, ellen\u0151rz\u00f6tt laborat\u00f3riumi\" \/>\n<meta property=\"og:url\" content=\"https:\/\/uj.dualdur.com\/teendok-vervetel-elott\/\" \/>\n<meta property=\"og:site_name\" content=\"DualDur\" \/>\n<meta property=\"article:modified_time\" content=\"2025-11-03T06:36:27+00:00\" \/>\n<meta name=\"twitter:card\" content=\"summary_large_image\" \/>\n<meta name=\"twitter:label1\" content=\"Szacowany czas czytania\" \/>\n\t<meta name=\"twitter:data1\" content=\"2 minuty\" \/>\n<script type=\"application\/ld+json\" class=\"yoast-schema-graph\">{\"@context\":\"https:\\\/\\\/schema.org\",\"@graph\":[{\"@type\":\"WebPage\",\"@id\":\"https:\\\/\\\/uj.dualdur.com\\\/teendok-vervetel-elott\\\/\",\"url\":\"https:\\\/\\\/uj.dualdur.com\\\/teendok-vervetel-elott\\\/\",\"name\":\"Teend\u0151k v\u00e9rv\u00e9tel el\u0151tt\",\"isPartOf\":{\"@id\":\"https:\\\/\\\/dualdur.com\\\/#website\"},\"datePublished\":\"2025-08-16T08:26:44+00:00\",\"dateModified\":\"2025-11-03T06:36:27+00:00\",\"description\":\"Teend\u0151k v\u00e9rv\u00e9tel el\u0151tt Mivel j\u00e1r a DualDur vizsg\u00e1lat?A vizsg\u00e1latot in vitro v\u00e9gezz\u00fck, teh\u00e1t a folyamat a szervezeten k\u00edv\u00fcl, ellen\u0151rz\u00f6tt laborat\u00f3riumi\",\"breadcrumb\":{\"@id\":\"https:\\\/\\\/uj.dualdur.com\\\/teendok-vervetel-elott\\\/#breadcrumb\"},\"inLanguage\":\"pl-PL\",\"potentialAction\":[{\"@type\":\"ReadAction\",\"target\":[\"https:\\\/\\\/uj.dualdur.com\\\/teendok-vervetel-elott\\\/\"]}]},{\"@type\":\"BreadcrumbList\",\"@id\":\"https:\\\/\\\/uj.dualdur.com\\\/teendok-vervetel-elott\\\/#breadcrumb\",\"itemListElement\":[{\"@type\":\"ListItem\",\"position\":1,\"name\":\"Kezd\u0151lap\",\"item\":\"https:\\\/\\\/dualdur.com\\\/\"},{\"@type\":\"ListItem\",\"position\":2,\"name\":\"Teend\u0151k v\u00e9rv\u00e9tel el\u0151tt\"}]},{\"@type\":\"WebSite\",\"@id\":\"https:\\\/\\\/dualdur.com\\\/#website\",\"url\":\"https:\\\/\\\/dualdur.com\\\/\",\"name\":\"DualDur\",\"description\":\"\",\"publisher\":{\"@id\":\"https:\\\/\\\/dualdur.com\\\/#organization\"},\"potentialAction\":[{\"@type\":\"SearchAction\",\"target\":{\"@type\":\"EntryPoint\",\"urlTemplate\":\"https:\\\/\\\/dualdur.com\\\/?s={search_term_string}\"},\"query-input\":{\"@type\":\"PropertyValueSpecification\",\"valueRequired\":true,\"valueName\":\"search_term_string\"}}],\"inLanguage\":\"pl-PL\"},{\"@type\":\"Organization\",\"@id\":\"https:\\\/\\\/dualdur.com\\\/#organization\",\"name\":\"DualDur\",\"url\":\"https:\\\/\\\/dualdur.com\\\/\",\"logo\":{\"@type\":\"ImageObject\",\"inLanguage\":\"pl-PL\",\"@id\":\"https:\\\/\\\/dualdur.com\\\/#\\\/schema\\\/logo\\\/image\\\/\",\"url\":\"https:\\\/\\\/dualdur.com\\\/wp-content\\\/uploads\\\/2025\\\/03\\\/cropped-favicon.png\",\"contentUrl\":\"https:\\\/\\\/dualdur.com\\\/wp-content\\\/uploads\\\/2025\\\/03\\\/cropped-favicon.png\",\"width\":512,\"height\":512,\"caption\":\"DualDur\"},\"image\":{\"@id\":\"https:\\\/\\\/dualdur.com\\\/#\\\/schema\\\/logo\\\/image\\\/\"}}]}<\/script>\n<!-- \/ Yoast SEO Premium plugin. -->","yoast_head_json":{"title":"Zalecenia przed badaniem krwi","description":"Co nale\u017cy zrobi\u0107 przed pobraniem krwi Co to jest test DualDur? Test jest wykonywany in vitro, tj. proces odbywa si\u0119 poza organizmem w kontrolowanym laboratorium.","robots":{"index":"index","follow":"follow","max-snippet":"max-snippet:-1","max-image-preview":"max-image-preview:large","max-video-preview":"max-video-preview:-1"},"canonical":"https:\/\/uj.dualdur.com\/teendok-vervetel-elott\/","og_locale":"pl_PL","og_type":"article","og_title":"Teend\u0151k v\u00e9rv\u00e9tel el\u0151tt","og_description":"Teend\u0151k v\u00e9rv\u00e9tel el\u0151tt Mivel j\u00e1r a DualDur vizsg\u00e1lat?A vizsg\u00e1latot in vitro v\u00e9gezz\u00fck, teh\u00e1t a folyamat a szervezeten k\u00edv\u00fcl, ellen\u0151rz\u00f6tt laborat\u00f3riumi","og_url":"https:\/\/uj.dualdur.com\/teendok-vervetel-elott\/","og_site_name":"DualDur","article_modified_time":"2025-11-03T06:36:27+00:00","twitter_card":"summary_large_image","twitter_misc":{"Szacowany czas czytania":"2 minuty"},"schema":{"@context":"https:\/\/schema.org","@graph":[{"@type":"WebPage","@id":"https:\/\/uj.dualdur.com\/teendok-vervetel-elott\/","url":"https:\/\/uj.dualdur.com\/teendok-vervetel-elott\/","name":"Zalecenia przed badaniem krwi","isPartOf":{"@id":"https:\/\/dualdur.com\/#website"},"datePublished":"2025-08-16T08:26:44+00:00","dateModified":"2025-11-03T06:36:27+00:00","description":"Co nale\u017cy zrobi\u0107 przed pobraniem krwi Co to jest test DualDur? Test jest wykonywany in vitro, tj. proces odbywa si\u0119 poza organizmem w kontrolowanym laboratorium.","breadcrumb":{"@id":"https:\/\/uj.dualdur.com\/teendok-vervetel-elott\/#breadcrumb"},"inLanguage":"pl-PL","potentialAction":[{"@type":"ReadAction","target":["https:\/\/uj.dualdur.com\/teendok-vervetel-elott\/"]}]},{"@type":"BreadcrumbList","@id":"https:\/\/uj.dualdur.com\/teendok-vervetel-elott\/#breadcrumb","itemListElement":[{"@type":"ListItem","position":1,"name":"Kezd\u0151lap","item":"https:\/\/dualdur.com\/"},{"@type":"ListItem","position":2,"name":"Teend\u0151k v\u00e9rv\u00e9tel el\u0151tt"}]},{"@type":"WebSite","@id":"https:\/\/dualdur.com\/#website","url":"https:\/\/dualdur.com\/","name":"Podw\u00f3jny kierunek studi\u00f3w","description":"","publisher":{"@id":"https:\/\/dualdur.com\/#organization"},"potentialAction":[{"@type":"SearchAction","target":{"@type":"EntryPoint","urlTemplate":"https:\/\/dualdur.com\/?s={search_term_string}"},"query-input":{"@type":"PropertyValueSpecification","valueRequired":true,"valueName":"search_term_string"}}],"inLanguage":"pl-PL"},{"@type":"Organization","@id":"https:\/\/dualdur.com\/#organization","name":"Podw\u00f3jny kierunek studi\u00f3w","url":"https:\/\/dualdur.com\/","logo":{"@type":"ImageObject","inLanguage":"pl-PL","@id":"https:\/\/dualdur.com\/#\/schema\/logo\/image\/","url":"https:\/\/dualdur.com\/wp-content\/uploads\/2025\/03\/cropped-favicon.png","contentUrl":"https:\/\/dualdur.com\/wp-content\/uploads\/2025\/03\/cropped-favicon.png","width":512,"height":512,"caption":"DualDur"},"image":{"@id":"https:\/\/dualdur.com\/#\/schema\/logo\/image\/"}}]}},"_links":{"self":[{"href":"https:\/\/dualdur.com\/pl\/wp-json\/wp\/v2\/pages\/1310","targetHints":{"allow":["GET"]}}],"collection":[{"href":"https:\/\/dualdur.com\/pl\/wp-json\/wp\/v2\/pages"}],"about":[{"href":"https:\/\/dualdur.com\/pl\/wp-json\/wp\/v2\/types\/page"}],"author":[{"embeddable":true,"href":"https:\/\/dualdur.com\/pl\/wp-json\/wp\/v2\/users\/1"}],"replies":[{"embeddable":true,"href":"https:\/\/dualdur.com\/pl\/wp-json\/wp\/v2\/comments?post=1310"}],"version-history":[{"count":19,"href":"https:\/\/dualdur.com\/pl\/wp-json\/wp\/v2\/pages\/1310\/revisions"}],"predecessor-version":[{"id":1727,"href":"https:\/\/dualdur.com\/pl\/wp-json\/wp\/v2\/pages\/1310\/revisions\/1727"}],"wp:attachment":[{"href":"https:\/\/dualdur.com\/pl\/wp-json\/wp\/v2\/media?parent=1310"}],"curies":[{"name":"wp","href":"https:\/\/api.w.org\/{rel}","templated":true}]}}