{"id":802,"date":"2025-04-23T00:12:56","date_gmt":"2025-04-22T22:12:56","guid":{"rendered":"https:\/\/dualdur.com\/?page_id=802"},"modified":"2025-11-03T07:24:31","modified_gmt":"2025-11-03T06:24:31","slug":"la-relacion-entre-la-edad-de-lyme-y-la-diabetes","status":"publish","type":"page","link":"https:\/\/dualdur.com\/es\/a-lyme-kor-es-a-diabetesz-kapcsolata\/","title":{"rendered":"La relaci\u00f3n entre la enfermedad de Lyme y la diabetes"},"content":{"rendered":"<div data-elementor-type=\"wp-page\" data-elementor-id=\"802\" class=\"elementor elementor-802\" data-elementor-post-type=\"page\">\n\t\t\t\t<div class=\"elementor-element elementor-element-c18e0de e-con-full e-flex e-con e-parent\" data-id=\"c18e0de\" data-element_type=\"container\" data-e-type=\"container\" data-settings=\"{&quot;background_background&quot;:&quot;classic&quot;}\">\n\t\t\t\t<div class=\"elementor-element elementor-element-3ef9e74 elementor-align-center elementor-widget elementor-widget-breadcrumbs\" data-id=\"3ef9e74\" data-element_type=\"widget\" data-e-type=\"widget\" data-widget_type=\"breadcrumbs.default\">\n\t\t\t\t\t<p id=\"breadcrumbs\"><span><span><a href=\"https:\/\/dualdur.com\/es\/\">P\u00e1gina de inicio<\/a><\/span><\/span><\/p>\t\t\t\t<\/div>\n\t\t\t\t<\/div>\n\t\t<div class=\"elementor-element elementor-element-927a73d e-flex e-con-boxed e-con e-parent\" data-id=\"927a73d\" data-element_type=\"container\" data-e-type=\"container\">\n\t\t\t\t\t<div class=\"e-con-inner\">\n\t\t<div class=\"elementor-element elementor-element-dd6fccf e-con-full e-flex e-con e-child\" data-id=\"dd6fccf\" data-element_type=\"container\" data-e-type=\"container\">\n\t\t\t\t<div class=\"elementor-element elementor-element-79de2d9 elementor-widget elementor-widget-image\" data-id=\"79de2d9\" data-element_type=\"widget\" data-e-type=\"widget\" data-widget_type=\"image.default\">\n\t\t\t\t\t\t\t\t\t\t\t\t\t\t\t<img fetchpriority=\"high\" decoding=\"async\" width=\"187\" height=\"300\" src=\"https:\/\/dualdur.com\/wp-content\/uploads\/2025\/04\/pexels-ylanite-koppens-612825-e1701257007910-187x300-1.jpg\" class=\"attachment-large size-large wp-image-801\" alt=\"\" \/>\t\t\t\t\t\t\t\t\t\t\t\t\t\t\t<\/div>\n\t\t\t\t<\/div>\n\t\t<div class=\"elementor-element elementor-element-f9b7456 e-con-full e-flex e-con e-child\" data-id=\"f9b7456\" data-element_type=\"container\" data-e-type=\"container\">\n\t\t\t\t<div class=\"elementor-element elementor-element-7a1b1cf elementor-widget elementor-widget-heading\" data-id=\"7a1b1cf\" data-element_type=\"widget\" data-e-type=\"widget\" data-widget_type=\"heading.default\">\n\t\t\t\t\t<h2 class=\"elementor-heading-title elementor-size-default\">\u00bfCu\u00e1l es la posible relaci\u00f3n entre los s\u00edntomas autoinmunes de la enfermedad de Lyme y la diabetes?\n<br> <br>\n\u00bfC\u00f3mo puede la diabetes dificultar la curaci\u00f3n de la enfermedad de Lyme?<\/h2>\t\t\t\t<\/div>\n\t\t\t\t<div class=\"elementor-element elementor-element-3812c933 elementor-widget elementor-widget-text-editor\" data-id=\"3812c933\" data-element_type=\"widget\" data-e-type=\"widget\" data-widget_type=\"text-editor.default\">\n\t\t\t\t\t\t\t\t\t<p>Con motivo del Mes de la Diabetes, el siguiente art\u00edculo explora algunos v\u00ednculos interesantes entre la diabetes y la enfermedad de Lyme, una infecci\u00f3n que puede desencadenar procesos autoinmunes. En humanos, a\u00fan no se ha demostrado ni causalidad ni correlaci\u00f3n, pero existen algunos v\u00ednculos interesantes demostrados.<\/p><p>La diabetes mellitus de tipo 1 es una enfermedad autoinmune que afecta a las c\u00e9lulas productoras de insulina del p\u00e1ncreas despu\u00e9s de que un proceso inflamatorio provoque una deficiencia cr\u00f3nica de insulina en individuos gen\u00e9ticamente susceptibles. S\u00f3lo una peque\u00f1a proporci\u00f3n de los casos de diabetes de tipo 2 puede atribuirse a procesos autoinmunes.<\/p><p>Dado que a\u00fan no se ha aclarado la causa exacta del desencadenamiento autoinmune en ninguno de los tipos, puede merecer la pena examinar m\u00e1s ampliamente otras enfermedades que pueden desencadenar procesos autoinmunes, como ciertas infecciones, incluida la enfermedad de Lyme.<\/p><p class=\"translation-block\">Hasta el momento, existen pocas experiencias concretas sobre la coexistencia de la enfermedad de Lyme y la diabetes, siendo lo m\u00e1s com\u00fan los informes de casos que discuten la separaci\u00f3n de los s\u00edntomas de las dos enfermedades, posiblemente la exclusi\u00f3n de una y el tratamiento de la otra. Hay pocos casos confirmados en los que se hayan comprobado ambas afecciones, por supuesto esto tambi\u00e9n se debe al hecho de que <strong><em>el m\u00e9dico tratante ni siquiera solicita pruebas de laboratorio para posibles infecciones<\/em>.<\/strong> Si se presenta la enfermedad de Lyme, las pruebas de Lyme com\u00fanmente utilizadas s\u00f3lo pueden detectar menos de la mitad de las infecciones.<\/p><p>Hay complejos sintom\u00e1ticos en los que pueden darse ambas enfermedades, como par\u00e1lisis del nervio facial (par\u00e1lisis de Bell), disfunci\u00f3n de la vitamina D, movilidad limitada de las articulaciones peque\u00f1as y grandes, esclerodermia, inflamaci\u00f3n de los capilares, problemas oculares y de visi\u00f3n.<\/p><p class=\"translation-block\">Por desgracia, la diabetes causa tanto da\u00f1o al p\u00e1ncreas que, aunque se invierta el proceso autoinmune, es improbable que se restablezca la funci\u00f3n completa: a menudo, s\u00f3lo el 10-20% de las c\u00e9lulas productoras de insulina siguen siendo funcionales. Por lo tanto, incluso si la respuesta autoinmune pudiera revertirse tras el tratamiento de una infecci\u00f3n, es poco probable que se restablezca la producci\u00f3n de insulina. <strong><em>Por eso es importante, especialmente en caso de sospecha de diabetes tipo 1, realizar inmediatamente una investigaci\u00f3n exhaustiva y tener en cuenta incluso las condiciones de fondo menos probables.<\/em><\/strong>.<\/p><p>Aunque a\u00fan no se ha demostrado la causa de la diabetes subyacente a la enfermedad de Lyme, cada vez hay m\u00e1s pruebas de que la diabetes y el consiguiente aumento de los niveles de az\u00facar en sangre pueden empeorar la enfermedad de Lyme.<\/p><p>Un estudio reciente ha realizado experimentos de laboratorio en ratones para comprobar c\u00f3mo la hiperglucemia, los altos niveles de az\u00facar en sangre que tambi\u00e9n se observan en la diabetes de tipo 1, afecta a la eliminaci\u00f3n de las bacterias causantes de la enfermedad de Lyme y a las respuestas inmunitarias asociadas. Las bacterias son destruidas por un tipo de gl\u00f3bulo blanco del sistema inmunitario llamado granulocito neutr\u00f3filo, responsable de los procesos inflamatorios que se producen en el organismo cuando se produce una infecci\u00f3n. En la diabetes, y m\u00e1s concretamente en la diabetes tipo 1 (deficiencia de insulina), los granulocitos neutr\u00f3filos son menos eficientes a la hora de encontrar y eliminar pat\u00f3genos, por lo que su funcionamiento se ve afectado. Esto tambi\u00e9n significa que sobreviven m\u00e1s pat\u00f3genos en el organismo. Los pat\u00f3genos sobreviven en determinados tejidos, normalmente el cerebro, el coraz\u00f3n, los pulmones, el h\u00edgado y las articulaciones de las rodillas. De ello se deduce la necesidad de examinar el impacto de las enfermedades coexistentes, como la diabetes, en el resultado de la infecci\u00f3n por Borrelia.<\/p><p>La hiperglucemia no s\u00f3lo puede deberse a la diabetes, como ya se ha descrito. La enfermedad de Lyme tiene muchos s\u00edntomas y puede afectar a varios sistemas org\u00e1nicos, incluidas las gl\u00e1ndulas suprarrenales. Las gl\u00e1ndulas suprarrenales producen hormonas que regulan nuestro metabolismo, sistema inmunitario, tensi\u00f3n arterial y respuesta al estr\u00e9s. La enfermedad de Lyme puede da\u00f1ar la funci\u00f3n reguladora de las gl\u00e1ndulas suprarrenales, lo que puede provocar fluctuaciones en los niveles de az\u00facar en sangre, hiperglucemia, hipertensi\u00f3n, debilidad, cambios de humor, depresi\u00f3n y s\u00edntomas autoinmunes. La diabetes tambi\u00e9n puede provocar s\u00edntomas autoinmunitarios. La hiperglucemia causada por el da\u00f1o suprarrenal puede dificultar el control de los s\u00edntomas e incluso la curaci\u00f3n, por lo que no es casualidad que muchos pacientes de Lyme sigan una dieta estricta, como una dieta sin gluten o reducida en az\u00facar, como parte de su plan de tratamiento. Curiosamente, una de las coinfecciones comunes de la enfermedad de Lyme, la Babesia, tambi\u00e9n est\u00e1 asociada a la hiperglucemia.<\/p><p>La inflamaci\u00f3n de larga duraci\u00f3n debida a la enfermedad de Lyme tambi\u00e9n puede causar una p\u00e9rdida\/ganancia grave de peso en el organismo, lo que tambi\u00e9n tiene un efecto anormal en los niveles de az\u00facar en sangre.<\/p><p>La investigaci\u00f3n, financiada por los Institutos Canadienses de Investigaci\u00f3n Sanitaria y realizada por un investigador de la Universidad de Toronto en 2013, analiz\u00f3 un tema similar al del primer estudio, pero desde un \u00e1ngulo ligeramente distinto. En este proyecto, analizaron si los niveles elevados de glucosa en sangre debidos a la infecci\u00f3n por Borrelia empeoran los s\u00edntomas de la artritis de Lyme, y si el control de los niveles de glucosa en sangre con insulina reduce la gravedad de la artritis de Lyme.<\/p><p>La enfermedad de Lyme, o infecci\u00f3n por Borrelia, puede asociarse por s\u00ed misma a una amplia gama de s\u00edntomas, que se complican a\u00fan m\u00e1s por los s\u00edntomas de otras enfermedades coexistentes. Es importante tener en cuenta la reactividad cruzada de estas enfermedades y su repercusi\u00f3n en la enfermedad de Lyme, ya que cuanto mejor comprendamos la patolog\u00eda de una enfermedad, m\u00e1s eficazmente podremos tratarla.<\/p>\t\t\t\t\t\t\t\t<\/div>\n\t\t\t\t<\/div>\n\t\t\t\t\t<\/div>\n\t\t\t\t<\/div>\n\t\t\t\t<\/div>","protected":false},"excerpt":{"rendered":"<p>Vajon milyen \u00f6sszef\u00fcgg\u00e9s lehet a Lyme-k\u00f3r autoimmun t\u00fcnetei \u00e9s a diab\u00e9tesz k\u00f6z\u00f6tt? Hogyan nehez\u00edtheti meg a diab\u00e9tesz a Lyme-k\u00f3r gy\u00f3gy\u00edt\u00e1s\u00e1t? A diab\u00e9tesz h\u00f3nap ok\u00e1n a k\u00f6vetkez\u0151 cikk n\u00e9h\u00e1ny \u00e9rdekes \u00f6sszef\u00fcgg\u00e9st vizsg\u00e1l meg a diab\u00e9tesz \u00e9s egy autoimmun folyamatokat is beind\u00edt\u00f3 fert\u0151z\u00e9s, a Lyme-k\u00f3r k\u00f6z\u00f6tt. Emberekben egyel\u0151re sem az ok-okozati viszonyt, sem a korrel\u00e1ci\u00f3t nem siker\u00fclt [&hellip;]<\/p>\n","protected":false},"author":1,"featured_media":0,"parent":0,"menu_order":0,"comment_status":"closed","ping_status":"closed","template":"","meta":{"footnotes":""},"class_list":["post-802","page","type-page","status-publish","hentry"],"yoast_head":"<!-- This site is optimized with the Yoast SEO Premium plugin v27.4 (Yoast SEO v27.4) - https:\/\/yoast.com\/product\/yoast-seo-premium-wordpress\/ -->\n<title>A lyme-k\u00f3r \u00e9s a diab\u00e9tesz kapcsolata<\/title>\n<meta name=\"description\" content=\"Vajon milyen \u00f6sszef\u00fcgg\u00e9s lehet a Lyme-k\u00f3r autoimmun t\u00fcnetei \u00e9s a diab\u00e9tesz k\u00f6z\u00f6tt? Hogyan nehez\u00edtheti meg a diab\u00e9tesz a Lyme-k\u00f3r gy\u00f3gy\u00edt\u00e1s\u00e1t? A diab\u00e9tesz\" \/>\n<meta name=\"robots\" content=\"index, follow, max-snippet:-1, max-image-preview:large, max-video-preview:-1\" \/>\n<link rel=\"canonical\" href=\"https:\/\/uj.dualdur.com\/a-lyme-kor-es-a-diabetesz-kapcsolata\/\" \/>\n<meta property=\"og:locale\" content=\"es_ES\" \/>\n<meta property=\"og:type\" content=\"article\" \/>\n<meta property=\"og:title\" content=\"A lyme-k\u00f3r \u00e9s a diab\u00e9tesz kapcsolata\" \/>\n<meta property=\"og:description\" content=\"Vajon milyen \u00f6sszef\u00fcgg\u00e9s lehet a Lyme-k\u00f3r autoimmun t\u00fcnetei \u00e9s a diab\u00e9tesz k\u00f6z\u00f6tt? Hogyan nehez\u00edtheti meg a diab\u00e9tesz a Lyme-k\u00f3r gy\u00f3gy\u00edt\u00e1s\u00e1t? A diab\u00e9tesz\" \/>\n<meta property=\"og:url\" content=\"https:\/\/uj.dualdur.com\/a-lyme-kor-es-a-diabetesz-kapcsolata\/\" \/>\n<meta property=\"og:site_name\" content=\"DualDur\" \/>\n<meta property=\"article:modified_time\" content=\"2025-11-03T06:24:31+00:00\" \/>\n<meta property=\"og:image\" content=\"https:\/\/dualdur.com\/wp-content\/uploads\/2025\/04\/pexels-ylanite-koppens-612825-e1701257007910-187x300-1.jpg\" \/>\n\t<meta property=\"og:image:width\" content=\"187\" \/>\n\t<meta property=\"og:image:height\" content=\"300\" \/>\n\t<meta property=\"og:image:type\" content=\"image\/jpeg\" \/>\n<meta name=\"twitter:card\" content=\"summary_large_image\" \/>\n<meta name=\"twitter:label1\" content=\"Tiempo de lectura\" \/>\n\t<meta name=\"twitter:data1\" content=\"5 minutos\" \/>\n<script type=\"application\/ld+json\" class=\"yoast-schema-graph\">{\"@context\":\"https:\\\/\\\/schema.org\",\"@graph\":[{\"@type\":\"WebPage\",\"@id\":\"https:\\\/\\\/uj.dualdur.com\\\/a-lyme-kor-es-a-diabetesz-kapcsolata\\\/\",\"url\":\"https:\\\/\\\/uj.dualdur.com\\\/a-lyme-kor-es-a-diabetesz-kapcsolata\\\/\",\"name\":\"A lyme-k\u00f3r \u00e9s a diab\u00e9tesz kapcsolata\",\"isPartOf\":{\"@id\":\"https:\\\/\\\/dualdur.com\\\/#website\"},\"primaryImageOfPage\":{\"@id\":\"https:\\\/\\\/uj.dualdur.com\\\/a-lyme-kor-es-a-diabetesz-kapcsolata\\\/#primaryimage\"},\"image\":{\"@id\":\"https:\\\/\\\/uj.dualdur.com\\\/a-lyme-kor-es-a-diabetesz-kapcsolata\\\/#primaryimage\"},\"thumbnailUrl\":\"https:\\\/\\\/dualdur.com\\\/wp-content\\\/uploads\\\/2025\\\/04\\\/pexels-ylanite-koppens-612825-e1701257007910-187x300-1.jpg\",\"datePublished\":\"2025-04-22T22:12:56+00:00\",\"dateModified\":\"2025-11-03T06:24:31+00:00\",\"description\":\"Vajon milyen \u00f6sszef\u00fcgg\u00e9s lehet a Lyme-k\u00f3r autoimmun t\u00fcnetei \u00e9s a diab\u00e9tesz k\u00f6z\u00f6tt? Hogyan nehez\u00edtheti meg a diab\u00e9tesz a Lyme-k\u00f3r gy\u00f3gy\u00edt\u00e1s\u00e1t? A diab\u00e9tesz\",\"breadcrumb\":{\"@id\":\"https:\\\/\\\/uj.dualdur.com\\\/a-lyme-kor-es-a-diabetesz-kapcsolata\\\/#breadcrumb\"},\"inLanguage\":\"es\",\"potentialAction\":[{\"@type\":\"ReadAction\",\"target\":[\"https:\\\/\\\/uj.dualdur.com\\\/a-lyme-kor-es-a-diabetesz-kapcsolata\\\/\"]}]},{\"@type\":\"ImageObject\",\"inLanguage\":\"es\",\"@id\":\"https:\\\/\\\/uj.dualdur.com\\\/a-lyme-kor-es-a-diabetesz-kapcsolata\\\/#primaryimage\",\"url\":\"https:\\\/\\\/dualdur.com\\\/wp-content\\\/uploads\\\/2025\\\/04\\\/pexels-ylanite-koppens-612825-e1701257007910-187x300-1.jpg\",\"contentUrl\":\"https:\\\/\\\/dualdur.com\\\/wp-content\\\/uploads\\\/2025\\\/04\\\/pexels-ylanite-koppens-612825-e1701257007910-187x300-1.jpg\"},{\"@type\":\"BreadcrumbList\",\"@id\":\"https:\\\/\\\/uj.dualdur.com\\\/a-lyme-kor-es-a-diabetesz-kapcsolata\\\/#breadcrumb\",\"itemListElement\":[{\"@type\":\"ListItem\",\"position\":1,\"name\":\"Kezd\u0151lap\",\"item\":\"https:\\\/\\\/dualdur.com\\\/\"},{\"@type\":\"ListItem\",\"position\":2,\"name\":\"A lyme-k\u00f3r \u00e9s a diab\u00e9tesz kapcsolata\"}]},{\"@type\":\"WebSite\",\"@id\":\"https:\\\/\\\/dualdur.com\\\/#website\",\"url\":\"https:\\\/\\\/dualdur.com\\\/\",\"name\":\"DualDur\",\"description\":\"\",\"publisher\":{\"@id\":\"https:\\\/\\\/dualdur.com\\\/#organization\"},\"potentialAction\":[{\"@type\":\"SearchAction\",\"target\":{\"@type\":\"EntryPoint\",\"urlTemplate\":\"https:\\\/\\\/dualdur.com\\\/?s={search_term_string}\"},\"query-input\":{\"@type\":\"PropertyValueSpecification\",\"valueRequired\":true,\"valueName\":\"search_term_string\"}}],\"inLanguage\":\"es\"},{\"@type\":\"Organization\",\"@id\":\"https:\\\/\\\/dualdur.com\\\/#organization\",\"name\":\"DualDur\",\"url\":\"https:\\\/\\\/dualdur.com\\\/\",\"logo\":{\"@type\":\"ImageObject\",\"inLanguage\":\"es\",\"@id\":\"https:\\\/\\\/dualdur.com\\\/#\\\/schema\\\/logo\\\/image\\\/\",\"url\":\"https:\\\/\\\/dualdur.com\\\/wp-content\\\/uploads\\\/2025\\\/03\\\/cropped-favicon.png\",\"contentUrl\":\"https:\\\/\\\/dualdur.com\\\/wp-content\\\/uploads\\\/2025\\\/03\\\/cropped-favicon.png\",\"width\":512,\"height\":512,\"caption\":\"DualDur\"},\"image\":{\"@id\":\"https:\\\/\\\/dualdur.com\\\/#\\\/schema\\\/logo\\\/image\\\/\"}}]}<\/script>\n<!-- \/ Yoast SEO Premium plugin. -->","yoast_head_json":{"title":"La relaci\u00f3n entre la enfermedad de Lyme y la diabetes","description":"\u00bfCu\u00e1l es la posible relaci\u00f3n entre los s\u00edntomas autoinmunes de la enfermedad de Lyme y la diabetes? \u00bfC\u00f3mo puede la diabetes dificultar la curaci\u00f3n de la enfermedad de Lyme? Diabetes","robots":{"index":"index","follow":"follow","max-snippet":"max-snippet:-1","max-image-preview":"max-image-preview:large","max-video-preview":"max-video-preview:-1"},"canonical":"https:\/\/uj.dualdur.com\/a-lyme-kor-es-a-diabetesz-kapcsolata\/","og_locale":"es_ES","og_type":"article","og_title":"A lyme-k\u00f3r \u00e9s a diab\u00e9tesz kapcsolata","og_description":"Vajon milyen \u00f6sszef\u00fcgg\u00e9s lehet a Lyme-k\u00f3r autoimmun t\u00fcnetei \u00e9s a diab\u00e9tesz k\u00f6z\u00f6tt? Hogyan nehez\u00edtheti meg a diab\u00e9tesz a Lyme-k\u00f3r gy\u00f3gy\u00edt\u00e1s\u00e1t? A diab\u00e9tesz","og_url":"https:\/\/uj.dualdur.com\/a-lyme-kor-es-a-diabetesz-kapcsolata\/","og_site_name":"DualDur","article_modified_time":"2025-11-03T06:24:31+00:00","og_image":[{"width":187,"height":300,"url":"https:\/\/dualdur.com\/wp-content\/uploads\/2025\/04\/pexels-ylanite-koppens-612825-e1701257007910-187x300-1.jpg","type":"image\/jpeg"}],"twitter_card":"summary_large_image","twitter_misc":{"Tiempo de lectura":"5 minutos"},"schema":{"@context":"https:\/\/schema.org","@graph":[{"@type":"WebPage","@id":"https:\/\/uj.dualdur.com\/a-lyme-kor-es-a-diabetesz-kapcsolata\/","url":"https:\/\/uj.dualdur.com\/a-lyme-kor-es-a-diabetesz-kapcsolata\/","name":"La relaci\u00f3n entre la enfermedad de Lyme y la diabetes","isPartOf":{"@id":"https:\/\/dualdur.com\/#website"},"primaryImageOfPage":{"@id":"https:\/\/uj.dualdur.com\/a-lyme-kor-es-a-diabetesz-kapcsolata\/#primaryimage"},"image":{"@id":"https:\/\/uj.dualdur.com\/a-lyme-kor-es-a-diabetesz-kapcsolata\/#primaryimage"},"thumbnailUrl":"https:\/\/dualdur.com\/wp-content\/uploads\/2025\/04\/pexels-ylanite-koppens-612825-e1701257007910-187x300-1.jpg","datePublished":"2025-04-22T22:12:56+00:00","dateModified":"2025-11-03T06:24:31+00:00","description":"\u00bfCu\u00e1l es la posible relaci\u00f3n entre los s\u00edntomas autoinmunes de la enfermedad de Lyme y la diabetes? \u00bfC\u00f3mo puede la diabetes dificultar la curaci\u00f3n de la enfermedad de Lyme? Diabetes","breadcrumb":{"@id":"https:\/\/uj.dualdur.com\/a-lyme-kor-es-a-diabetesz-kapcsolata\/#breadcrumb"},"inLanguage":"es","potentialAction":[{"@type":"ReadAction","target":["https:\/\/uj.dualdur.com\/a-lyme-kor-es-a-diabetesz-kapcsolata\/"]}]},{"@type":"ImageObject","inLanguage":"es","@id":"https:\/\/uj.dualdur.com\/a-lyme-kor-es-a-diabetesz-kapcsolata\/#primaryimage","url":"https:\/\/dualdur.com\/wp-content\/uploads\/2025\/04\/pexels-ylanite-koppens-612825-e1701257007910-187x300-1.jpg","contentUrl":"https:\/\/dualdur.com\/wp-content\/uploads\/2025\/04\/pexels-ylanite-koppens-612825-e1701257007910-187x300-1.jpg"},{"@type":"BreadcrumbList","@id":"https:\/\/uj.dualdur.com\/a-lyme-kor-es-a-diabetesz-kapcsolata\/#breadcrumb","itemListElement":[{"@type":"ListItem","position":1,"name":"Kezd\u0151lap","item":"https:\/\/dualdur.com\/"},{"@type":"ListItem","position":2,"name":"A lyme-k\u00f3r \u00e9s a diab\u00e9tesz kapcsolata"}]},{"@type":"WebSite","@id":"https:\/\/dualdur.com\/#website","url":"https:\/\/dualdur.com\/","name":"Doble titulaci\u00f3n","description":"","publisher":{"@id":"https:\/\/dualdur.com\/#organization"},"potentialAction":[{"@type":"SearchAction","target":{"@type":"EntryPoint","urlTemplate":"https:\/\/dualdur.com\/?s={search_term_string}"},"query-input":{"@type":"PropertyValueSpecification","valueRequired":true,"valueName":"search_term_string"}}],"inLanguage":"es"},{"@type":"Organization","@id":"https:\/\/dualdur.com\/#organization","name":"Doble titulaci\u00f3n","url":"https:\/\/dualdur.com\/","logo":{"@type":"ImageObject","inLanguage":"es","@id":"https:\/\/dualdur.com\/#\/schema\/logo\/image\/","url":"https:\/\/dualdur.com\/wp-content\/uploads\/2025\/03\/cropped-favicon.png","contentUrl":"https:\/\/dualdur.com\/wp-content\/uploads\/2025\/03\/cropped-favicon.png","width":512,"height":512,"caption":"DualDur"},"image":{"@id":"https:\/\/dualdur.com\/#\/schema\/logo\/image\/"}}]}},"_links":{"self":[{"href":"https:\/\/dualdur.com\/es\/wp-json\/wp\/v2\/pages\/802","targetHints":{"allow":["GET"]}}],"collection":[{"href":"https:\/\/dualdur.com\/es\/wp-json\/wp\/v2\/pages"}],"about":[{"href":"https:\/\/dualdur.com\/es\/wp-json\/wp\/v2\/types\/page"}],"author":[{"embeddable":true,"href":"https:\/\/dualdur.com\/es\/wp-json\/wp\/v2\/users\/1"}],"replies":[{"embeddable":true,"href":"https:\/\/dualdur.com\/es\/wp-json\/wp\/v2\/comments?post=802"}],"version-history":[{"count":20,"href":"https:\/\/dualdur.com\/es\/wp-json\/wp\/v2\/pages\/802\/revisions"}],"predecessor-version":[{"id":1691,"href":"https:\/\/dualdur.com\/es\/wp-json\/wp\/v2\/pages\/802\/revisions\/1691"}],"wp:attachment":[{"href":"https:\/\/dualdur.com\/es\/wp-json\/wp\/v2\/media?parent=802"}],"curies":[{"name":"wp","href":"https:\/\/api.w.org\/{rel}","templated":true}]}}