{"id":797,"date":"2025-04-23T00:08:54","date_gmt":"2025-04-22T22:08:54","guid":{"rendered":"https:\/\/dualdur.com\/?page_id=797"},"modified":"2025-11-03T07:29:34","modified_gmt":"2025-11-03T06:29:34","slug":"mancha-de-lyme-palmeras-y-camellos","status":"publish","type":"page","link":"https:\/\/dualdur.com\/es\/lyme-folt-tenyek-es-tevhitek\/","title":{"rendered":"Erupci\u00f3n de Lyme: hechos y conceptos err\u00f3neos"},"content":{"rendered":"<div data-elementor-type=\"wp-page\" data-elementor-id=\"797\" class=\"elementor elementor-797\" data-elementor-post-type=\"page\">\n\t\t\t\t<div class=\"elementor-element elementor-element-ee833f9 e-con-full e-flex e-con e-parent\" data-id=\"ee833f9\" data-element_type=\"container\" data-e-type=\"container\" data-settings=\"{&quot;background_background&quot;:&quot;classic&quot;}\">\n\t\t\t\t<div class=\"elementor-element elementor-element-a764b96 elementor-align-center elementor-widget elementor-widget-breadcrumbs\" data-id=\"a764b96\" data-element_type=\"widget\" data-e-type=\"widget\" data-widget_type=\"breadcrumbs.default\">\n\t\t\t\t\t<p id=\"breadcrumbs\"><span><span><a href=\"https:\/\/dualdur.com\/es\/\">P\u00e1gina de inicio<\/a><\/span><\/span><\/p>\t\t\t\t<\/div>\n\t\t\t\t<\/div>\n\t\t<div class=\"elementor-element elementor-element-71dbacbe e-flex e-con-boxed e-con e-parent\" data-id=\"71dbacbe\" data-element_type=\"container\" data-e-type=\"container\">\n\t\t\t\t\t<div class=\"e-con-inner\">\n\t\t\t\t<div class=\"elementor-element elementor-element-0b6791d elementor-widget elementor-widget-heading\" data-id=\"0b6791d\" data-element_type=\"widget\" data-e-type=\"widget\" data-widget_type=\"heading.default\">\n\t\t\t\t\t<h2 class=\"elementor-heading-title elementor-size-default\">\u00bfCu\u00e1ndo aparece el eritema migratorio, un enrojecimiento circular de la piel?<\/h2>\t\t\t\t<\/div>\n\t\t<div class=\"elementor-element elementor-element-b73ec91 e-con-full e-flex e-con e-child\" data-id=\"b73ec91\" data-element_type=\"container\" data-e-type=\"container\">\n\t\t\t\t<div class=\"elementor-element elementor-element-148183d e-n-tabs-mobile elementor-widget elementor-widget-n-tabs\" data-id=\"148183d\" data-element_type=\"widget\" data-e-type=\"widget\" data-widget_type=\"nested-tabs.default\">\n\t\t\t\t\t\t\t<div class=\"e-n-tabs\" data-widget-number=\"21502013\" aria-label=\"Pesta\u00f1as. Abre elementos con Intro o Espacio, ci\u00e9rralos con Escape y navega con las fechas.\">\n\t\t\t<div class=\"e-n-tabs-heading\" role=\"tablist\">\n\t\t\t\t\t<button id=\"e-n-tab-title-215020131\" data-tab-title-id=\"e-n-tab-title-215020131\" class=\"e-n-tab-title\" aria-selected=\"true\" data-tab-index=\"1\" role=\"tab\" tabindex=\"0\" aria-controls=\"e-n-tab-content-215020131\" style=\"--n-tabs-title-order: 1;\">\n\t\t\t\t\t\t<span class=\"e-n-tab-title-text\">\n\t\t\t\tDefinici\u00f3n\t\t\t<\/span>\n\t\t<\/button>\n\t\t\t\t<button id=\"e-n-tab-title-215020132\" data-tab-title-id=\"e-n-tab-title-215020132\" class=\"e-n-tab-title\" aria-selected=\"false\" data-tab-index=\"2\" role=\"tab\" tabindex=\"-1\" aria-controls=\"e-n-tab-content-215020132\" style=\"--n-tabs-title-order: 2;\">\n\t\t\t\t\t\t<span class=\"e-n-tab-title-text\">\n\t\t\t\tOcurrencia\t\t\t<\/span>\n\t\t<\/button>\n\t\t\t\t<button id=\"e-n-tab-title-215020133\" data-tab-title-id=\"e-n-tab-title-215020133\" class=\"e-n-tab-title\" aria-selected=\"false\" data-tab-index=\"3\" role=\"tab\" tabindex=\"-1\" aria-controls=\"e-n-tab-content-215020133\" style=\"--n-tabs-title-order: 3;\">\n\t\t\t\t\t\t<span class=\"e-n-tab-title-text\">\n\t\t\t\tDiagn\u00f3stico\t\t\t<\/span>\n\t\t<\/button>\n\t\t\t\t<button id=\"e-n-tab-title-215020134\" data-tab-title-id=\"e-n-tab-title-215020134\" class=\"e-n-tab-title\" aria-selected=\"false\" data-tab-index=\"4\" role=\"tab\" tabindex=\"-1\" aria-controls=\"e-n-tab-content-215020134\" style=\"--n-tabs-title-order: 4;\">\n\t\t\t\t\t\t<span class=\"e-n-tab-title-text\">\n\t\t\t\tPruebas de laboratorio\t\t\t<\/span>\n\t\t<\/button>\n\t\t\t\t\t<\/div>\n\t\t\t<div class=\"e-n-tabs-content\">\n\t\t\t\t<div id=\"e-n-tab-content-215020131\" role=\"tabpanel\" aria-labelledby=\"e-n-tab-title-215020131\" data-tab-index=\"1\" style=\"--n-tabs-title-order: 1;\" class=\"e-active elementor-element elementor-element-7613d1b e-con-full e-flex e-con e-child\" data-id=\"7613d1b\" data-element_type=\"container\" data-e-type=\"container\" data-settings=\"{&quot;background_background&quot;:&quot;classic&quot;}\">\n\t\t\t\t<div class=\"elementor-element elementor-element-78d9184 elementor-widget elementor-widget-text-editor\" data-id=\"78d9184\" data-element_type=\"widget\" data-e-type=\"widget\" data-widget_type=\"text-editor.default\">\n\t\t\t\t\t\t\t\t\t<p><strong>Definici\u00f3n:<\/strong><\/p><p>Eritema migrans. Eritema circular de la piel, una mancha roja como un capullo. Mancha de Lyme.  Uno de los signos m\u00e1s seguros de infecci\u00f3n por borreliosis de Lyme.<\/p>\t\t\t\t\t\t\t\t<\/div>\n\t\t\t\t<\/div>\n\t\t<div id=\"e-n-tab-content-215020132\" role=\"tabpanel\" aria-labelledby=\"e-n-tab-title-215020132\" data-tab-index=\"2\" style=\"--n-tabs-title-order: 2;\" class=\"elementor-element elementor-element-cbb821d e-con-full e-flex e-con e-child\" data-id=\"cbb821d\" data-element_type=\"container\" data-e-type=\"container\" data-settings=\"{&quot;background_background&quot;:&quot;classic&quot;}\">\n\t\t\t\t<div class=\"elementor-element elementor-element-4294e13 elementor-widget elementor-widget-text-editor\" data-id=\"4294e13\" data-element_type=\"widget\" data-e-type=\"widget\" data-widget_type=\"text-editor.default\">\n\t\t\t\t\t\t\t\t\t<p>Aunque no todas las personas con enfermedad de Lyme desarrollar\u00e1n eritema migratorio, reconocerlo es una parte importante del diagn\u00f3stico y tratamiento tempranos. Pero debes saber que el eritema migratorio no siempre aparece. Las investigaciones demuestran que se produce en el 30-50% de los casos y puede aparecer no s\u00f3lo en el lugar de la picadura, sino tambi\u00e9n en otras zonas de la piel. Seg\u00fan el estudio de los CDC estadounidenses sobre la borreliosis, s\u00f3lo el 42% de los pacientes del estudio fueron diagnosticados de eritema migratorio. Encuestas realizadas en el Reino Unido revelaron que un tercio de los pacientes con enfermedad de Lyme no revelaron una erupci\u00f3n privada. Sin embargo, cualquier persona que desarrolle eritema migratorio debe ser inmediatamente sospechosa y someterse a una prueba adecuada, preferiblemente directa.<\/p>\t\t\t\t\t\t\t\t<\/div>\n\t\t\t\t<\/div>\n\t\t<div id=\"e-n-tab-content-215020133\" role=\"tabpanel\" aria-labelledby=\"e-n-tab-title-215020133\" data-tab-index=\"3\" style=\"--n-tabs-title-order: 3;\" class=\"elementor-element elementor-element-d61eb44 e-con-full e-flex e-con e-child\" data-id=\"d61eb44\" data-element_type=\"container\" data-e-type=\"container\" data-settings=\"{&quot;background_background&quot;:&quot;classic&quot;}\">\n\t\t\t\t<div class=\"elementor-element elementor-element-ba731c5 elementor-widget elementor-widget-text-editor\" data-id=\"ba731c5\" data-element_type=\"widget\" data-e-type=\"widget\" data-widget_type=\"text-editor.default\">\n\t\t\t\t\t\t\t\t\t<p>Lesi\u00f3n cut\u00e1nea que aparece entre 1 y 3 semanas despu\u00e9s de la picadura de una garrapata, normalmente en el lugar de la picadura. Se trata de una mancha roja de crecimiento conc\u00e9ntrico, cuya parte central se aclara con el tiempo, de ah\u00ed el nombre de \"mancha en forma de capullo\". Una caracter\u00edstica importante es que nunca sobrepasa la superficie de la piel.<\/p><p>La forma del eritema migratorio no es necesariamente circular, puede ser oval o alargada, pero aun as\u00ed vale la pena sospechar de una picadura de garrapata. De hecho, el eritema puede tener hasta 40 cm de di\u00e1metro con c\u00edrculos difusos. Es posible que haya m\u00e1s de un eritema migrans en el cuerpo.<\/p><p>Por supuesto, la enfermedad de Lyme no s\u00f3lo puede aparecer, sino tambi\u00e9n desaparecer del organismo en pocos d\u00edas. Por supuesto, esto no significa que el agente pat\u00f3geno haya desaparecido del cuerpo, la infecci\u00f3n puede persistir - y la forma m\u00e1s r\u00e1pida y precisa de averiguarlo es hacer una prueba directa. Por tanto, el objetivo del tratamiento de la enfermedad no es s\u00f3lo eliminar el enrojecimiento, sino eliminar la infecci\u00f3n, el agente pat\u00f3geno en s\u00ed.<\/p><p>Tambi\u00e9n es importante sospechar cuando el eritema migratorio no es perfectamente rojo, sino rojizo o azul rojizo, y no siempre redondo, sino posiblemente ovalado. La lesi\u00f3n cut\u00e1nea se caracteriza por aumentar de tama\u00f1o a lo largo de varios d\u00edas y puede formar ampollas en el centro de la mancha, aunque esto es menos frecuente.<\/p>\t\t\t\t\t\t\t\t<\/div>\n\t\t\t\t<\/div>\n\t\t<div id=\"e-n-tab-content-215020134\" role=\"tabpanel\" aria-labelledby=\"e-n-tab-title-215020134\" data-tab-index=\"4\" style=\"--n-tabs-title-order: 4;\" class=\"elementor-element elementor-element-b9fdbcf e-con-full e-flex e-con e-child\" data-id=\"b9fdbcf\" data-element_type=\"container\" data-e-type=\"container\" data-settings=\"{&quot;background_background&quot;:&quot;classic&quot;}\">\n\t\t\t\t<div class=\"elementor-element elementor-element-5119d84 elementor-widget elementor-widget-text-editor\" data-id=\"5119d84\" data-element_type=\"widget\" data-e-type=\"widget\" data-widget_type=\"text-editor.default\">\n\t\t\t\t\t\t\t\t\t<p>Para los primeros signos de infecci\u00f3n, como la aparici\u00f3n de la enfermedad de Lyme, DualDur es la prueba de laboratorio m\u00e1s obvia. Esto se debe al hecho de que pueden pasar semanas hasta que se desarrolle una respuesta inmunitaria completa y mensurable, lo que hace que las pruebas serol\u00f3gicas, ELISA, Western blot, Immunoblot, ELISpot, etc., no sean adecuadas para el diagn\u00f3stico de laboratorio. Sin embargo, la infecci\u00f3n llega a los \u00f3rganos diferenciadores y el recuento bacteriano alcanza su m\u00e1ximo en pocos d\u00edas, por lo que un an\u00e1lisis de sangre directo como DualDur puede ayudar a tener una certeza total y puede registrar la fase previa al tratamiento.<\/p><p>Entre las pruebas serol\u00f3gicas, el Western blot de B\u00f3zsik tambi\u00e9n puede utilizarse para distinguir una respuesta inmunitaria a una posible infecci\u00f3n previa de otra que pueda desarrollarse posteriormente en respuesta a una infecci\u00f3n reciente. As\u00ed pues, la comparaci\u00f3n de los resultados de una prueba inmediata con los de una prueba repetida en un momento posterior y despu\u00e9s del tratamiento proporcionar\u00e1 a su m\u00e9dico informaci\u00f3n \u00fatil.<\/p>\t\t\t\t\t\t\t\t<\/div>\n\t\t\t\t<\/div>\n\t\t\t\t\t<\/div>\n\t\t<\/div>\n\t\t\t\t\t\t<\/div>\n\t\t\t\t<\/div>\n\t\t\t\t\t<\/div>\n\t\t\t\t<\/div>\n\t\t\t\t<\/div>","protected":false},"excerpt":{"rendered":"<p>Mikor alakul ki az Erythema migrans, a b\u0151r\u00f6n k\u00f6rk\u00f6r\u00f6sen terjed\u0151 b\u0151rp\u00edr, kok\u00e1rda-szer\u0171 piros folt? Defin\u00edci\u00f3 El\u0151fordul\u00e1sa Diagn\u00f3zis Laborat\u00f3riumi tesztel\u00e9s Defin\u00edci\u00f3: Erythema migrans. A b\u0151r\u00f6n k\u00f6rk\u00f6r\u00f6sen terjed\u0151 b\u0151rp\u00edr, kok\u00e1rda-szer\u0171 piros folt. Lyme-folt. \u00a0A Lyme borreliosis fert\u0151z\u00e9s egyik legbiztosabb jele. B\u00e1r nem minden Lyme-k\u00f3rban szenved\u0151 embern\u00e9l jelentkezik erythema migrans, felismer\u00e9se a korai diagn\u00f3zis \u00e9s kezel\u00e9s fontos eleme. [&hellip;]<\/p>\n","protected":false},"author":1,"featured_media":0,"parent":0,"menu_order":0,"comment_status":"closed","ping_status":"closed","template":"","meta":{"footnotes":""},"class_list":["post-797","page","type-page","status-publish","hentry"],"yoast_head":"<!-- This site is optimized with the Yoast SEO Premium plugin v27.4 (Yoast SEO v27.4) - https:\/\/yoast.com\/product\/yoast-seo-premium-wordpress\/ -->\n<title>Lyme-folt: T\u00e9nyek \u00e9s t\u00e9vhitek<\/title>\n<meta name=\"description\" content=\"Mikor alakul ki az Erythema migrans, a b\u0151r\u00f6n k\u00f6rk\u00f6r\u00f6sen terjed\u0151 b\u0151rp\u00edr, kok\u00e1rda-szer\u0171 piros folt? Defin\u00edci\u00f3 El\u0151fordul\u00e1sa Diagn\u00f3zis Laborat\u00f3riumi tesztel\u00e9s\" \/>\n<meta name=\"robots\" content=\"index, follow, max-snippet:-1, max-image-preview:large, max-video-preview:-1\" \/>\n<link rel=\"canonical\" href=\"https:\/\/uj.dualdur.com\/lyme-folt-tenyek-es-tevhitek\/\" \/>\n<meta property=\"og:locale\" content=\"es_ES\" \/>\n<meta property=\"og:type\" content=\"article\" \/>\n<meta property=\"og:title\" content=\"Lyme-folt: T\u00e9nyek \u00e9s t\u00e9vhitek\" \/>\n<meta property=\"og:description\" content=\"Mikor alakul ki az Erythema migrans, a b\u0151r\u00f6n k\u00f6rk\u00f6r\u00f6sen terjed\u0151 b\u0151rp\u00edr, kok\u00e1rda-szer\u0171 piros folt? Defin\u00edci\u00f3 El\u0151fordul\u00e1sa Diagn\u00f3zis Laborat\u00f3riumi tesztel\u00e9s\" \/>\n<meta property=\"og:url\" content=\"https:\/\/uj.dualdur.com\/lyme-folt-tenyek-es-tevhitek\/\" \/>\n<meta property=\"og:site_name\" content=\"DualDur\" \/>\n<meta property=\"article:modified_time\" content=\"2025-11-03T06:29:34+00:00\" \/>\n<meta name=\"twitter:card\" content=\"summary_large_image\" \/>\n<meta name=\"twitter:label1\" content=\"Tiempo de lectura\" \/>\n\t<meta name=\"twitter:data1\" content=\"5 minutos\" \/>\n<script type=\"application\/ld+json\" class=\"yoast-schema-graph\">{\"@context\":\"https:\\\/\\\/schema.org\",\"@graph\":[{\"@type\":\"WebPage\",\"@id\":\"https:\\\/\\\/uj.dualdur.com\\\/lyme-folt-tenyek-es-tevhitek\\\/\",\"url\":\"https:\\\/\\\/uj.dualdur.com\\\/lyme-folt-tenyek-es-tevhitek\\\/\",\"name\":\"Lyme-folt: T\u00e9nyek \u00e9s t\u00e9vhitek\",\"isPartOf\":{\"@id\":\"https:\\\/\\\/dualdur.com\\\/#website\"},\"datePublished\":\"2025-04-22T22:08:54+00:00\",\"dateModified\":\"2025-11-03T06:29:34+00:00\",\"description\":\"Mikor alakul ki az Erythema migrans, a b\u0151r\u00f6n k\u00f6rk\u00f6r\u00f6sen terjed\u0151 b\u0151rp\u00edr, kok\u00e1rda-szer\u0171 piros folt? Defin\u00edci\u00f3 El\u0151fordul\u00e1sa Diagn\u00f3zis Laborat\u00f3riumi tesztel\u00e9s\",\"breadcrumb\":{\"@id\":\"https:\\\/\\\/uj.dualdur.com\\\/lyme-folt-tenyek-es-tevhitek\\\/#breadcrumb\"},\"inLanguage\":\"es\",\"potentialAction\":[{\"@type\":\"ReadAction\",\"target\":[\"https:\\\/\\\/uj.dualdur.com\\\/lyme-folt-tenyek-es-tevhitek\\\/\"]}]},{\"@type\":\"BreadcrumbList\",\"@id\":\"https:\\\/\\\/uj.dualdur.com\\\/lyme-folt-tenyek-es-tevhitek\\\/#breadcrumb\",\"itemListElement\":[{\"@type\":\"ListItem\",\"position\":1,\"name\":\"Kezd\u0151lap\",\"item\":\"https:\\\/\\\/dualdur.com\\\/\"},{\"@type\":\"ListItem\",\"position\":2,\"name\":\"Lyme-folt: T\u00e9nyek \u00e9s t\u00e9vhitek\"}]},{\"@type\":\"WebSite\",\"@id\":\"https:\\\/\\\/dualdur.com\\\/#website\",\"url\":\"https:\\\/\\\/dualdur.com\\\/\",\"name\":\"DualDur\",\"description\":\"\",\"publisher\":{\"@id\":\"https:\\\/\\\/dualdur.com\\\/#organization\"},\"potentialAction\":[{\"@type\":\"SearchAction\",\"target\":{\"@type\":\"EntryPoint\",\"urlTemplate\":\"https:\\\/\\\/dualdur.com\\\/?s={search_term_string}\"},\"query-input\":{\"@type\":\"PropertyValueSpecification\",\"valueRequired\":true,\"valueName\":\"search_term_string\"}}],\"inLanguage\":\"es\"},{\"@type\":\"Organization\",\"@id\":\"https:\\\/\\\/dualdur.com\\\/#organization\",\"name\":\"DualDur\",\"url\":\"https:\\\/\\\/dualdur.com\\\/\",\"logo\":{\"@type\":\"ImageObject\",\"inLanguage\":\"es\",\"@id\":\"https:\\\/\\\/dualdur.com\\\/#\\\/schema\\\/logo\\\/image\\\/\",\"url\":\"https:\\\/\\\/dualdur.com\\\/wp-content\\\/uploads\\\/2025\\\/03\\\/cropped-favicon.png\",\"contentUrl\":\"https:\\\/\\\/dualdur.com\\\/wp-content\\\/uploads\\\/2025\\\/03\\\/cropped-favicon.png\",\"width\":512,\"height\":512,\"caption\":\"DualDur\"},\"image\":{\"@id\":\"https:\\\/\\\/dualdur.com\\\/#\\\/schema\\\/logo\\\/image\\\/\"}}]}<\/script>\n<!-- \/ Yoast SEO Premium plugin. -->","yoast_head_json":{"title":"Erupci\u00f3n de Lyme: hechos y conceptos err\u00f3neos","description":"\u00bfCu\u00e1ndo aparece el eritema migratorio, un enrojecimiento circular de la piel? Definici\u00f3n Aparici\u00f3n Diagn\u00f3stico Pruebas de laboratorio","robots":{"index":"index","follow":"follow","max-snippet":"max-snippet:-1","max-image-preview":"max-image-preview:large","max-video-preview":"max-video-preview:-1"},"canonical":"https:\/\/uj.dualdur.com\/lyme-folt-tenyek-es-tevhitek\/","og_locale":"es_ES","og_type":"article","og_title":"Lyme-folt: T\u00e9nyek \u00e9s t\u00e9vhitek","og_description":"Mikor alakul ki az Erythema migrans, a b\u0151r\u00f6n k\u00f6rk\u00f6r\u00f6sen terjed\u0151 b\u0151rp\u00edr, kok\u00e1rda-szer\u0171 piros folt? Defin\u00edci\u00f3 El\u0151fordul\u00e1sa Diagn\u00f3zis Laborat\u00f3riumi tesztel\u00e9s","og_url":"https:\/\/uj.dualdur.com\/lyme-folt-tenyek-es-tevhitek\/","og_site_name":"DualDur","article_modified_time":"2025-11-03T06:29:34+00:00","twitter_card":"summary_large_image","twitter_misc":{"Tiempo de lectura":"5 minutos"},"schema":{"@context":"https:\/\/schema.org","@graph":[{"@type":"WebPage","@id":"https:\/\/uj.dualdur.com\/lyme-folt-tenyek-es-tevhitek\/","url":"https:\/\/uj.dualdur.com\/lyme-folt-tenyek-es-tevhitek\/","name":"Erupci\u00f3n de Lyme: hechos y conceptos err\u00f3neos","isPartOf":{"@id":"https:\/\/dualdur.com\/#website"},"datePublished":"2025-04-22T22:08:54+00:00","dateModified":"2025-11-03T06:29:34+00:00","description":"\u00bfCu\u00e1ndo aparece el eritema migratorio, un enrojecimiento circular de la piel? Definici\u00f3n Aparici\u00f3n Diagn\u00f3stico Pruebas de laboratorio","breadcrumb":{"@id":"https:\/\/uj.dualdur.com\/lyme-folt-tenyek-es-tevhitek\/#breadcrumb"},"inLanguage":"es","potentialAction":[{"@type":"ReadAction","target":["https:\/\/uj.dualdur.com\/lyme-folt-tenyek-es-tevhitek\/"]}]},{"@type":"BreadcrumbList","@id":"https:\/\/uj.dualdur.com\/lyme-folt-tenyek-es-tevhitek\/#breadcrumb","itemListElement":[{"@type":"ListItem","position":1,"name":"Kezd\u0151lap","item":"https:\/\/dualdur.com\/"},{"@type":"ListItem","position":2,"name":"Lyme-folt: T\u00e9nyek \u00e9s t\u00e9vhitek"}]},{"@type":"WebSite","@id":"https:\/\/dualdur.com\/#website","url":"https:\/\/dualdur.com\/","name":"Doble titulaci\u00f3n","description":"","publisher":{"@id":"https:\/\/dualdur.com\/#organization"},"potentialAction":[{"@type":"SearchAction","target":{"@type":"EntryPoint","urlTemplate":"https:\/\/dualdur.com\/?s={search_term_string}"},"query-input":{"@type":"PropertyValueSpecification","valueRequired":true,"valueName":"search_term_string"}}],"inLanguage":"es"},{"@type":"Organization","@id":"https:\/\/dualdur.com\/#organization","name":"Doble titulaci\u00f3n","url":"https:\/\/dualdur.com\/","logo":{"@type":"ImageObject","inLanguage":"es","@id":"https:\/\/dualdur.com\/#\/schema\/logo\/image\/","url":"https:\/\/dualdur.com\/wp-content\/uploads\/2025\/03\/cropped-favicon.png","contentUrl":"https:\/\/dualdur.com\/wp-content\/uploads\/2025\/03\/cropped-favicon.png","width":512,"height":512,"caption":"DualDur"},"image":{"@id":"https:\/\/dualdur.com\/#\/schema\/logo\/image\/"}}]}},"_links":{"self":[{"href":"https:\/\/dualdur.com\/es\/wp-json\/wp\/v2\/pages\/797","targetHints":{"allow":["GET"]}}],"collection":[{"href":"https:\/\/dualdur.com\/es\/wp-json\/wp\/v2\/pages"}],"about":[{"href":"https:\/\/dualdur.com\/es\/wp-json\/wp\/v2\/types\/page"}],"author":[{"embeddable":true,"href":"https:\/\/dualdur.com\/es\/wp-json\/wp\/v2\/users\/1"}],"replies":[{"embeddable":true,"href":"https:\/\/dualdur.com\/es\/wp-json\/wp\/v2\/comments?post=797"}],"version-history":[{"count":39,"href":"https:\/\/dualdur.com\/es\/wp-json\/wp\/v2\/pages\/797\/revisions"}],"predecessor-version":[{"id":1715,"href":"https:\/\/dualdur.com\/es\/wp-json\/wp\/v2\/pages\/797\/revisions\/1715"}],"wp:attachment":[{"href":"https:\/\/dualdur.com\/es\/wp-json\/wp\/v2\/media?parent=797"}],"curies":[{"name":"wp","href":"https:\/\/api.w.org\/{rel}","templated":true}]}}