{"id":790,"date":"2025-04-23T00:06:20","date_gmt":"2025-04-22T22:06:20","guid":{"rendered":"https:\/\/dualdur.com\/?page_id=790"},"modified":"2025-11-03T07:30:13","modified_gmt":"2025-11-03T06:30:13","slug":"edad-lyme-y-edad-garrapata","status":"publish","type":"page","link":"https:\/\/dualdur.com\/es\/lyme-kor-es-tarsfertozesek-a-kullancs-kor\/","title":{"rendered":"Enfermedad de Lyme y coinfecciones, la \u201eenfermedad transmitida por garrapatas\u201d"},"content":{"rendered":"<div data-elementor-type=\"wp-page\" data-elementor-id=\"790\" class=\"elementor elementor-790\" data-elementor-post-type=\"page\">\n\t\t\t\t<div class=\"elementor-element elementor-element-f543ed7 e-con-full e-flex e-con e-parent\" data-id=\"f543ed7\" data-element_type=\"container\" data-e-type=\"container\" data-settings=\"{&quot;background_background&quot;:&quot;classic&quot;}\">\n\t\t\t\t<div class=\"elementor-element elementor-element-ff9096e elementor-align-center elementor-widget elementor-widget-breadcrumbs\" data-id=\"ff9096e\" data-element_type=\"widget\" data-e-type=\"widget\" data-widget_type=\"breadcrumbs.default\">\n\t\t\t\t\t<p id=\"breadcrumbs\"><span><span><a href=\"https:\/\/dualdur.com\/es\/\">P\u00e1gina de inicio<\/a><\/span><\/span><\/p>\t\t\t\t<\/div>\n\t\t\t\t<\/div>\n\t\t<div class=\"elementor-element elementor-element-21caa73b e-flex e-con-boxed e-con e-parent\" data-id=\"21caa73b\" data-element_type=\"container\" data-e-type=\"container\">\n\t\t\t\t\t<div class=\"e-con-inner\">\n\t\t\t\t<div class=\"elementor-element elementor-element-10fbaa1c elementor-widget elementor-widget-text-editor\" data-id=\"10fbaa1c\" data-element_type=\"widget\" data-e-type=\"widget\" data-widget_type=\"text-editor.default\">\n\t\t\t\t\t\t\t\t\t<p><strong>Borreliosis de Lyme y coinfecciones<\/strong><\/p><div id=\"attachment_312\" class=\"wp-caption alignright\"><p id=\"caption-attachment-312\" class=\"wp-caption-text\">\u00a0<\/p><\/div><figure id=\"attachment_789\" aria-describedby=\"caption-attachment-789\" style=\"width: 347px\" class=\"wp-caption alignright\"><img decoding=\"async\" class=\"wp-image-789\" src=\"https:\/\/dualdur.com\/wp-content\/uploads\/2025\/04\/Borrelia-fekv.jpg\" alt=\"\" width=\"347\" height=\"118\" srcset=\"https:\/\/dualdur.com\/wp-content\/uploads\/2025\/04\/Borrelia-fekv.jpg 379w, https:\/\/dualdur.com\/wp-content\/uploads\/2025\/04\/Borrelia-fekv-300x102.jpg 300w, https:\/\/dualdur.com\/wp-content\/uploads\/2025\/04\/Borrelia-fekv-200x68.jpg 200w\" sizes=\"(max-width: 347px) 100vw, 347px\" \/><figcaption id=\"caption-attachment-789\" class=\"wp-caption-text\">Imagen de campo oscuro de la bacteria Borrelia burgdorferi<\/figcaption><\/figure><p>La borreliosis de Lyme, o enfermedad de Lyme, es la infecci\u00f3n animal-humana m\u00e1s frecuente en todo el mundo y la enfermedad bacteriana transmitida por garrapatas m\u00e1s com\u00fan. El agente causal de la enfermedad es una bacteria llamada Borrelia burgdorferi: una bacteria del g\u00e9nero Borrelia muy m\u00f3vil, de forma ondulada, una espiroqueta de unos 15 micr\u00f3metros de largo y 0,2 micr\u00f3metros de ancho. Tambi\u00e9n se le conoce como par\u00e1sito de tefl\u00f3n porque su superficie est\u00e1 recubierta de una sustancia especial, tiene poco ant\u00edgeno de superficie y, por tanto, apenas puede asociarse a los anticuerpos que protegen el organismo. Puede permanecer en el cuerpo durante d\u00e9cadas sin tratamiento. Esto, adem\u00e1s de su extraordinaria adaptabilidad y sus excelentes defensas, se debe tambi\u00e9n a sus formas vegetativas, las llamadas gemaciones.<\/p><p><img fetchpriority=\"high\" decoding=\"async\" class=\"wp-image-1230 alignleft\" src=\"https:\/\/dualdur.com\/wp-content\/uploads\/2025\/08\/kullancs5_focuspoint_760x570.jpg\" alt=\"\" width=\"405\" height=\"302\" srcset=\"https:\/\/dualdur.com\/wp-content\/uploads\/2025\/08\/kullancs5_focuspoint_760x570.jpg 765w, https:\/\/dualdur.com\/wp-content\/uploads\/2025\/08\/kullancs5_focuspoint_760x570-300x224.jpg 300w\" sizes=\"(max-width: 405px) 100vw, 405px\" \/>La borreliosis de Lyme est\u00e1 causada por las bacterias de las garrapatas que se liberan en las bolsas abiertas de la piel cuando las garrapatas pican. Los pat\u00f3genos pueden vegetar en el intestino medio de las garrapatas durante meses o a\u00f1os. La picadura de garrapata es indolora, por lo que la succi\u00f3n de sangre puede durar d\u00edas y la sangre infectada puede volver a la herida, directamente a los peque\u00f1os vasos sangu\u00edneos.<\/p><p>La enfermedad de Lyme puede afectar a cualquiera de nuestros \u00f3rganos meses, a\u00f1os o incluso d\u00e9cadas despu\u00e9s. El pat\u00f3geno puede viajar por cualquier parte de la circulaci\u00f3n y, en condiciones adecuadas, si nuestra resistencia est\u00e1 debilitada, puede desencadenar una inflamaci\u00f3n cr\u00f3nica. La curaci\u00f3n espont\u00e1nea no est\u00e1 demostrada, pero puede tratarse eficazmente con f\u00e1rmacos.<\/p><p>Actualmente no se sabe que la enfermedad se transmita de persona a persona, sino de animales enfermos a personas a trav\u00e9s de las garrapatas. La excepci\u00f3n es la transmisi\u00f3n de madre a hijo, que puede producirse a trav\u00e9s de la placenta y provocar la infecci\u00f3n del feto.<\/p><p>Forma precoz y diagnosticable de dermatitis, la enfermedad de Lyme suele presentar un patr\u00f3n anular: alternancia de zonas de piel inflamada, de aspecto intacto y en fase de cicatrizaci\u00f3n. Sin embargo, puede aparecer de forma diferente, con un color m\u00e1s viol\u00e1ceo o no siempre con un patr\u00f3n en forma de cocodrilo. A veces, debido a su gran tama\u00f1o, parte de ella queda cubierta, por ejemplo bajo el pelo, lo que dificulta determinar su forma. La mancha de Lyme se extiende de un d\u00eda para otro.<\/p><p><img decoding=\"async\" class=\"wp-image-1535 alignright\" src=\"https:\/\/dualdur.com\/wp-content\/uploads\/2025\/10\/lymekokarda_focuspoint_760x570.jpg\" alt=\"\" width=\"421\" height=\"313\" srcset=\"https:\/\/dualdur.com\/wp-content\/uploads\/2025\/10\/lymekokarda_focuspoint_760x570.jpg 766w, https:\/\/dualdur.com\/wp-content\/uploads\/2025\/10\/lymekokarda_focuspoint_760x570-300x223.jpg 300w\" sizes=\"(max-width: 421px) 100vw, 421px\" \/>A pesar de la infecci\u00f3n que se ha producido, la enfermedad de Lyme puede no desarrollarse. En aproximadamente un tercio de los casos, la infecci\u00f3n se desarrolla o es advertida por el paciente.<\/p><p>La enfermedad de Lyme suele provocar una inflamaci\u00f3n cr\u00f3nica de la piel (necrosis cut\u00e1nea atr\u00f3fica o cicatrices), pero tambi\u00e9n da\u00f1a el sistema nervioso (inflamaci\u00f3n de los nervios, especialmente en el cerebro, meningitis, encefalitis), las articulaciones y los m\u00fasculos (principalmente las grandes articulaciones, pero tambi\u00e9n las peque\u00f1as) y el coraz\u00f3n (pericarditis, arritmia). De hecho, puede afectar a cualquiera de nuestros \u00f3rganos, ya que es una enfermedad de todo el cuerpo. Por lo tanto, \u00a1la desaparici\u00f3n de la borreliosis no significa que la borreliosis de Lyme est\u00e9 curada!<\/p><p>La Borrelia burgdorferi, agente causante de la enfermedad de Lyme, es sensible a muchos f\u00e1rmacos y puede tratarse con una amplia gama de antibi\u00f3ticos, que tambi\u00e9n est\u00e1n disponibles en Hungr\u00eda. El especialista identificar\u00e1 los distintos tipos (subcepas) de la bacteria y tendr\u00e1 en cuenta sus diferentes susceptibilidades a los antibi\u00f3ticos a la hora de elaborar un plan de tratamiento. La curaci\u00f3n completa depende del reconocimiento lo m\u00e1s precoz posible de la enfermedad, el uso de una combinaci\u00f3n eficaz de antibi\u00f3ticos en cantidades suficientes y durante el tiempo adecuado, y la repetici\u00f3n oportuna del tratamiento si es necesario. Por lo que sabemos, no existe ning\u00fan remedio natural o a base de plantas que sea eficaz para curar la enfermedad de Lyme por s\u00ed sola.<\/p><div id=\"attachment_313\" class=\"wp-caption alignright\"><p id=\"caption-attachment-313\" class=\"wp-caption-text\">\u00a0<\/p><\/div><figure id=\"attachment_1588\" aria-describedby=\"caption-attachment-1588\" style=\"width: 300px\" class=\"wp-caption alignleft\"><img loading=\"lazy\" decoding=\"async\" class=\"wp-image-1588 size-full\" src=\"https:\/\/dualdur.com\/wp-content\/uploads\/2025\/10\/Bartonella-Babesia-300x300-1.jpg\" alt=\"\" width=\"300\" height=\"300\" srcset=\"https:\/\/dualdur.com\/wp-content\/uploads\/2025\/10\/Bartonella-Babesia-300x300-1.jpg 300w, https:\/\/dualdur.com\/wp-content\/uploads\/2025\/10\/Bartonella-Babesia-300x300-1-150x150.jpg 150w\" sizes=\"(max-width: 300px) 100vw, 300px\" \/><figcaption id=\"caption-attachment-1588\" class=\"wp-caption-text\">Co-infecciones<\/figcaption><\/figure><p>La borreliosis de Lyme es la enfermedad zoon\u00f3tica, es decir, una enfermedad transmitida de animales a humanos, m\u00e1s com\u00fan en todo el mundo y en nuestro pa\u00eds. Se calcula que en nuestro pa\u00eds la borreliosis de Lyme puede afectar a unos cientos de miles de personas, o incluso a un mill\u00f3n. Y las estad\u00edsticas recientes muestran que una de cada cinco personas ya ha sido infectada. En Europa se producen al menos 650-850.000 nuevas infecciones al a\u00f1o (algunas estimaciones elevan la cifra a m\u00e1s de 2,5 millones), y en nuestro pa\u00eds hasta 20.000 al a\u00f1o. La enfermedad de Lyme es al menos cinco veces m\u00e1s frecuente que el SIDA y una vez y media m\u00e1s frecuente que el c\u00e1ncer de mama. Es un diagn\u00f3stico cada vez m\u00e1s frecuente, debido a la creciente concienciaci\u00f3n sobre la enfermedad, pero tambi\u00e9n a la mayor prevalencia de garrapatas como consecuencia del cambio clim\u00e1tico. El tiempo suave y la ausencia de heladas hacen que m\u00e1s garrapatas sobrevivan al invierno. Algunas investigaciones sugieren que las garrapatas infectadas tienen una ventaja selectiva a la hora de sobrevivir incluso a peque\u00f1as heladas.<\/p><p>La picadura de una garrapata puede provocar diversas infecciones. No s\u00f3lo la enfermedad de Lyme, sino tambi\u00e9n otras infecciones bacterianas propagadas por garrapatas pueden transmitirse por la picadura. Las coinfecciones asociadas a la borreliosis de Lyme y a la picadura de garrapata, Bartonella, Babesia, Anaplasma, Ehrlichia, Mycoplasma y Chlamydia, pueden causar s\u00edntomas similares a los de la enfermedad de Lyme. Es muy importante realizar pruebas de detecci\u00f3n de la enfermedad de Lyme o de una de las coinfecciones para determinar con exactitud si se trata de la enfermedad de Lyme o de una de las coinfecciones, de modo que pueda iniciarse el tratamiento adecuado.<\/p>\t\t\t\t\t\t\t\t<\/div>\n\t\t\t\t\t<\/div>\n\t\t\t\t<\/div>\n\t\t\t\t<\/div>","protected":false},"excerpt":{"rendered":"<p>A Lyme borreliosis \u00e9s t\u00e1rsfert\u0151z\u00e9sei \u00a0 A\u00a0Lyme borreliosis, azaz a Lyme-k\u00f3r\u00a0vil\u00e1gszerte a leggyakoribb \u00e1llatr\u00f3l emberre terjed\u0151 fert\u0151z\u00e9s, \u00e9s egyben a leggyakoribb kullancs \u00e1ltal terjesztett bakteri\u00e1lis megbeteged\u00e9s. A betegs\u00e9g k\u00f3rokoz\u00f3ja a\u00a0Borrelia burgdorferi\u00a0nev\u0171 bakt\u00e9rium: egy igen mozg\u00e9kony, hull\u00e1mos alak\u00fa, Borrelia genusba sorolt bakt\u00e9rium, egy Spiroch\u00e9ta, ami kb. 15 mikrom\u00e9ter hossz\u00fa \u00e9s 0,2 mikrom\u00e9ter sz\u00e9les. Teflon-parazit\u00e1nak is emlegetik, [&hellip;]<\/p>\n","protected":false},"author":1,"featured_media":0,"parent":0,"menu_order":0,"comment_status":"closed","ping_status":"closed","template":"","meta":{"footnotes":""},"class_list":["post-790","page","type-page","status-publish","hentry"],"yoast_head":"<!-- This site is optimized with the Yoast SEO Premium plugin v27.4 (Yoast SEO v27.4) - https:\/\/yoast.com\/product\/yoast-seo-premium-wordpress\/ -->\n<title>Lyme-k\u00f3r \u00e9s t\u00e1rsfert\u0151z\u00e9sek, a &quot;kullancs-k\u00f3r&quot;<\/title>\n<meta name=\"description\" content=\"A Lyme borreliosis \u00e9s t\u00e1rsfert\u0151z\u00e9sei\u00a0A\u00a0Lyme borreliosis, azaz a Lyme-k\u00f3r\u00a0vil\u00e1gszerte a leggyakoribb \u00e1llatr\u00f3l emberre terjed\u0151 fert\u0151z\u00e9s, \u00e9s egyben a\" \/>\n<meta name=\"robots\" content=\"index, follow, max-snippet:-1, max-image-preview:large, max-video-preview:-1\" \/>\n<link rel=\"canonical\" href=\"https:\/\/uj.dualdur.com\/lyme-kor-es-tarsfertozesek-a-kullancs-kor\/\" \/>\n<meta property=\"og:locale\" content=\"es_ES\" \/>\n<meta property=\"og:type\" content=\"article\" \/>\n<meta property=\"og:title\" content=\"Lyme-k\u00f3r \u00e9s t\u00e1rsfert\u0151z\u00e9sek, a &quot;kullancs-k\u00f3r&quot;\" \/>\n<meta property=\"og:description\" content=\"A Lyme borreliosis \u00e9s t\u00e1rsfert\u0151z\u00e9sei\u00a0A\u00a0Lyme borreliosis, azaz a Lyme-k\u00f3r\u00a0vil\u00e1gszerte a leggyakoribb \u00e1llatr\u00f3l emberre terjed\u0151 fert\u0151z\u00e9s, \u00e9s egyben a\" \/>\n<meta property=\"og:url\" content=\"https:\/\/uj.dualdur.com\/lyme-kor-es-tarsfertozesek-a-kullancs-kor\/\" \/>\n<meta property=\"og:site_name\" content=\"DualDur\" \/>\n<meta property=\"article:modified_time\" content=\"2025-11-03T06:30:13+00:00\" \/>\n<meta property=\"og:image\" content=\"https:\/\/dualdur.com\/wp-content\/uploads\/2025\/04\/Borrelia-fekv.jpg\" \/>\n\t<meta property=\"og:image:width\" content=\"379\" \/>\n\t<meta property=\"og:image:height\" content=\"129\" \/>\n\t<meta property=\"og:image:type\" content=\"image\/jpeg\" \/>\n<meta name=\"twitter:card\" content=\"summary_large_image\" \/>\n<meta name=\"twitter:label1\" content=\"Tiempo de lectura\" \/>\n\t<meta name=\"twitter:data1\" content=\"5 minutos\" \/>\n<script type=\"application\/ld+json\" class=\"yoast-schema-graph\">{\"@context\":\"https:\\\/\\\/schema.org\",\"@graph\":[{\"@type\":\"WebPage\",\"@id\":\"https:\\\/\\\/uj.dualdur.com\\\/lyme-kor-es-tarsfertozesek-a-kullancs-kor\\\/\",\"url\":\"https:\\\/\\\/uj.dualdur.com\\\/lyme-kor-es-tarsfertozesek-a-kullancs-kor\\\/\",\"name\":\"Lyme-k\u00f3r \u00e9s t\u00e1rsfert\u0151z\u00e9sek, a \\\"kullancs-k\u00f3r\\\"\",\"isPartOf\":{\"@id\":\"https:\\\/\\\/dualdur.com\\\/#website\"},\"primaryImageOfPage\":{\"@id\":\"https:\\\/\\\/uj.dualdur.com\\\/lyme-kor-es-tarsfertozesek-a-kullancs-kor\\\/#primaryimage\"},\"image\":{\"@id\":\"https:\\\/\\\/uj.dualdur.com\\\/lyme-kor-es-tarsfertozesek-a-kullancs-kor\\\/#primaryimage\"},\"thumbnailUrl\":\"https:\\\/\\\/dualdur.com\\\/wp-content\\\/uploads\\\/2025\\\/04\\\/Borrelia-fekv.jpg\",\"datePublished\":\"2025-04-22T22:06:20+00:00\",\"dateModified\":\"2025-11-03T06:30:13+00:00\",\"description\":\"A Lyme borreliosis \u00e9s t\u00e1rsfert\u0151z\u00e9sei\u00a0A\u00a0Lyme borreliosis, azaz a Lyme-k\u00f3r\u00a0vil\u00e1gszerte a leggyakoribb \u00e1llatr\u00f3l emberre terjed\u0151 fert\u0151z\u00e9s, \u00e9s egyben a\",\"breadcrumb\":{\"@id\":\"https:\\\/\\\/uj.dualdur.com\\\/lyme-kor-es-tarsfertozesek-a-kullancs-kor\\\/#breadcrumb\"},\"inLanguage\":\"es\",\"potentialAction\":[{\"@type\":\"ReadAction\",\"target\":[\"https:\\\/\\\/uj.dualdur.com\\\/lyme-kor-es-tarsfertozesek-a-kullancs-kor\\\/\"]}]},{\"@type\":\"ImageObject\",\"inLanguage\":\"es\",\"@id\":\"https:\\\/\\\/uj.dualdur.com\\\/lyme-kor-es-tarsfertozesek-a-kullancs-kor\\\/#primaryimage\",\"url\":\"https:\\\/\\\/dualdur.com\\\/wp-content\\\/uploads\\\/2025\\\/04\\\/Borrelia-fekv.jpg\",\"contentUrl\":\"https:\\\/\\\/dualdur.com\\\/wp-content\\\/uploads\\\/2025\\\/04\\\/Borrelia-fekv.jpg\"},{\"@type\":\"BreadcrumbList\",\"@id\":\"https:\\\/\\\/uj.dualdur.com\\\/lyme-kor-es-tarsfertozesek-a-kullancs-kor\\\/#breadcrumb\",\"itemListElement\":[{\"@type\":\"ListItem\",\"position\":1,\"name\":\"Kezd\u0151lap\",\"item\":\"https:\\\/\\\/dualdur.com\\\/\"},{\"@type\":\"ListItem\",\"position\":2,\"name\":\"Lyme-k\u00f3r \u00e9s t\u00e1rsfert\u0151z\u00e9sek, a &#8222;kullancs-k\u00f3r&#8221;\"}]},{\"@type\":\"WebSite\",\"@id\":\"https:\\\/\\\/dualdur.com\\\/#website\",\"url\":\"https:\\\/\\\/dualdur.com\\\/\",\"name\":\"DualDur\",\"description\":\"\",\"publisher\":{\"@id\":\"https:\\\/\\\/dualdur.com\\\/#organization\"},\"potentialAction\":[{\"@type\":\"SearchAction\",\"target\":{\"@type\":\"EntryPoint\",\"urlTemplate\":\"https:\\\/\\\/dualdur.com\\\/?s={search_term_string}\"},\"query-input\":{\"@type\":\"PropertyValueSpecification\",\"valueRequired\":true,\"valueName\":\"search_term_string\"}}],\"inLanguage\":\"es\"},{\"@type\":\"Organization\",\"@id\":\"https:\\\/\\\/dualdur.com\\\/#organization\",\"name\":\"DualDur\",\"url\":\"https:\\\/\\\/dualdur.com\\\/\",\"logo\":{\"@type\":\"ImageObject\",\"inLanguage\":\"es\",\"@id\":\"https:\\\/\\\/dualdur.com\\\/#\\\/schema\\\/logo\\\/image\\\/\",\"url\":\"https:\\\/\\\/dualdur.com\\\/wp-content\\\/uploads\\\/2025\\\/03\\\/cropped-favicon.png\",\"contentUrl\":\"https:\\\/\\\/dualdur.com\\\/wp-content\\\/uploads\\\/2025\\\/03\\\/cropped-favicon.png\",\"width\":512,\"height\":512,\"caption\":\"DualDur\"},\"image\":{\"@id\":\"https:\\\/\\\/dualdur.com\\\/#\\\/schema\\\/logo\\\/image\\\/\"}}]}<\/script>\n<!-- \/ Yoast SEO Premium plugin. -->","yoast_head_json":{"title":"Enfermedad de Lyme y coinfecciones, la \"enfermedad transmitida por garrapatas\"","description":"La borreliosis de Lyme y sus coinfecciones La borreliosis de Lyme, o enfermedad de Lyme, es la infecci\u00f3n entre animales y humanos m\u00e1s com\u00fan en todo el mundo y es la","robots":{"index":"index","follow":"follow","max-snippet":"max-snippet:-1","max-image-preview":"max-image-preview:large","max-video-preview":"max-video-preview:-1"},"canonical":"https:\/\/uj.dualdur.com\/lyme-kor-es-tarsfertozesek-a-kullancs-kor\/","og_locale":"es_ES","og_type":"article","og_title":"Lyme-k\u00f3r \u00e9s t\u00e1rsfert\u0151z\u00e9sek, a \"kullancs-k\u00f3r\"","og_description":"A Lyme borreliosis \u00e9s t\u00e1rsfert\u0151z\u00e9sei\u00a0A\u00a0Lyme borreliosis, azaz a Lyme-k\u00f3r\u00a0vil\u00e1gszerte a leggyakoribb \u00e1llatr\u00f3l emberre terjed\u0151 fert\u0151z\u00e9s, \u00e9s egyben a","og_url":"https:\/\/uj.dualdur.com\/lyme-kor-es-tarsfertozesek-a-kullancs-kor\/","og_site_name":"DualDur","article_modified_time":"2025-11-03T06:30:13+00:00","og_image":[{"width":379,"height":129,"url":"https:\/\/dualdur.com\/wp-content\/uploads\/2025\/04\/Borrelia-fekv.jpg","type":"image\/jpeg"}],"twitter_card":"summary_large_image","twitter_misc":{"Tiempo de lectura":"5 minutos"},"schema":{"@context":"https:\/\/schema.org","@graph":[{"@type":"WebPage","@id":"https:\/\/uj.dualdur.com\/lyme-kor-es-tarsfertozesek-a-kullancs-kor\/","url":"https:\/\/uj.dualdur.com\/lyme-kor-es-tarsfertozesek-a-kullancs-kor\/","name":"Enfermedad de Lyme y coinfecciones, la \"enfermedad transmitida por garrapatas\"","isPartOf":{"@id":"https:\/\/dualdur.com\/#website"},"primaryImageOfPage":{"@id":"https:\/\/uj.dualdur.com\/lyme-kor-es-tarsfertozesek-a-kullancs-kor\/#primaryimage"},"image":{"@id":"https:\/\/uj.dualdur.com\/lyme-kor-es-tarsfertozesek-a-kullancs-kor\/#primaryimage"},"thumbnailUrl":"https:\/\/dualdur.com\/wp-content\/uploads\/2025\/04\/Borrelia-fekv.jpg","datePublished":"2025-04-22T22:06:20+00:00","dateModified":"2025-11-03T06:30:13+00:00","description":"La borreliosis de Lyme y sus coinfecciones La borreliosis de Lyme, o enfermedad de Lyme, es la infecci\u00f3n entre animales y humanos m\u00e1s com\u00fan en todo el mundo y es la","breadcrumb":{"@id":"https:\/\/uj.dualdur.com\/lyme-kor-es-tarsfertozesek-a-kullancs-kor\/#breadcrumb"},"inLanguage":"es","potentialAction":[{"@type":"ReadAction","target":["https:\/\/uj.dualdur.com\/lyme-kor-es-tarsfertozesek-a-kullancs-kor\/"]}]},{"@type":"ImageObject","inLanguage":"es","@id":"https:\/\/uj.dualdur.com\/lyme-kor-es-tarsfertozesek-a-kullancs-kor\/#primaryimage","url":"https:\/\/dualdur.com\/wp-content\/uploads\/2025\/04\/Borrelia-fekv.jpg","contentUrl":"https:\/\/dualdur.com\/wp-content\/uploads\/2025\/04\/Borrelia-fekv.jpg"},{"@type":"BreadcrumbList","@id":"https:\/\/uj.dualdur.com\/lyme-kor-es-tarsfertozesek-a-kullancs-kor\/#breadcrumb","itemListElement":[{"@type":"ListItem","position":1,"name":"Kezd\u0151lap","item":"https:\/\/dualdur.com\/"},{"@type":"ListItem","position":2,"name":"Lyme-k\u00f3r \u00e9s t\u00e1rsfert\u0151z\u00e9sek, a &#8222;kullancs-k\u00f3r&#8221;"}]},{"@type":"WebSite","@id":"https:\/\/dualdur.com\/#website","url":"https:\/\/dualdur.com\/","name":"Doble titulaci\u00f3n","description":"","publisher":{"@id":"https:\/\/dualdur.com\/#organization"},"potentialAction":[{"@type":"SearchAction","target":{"@type":"EntryPoint","urlTemplate":"https:\/\/dualdur.com\/?s={search_term_string}"},"query-input":{"@type":"PropertyValueSpecification","valueRequired":true,"valueName":"search_term_string"}}],"inLanguage":"es"},{"@type":"Organization","@id":"https:\/\/dualdur.com\/#organization","name":"Doble titulaci\u00f3n","url":"https:\/\/dualdur.com\/","logo":{"@type":"ImageObject","inLanguage":"es","@id":"https:\/\/dualdur.com\/#\/schema\/logo\/image\/","url":"https:\/\/dualdur.com\/wp-content\/uploads\/2025\/03\/cropped-favicon.png","contentUrl":"https:\/\/dualdur.com\/wp-content\/uploads\/2025\/03\/cropped-favicon.png","width":512,"height":512,"caption":"DualDur"},"image":{"@id":"https:\/\/dualdur.com\/#\/schema\/logo\/image\/"}}]}},"_links":{"self":[{"href":"https:\/\/dualdur.com\/es\/wp-json\/wp\/v2\/pages\/790","targetHints":{"allow":["GET"]}}],"collection":[{"href":"https:\/\/dualdur.com\/es\/wp-json\/wp\/v2\/pages"}],"about":[{"href":"https:\/\/dualdur.com\/es\/wp-json\/wp\/v2\/types\/page"}],"author":[{"embeddable":true,"href":"https:\/\/dualdur.com\/es\/wp-json\/wp\/v2\/users\/1"}],"replies":[{"embeddable":true,"href":"https:\/\/dualdur.com\/es\/wp-json\/wp\/v2\/comments?post=790"}],"version-history":[{"count":27,"href":"https:\/\/dualdur.com\/es\/wp-json\/wp\/v2\/pages\/790\/revisions"}],"predecessor-version":[{"id":1718,"href":"https:\/\/dualdur.com\/es\/wp-json\/wp\/v2\/pages\/790\/revisions\/1718"}],"wp:attachment":[{"href":"https:\/\/dualdur.com\/es\/wp-json\/wp\/v2\/media?parent=790"}],"curies":[{"name":"wp","href":"https:\/\/api.w.org\/{rel}","templated":true}]}}