{"id":778,"date":"2025-04-23T00:00:30","date_gmt":"2025-04-22T22:00:30","guid":{"rendered":"https:\/\/dualdur.com\/?page_id=778"},"modified":"2026-04-08T14:24:59","modified_gmt":"2026-04-08T12:24:59","slug":"bartonelosis-bartonella-infecciosa-en-humanos","status":"publish","type":"page","link":"https:\/\/dualdur.com\/es\/bartonellozis-bartonella-fertozes-emberben\/","title":{"rendered":"Bartonelosis (infecci\u00f3n por Bartonella en humanos)"},"content":{"rendered":"<div data-elementor-type=\"wp-page\" data-elementor-id=\"778\" class=\"elementor elementor-778\" data-elementor-post-type=\"page\">\n\t\t\t\t<div class=\"elementor-element elementor-element-8d4d0de e-con-full e-flex e-con e-parent\" data-id=\"8d4d0de\" data-element_type=\"container\" data-e-type=\"container\" data-settings=\"{&quot;background_background&quot;:&quot;classic&quot;}\">\n\t\t\t\t<div class=\"elementor-element elementor-element-7b7174f elementor-align-center elementor-widget elementor-widget-breadcrumbs\" data-id=\"7b7174f\" data-element_type=\"widget\" data-e-type=\"widget\" data-widget_type=\"breadcrumbs.default\">\n\t\t\t\t\t<p id=\"breadcrumbs\"><span><span><a href=\"https:\/\/dualdur.com\/es\/\">P\u00e1gina de inicio<\/a><\/span><\/span><\/p>\t\t\t\t<\/div>\n\t\t\t\t<\/div>\n\t\t<div class=\"elementor-element elementor-element-721cc042 e-flex e-con-boxed e-con e-parent\" data-id=\"721cc042\" data-element_type=\"container\" data-e-type=\"container\">\n\t\t\t\t\t<div class=\"e-con-inner\">\n\t\t\t\t<div class=\"elementor-element elementor-element-f89380b elementor-widget elementor-widget-text-editor\" data-id=\"f89380b\" data-element_type=\"widget\" data-e-type=\"widget\" data-widget_type=\"text-editor.default\">\n\t\t\t\t\t\t\t\t\t<div role=\"main\"><p><em>A Bartonella<\/em> comparten una serie de caracter\u00edsticas comunes. Los miembros del g\u00e9nero son peque\u00f1os (alrededor de 0,3 \u03bcm \u00d7 1 \u03bcm), Gram negativos, pleom\u00f3rficos, es decir, cocobacilos de forma variable, mostrando una gama de formas que van de redondas a ligeramente alargadas, dependiendo del m\u00e9todo de prueba y del medio. Las bacterias son pat\u00f3genos intracelulares facultativos, muchos de los cuales emplean la hemotrofia (infecci\u00f3n de los gl\u00f3bulos rojos) como estrategia parasitaria. Todos los miembros del g\u00e9nero son notoriamente fastidiosos y de crecimiento lento in vitro.  Se ha demostrado que los <em>Bartonella<\/em>\u00a0infectan a muchos hu\u00e9spedes mam\u00edferos, y al menos tres especies (<em>B. bacilliformis<\/em>,\u00a0<em>B. henselae<\/em>\u00a0y\u00a0<em>B. quintana<\/em>) es un pat\u00f3geno humano relativamente com\u00fan. La transmisi\u00f3n por vectores es otro fen\u00f3meno com\u00fan dentro del g\u00e9nero.  A\u00a0<em>Bartonella<\/em>\u00a0suelen propagarse entre hu\u00e9spedes mam\u00edferos a trav\u00e9s de artr\u00f3podos, y cada especie bacteriana es transmitida por un insecto vector concreto. A\u00a0<em>Bartonella<\/em>\u00a0est\u00e1n presentes en una amplia gama de mam\u00edferos: infectan a gatos, perros, roedores, conejos y ganado, as\u00ed como a animales salvajes como gatos monteses (linces, pumas y leones de monta\u00f1a), coyotes, ciervos, alces y zorros.<\/p><p>Al menos tres especies han sido identificadas como los principales pat\u00f3genos humanos, y otras cuatro especies, incluidas dos subespecies, se han relacionado con enfermedades humanas indirectamente o a trav\u00e9s de informes de casos.<\/p><p>A <i>Bartonella <\/i>a los humanos se transmite con mayor frecuencia a trav\u00e9s de un insecto vector. La lista de vectores asociados a la transmisi\u00f3n incluye moscas, pulgas, garrapatas, piojos y \u00e1caros. Se ha planteado la posibilidad de que <i>B. henselae<\/i> se transmite directamente de los gatos a los humanos por medios mec\u00e1nicos, dando lugar a la denominada \u201cenfermedad por ara\u00f1azo de gato\u201d. El papel de la caspa de gato en este proceso parece probable y puede implicar la contaminaci\u00f3n de la arena de los gatos con excrementos de pulgas infectadas.<\/p><p>A <i>Bartonella spp.<\/i> El aislamiento a partir de muestras cl\u00ednicas requiere un per\u00edodo de incubaci\u00f3n m\u00e1s largo y un medio de cultivo especial.<\/p><p>A <i>Bartonella bacilliformis<\/i> (es decir, la especie bacteriana de Bartonella, ligeramente alargada y con forma de bast\u00f3n) produce una prote\u00edna extracelular denominada \u201edeformina\u201d, que puede crear de forma independiente hendiduras y surcos en las membranas de los gl\u00f3bulos rojos.<\/p><p><img fetchpriority=\"high\" decoding=\"async\" src=\"https:\/\/dualdur.com\/wp-content\/uploads\/2025\/10\/Bartonella-deformin-300x285-1.png\" alt=\"\" width=\"256\" height=\"243\" \/><\/p><p><em>Figura 1. Invaginaciones de eritrocitos causadas por el factor deformante B. bacilliformis (deformina).<\/em><\/p><p>Algunos <i>Bartonella <\/i>producen hemolisinas, prote\u00ednas extracelulares que provocan una betahem\u00f3lisis incompleta o completa, es decir, la descomposici\u00f3n total de las c\u00e9lulas sangu\u00edneas, lo que puede causar una anemia grave.<\/p><p>Los tres principales pat\u00f3genos humanos <i>Bartonella<\/i> produce una prote\u00edna que estimula la angiog\u00e9nesis y probablemente facilita el desarrollo de lesiones vasculares durante la infecci\u00f3n.<\/p><p>La hemotrofia es la <i>Bartonella spp.<\/i> La captaci\u00f3n de hemo es utilizada por muchas bacterias pat\u00f3genas para adquirir hierro.<\/p><p><em><img decoding=\"async\" src=\"https:\/\/dualdur.com\/wp-content\/uploads\/2026\/02\/images_02.jpg\" alt=\"\" width=\"203\" height=\"243\" \/><\/em><\/p><p><em>Figura 2. Bartonella bacilliformis invade los gl\u00f3bulos rojos y deforma la superficie de la membrana.<\/em><\/p><p><img decoding=\"async\" src=\"https:\/\/dualdur.com\/wp-content\/uploads\/2026\/02\/images_01.jpg\" alt=\"\" width=\"208\" height=\"243\" \/><\/p><p><em>Figura 3. Invasi\u00f3n de gl\u00f3bulos rojos potencialmente causada por Bartonella spp. en un mono.<\/em><\/p><p>Adem\u00e1s de la invasi\u00f3n de los gl\u00f3bulos rojos, tambi\u00e9n se ha demostrado la invasi\u00f3n de otros tipos de c\u00e9lulas del hu\u00e9sped (c\u00e9lulas epiteliales y endoteliales) en las tres principales especies de pat\u00f3genos humanos.<\/p><p>A <i>Bartonella <\/i>han desarrollado estrategias espec\u00edficas para evitar su detecci\u00f3n y degradaci\u00f3n por el sistema inmunitario del hospedador, lo que garantiza su reproducci\u00f3n en \u00e9l. Tras la infecci\u00f3n, las <i>Bartonella <\/i>altera las prote\u00ednas inmun\u00f3genas de su superficie para evitar el reconocimiento inmunitario por el ant\u00edgeno o la variaci\u00f3n de fase. Algunos <i>Bartonella <\/i>La diversa estructura de lipopolisac\u00e1ridos de esta especie le permite evitar ser detectada por los receptores de reconocimiento de patrones del hu\u00e9sped. Adem\u00e1s, la supervivencia de los gl\u00f3bulos rojos maduros y su resistencia a la fusi\u00f3n lisosomal complican a\u00fan m\u00e1s la eliminaci\u00f3n inmunitaria de esta especie. Algunos <i>Bartonella <\/i>tambi\u00e9n evitan los ataques inmunitarios produciendo biopel\u00edculas y citocinas antiinflamatorias y reduciendo la apoptosis de las c\u00e9lulas endoteliales.<\/p><p>Parece que la bacteriemia persistente en los eritrocitos es una adaptaci\u00f3n espec\u00edfica de Bartonella para la transmisi\u00f3n en la especie hu\u00e9sped.<\/p><p>A <i>B. henselae<\/i> algunas cepas muestran un reordenamiento significativo de los genes y una amplificaci\u00f3n del ADN debido a la variaci\u00f3n gen\u00e9tica, por lo que las pruebas basadas en el ADN no siempre dan resultados positivos.<\/p><p>A <i>Bartonella <\/i>La presentaci\u00f3n cl\u00ednica de la infecci\u00f3n va desde una linfadenopat\u00eda relativamente leve y otros s\u00edntomas leves, enfermedad por ara\u00f1azo de gato, hasta una enfermedad sist\u00e9mica potencialmente mortal en pacientes inmunodeprimidos. En algunos individuos, hay proliferaci\u00f3n de c\u00e9lulas endoteliales y neovascularizaci\u00f3n, un proceso patog\u00e9nico \u00fanico espec\u00edfico de este g\u00e9nero de bacterias. A medida que se perfecciona el espectro de enfermedades atribuidas a Bartonella, aumenta la necesidad de m\u00e9todos de laboratorio fiables para diagnosticar las infecciones causadas por estos organismos \u00fanicos.<\/p><p><img loading=\"lazy\" decoding=\"async\" src=\"https:\/\/dualdur.com\/wp-content\/uploads\/2026\/03\/DD-21092_2025-03-06-15-09-31-Bart-e1774623786195.png\" alt=\"\" width=\"208\" height=\"192\" \/>\u00a0\u00a0<img loading=\"lazy\" decoding=\"async\" src=\"https:\/\/dualdur.com\/wp-content\/uploads\/2026\/03\/DD-21092_2025-03-06-15-08-47-Bartonella-e1774623893208.png\" alt=\"\" width=\"195\" height=\"192\" \/>\u00a0<img loading=\"lazy\" decoding=\"async\" src=\"https:\/\/dualdur.com\/wp-content\/uploads\/2026\/02\/images_04.jpg\" alt=\"\" width=\"262\" height=\"192\" \/><\/p><p>\u00a0 \u00a0 \u00a0 \u00a0 \u00a0 \u00a0 \u00a0 a b c<\/p><p><em>Figura 4.<\/em><i> Microscop\u00eda de campo oscuro de la infecci\u00f3n por Bartonella en gl\u00f3bulos rojos humanos (a-b) y gl\u00f3bulos blancos humanos (c)<\/i><\/p><p>A <i>Bartonella <\/i>Debido al perfil gen\u00e9tico variable de la especie y a la falta de m\u00e1s conocimientos sobre la Bartonella pat\u00f3gena humana, los estudios morfol\u00f3gicos mediante microscop\u00eda de campo oscuro y microscop\u00eda electr\u00f3nica de barrido siguen siendo un m\u00e9todo de detecci\u00f3n fiable.<\/p><p>Otros m\u00e9todos utilizados para diagnosticar las infecciones asociadas a Bartonella son el an\u00e1lisis histol\u00f3gico de muestras de biopsia, el cultivo de muestras de tejido, el cultivo de muestras de sangre (hemocultivo) y la serolog\u00eda, aunque todos ellos pueden tener una eficacia limitada en entornos cl\u00ednicos.<\/p><p>A <i>Bartonella <\/i>La detecci\u00f3n de especies sigue bas\u00e1ndose en pruebas directas en lugar de serol\u00f3gicas, ya que el pat\u00f3geno consigue evadir la respuesta inmunitaria gracias a su estilo de vida par\u00e1sito intracelular. Sin embargo, incluso en casos de infecci\u00f3n significativa, el bajo n\u00famero de bacterias detectables es un problema, por lo que suele recomendarse el cultivo preliminar o la concentraci\u00f3n\/reconcentraci\u00f3n de muestras de sangre por otros m\u00e9todos. En caso de cr\u00eda, puede ser aconsejable liberar previamente las bacterias que se esconden en los gl\u00f3bulos rojos.<\/p><p>Se han desarrollado varios m\u00e9todos de microscop\u00eda de inmunofluorescencia para detectar las diferentes especies de Bartonella, pero todav\u00eda no se utilizan de forma rutinaria.\u00a0<\/p><p><em><em><img loading=\"lazy\" decoding=\"async\" src=\"https:\/\/dualdur.com\/wp-content\/uploads\/2026\/04\/Bartonella-quintana-IF.png\" alt=\"\" width=\"309\" height=\"222\" \/><\/em><\/em><\/p><p><i>Figura 5. Imagen de microscop\u00eda confocal l\u00e1ser de infecci\u00f3n intracelular por Bartonella quintana marcada con anticuerpos inmunofluorescentes espec\u00edficos.<\/i><\/p><p><img loading=\"lazy\" decoding=\"async\" src=\"https:\/\/dualdur.com\/wp-content\/uploads\/2026\/04\/Bartonella-henselae-300x206.png\" alt=\"\" width=\"300\" height=\"206\" \/><\/p><p><i>Figura 6. Imagen de microscop\u00eda de inmunofluorescencia de infecci\u00f3n por Bartonella henselae marcada con anticuerpos inmunofluorescentes espec\u00edficos en el ganglio linf\u00e1tico de un paciente con \u201eenfermedad por ara\u00f1azo de gato\u201d.<\/i><\/p><p><img loading=\"lazy\" decoding=\"async\" class=\"alignnone wp-image-2747 size-medium\" src=\"https:\/\/dualdur.com\/wp-content\/uploads\/2026\/04\/Bartonella-henselae-IF-2-300x199.png\" alt=\"\" width=\"300\" height=\"199\" srcset=\"https:\/\/dualdur.com\/wp-content\/uploads\/2026\/04\/Bartonella-henselae-IF-2-300x199.png 300w, https:\/\/dualdur.com\/wp-content\/uploads\/2026\/04\/Bartonella-henselae-IF-2-18x12.png 18w, https:\/\/dualdur.com\/wp-content\/uploads\/2026\/04\/Bartonella-henselae-IF-2.png 428w\" sizes=\"(max-width: 300px) 100vw, 300px\" \/><\/p><p><i>Figura 7. Imagen de microscop\u00eda de inmunofluorescencia de la infecci\u00f3n por Bartonella henselae marcada con anticuerpos inmunofluorescentes espec\u00edficos en la sangre de un gato infectado de forma natural.<\/i><\/p><ol><li><em>M Dworkin (redactor jefe), The Prokaryotes, A Handbook on the Biology of Bacteria, tercera edici\u00f3n, 2006.<\/em><\/li><li><em>Yixuan X et al. T\u00e1cticas insidiosas: los ingeniosos mecanismos de evasi\u00f3n inmunitaria de Bartonella, Virulence. 2024<\/em><\/li><li><em>D H Spach, J E Koehler: Infecciones asociadas a Bartonella, Infect Dis Clin North Am, 1998<\/em><\/li><li><em>Anderson BE, Neuman MA: Bartonella spp. as emerging human pathogens, Clin Microbiol Rev., 1997.<\/em><\/li><li><em>Kaiser PO et al: Bartonella spp.: throwing light on uncommon human infections, Int J Med Microbiol., 2011.<\/em><\/li><li><em>Rolain et al: Bartonella quintana en humanos <\/em><em>eritrocitos, The Lancet, 2022<\/em><\/li><li><em>Rolain et al: Detection by Immunofluorescence Assay of Bartonella henselae in Lymph Nodes from Patients with Cat Scratch Disease, Clin Diagn Lab Immunol. 2003.<\/em><\/li><li><em>Rolain et al: Immunofluorescent Detection of IntraerythrocyticBartonella henselae in Naturally Infected Cats, Journal of Clinical Microbiology, 2001.<br \/><\/em><\/li><\/ol><\/div><aside><div><section><\/section><section><div>\u00a0<\/div><\/section><\/div><\/aside>\t\t\t\t\t\t\t\t<\/div>\n\t\t\t\t\t<\/div>\n\t\t\t\t<\/div>\n\t\t\t\t<\/div>","protected":false},"excerpt":{"rendered":"<p>A Bartonella fajok sz\u00e1mos \u00e1ltal\u00e1nos jellemz\u0151vel rendelkeznek. A nemzets\u00e9g tagjai kicsik (kb. 0,3 \u03bcm \u00d7 1 \u03bcm), Gram-negat\u00edv, pleomorf, vagyis v\u00e1ltoz\u00f3 form\u00e1j\u00fa coccobacillusok, a kerekt\u0151l az enyh\u00e9n hossz\u00fak\u00e1s alakig sz\u00e1mos form\u00e1t mutatnak, a vizsg\u00e1lati m\u00f3dszert\u0151l \u00e9s a vizsg\u00e1lati k\u00f6zegt\u0151l f\u00fcgg\u0151en. A bakt\u00e9riumok fakultat\u00edv intracellul\u00e1ris k\u00f3rokoz\u00f3k, amelyek k\u00f6z\u00fcl sok parazita strat\u00e9giak\u00e9nt hemotr\u00f3fi\u00e1t alkalmaz (a v\u00f6r\u00f6sv\u00e9rtestek megfert\u0151z\u00e9s\u00e9t). [&hellip;]<\/p>\n","protected":false},"author":1,"featured_media":0,"parent":0,"menu_order":0,"comment_status":"closed","ping_status":"closed","template":"","meta":{"footnotes":""},"class_list":["post-778","page","type-page","status-publish","hentry"],"yoast_head":"<!-- This site is optimized with the Yoast SEO Premium plugin v27.4 (Yoast SEO v27.4) - https:\/\/yoast.com\/product\/yoast-seo-premium-wordpress\/ -->\n<title>Bartonell\u00f3zis (Bartonella-fert\u0151z\u00e9s emberben)<\/title>\n<meta name=\"description\" content=\"A Bartonella fajok sz\u00e1mos \u00e1ltal\u00e1nos jellemz\u0151vel rendelkeznek. A nemzets\u00e9g tagjai kicsik (kb. 0,3 \u03bcm \u00d7 1 \u03bcm), Gram-negat\u00edv, pleomorf, vagyis v\u00e1ltoz\u00f3\" \/>\n<meta name=\"robots\" content=\"index, follow, max-snippet:-1, max-image-preview:large, max-video-preview:-1\" \/>\n<link rel=\"canonical\" href=\"https:\/\/dualdur.com\/es\/bartonelosis-bartonella-infecciosa-en-humanos\/\" \/>\n<meta property=\"og:locale\" content=\"es_ES\" \/>\n<meta property=\"og:type\" content=\"article\" \/>\n<meta property=\"og:title\" content=\"Bartonell\u00f3zis (Bartonella-fert\u0151z\u00e9s emberben)\" \/>\n<meta property=\"og:description\" content=\"A Bartonella fajok sz\u00e1mos \u00e1ltal\u00e1nos jellemz\u0151vel rendelkeznek. A nemzets\u00e9g tagjai kicsik (kb. 0,3 \u03bcm \u00d7 1 \u03bcm), Gram-negat\u00edv, pleomorf, vagyis v\u00e1ltoz\u00f3\" \/>\n<meta property=\"og:url\" content=\"https:\/\/dualdur.com\/es\/bartonelosis-bartonella-infecciosa-en-humanos\/\" \/>\n<meta property=\"og:site_name\" content=\"DualDur\" \/>\n<meta property=\"article:modified_time\" content=\"2026-04-08T12:24:59+00:00\" \/>\n<meta property=\"og:image\" content=\"https:\/\/dualdur.com\/wp-content\/uploads\/2025\/10\/Bartonella-deformin-300x285-1.png\" \/>\n<meta name=\"twitter:card\" content=\"summary_large_image\" \/>\n<meta name=\"twitter:label1\" content=\"Tiempo de lectura\" \/>\n\t<meta name=\"twitter:data1\" content=\"7 minutos\" \/>\n<script type=\"application\/ld+json\" class=\"yoast-schema-graph\">{\"@context\":\"https:\\\/\\\/schema.org\",\"@graph\":[{\"@type\":\"WebPage\",\"@id\":\"https:\\\/\\\/dualdur.com\\\/bartonellozis-bartonella-fertozes-emberben\\\/\",\"url\":\"https:\\\/\\\/dualdur.com\\\/bartonellozis-bartonella-fertozes-emberben\\\/\",\"name\":\"Bartonell\u00f3zis (Bartonella-fert\u0151z\u00e9s emberben)\",\"isPartOf\":{\"@id\":\"https:\\\/\\\/dualdur.com\\\/#website\"},\"primaryImageOfPage\":{\"@id\":\"https:\\\/\\\/dualdur.com\\\/bartonellozis-bartonella-fertozes-emberben\\\/#primaryimage\"},\"image\":{\"@id\":\"https:\\\/\\\/dualdur.com\\\/bartonellozis-bartonella-fertozes-emberben\\\/#primaryimage\"},\"thumbnailUrl\":\"https:\\\/\\\/dualdur.com\\\/wp-content\\\/uploads\\\/2025\\\/10\\\/Bartonella-deformin-300x285-1.png\",\"datePublished\":\"2025-04-22T22:00:30+00:00\",\"dateModified\":\"2026-04-08T12:24:59+00:00\",\"description\":\"A Bartonella fajok sz\u00e1mos \u00e1ltal\u00e1nos jellemz\u0151vel rendelkeznek. A nemzets\u00e9g tagjai kicsik (kb. 0,3 \u03bcm \u00d7 1 \u03bcm), Gram-negat\u00edv, pleomorf, vagyis v\u00e1ltoz\u00f3\",\"breadcrumb\":{\"@id\":\"https:\\\/\\\/dualdur.com\\\/bartonellozis-bartonella-fertozes-emberben\\\/#breadcrumb\"},\"inLanguage\":\"es\",\"potentialAction\":[{\"@type\":\"ReadAction\",\"target\":[\"https:\\\/\\\/dualdur.com\\\/bartonellozis-bartonella-fertozes-emberben\\\/\"]}]},{\"@type\":\"ImageObject\",\"inLanguage\":\"es\",\"@id\":\"https:\\\/\\\/dualdur.com\\\/bartonellozis-bartonella-fertozes-emberben\\\/#primaryimage\",\"url\":\"https:\\\/\\\/dualdur.com\\\/wp-content\\\/uploads\\\/2025\\\/10\\\/Bartonella-deformin-300x285-1.png\",\"contentUrl\":\"https:\\\/\\\/dualdur.com\\\/wp-content\\\/uploads\\\/2025\\\/10\\\/Bartonella-deformin-300x285-1.png\"},{\"@type\":\"BreadcrumbList\",\"@id\":\"https:\\\/\\\/dualdur.com\\\/bartonellozis-bartonella-fertozes-emberben\\\/#breadcrumb\",\"itemListElement\":[{\"@type\":\"ListItem\",\"position\":1,\"name\":\"Kezd\u0151lap\",\"item\":\"https:\\\/\\\/dualdur.com\\\/\"},{\"@type\":\"ListItem\",\"position\":2,\"name\":\"Bartonell\u00f3zis (Bartonella-fert\u0151z\u00e9s emberben)\"}]},{\"@type\":\"WebSite\",\"@id\":\"https:\\\/\\\/dualdur.com\\\/#website\",\"url\":\"https:\\\/\\\/dualdur.com\\\/\",\"name\":\"DualDur\",\"description\":\"\",\"publisher\":{\"@id\":\"https:\\\/\\\/dualdur.com\\\/#organization\"},\"potentialAction\":[{\"@type\":\"SearchAction\",\"target\":{\"@type\":\"EntryPoint\",\"urlTemplate\":\"https:\\\/\\\/dualdur.com\\\/?s={search_term_string}\"},\"query-input\":{\"@type\":\"PropertyValueSpecification\",\"valueRequired\":true,\"valueName\":\"search_term_string\"}}],\"inLanguage\":\"es\"},{\"@type\":\"Organization\",\"@id\":\"https:\\\/\\\/dualdur.com\\\/#organization\",\"name\":\"DualDur\",\"url\":\"https:\\\/\\\/dualdur.com\\\/\",\"logo\":{\"@type\":\"ImageObject\",\"inLanguage\":\"es\",\"@id\":\"https:\\\/\\\/dualdur.com\\\/#\\\/schema\\\/logo\\\/image\\\/\",\"url\":\"https:\\\/\\\/dualdur.com\\\/wp-content\\\/uploads\\\/2025\\\/03\\\/cropped-favicon.png\",\"contentUrl\":\"https:\\\/\\\/dualdur.com\\\/wp-content\\\/uploads\\\/2025\\\/03\\\/cropped-favicon.png\",\"width\":512,\"height\":512,\"caption\":\"DualDur\"},\"image\":{\"@id\":\"https:\\\/\\\/dualdur.com\\\/#\\\/schema\\\/logo\\\/image\\\/\"}}]}<\/script>\n<!-- \/ Yoast SEO Premium plugin. -->","yoast_head_json":{"title":"Bartonelosis (infecci\u00f3n por Bartonella en humanos)","description":"Las especies de Bartonella comparten una serie de caracter\u00edsticas comunes. Los miembros del g\u00e9nero son peque\u00f1os (aproximadamente 0,3 \u03bcm \u00d7 1 \u03bcm), Gram negativos, pleom\u00f3rficos, es decir, variables","robots":{"index":"index","follow":"follow","max-snippet":"max-snippet:-1","max-image-preview":"max-image-preview:large","max-video-preview":"max-video-preview:-1"},"canonical":"https:\/\/dualdur.com\/es\/bartonelosis-bartonella-infecciosa-en-humanos\/","og_locale":"es_ES","og_type":"article","og_title":"Bartonell\u00f3zis (Bartonella-fert\u0151z\u00e9s emberben)","og_description":"A Bartonella fajok sz\u00e1mos \u00e1ltal\u00e1nos jellemz\u0151vel rendelkeznek. A nemzets\u00e9g tagjai kicsik (kb. 0,3 \u03bcm \u00d7 1 \u03bcm), Gram-negat\u00edv, pleomorf, vagyis v\u00e1ltoz\u00f3","og_url":"https:\/\/dualdur.com\/es\/bartonelosis-bartonella-infecciosa-en-humanos\/","og_site_name":"DualDur","article_modified_time":"2026-04-08T12:24:59+00:00","og_image":[{"url":"https:\/\/dualdur.com\/wp-content\/uploads\/2025\/10\/Bartonella-deformin-300x285-1.png","type":"","width":"","height":""}],"twitter_card":"summary_large_image","twitter_misc":{"Tiempo de lectura":"7 minutos"},"schema":{"@context":"https:\/\/schema.org","@graph":[{"@type":"WebPage","@id":"https:\/\/dualdur.com\/bartonellozis-bartonella-fertozes-emberben\/","url":"https:\/\/dualdur.com\/bartonellozis-bartonella-fertozes-emberben\/","name":"Bartonelosis (infecci\u00f3n por Bartonella en humanos)","isPartOf":{"@id":"https:\/\/dualdur.com\/#website"},"primaryImageOfPage":{"@id":"https:\/\/dualdur.com\/bartonellozis-bartonella-fertozes-emberben\/#primaryimage"},"image":{"@id":"https:\/\/dualdur.com\/bartonellozis-bartonella-fertozes-emberben\/#primaryimage"},"thumbnailUrl":"https:\/\/dualdur.com\/wp-content\/uploads\/2025\/10\/Bartonella-deformin-300x285-1.png","datePublished":"2025-04-22T22:00:30+00:00","dateModified":"2026-04-08T12:24:59+00:00","description":"Las especies de Bartonella comparten una serie de caracter\u00edsticas comunes. Los miembros del g\u00e9nero son peque\u00f1os (aproximadamente 0,3 \u03bcm \u00d7 1 \u03bcm), Gram negativos, pleom\u00f3rficos, es decir, variables","breadcrumb":{"@id":"https:\/\/dualdur.com\/bartonellozis-bartonella-fertozes-emberben\/#breadcrumb"},"inLanguage":"es","potentialAction":[{"@type":"ReadAction","target":["https:\/\/dualdur.com\/bartonellozis-bartonella-fertozes-emberben\/"]}]},{"@type":"ImageObject","inLanguage":"es","@id":"https:\/\/dualdur.com\/bartonellozis-bartonella-fertozes-emberben\/#primaryimage","url":"https:\/\/dualdur.com\/wp-content\/uploads\/2025\/10\/Bartonella-deformin-300x285-1.png","contentUrl":"https:\/\/dualdur.com\/wp-content\/uploads\/2025\/10\/Bartonella-deformin-300x285-1.png"},{"@type":"BreadcrumbList","@id":"https:\/\/dualdur.com\/bartonellozis-bartonella-fertozes-emberben\/#breadcrumb","itemListElement":[{"@type":"ListItem","position":1,"name":"Kezd\u0151lap","item":"https:\/\/dualdur.com\/"},{"@type":"ListItem","position":2,"name":"Bartonell\u00f3zis (Bartonella-fert\u0151z\u00e9s emberben)"}]},{"@type":"WebSite","@id":"https:\/\/dualdur.com\/#website","url":"https:\/\/dualdur.com\/","name":"Doble titulaci\u00f3n","description":"","publisher":{"@id":"https:\/\/dualdur.com\/#organization"},"potentialAction":[{"@type":"SearchAction","target":{"@type":"EntryPoint","urlTemplate":"https:\/\/dualdur.com\/?s={search_term_string}"},"query-input":{"@type":"PropertyValueSpecification","valueRequired":true,"valueName":"search_term_string"}}],"inLanguage":"es"},{"@type":"Organization","@id":"https:\/\/dualdur.com\/#organization","name":"Doble titulaci\u00f3n","url":"https:\/\/dualdur.com\/","logo":{"@type":"ImageObject","inLanguage":"es","@id":"https:\/\/dualdur.com\/#\/schema\/logo\/image\/","url":"https:\/\/dualdur.com\/wp-content\/uploads\/2025\/03\/cropped-favicon.png","contentUrl":"https:\/\/dualdur.com\/wp-content\/uploads\/2025\/03\/cropped-favicon.png","width":512,"height":512,"caption":"DualDur"},"image":{"@id":"https:\/\/dualdur.com\/#\/schema\/logo\/image\/"}}]}},"_links":{"self":[{"href":"https:\/\/dualdur.com\/es\/wp-json\/wp\/v2\/pages\/778","targetHints":{"allow":["GET"]}}],"collection":[{"href":"https:\/\/dualdur.com\/es\/wp-json\/wp\/v2\/pages"}],"about":[{"href":"https:\/\/dualdur.com\/es\/wp-json\/wp\/v2\/types\/page"}],"author":[{"embeddable":true,"href":"https:\/\/dualdur.com\/es\/wp-json\/wp\/v2\/users\/1"}],"replies":[{"embeddable":true,"href":"https:\/\/dualdur.com\/es\/wp-json\/wp\/v2\/comments?post=778"}],"version-history":[{"count":38,"href":"https:\/\/dualdur.com\/es\/wp-json\/wp\/v2\/pages\/778\/revisions"}],"predecessor-version":[{"id":2750,"href":"https:\/\/dualdur.com\/es\/wp-json\/wp\/v2\/pages\/778\/revisions\/2750"}],"wp:attachment":[{"href":"https:\/\/dualdur.com\/es\/wp-json\/wp\/v2\/media?parent=778"}],"curies":[{"name":"wp","href":"https:\/\/api.w.org\/{rel}","templated":true}]}}