{"id":694,"date":"2025-04-29T11:30:33","date_gmt":"2025-04-29T09:30:33","guid":{"rendered":"https:\/\/dualdur.com\/?page_id=694"},"modified":"2026-05-07T13:20:00","modified_gmt":"2026-05-07T11:20:00","slug":"puntos-verveteli","status":"publish","type":"page","link":"https:\/\/dualdur.com\/es\/verveteli-pontok\/","title":{"rendered":"Puntos de extracci\u00f3n de sangre"},"content":{"rendered":"\t\t<div data-elementor-type=\"wp-page\" data-elementor-id=\"694\" class=\"elementor elementor-694\" data-elementor-post-type=\"page\">\n\t\t\t\t<div class=\"elementor-element elementor-element-4b966a5 e-con-full e-flex e-con e-parent\" data-id=\"4b966a5\" data-element_type=\"container\" data-e-type=\"container\" data-settings=\"{&quot;background_background&quot;:&quot;classic&quot;}\">\n\t\t\t\t<div class=\"elementor-element elementor-element-fe3e9a2 elementor-align-center elementor-widget elementor-widget-breadcrumbs\" data-id=\"fe3e9a2\" data-element_type=\"widget\" data-e-type=\"widget\" data-widget_type=\"breadcrumbs.default\">\n\t\t\t\t\t<p id=\"breadcrumbs\"><span><span><a href=\"https:\/\/dualdur.com\/\">Kezd\u0151lap<\/a><\/span><\/span><\/p>\t\t\t\t<\/div>\n\t\t\t\t<\/div>\n\t\t<div class=\"elementor-element elementor-element-4433765 e-flex e-con-boxed e-con e-parent\" data-id=\"4433765\" data-element_type=\"container\" data-e-type=\"container\">\n\t\t\t\t\t<div class=\"e-con-inner\">\n\t\t\t\t<div class=\"elementor-element elementor-element-fbb4901 elementor-widget elementor-widget-text-editor\" data-id=\"fbb4901\" data-element_type=\"widget\" data-e-type=\"widget\" data-widget_type=\"text-editor.default\">\n\t\t\t\t\t\t\t\t\t<p>A DualDur teszt elv\u00e9gz\u00e9s\u00e9hez sz\u00fcks\u00e9ges v\u00e9rv\u00e9tel t\u00f6bb hazai \u00e9s nemzetk\u00f6zi helysz\u00ednen is el\u00e9rhet\u0151. V\u00e9rv\u00e9teli pontjaink Magyarorsz\u00e1gon \u00e9s k\u00fclf\u00f6ld\u00f6n egyar\u00e1nt rendelkez\u00e9sre \u00e1llnak.<\/p>\t\t\t\t\t\t\t\t<\/div>\n\t\t\t\t<div class=\"elementor-element elementor-element-18dbbf89 elementor-widget elementor-widget-text-editor\" data-id=\"18dbbf89\" data-element_type=\"widget\" data-e-type=\"widget\" data-widget_type=\"text-editor.default\">\n\t\t\t\t\t\t\t\t\t<p>Ig\u00e9ny eset\u00e9n egyedileg szervezett v\u00e9rv\u00e9telre is lehet\u0151s\u00e9g van, melynek plusz k\u00f6lts\u00e9ge lehet.<\/p>\n<p>K\u00e9rj\u00fck, ne felejtse el, hogy a vizsg\u00e1latokra megfelel\u0151 el\u0151k\u00e9sz\u00fclet sz\u00fcks\u00e9ges, err\u0151l&nbsp;<a href=\"https:\/\/dualdur.com\/teendok-vervetel-elott\/\" target=\"_blank\">ITT&nbsp;<\/a>t\u00e1j\u00e9koz\u00f3dhat.<\/p>\n<p>\u00c9rdekl\u0151dni lehet:<\/p>\n<p>test@dualdur.com<br>+36 30 108 5916<\/p>\n<p>vagy a k\u00f6vetkez\u0151 kapcsolatfelv\u00e9teli \u0171rlap kit\u00f6lt\u00e9s\u00e9vel:<\/p>\t\t\t\t\t\t\t\t<\/div>\n\t\t<div class=\"elementor-element elementor-element-71f3c10 e-con-full e-flex e-con e-child\" data-id=\"71f3c10\" data-element_type=\"container\" data-e-type=\"container\">\n\t\t\t\t<div class=\"elementor-element elementor-element-60d740c elementor-button-align-center elementor-widget__width-initial elementor-widget elementor-widget-form\" data-id=\"60d740c\" data-element_type=\"widget\" data-e-type=\"widget\" data-settings=\"{&quot;step_next_label&quot;:&quot;K\\u00f6vetkez\\u0151&quot;,&quot;step_previous_label&quot;:&quot;El\\u0151z\\u0151&quot;,&quot;button_width&quot;:&quot;100&quot;,&quot;step_type&quot;:&quot;number_text&quot;,&quot;step_icon_shape&quot;:&quot;circle&quot;}\" data-widget_type=\"form.default\">\n\t\t\t\t\t\t\t<form class=\"elementor-form\" method=\"post\" name=\"V\u00e9rv\u00e9teli pontok \u0171rlap\" aria-label=\"V\u00e9rv\u00e9teli pontok \u0171rlap\">\n\t\t\t<input type=\"hidden\" name=\"post_id\" value=\"694\"\/>\n\t\t\t<input type=\"hidden\" name=\"form_id\" value=\"60d740c\"\/>\n\t\t\t<input type=\"hidden\" name=\"referer_title\" value=\"DualDur\" \/>\n\n\t\t\t\n\t\t\t<div class=\"elementor-form-fields-wrapper elementor-labels-above\">\n\t\t\t\t\t\t\t\t<div class=\"elementor-field-type-text elementor-field-group elementor-column elementor-field-group-name elementor-col-100 elementor-field-required elementor-mark-required\">\n\t\t\t\t\t\t\t\t\t\t\t\t<label for=\"form-field-name\" class=\"elementor-field-label\">\n\t\t\t\t\t\t\t\tk\u00f6telez\u0151\t\t\t\t\t\t\t<\/label>\n\t\t\t\t\t\t\t\t\t\t\t\t\t\t<input size=\"1\" type=\"text\" name=\"form_fields[name]\" id=\"form-field-name\" class=\"elementor-field elementor-size-sm  elementor-field-textual\" placeholder=\"N\u00e9v\" required=\"required\">\n\t\t\t\t\t\t\t\t\t\t\t<\/div>\n\t\t\t\t\t\t\t\t<div class=\"elementor-field-type-tel elementor-field-group elementor-column elementor-field-group-field_afcc603 elementor-col-100 elementor-field-required elementor-mark-required\">\n\t\t\t\t\t\t\t\t\t\t\t\t<label for=\"form-field-field_afcc603\" class=\"elementor-field-label\">\n\t\t\t\t\t\t\t\tk\u00f6telez\u0151\t\t\t\t\t\t\t<\/label>\n\t\t\t\t\t\t\t\t<input size=\"1\" type=\"tel\" name=\"form_fields[field_afcc603]\" id=\"form-field-field_afcc603\" class=\"elementor-field elementor-size-sm  elementor-field-textual\" placeholder=\"Telefonsz\u00e1m\" required=\"required\" pattern=\"[0-9()#&amp;+*-=.]+\" title=\"Only numbers and phone characters (#, -, *, etc) are accepted.\">\n\n\t\t\t\t\t\t<\/div>\n\t\t\t\t\t\t\t\t<div class=\"elementor-field-type-email elementor-field-group elementor-column elementor-field-group-field_5b2641d elementor-col-100 elementor-field-required elementor-mark-required\">\n\t\t\t\t\t\t\t\t\t\t\t\t<label for=\"form-field-field_5b2641d\" class=\"elementor-field-label\">\n\t\t\t\t\t\t\t\tk\u00f6telez\u0151\t\t\t\t\t\t\t<\/label>\n\t\t\t\t\t\t\t\t\t\t\t\t\t\t<input size=\"1\" type=\"email\" name=\"form_fields[field_5b2641d]\" id=\"form-field-field_5b2641d\" class=\"elementor-field elementor-size-sm  elementor-field-textual\" placeholder=\"Email\" required=\"required\">\n\t\t\t\t\t\t\t\t\t\t\t<\/div>\n\t\t\t\t\t\t\t\t<div class=\"elementor-field-type-text elementor-field-group elementor-column elementor-field-group-field_betegseg elementor-col-100\">\n\t\t\t\t\t\t\t\t\t\t\t\t\t<input size=\"1\" type=\"text\" name=\"form_fields[field_betegseg]\" id=\"form-field-field_betegseg\" class=\"elementor-field elementor-size-sm  elementor-field-textual\" placeholder=\"Betegs\u00e9g kezdete\">\n\t\t\t\t\t\t\t\t\t\t\t<\/div>\n\t\t\t\t\t\t\t\t<div class=\"elementor-field-type-text elementor-field-group elementor-column elementor-field-group-field_orvos elementor-col-100\">\n\t\t\t\t\t\t\t\t\t\t\t\t\t<input size=\"1\" type=\"text\" name=\"form_fields[field_orvos]\" id=\"form-field-field_orvos\" class=\"elementor-field elementor-size-sm  elementor-field-textual\" placeholder=\"Kezel\u0151orvos\">\n\t\t\t\t\t\t\t\t\t\t\t<\/div>\n\t\t\t\t\t\t\t\t<div class=\"elementor-field-type-text\">\n\t\t\t\t\t<input size=\"1\" type=\"text\" name=\"form_fields[field_247fd58]\" id=\"form-field-field_247fd58\" class=\"elementor-field elementor-size-sm \" style=\"display:none !important;\">\t\t\t\t<\/div>\n\t\t\t\t\t\t\t\t<div class=\"elementor-field-type-acceptance elementor-field-group elementor-column elementor-field-group-field_b9fa251 elementor-col-100 elementor-field-required elementor-mark-required\">\n\t\t\t\t\t\t\t<div class=\"elementor-field-subgroup\">\n\t\t\t<span class=\"elementor-field-option\">\n\t\t\t\t<input type=\"checkbox\" name=\"form_fields[field_b9fa251]\" id=\"form-field-field_b9fa251\" class=\"elementor-field elementor-size-sm  elementor-acceptance-field\" required=\"required\" checked=\"checked\">\n\t\t\t\t<label for=\"form-field-field_b9fa251\"><span style=\"font-size:11px;\">\nAz \u0171rlap bek\u00fcld\u00e9s\u00e9vel \u00d6n elfogadja az \n<a href=\"https:\/\/dualdur.com\/wp-content\/uploads\/2025\/08\/Altalanos-Szerzodesi-Feltetelek_DD-Lab-Kft_250306.pdf\" target=\"_blank\" rel=\"noopener\">\n\u00c1ltal\u00e1nos Szerz\u0151d\u00e9si Felt\u00e9teleket\n<\/a>\n\u00e9s az Adatkezel\u00e9si T\u00e1j\u00e9koztat\u00f3t.\n<\/span><\/label>\t\t\t<\/span>\n\t\t<\/div>\n\t\t\t\t\t\t<\/div>\n\t\t\t\t\t\t\t\t<div class=\"elementor-field-type-recaptcha_v3 elementor-field-group elementor-column elementor-field-group-field_35d77ab elementor-col-100 recaptcha_v3-bottomright\">\n\t\t\t\t\t<div class=\"elementor-field\" id=\"form-field-field_35d77ab\"><div class=\"elementor-g-recaptcha\" data-sitekey=\"6LfRtqwsAAAAANcM_om-W6VTPuONvweySa8-pNCc\" data-type=\"v3\" data-action=\"Form\" data-badge=\"bottomright\" data-size=\"invisible\"><\/div><\/div>\t\t\t\t<\/div>\n\t\t\t\t\t\t\t\t<div class=\"elementor-field-group elementor-column elementor-field-type-submit elementor-col-100 e-form__buttons\">\n\t\t\t\t\t<button class=\"elementor-button elementor-size-sm\" type=\"submit\">\n\t\t\t\t\t\t<span class=\"elementor-button-content-wrapper\">\n\t\t\t\t\t\t\t\t\t\t\t\t\t\t\t\t\t\t\t\t\t\t<span class=\"elementor-button-text\">K\u00fcld\u00e9s<\/span>\n\t\t\t\t\t\t\t\t\t\t\t\t\t<\/span>\n\t\t\t\t\t<\/button>\n\t\t\t\t<\/div>\n\t\t\t<\/div>\n\t\t<\/form>\n\t\t\t\t\t\t<\/div>\n\t\t\t\t<\/div>\n\t\t\t\t\t<\/div>\n\t\t\t\t<\/div>\n\t\t<div class=\"elementor-element elementor-element-d3d43c9 e-flex e-con-boxed e-con e-parent\" data-id=\"d3d43c9\" data-element_type=\"container\" data-e-type=\"container\" data-settings=\"{&quot;background_background&quot;:&quot;classic&quot;}\" data-no-translation=\"\">\n\t\t\t\t\t<div class=\"e-con-inner\">\n\t\t<div class=\"elementor-element elementor-element-e0ffb72 e-con-full elementor-hidden-desktop elementor-hidden-tablet elementor-hidden-mobile e-flex e-con e-child\" data-id=\"e0ffb72\" data-element_type=\"container\" data-e-type=\"container\">\n\t\t\t\t<div class=\"elementor-element elementor-element-90f226f elementor-widget elementor-widget-image\" data-id=\"90f226f\" data-element_type=\"widget\" data-e-type=\"widget\" data-widget_type=\"image.default\">\n\t\t\t\t\t\t\t\t\t\t\t\t\t\t\t<img fetchpriority=\"high\" decoding=\"async\" width=\"800\" height=\"534\" src=\"https:\/\/dualdur.com\/wp-content\/uploads\/2026\/05\/2022-05-04-16.37.54-1024x683.webp\" class=\"attachment-large size-large wp-image-3829\" alt=\"\" srcset=\"https:\/\/dualdur.com\/wp-content\/uploads\/2026\/05\/2022-05-04-16.37.54-1024x683.webp 1024w, https:\/\/dualdur.com\/wp-content\/uploads\/2026\/05\/2022-05-04-16.37.54-300x200.webp 300w, https:\/\/dualdur.com\/wp-content\/uploads\/2026\/05\/2022-05-04-16.37.54-768x512.webp 768w, https:\/\/dualdur.com\/wp-content\/uploads\/2026\/05\/2022-05-04-16.37.54-18x12.webp 18w, https:\/\/dualdur.com\/wp-content\/uploads\/2026\/05\/2022-05-04-16.37.54.webp 1360w\" sizes=\"(max-width: 800px) 100vw, 800px\" \/>\t\t\t\t\t\t\t\t\t\t\t\t\t\t\t<\/div>\n\t\t\t\t<\/div>\n\t\t<div class=\"elementor-element elementor-element-1119554 e-con-full e-flex e-con e-child\" data-id=\"1119554\" data-element_type=\"container\" data-e-type=\"container\">\n\t\t\t\t<div class=\"elementor-element elementor-element-c0bee58 elementor-widget elementor-widget-heading\" data-id=\"c0bee58\" data-element_type=\"widget\" data-e-type=\"widget\" data-widget_type=\"heading.default\">\n\t\t\t\t\t<h2 class=\"elementor-heading-title elementor-size-default\">Biosalud Day Hospital<\/h2>\t\t\t\t<\/div>\n\t\t\t\t<div class=\"elementor-element elementor-element-59e46fa elementor-icon-list--layout-traditional elementor-list-item-link-full_width elementor-widget elementor-widget-icon-list\" data-id=\"59e46fa\" data-element_type=\"widget\" data-e-type=\"widget\" data-no-translation=\"\" data-widget_type=\"icon-list.default\">\n\t\t\t\t\t\t\t<ul class=\"elementor-icon-list-items\">\n\t\t\t\t\t\t\t<li class=\"elementor-icon-list-item\">\n\t\t\t\t\t\t\t\t\t\t\t<span class=\"elementor-icon-list-icon\">\n\t\t\t\t\t\t\t<svg aria-hidden=\"true\" class=\"e-font-icon-svg e-fas-phone-alt\" viewBox=\"0 0 512 512\" xmlns=\"http:\/\/www.w3.org\/2000\/svg\"><path d=\"M497.39 361.8l-112-48a24 24 0 0 0-28 6.9l-49.6 60.6A370.66 370.66 0 0 1 130.6 204.11l60.6-49.6a23.94 23.94 0 0 0 6.9-28l-48-112A24.16 24.16 0 0 0 122.6.61l-104 24A24 24 0 0 0 0 48c0 256.5 207.9 464 464 464a24 24 0 0 0 23.4-18.6l24-104a24.29 24.29 0 0 0-14.01-27.6z\"><\/path><\/svg>\t\t\t\t\t\t<\/span>\n\t\t\t\t\t\t\t\t\t\t<span class=\"elementor-icon-list-text\">+34 976 22 11 33<\/span>\n\t\t\t\t\t\t\t\t\t<\/li>\n\t\t\t\t\t\t\t\t<li class=\"elementor-icon-list-item\">\n\t\t\t\t\t\t\t\t\t\t\t<span class=\"elementor-icon-list-icon\">\n\t\t\t\t\t\t\t<svg aria-hidden=\"true\" class=\"e-font-icon-svg e-fas-map-pin\" viewBox=\"0 0 288 512\" xmlns=\"http:\/\/www.w3.org\/2000\/svg\"><path d=\"M112 316.94v156.69l22.02 33.02c4.75 7.12 15.22 7.12 19.97 0L176 473.63V316.94c-10.39 1.92-21.06 3.06-32 3.06s-21.61-1.14-32-3.06zM144 0C64.47 0 0 64.47 0 144s64.47 144 144 144 144-64.47 144-144S223.53 0 144 0zm0 76c-37.5 0-68 30.5-68 68 0 6.62-5.38 12-12 12s-12-5.38-12-12c0-50.73 41.28-92 92-92 6.62 0 12 5.38 12 12s-5.38 12-12 12z\"><\/path><\/svg>\t\t\t\t\t\t<\/span>\n\t\t\t\t\t\t\t\t\t\t<span class=\"elementor-icon-list-text\">Espa\u00f1a Residencial Para\u00edso, 9,  50008 Zaragoza <\/span>\n\t\t\t\t\t\t\t\t\t<\/li>\n\t\t\t\t\t\t<\/ul>\n\t\t\t\t\t\t<\/div>\n\t\t\t\t<\/div>\n\t\t\t\t\t<\/div>\n\t\t\t\t<\/div>\n\t\t\t\t<\/div>\n\t\t","protected":false},"excerpt":{"rendered":"<p>A DualDur teszt elv\u00e9gz\u00e9s\u00e9hez sz\u00fcks\u00e9ges v\u00e9rv\u00e9tel t\u00f6bb hazai \u00e9s nemzetk\u00f6zi helysz\u00ednen is el\u00e9rhet\u0151. V\u00e9rv\u00e9teli pontjaink Magyarorsz\u00e1gon \u00e9s k\u00fclf\u00f6ld\u00f6n egyar\u00e1nt rendelkez\u00e9sre \u00e1llnak. Ig\u00e9ny eset\u00e9n egyedileg szervezett v\u00e9rv\u00e9telre is lehet\u0151s\u00e9g van, melynek plusz k\u00f6lts\u00e9ge lehet. K\u00e9rj\u00fck, ne felejtse el, hogy a vizsg\u00e1latokra megfelel\u0151 el\u0151k\u00e9sz\u00fclet sz\u00fcks\u00e9ges, err\u0151l&nbsp;ITT&nbsp;t\u00e1j\u00e9koz\u00f3dhat. \u00c9rdekl\u0151dni lehet: test@dualdur.com+36 30 108 5916 vagy a k\u00f6vetkez\u0151 kapcsolatfelv\u00e9teli \u0171rlap [&hellip;]<\/p>\n","protected":false},"author":1,"featured_media":0,"parent":0,"menu_order":0,"comment_status":"closed","ping_status":"closed","template":"","meta":{"footnotes":""},"class_list":["post-694","page","type-page","status-publish","hentry"],"yoast_head":"<!-- This site is optimized with the Yoast SEO Premium plugin v27.4 (Yoast SEO v27.4) - https:\/\/yoast.com\/product\/yoast-seo-premium-wordpress\/ -->\n<title>V\u00e9rv\u00e9teli pontok<\/title>\n<meta name=\"description\" content=\"A DualDur teszt elv\u00e9gz\u00e9s\u00e9hez sz\u00fcks\u00e9ges v\u00e9rv\u00e9tel t\u00f6bb hazai \u00e9s nemzetk\u00f6zi helysz\u00ednen is el\u00e9rhet\u0151. V\u00e9rv\u00e9teli pontjaink Magyarorsz\u00e1gon \u00e9s k\u00fclf\u00f6ld\u00f6n egyar\u00e1nt\" \/>\n<meta name=\"robots\" content=\"index, follow, max-snippet:-1, max-image-preview:large, max-video-preview:-1\" \/>\n<link rel=\"canonical\" href=\"https:\/\/dualdur.com\/es\/puntos-verveteli\/\" \/>\n<meta property=\"og:locale\" content=\"es_ES\" \/>\n<meta property=\"og:type\" content=\"article\" \/>\n<meta property=\"og:title\" content=\"V\u00e9rv\u00e9teli pontok\" \/>\n<meta property=\"og:description\" content=\"A DualDur teszt elv\u00e9gz\u00e9s\u00e9hez sz\u00fcks\u00e9ges v\u00e9rv\u00e9tel t\u00f6bb hazai \u00e9s nemzetk\u00f6zi helysz\u00ednen is el\u00e9rhet\u0151. V\u00e9rv\u00e9teli pontjaink Magyarorsz\u00e1gon \u00e9s k\u00fclf\u00f6ld\u00f6n egyar\u00e1nt\" \/>\n<meta property=\"og:url\" content=\"https:\/\/dualdur.com\/es\/puntos-verveteli\/\" \/>\n<meta property=\"og:site_name\" content=\"DualDur\" \/>\n<meta property=\"article:modified_time\" content=\"2026-05-07T11:20:00+00:00\" \/>\n<meta property=\"og:image\" content=\"https:\/\/dualdur.com\/wp-content\/uploads\/2025\/07\/RS57340_KA__3513-scr-900x600-1.jpg\" \/>\n\t<meta property=\"og:image:width\" content=\"900\" \/>\n\t<meta property=\"og:image:height\" content=\"600\" \/>\n\t<meta property=\"og:image:type\" content=\"image\/jpeg\" \/>\n<meta name=\"twitter:card\" content=\"summary_large_image\" \/>\n<meta name=\"twitter:label1\" content=\"Tiempo de lectura\" \/>\n\t<meta name=\"twitter:data1\" content=\"2 minutos\" \/>\n<script type=\"application\/ld+json\" class=\"yoast-schema-graph\">{\"@context\":\"https:\\\/\\\/schema.org\",\"@graph\":[{\"@type\":\"WebPage\",\"@id\":\"https:\\\/\\\/dualdur.com\\\/verveteli-pontok\\\/\",\"url\":\"https:\\\/\\\/dualdur.com\\\/verveteli-pontok\\\/\",\"name\":\"V\u00e9rv\u00e9teli pontok\",\"isPartOf\":{\"@id\":\"https:\\\/\\\/dualdur.com\\\/#website\"},\"primaryImageOfPage\":{\"@id\":\"https:\\\/\\\/dualdur.com\\\/verveteli-pontok\\\/#primaryimage\"},\"image\":{\"@id\":\"https:\\\/\\\/dualdur.com\\\/verveteli-pontok\\\/#primaryimage\"},\"thumbnailUrl\":\"https:\\\/\\\/dualdur.com\\\/wp-content\\\/uploads\\\/2025\\\/07\\\/RS57340_KA__3513-scr-900x600-1.jpg\",\"datePublished\":\"2025-04-29T09:30:33+00:00\",\"dateModified\":\"2026-05-07T11:20:00+00:00\",\"description\":\"A DualDur teszt elv\u00e9gz\u00e9s\u00e9hez sz\u00fcks\u00e9ges v\u00e9rv\u00e9tel t\u00f6bb hazai \u00e9s nemzetk\u00f6zi helysz\u00ednen is el\u00e9rhet\u0151. V\u00e9rv\u00e9teli pontjaink Magyarorsz\u00e1gon \u00e9s k\u00fclf\u00f6ld\u00f6n egyar\u00e1nt\",\"breadcrumb\":{\"@id\":\"https:\\\/\\\/dualdur.com\\\/verveteli-pontok\\\/#breadcrumb\"},\"inLanguage\":\"es\",\"potentialAction\":[{\"@type\":\"ReadAction\",\"target\":[\"https:\\\/\\\/dualdur.com\\\/verveteli-pontok\\\/\"]}]},{\"@type\":\"ImageObject\",\"inLanguage\":\"es\",\"@id\":\"https:\\\/\\\/dualdur.com\\\/verveteli-pontok\\\/#primaryimage\",\"url\":\"https:\\\/\\\/dualdur.com\\\/wp-content\\\/uploads\\\/2025\\\/07\\\/RS57340_KA__3513-scr-900x600-1.jpg\",\"contentUrl\":\"https:\\\/\\\/dualdur.com\\\/wp-content\\\/uploads\\\/2025\\\/07\\\/RS57340_KA__3513-scr-900x600-1.jpg\"},{\"@type\":\"BreadcrumbList\",\"@id\":\"https:\\\/\\\/dualdur.com\\\/verveteli-pontok\\\/#breadcrumb\",\"itemListElement\":[{\"@type\":\"ListItem\",\"position\":1,\"name\":\"Kezd\u0151lap\",\"item\":\"https:\\\/\\\/dualdur.com\\\/\"},{\"@type\":\"ListItem\",\"position\":2,\"name\":\"V\u00e9rv\u00e9teli pontok\"}]},{\"@type\":\"WebSite\",\"@id\":\"https:\\\/\\\/dualdur.com\\\/#website\",\"url\":\"https:\\\/\\\/dualdur.com\\\/\",\"name\":\"DualDur\",\"description\":\"\",\"publisher\":{\"@id\":\"https:\\\/\\\/dualdur.com\\\/#organization\"},\"potentialAction\":[{\"@type\":\"SearchAction\",\"target\":{\"@type\":\"EntryPoint\",\"urlTemplate\":\"https:\\\/\\\/dualdur.com\\\/?s={search_term_string}\"},\"query-input\":{\"@type\":\"PropertyValueSpecification\",\"valueRequired\":true,\"valueName\":\"search_term_string\"}}],\"inLanguage\":\"es\"},{\"@type\":\"Organization\",\"@id\":\"https:\\\/\\\/dualdur.com\\\/#organization\",\"name\":\"DualDur\",\"url\":\"https:\\\/\\\/dualdur.com\\\/\",\"logo\":{\"@type\":\"ImageObject\",\"inLanguage\":\"es\",\"@id\":\"https:\\\/\\\/dualdur.com\\\/#\\\/schema\\\/logo\\\/image\\\/\",\"url\":\"https:\\\/\\\/dualdur.com\\\/wp-content\\\/uploads\\\/2025\\\/03\\\/cropped-favicon.png\",\"contentUrl\":\"https:\\\/\\\/dualdur.com\\\/wp-content\\\/uploads\\\/2025\\\/03\\\/cropped-favicon.png\",\"width\":512,\"height\":512,\"caption\":\"DualDur\"},\"image\":{\"@id\":\"https:\\\/\\\/dualdur.com\\\/#\\\/schema\\\/logo\\\/image\\\/\"}}]}<\/script>\n<!-- \/ Yoast SEO Premium plugin. -->","yoast_head_json":{"title":"Puntos de extracci\u00f3n de sangre","description":"La extracci\u00f3n de sangre para la prueba DualDur est\u00e1 disponible en varios lugares nacionales e internacionales. Nuestros puntos de extracci\u00f3n de sangre en Hungr\u00eda y en el extranjero","robots":{"index":"index","follow":"follow","max-snippet":"max-snippet:-1","max-image-preview":"max-image-preview:large","max-video-preview":"max-video-preview:-1"},"canonical":"https:\/\/dualdur.com\/es\/puntos-verveteli\/","og_locale":"es_ES","og_type":"article","og_title":"V\u00e9rv\u00e9teli pontok","og_description":"A DualDur teszt elv\u00e9gz\u00e9s\u00e9hez sz\u00fcks\u00e9ges v\u00e9rv\u00e9tel t\u00f6bb hazai \u00e9s nemzetk\u00f6zi helysz\u00ednen is el\u00e9rhet\u0151. V\u00e9rv\u00e9teli pontjaink Magyarorsz\u00e1gon \u00e9s k\u00fclf\u00f6ld\u00f6n egyar\u00e1nt","og_url":"https:\/\/dualdur.com\/es\/puntos-verveteli\/","og_site_name":"DualDur","article_modified_time":"2026-05-07T11:20:00+00:00","og_image":[{"width":900,"height":600,"url":"https:\/\/dualdur.com\/wp-content\/uploads\/2025\/07\/RS57340_KA__3513-scr-900x600-1.jpg","type":"image\/jpeg"}],"twitter_card":"summary_large_image","twitter_misc":{"Tiempo de lectura":"2 minutos"},"schema":{"@context":"https:\/\/schema.org","@graph":[{"@type":"WebPage","@id":"https:\/\/dualdur.com\/verveteli-pontok\/","url":"https:\/\/dualdur.com\/verveteli-pontok\/","name":"Puntos de extracci\u00f3n de sangre","isPartOf":{"@id":"https:\/\/dualdur.com\/#website"},"primaryImageOfPage":{"@id":"https:\/\/dualdur.com\/verveteli-pontok\/#primaryimage"},"image":{"@id":"https:\/\/dualdur.com\/verveteli-pontok\/#primaryimage"},"thumbnailUrl":"https:\/\/dualdur.com\/wp-content\/uploads\/2025\/07\/RS57340_KA__3513-scr-900x600-1.jpg","datePublished":"2025-04-29T09:30:33+00:00","dateModified":"2026-05-07T11:20:00+00:00","description":"La extracci\u00f3n de sangre para la prueba DualDur est\u00e1 disponible en varios lugares nacionales e internacionales. Nuestros puntos de extracci\u00f3n de sangre en Hungr\u00eda y en el extranjero","breadcrumb":{"@id":"https:\/\/dualdur.com\/verveteli-pontok\/#breadcrumb"},"inLanguage":"es","potentialAction":[{"@type":"ReadAction","target":["https:\/\/dualdur.com\/verveteli-pontok\/"]}]},{"@type":"ImageObject","inLanguage":"es","@id":"https:\/\/dualdur.com\/verveteli-pontok\/#primaryimage","url":"https:\/\/dualdur.com\/wp-content\/uploads\/2025\/07\/RS57340_KA__3513-scr-900x600-1.jpg","contentUrl":"https:\/\/dualdur.com\/wp-content\/uploads\/2025\/07\/RS57340_KA__3513-scr-900x600-1.jpg"},{"@type":"BreadcrumbList","@id":"https:\/\/dualdur.com\/verveteli-pontok\/#breadcrumb","itemListElement":[{"@type":"ListItem","position":1,"name":"Kezd\u0151lap","item":"https:\/\/dualdur.com\/"},{"@type":"ListItem","position":2,"name":"V\u00e9rv\u00e9teli pontok"}]},{"@type":"WebSite","@id":"https:\/\/dualdur.com\/#website","url":"https:\/\/dualdur.com\/","name":"Doble titulaci\u00f3n","description":"","publisher":{"@id":"https:\/\/dualdur.com\/#organization"},"potentialAction":[{"@type":"SearchAction","target":{"@type":"EntryPoint","urlTemplate":"https:\/\/dualdur.com\/?s={search_term_string}"},"query-input":{"@type":"PropertyValueSpecification","valueRequired":true,"valueName":"search_term_string"}}],"inLanguage":"es"},{"@type":"Organization","@id":"https:\/\/dualdur.com\/#organization","name":"Doble titulaci\u00f3n","url":"https:\/\/dualdur.com\/","logo":{"@type":"ImageObject","inLanguage":"es","@id":"https:\/\/dualdur.com\/#\/schema\/logo\/image\/","url":"https:\/\/dualdur.com\/wp-content\/uploads\/2025\/03\/cropped-favicon.png","contentUrl":"https:\/\/dualdur.com\/wp-content\/uploads\/2025\/03\/cropped-favicon.png","width":512,"height":512,"caption":"DualDur"},"image":{"@id":"https:\/\/dualdur.com\/#\/schema\/logo\/image\/"}}]}},"_links":{"self":[{"href":"https:\/\/dualdur.com\/es\/wp-json\/wp\/v2\/pages\/694","targetHints":{"allow":["GET"]}}],"collection":[{"href":"https:\/\/dualdur.com\/es\/wp-json\/wp\/v2\/pages"}],"about":[{"href":"https:\/\/dualdur.com\/es\/wp-json\/wp\/v2\/types\/page"}],"author":[{"embeddable":true,"href":"https:\/\/dualdur.com\/es\/wp-json\/wp\/v2\/users\/1"}],"replies":[{"embeddable":true,"href":"https:\/\/dualdur.com\/es\/wp-json\/wp\/v2\/comments?post=694"}],"version-history":[{"count":43,"href":"https:\/\/dualdur.com\/es\/wp-json\/wp\/v2\/pages\/694\/revisions"}],"predecessor-version":[{"id":3844,"href":"https:\/\/dualdur.com\/es\/wp-json\/wp\/v2\/pages\/694\/revisions\/3844"}],"wp:attachment":[{"href":"https:\/\/dualdur.com\/es\/wp-json\/wp\/v2\/media?parent=694"}],"curies":[{"name":"wp","href":"https:\/\/api.w.org\/{rel}","templated":true}]}}