{"id":1833,"date":"2026-02-11T20:26:40","date_gmt":"2026-02-11T19:26:40","guid":{"rendered":"https:\/\/dualdur.com\/?page_id=1833"},"modified":"2026-02-25T18:43:49","modified_gmt":"2026-02-25T17:43:49","slug":"bozsik-andras-pal","status":"publish","type":"page","link":"https:\/\/dualdur.com\/es\/bozsik-andras-pal\/","title":{"rendered":"B\u00f3zsik Andr\u00e1s P\u00e1l"},"content":{"rendered":"\t\t<div data-elementor-type=\"wp-page\" data-elementor-id=\"1833\" class=\"elementor elementor-1833\" data-elementor-post-type=\"page\">\n\t\t\t\t<div class=\"elementor-element elementor-element-938f908 e-con-full e-flex e-con e-parent\" data-id=\"938f908\" data-element_type=\"container\" data-e-type=\"container\" data-settings=\"{&quot;background_background&quot;:&quot;classic&quot;}\">\n\t\t\t\t<div class=\"elementor-element elementor-element-8140a57 elementor-align-center elementor-widget elementor-widget-breadcrumbs\" data-id=\"8140a57\" data-element_type=\"widget\" data-e-type=\"widget\" data-widget_type=\"breadcrumbs.default\">\n\t\t\t\t\t<p id=\"breadcrumbs\"><span><span><a href=\"https:\/\/dualdur.com\/\">Kezd\u0151lap<\/a><\/span><\/span><\/p>\t\t\t\t<\/div>\n\t\t\t\t<\/div>\n\t\t<div class=\"elementor-element elementor-element-589e76c e-flex e-con-boxed e-con e-parent\" data-id=\"589e76c\" data-element_type=\"container\" data-e-type=\"container\">\n\t\t\t\t\t<div class=\"e-con-inner\">\n\t\t<div class=\"elementor-element elementor-element-3ff5239 e-con-full elementor-hidden-mobile e-flex e-con e-child\" data-id=\"3ff5239\" data-element_type=\"container\" data-e-type=\"container\">\n\t\t\t\t<div class=\"elementor-element elementor-element-f227953 elementor-widget elementor-widget-image\" data-id=\"f227953\" data-element_type=\"widget\" data-e-type=\"widget\" data-widget_type=\"image.default\">\n\t\t\t\t\t\t\t\t\t\t\t\t\t\t\t<img fetchpriority=\"high\" decoding=\"async\" width=\"711\" height=\"1024\" src=\"https:\/\/dualdur.com\/wp-content\/uploads\/2026\/02\/2024-02-08-bme-interju-portre-bozsik-andras-bme-geberle-berci-photography_0004-scaled-e1770838380438-711x1024.jpg\" class=\"attachment-large size-large wp-image-1838\" alt=\"\" srcset=\"https:\/\/dualdur.com\/wp-content\/uploads\/2026\/02\/2024-02-08-bme-interju-portre-bozsik-andras-bme-geberle-berci-photography_0004-scaled-e1770838380438-711x1024.jpg 711w, https:\/\/dualdur.com\/wp-content\/uploads\/2026\/02\/2024-02-08-bme-interju-portre-bozsik-andras-bme-geberle-berci-photography_0004-scaled-e1770838380438-208x300.jpg 208w, https:\/\/dualdur.com\/wp-content\/uploads\/2026\/02\/2024-02-08-bme-interju-portre-bozsik-andras-bme-geberle-berci-photography_0004-scaled-e1770838380438-768x1105.jpg 768w, https:\/\/dualdur.com\/wp-content\/uploads\/2026\/02\/2024-02-08-bme-interju-portre-bozsik-andras-bme-geberle-berci-photography_0004-scaled-e1770838380438-1067x1536.jpg 1067w, https:\/\/dualdur.com\/wp-content\/uploads\/2026\/02\/2024-02-08-bme-interju-portre-bozsik-andras-bme-geberle-berci-photography_0004-scaled-e1770838380438-8x12.jpg 8w, https:\/\/dualdur.com\/wp-content\/uploads\/2026\/02\/2024-02-08-bme-interju-portre-bozsik-andras-bme-geberle-berci-photography_0004-scaled-e1770838380438.jpg 1186w\" sizes=\"(max-width: 711px) 100vw, 711px\" \/>\t\t\t\t\t\t\t\t\t\t\t\t\t\t\t<\/div>\n\t\t\t\t<\/div>\n\t\t<div class=\"elementor-element elementor-element-f6c4c52 e-con-full e-flex e-con e-child\" data-id=\"f6c4c52\" data-element_type=\"container\" data-e-type=\"container\">\n\t\t\t\t<div class=\"elementor-element elementor-element-25ec46b0 elementor-widget elementor-widget-text-editor\" data-id=\"25ec46b0\" data-element_type=\"widget\" data-e-type=\"widget\" data-widget_type=\"text-editor.default\">\n\t\t\t\t\t\t\t\t\t<p><b>B\u00f3zsik Andr\u00e1s P\u00e1l<\/b>\u00a0magyar Lyme-k\u00f3r laborat\u00f3riumi szakember, a Lyme Diagnostics Kft. vezet\u0151je, a Lyme Borreliosis Alap\u00edtv\u00e1ny kurat\u00f3riumi tagja. Munk\u00e1ss\u00e1ga els\u0151sorban a Lyme-k\u00f3r innovat\u00edv diagnosztik\u00e1j\u00e1ra, k\u00fcl\u00f6n\u00f6sen a DualDur direkt kimutat\u00e1si teszt kifejleszt\u00e9s\u00e9re ir\u00e1nyul.<\/p><div class=\"mw-heading mw-heading2\"><h2 id=\"Szakmai_h\u00e1tt\u00e9r\"><span id=\"Szakmai_h.C3.A1tt.C3.A9r\"><\/span>Szakmai h\u00e1tt\u00e9r<\/h2><\/div><p>B\u00f3zsik Andr\u00e1s P\u00e1l \u00e9desapja, Dr. B\u00f3zsik B\u00e9la szerol\u00f3giai szak\u00e9rt\u0151k\u00e9nt r\u00e9szt vett Magyarorsz\u00e1g els\u0151 Lyme-k\u00f3ros eseteinek le\u00edr\u00e1s\u00e1ban 1985-ben, \u00e9s az Orsz\u00e1gos K\u00f6zeg\u00e9szs\u00e9g\u00fcgyi Int\u00e9zet k\u00f6zponti laborat\u00f3rium\u00e1ban dolgozva kifejlesztette az els\u0151 hazai Lyme-k\u00f3r szerol\u00f3giai teszteket. A szifilisz k\u00f3rokoz\u00f3j\u00e1val val\u00f3 hasonl\u00f3s\u00e1got felhaszn\u00e1lva \u0151 alapozta meg azt a diagnosztikai megk\u00f6zel\u00edt\u00e9st, amelyre fia, B\u00f3zsik Andr\u00e1s P\u00e1l k\u00e9s\u0151bb a DualDur tesztet \u00e9p\u00edtette. B\u00f3zsik Andr\u00e1s P\u00e1l t\u00f6bb sz\u00e1z orvossal tartott kapcsolatot konferenci\u00e1kon \u00e9s k\u00e9pz\u00e9seken belf\u00f6ld\u00f6n \u00e9s k\u00fclf\u00f6ld\u00f6n egyar\u00e1nt, \u00e9s r\u00e9szt vett K\u00f6z\u00e9p-Eur\u00f3pa legnagyobb, Lyme-k\u00f3rral kapcsolatos klinikai kutat\u00e1s\u00e1nak elv\u00e9gz\u00e9s\u00e9ben.<\/p><div class=\"mw-heading mw-heading2\"><h2 id=\"A_DualDur_teszt\">A DualDur teszt<\/h2><\/div><p>A DualDur egy direkt Lyme-k\u00f3r diagnosztikai teszt, amelyet a Lyme Diagnostics Kft. fejlesztett ki. A hagyom\u00e1nyos szerol\u00f3giai (indirekt) tesztekt\u0151l elt\u00e9r\u0151en nem az immunv\u00e1laszt, hanem mag\u00e1t a k\u00f3rokoz\u00f3t, a Borrelia bakt\u00e9riumot mutatja ki a v\u00e9rb\u0151l.<\/p><div class=\"mw-heading mw-heading3\"><h3 id=\"M\u0171k\u00f6d\u00e9si_elve\"><span id=\"M.C5.B1k.C3.B6d.C3.A9si_elve\"><\/span>M\u0171k\u00f6d\u00e9si elve<\/h3><\/div><p>A teszt alapja, hogy a Borrelia k\u00f3rokoz\u00f3 jellegzetes hull\u00e1mz\u00f3 alakja \u00e9s mozg\u00e1sa mikroszk\u00f3p alatt azonos\u00edthat\u00f3. A v\u00e9rminta k\u00f3rokoz\u00f3-tartalm\u00e1t kb. sz\u00e1zszoros t\u00f6m\u00e9nys\u00e9gre koncentr\u00e1lj\u00e1k. A k\u00f3rokoz\u00f3 azonos\u00edt\u00e1s\u00e1t mesters\u00e9ges intelligencia alap\u00fa k\u00e9pfelismer\u0151 algoritmus v\u00e9gzi, amely kiz\u00e1rja az emberi megfigyel\u00e9si hib\u00e1t \u00e9s statisztikailag \u00e9rt\u00e9keli a k\u00f3rokoz\u00f3 mennyis\u00e9g\u00e9t a mint\u00e1ban. Van lehet\u0151s\u00e9g specifikus Borrelia-ellenes antitestekkel is kimutatni a Borrelia jelenl\u00e9t\u00e9t.<\/p><div class=\"mw-heading mw-heading3\"><h3 id=\"Klinikai_teljes\u00edtm\u00e9ny\"><span id=\"Klinikai_teljes.C3.ADtm.C3.A9ny\"><\/span>Klinikai teljes\u00edtm\u00e9ny<\/h3><\/div><p>A teszt pozit\u00edv predikt\u00edv \u00e9rt\u00e9ke a klinikai kutat\u00e1sok alapj\u00e1n 96%-os (a v\u00e9lt betegek 96%-\u00e1n\u00e1l k\u00e9pes kimutatni a fert\u0151z\u00e9st).A teszt a fert\u0151z\u00e9s ut\u00e1n m\u00e1r 4\u20136 nappal k\u00e9pes pozit\u00edv eredm\u00e9nyt adni. Emellett ter\u00e1pi\u00e1s kontrollk\u00e9nt is alkalmazhat\u00f3: a kezel\u00e9s el\u0151tti \u00e9s ut\u00e1ni eredm\u00e9nyek \u00f6sszehasonl\u00edt\u00e1s\u00e1val igazolhat\u00f3 a kezel\u00e9s hat\u00e9konys\u00e1ga.<\/p><div class=\"mw-heading mw-heading3\"><h3 id=\"El\u00e9rhet\u0151s\u00e9g\"><span id=\"El.C3.A9rhet.C5.91s.C3.A9g\"><\/span>El\u00e9rhet\u0151s\u00e9g<\/h3><\/div><p>2025-re a DualDur tesztet 32 orsz\u00e1gb\u00f3l vett\u00e9k ig\u00e9nybe, k\u00f6zt\u00fck Ausztr\u00e1li\u00e1b\u00f3l \u00e9s T\u00f6r\u00f6korsz\u00e1gb\u00f3l is. Rendszeresen kb. t\u00edz orsz\u00e1gb\u00f3l k\u00fcldenek mint\u00e1kat heti gyakoris\u00e1ggal.<\/p><div class=\"mw-heading mw-heading2\"><h2 id=\"Lyme_Diagnostics_Kft.\">Lyme Diagnostics Kft.<\/h2><\/div><p>A Lyme Diagnostics Kft. a DualDur teszt fejleszt\u0151je \u00e9s \u00fczemeltet\u0151je.<\/p><div class=\"mw-heading mw-heading2\"><h2 id=\"Tudom\u00e1nyos_\u00e9s_k\u00f6z\u00e9leti_tev\u00e9kenys\u00e9g\"><span id=\"Tudom.C3.A1nyos_.C3.A9s_k.C3.B6z.C3.A9leti_tev.C3.A9kenys.C3.A9g\"><\/span>Tudom\u00e1nyos \u00e9s k\u00f6z\u00e9leti tev\u00e9kenys\u00e9g<\/h2><\/div><p>A Lyme Borreliosis Alap\u00edtv\u00e1ny kurat\u00f3riumi tagja Rendszeres szerz\u0151 az Eg\u00e9szs\u00e9gkalauz port\u00e1lon K\u00f6z\u00e9p-Eur\u00f3pa legnagyobb klinikai Lyme-kutat\u00e1s\u00e1nak r\u00e9sztvev\u0151je Szerz\u0151t\u00e1rsa Dr. B\u00f3zsik B\u00e9l\u00e1nak, aki publik\u00e1lt a The Lancet \u00e9s m\u00e1s szakmai lapokban a magyarorsz\u00e1gi Lyme-k\u00f3r esetsz\u00e1mokr\u00f3l<\/p><div class=\"mw-heading mw-heading2\"><h2 id=\"Kapcsol\u00f3d\u00f3_szabadalmak\"><span id=\"Kapcsol.C3.B3d.C3.B3_szabadalmak\"><\/span>Kapcsol\u00f3d\u00f3 szabadalmak<\/h2><\/div><p>A DualDur teszthez kapcsol\u00f3d\u00f3 szabadalmakr\u00f3l a Pharmaonline tud\u00f3s\u00edtott.<sup id=\"cite_ref-1\" class=\"reference\"><a href=\"https:\/\/hu.wikipedia.org\/wiki\/B%C3%B3zsik_Andr%C3%A1s_P%C3%A1l#cite_note-1\"><span class=\"cite-bracket\">[<\/span>1<span class=\"cite-bracket\">]<\/span><\/a><\/sup><\/p><div class=\"mw-heading mw-heading2\"><h2 id=\"Hivatkoz\u00e1sok\"><span id=\"Hivatkoz.C3.A1sok\"><\/span>Hivatkoz\u00e1sok<\/h2><\/div><div class=\"ref-1col\"><div><ol class=\"references\"><li id=\"cite_note-1\">\u00a0<span class=\"reference-text\">Pharmaonline \u2013 \u00dajabb szabadalom a Lyme-k\u00f3r kimutat\u00e1s\u00e1ra szolg\u00e1l\u00f3 magyar tesztnek<\/span><\/li><\/ol><\/div><\/div><div class=\"ref-1col\"><div>\u00a0<\/div><\/div><div class=\"mw-heading mw-heading2\"><h2 id=\"K\u00fcls\u0151_hivatkoz\u00e1sok\"><span id=\"K.C3.BCls.C5.91_hivatkoz.C3.A1sok\"><\/span>K\u00fcls\u0151 hivatkoz\u00e1sok<\/h2><\/div><ul><li><a class=\"external text\" href=\"https:\/\/www.lymediagnostics.com\/\" rel=\"nofollow\">Lyme Diagnostics Kft. hivatalos oldala<\/a><\/li><li><a class=\"external text\" href=\"https:\/\/www.dualdur.com\/\" rel=\"nofollow\">DualDur projekt oldala<\/a><\/li><li><a href=\"https:\/\/cordis.europa.eu\/article\/id\/423139-ai-based-diagnosis-of-lyme-disease\">DualDur EU projekt inform\u00e1ci\u00f3<\/a><\/li><li><a class=\"external text\" href=\"https:\/\/weborvos.hu\/archivum\/egeszsegmagazin\/lyme-borreliosis\/kerdezz-felelek-a-lyme-korrol-es-a-dualdur-tesztrol-bozsik-andras-pallal-290225\/\" rel=\"nofollow\">Weborvos interj\u00fa \u2013 DualDur teszt (2025)<\/a><\/li><li><a href=\"https:\/\/hu.wikipedia.org\/wiki\/B%C3%B3zsik_Andr%C3%A1s_P%C3%A1l#Tudom%C3%A1nyos_%C3%A9s_k%C3%B6z%C3%A9leti_tev%C3%A9kenys%C3%A9g\" target=\"_blank\" rel=\"noopener\">Tov\u00e1bbi inform\u00e1ci\u00f3<\/a><\/li><\/ul>\t\t\t\t\t\t\t\t<\/div>\n\t\t\t\t<\/div>\n\t\t\t\t\t<\/div>\n\t\t\t\t<\/div>\n\t\t<div class=\"elementor-element elementor-element-6f66e9ed e-flex e-con-boxed e-con e-parent\" data-id=\"6f66e9ed\" data-element_type=\"container\" data-e-type=\"container\">\n\t\t\t\t\t<div class=\"e-con-inner\">\n\t\t\t\t\t<\/div>\n\t\t\t\t<\/div>\n\t\t\t\t<\/div>\n\t\t","protected":false},"excerpt":{"rendered":"<p>B\u00f3zsik Andr\u00e1s P\u00e1l\u00a0magyar Lyme-k\u00f3r laborat\u00f3riumi szakember, a Lyme Diagnostics Kft. vezet\u0151je, a Lyme Borreliosis Alap\u00edtv\u00e1ny kurat\u00f3riumi tagja. Munk\u00e1ss\u00e1ga els\u0151sorban a Lyme-k\u00f3r innovat\u00edv diagnosztik\u00e1j\u00e1ra, k\u00fcl\u00f6n\u00f6sen a DualDur direkt kimutat\u00e1si teszt kifejleszt\u00e9s\u00e9re ir\u00e1nyul. Szakmai h\u00e1tt\u00e9r B\u00f3zsik Andr\u00e1s P\u00e1l \u00e9desapja, Dr. B\u00f3zsik B\u00e9la szerol\u00f3giai szak\u00e9rt\u0151k\u00e9nt r\u00e9szt vett Magyarorsz\u00e1g els\u0151 Lyme-k\u00f3ros eseteinek le\u00edr\u00e1s\u00e1ban 1985-ben, \u00e9s az Orsz\u00e1gos K\u00f6zeg\u00e9szs\u00e9g\u00fcgyi Int\u00e9zet [&hellip;]<\/p>\n","protected":false},"author":1,"featured_media":0,"parent":0,"menu_order":0,"comment_status":"closed","ping_status":"closed","template":"","meta":{"footnotes":""},"class_list":["post-1833","page","type-page","status-publish","hentry"],"yoast_head":"<!-- This site is optimized with the Yoast SEO Premium plugin v27.4 (Yoast SEO v27.4) - https:\/\/yoast.com\/product\/yoast-seo-premium-wordpress\/ -->\n<title>B\u00f3zsik Andr\u00e1s P\u00e1l<\/title>\n<meta name=\"description\" content=\"B\u00f3zsik Andr\u00e1s P\u00e1l\u00a0magyar Lyme-k\u00f3r laborat\u00f3riumi szakember, a Lyme Diagnostics Kft. vezet\u0151je, a Lyme Borreliosis Alap\u00edtv\u00e1ny kurat\u00f3riumi tagja. Munk\u00e1ss\u00e1ga\" \/>\n<meta name=\"robots\" content=\"index, follow, max-snippet:-1, max-image-preview:large, max-video-preview:-1\" \/>\n<link rel=\"canonical\" href=\"https:\/\/dualdur.com\/es\/bozsik-andras-pal\/\" \/>\n<meta property=\"og:locale\" content=\"es_ES\" \/>\n<meta property=\"og:type\" content=\"article\" \/>\n<meta property=\"og:title\" content=\"B\u00f3zsik Andr\u00e1s P\u00e1l\" \/>\n<meta property=\"og:description\" content=\"B\u00f3zsik Andr\u00e1s P\u00e1l\u00a0magyar Lyme-k\u00f3r laborat\u00f3riumi szakember, a Lyme Diagnostics Kft. vezet\u0151je, a Lyme Borreliosis Alap\u00edtv\u00e1ny kurat\u00f3riumi tagja. Munk\u00e1ss\u00e1ga\" \/>\n<meta property=\"og:url\" content=\"https:\/\/dualdur.com\/es\/bozsik-andras-pal\/\" \/>\n<meta property=\"og:site_name\" content=\"DualDur\" \/>\n<meta property=\"article:modified_time\" content=\"2026-02-25T17:43:49+00:00\" \/>\n<meta property=\"og:image\" content=\"https:\/\/dualdur.com\/wp-content\/uploads\/2026\/02\/2024-02-08-bme-interju-portre-bozsik-andras-bme-geberle-berci-photography_0004-scaled-e1770838380438.jpg\" \/>\n\t<meta property=\"og:image:width\" content=\"1186\" \/>\n\t<meta property=\"og:image:height\" content=\"1707\" \/>\n\t<meta property=\"og:image:type\" content=\"image\/jpeg\" \/>\n<meta name=\"twitter:card\" content=\"summary_large_image\" \/>\n<meta name=\"twitter:label1\" content=\"Tiempo de lectura\" \/>\n\t<meta name=\"twitter:data1\" content=\"3 minutos\" \/>\n<script type=\"application\/ld+json\" class=\"yoast-schema-graph\">{\"@context\":\"https:\\\/\\\/schema.org\",\"@graph\":[{\"@type\":\"WebPage\",\"@id\":\"https:\\\/\\\/dualdur.com\\\/bozsik-andras-pal\\\/\",\"url\":\"https:\\\/\\\/dualdur.com\\\/bozsik-andras-pal\\\/\",\"name\":\"B\u00f3zsik Andr\u00e1s P\u00e1l\",\"isPartOf\":{\"@id\":\"https:\\\/\\\/dualdur.com\\\/#website\"},\"primaryImageOfPage\":{\"@id\":\"https:\\\/\\\/dualdur.com\\\/bozsik-andras-pal\\\/#primaryimage\"},\"image\":{\"@id\":\"https:\\\/\\\/dualdur.com\\\/bozsik-andras-pal\\\/#primaryimage\"},\"thumbnailUrl\":\"https:\\\/\\\/dualdur.com\\\/wp-content\\\/uploads\\\/2026\\\/02\\\/2024-02-08-bme-interju-portre-bozsik-andras-bme-geberle-berci-photography_0004-scaled-e1770838380438-711x1024.jpg\",\"datePublished\":\"2026-02-11T19:26:40+00:00\",\"dateModified\":\"2026-02-25T17:43:49+00:00\",\"description\":\"B\u00f3zsik Andr\u00e1s P\u00e1l\u00a0magyar Lyme-k\u00f3r laborat\u00f3riumi szakember, a Lyme Diagnostics Kft. vezet\u0151je, a Lyme Borreliosis Alap\u00edtv\u00e1ny kurat\u00f3riumi tagja. Munk\u00e1ss\u00e1ga\",\"breadcrumb\":{\"@id\":\"https:\\\/\\\/dualdur.com\\\/bozsik-andras-pal\\\/#breadcrumb\"},\"inLanguage\":\"es\",\"potentialAction\":[{\"@type\":\"ReadAction\",\"target\":[\"https:\\\/\\\/dualdur.com\\\/bozsik-andras-pal\\\/\"]}]},{\"@type\":\"ImageObject\",\"inLanguage\":\"es\",\"@id\":\"https:\\\/\\\/dualdur.com\\\/bozsik-andras-pal\\\/#primaryimage\",\"url\":\"https:\\\/\\\/dualdur.com\\\/wp-content\\\/uploads\\\/2026\\\/02\\\/2024-02-08-bme-interju-portre-bozsik-andras-bme-geberle-berci-photography_0004-scaled-e1770838380438-711x1024.jpg\",\"contentUrl\":\"https:\\\/\\\/dualdur.com\\\/wp-content\\\/uploads\\\/2026\\\/02\\\/2024-02-08-bme-interju-portre-bozsik-andras-bme-geberle-berci-photography_0004-scaled-e1770838380438-711x1024.jpg\"},{\"@type\":\"BreadcrumbList\",\"@id\":\"https:\\\/\\\/dualdur.com\\\/bozsik-andras-pal\\\/#breadcrumb\",\"itemListElement\":[{\"@type\":\"ListItem\",\"position\":1,\"name\":\"Kezd\u0151lap\",\"item\":\"https:\\\/\\\/dualdur.com\\\/\"},{\"@type\":\"ListItem\",\"position\":2,\"name\":\"B\u00f3zsik Andr\u00e1s P\u00e1l\"}]},{\"@type\":\"WebSite\",\"@id\":\"https:\\\/\\\/dualdur.com\\\/#website\",\"url\":\"https:\\\/\\\/dualdur.com\\\/\",\"name\":\"DualDur\",\"description\":\"\",\"publisher\":{\"@id\":\"https:\\\/\\\/dualdur.com\\\/#organization\"},\"potentialAction\":[{\"@type\":\"SearchAction\",\"target\":{\"@type\":\"EntryPoint\",\"urlTemplate\":\"https:\\\/\\\/dualdur.com\\\/?s={search_term_string}\"},\"query-input\":{\"@type\":\"PropertyValueSpecification\",\"valueRequired\":true,\"valueName\":\"search_term_string\"}}],\"inLanguage\":\"es\"},{\"@type\":\"Organization\",\"@id\":\"https:\\\/\\\/dualdur.com\\\/#organization\",\"name\":\"DualDur\",\"url\":\"https:\\\/\\\/dualdur.com\\\/\",\"logo\":{\"@type\":\"ImageObject\",\"inLanguage\":\"es\",\"@id\":\"https:\\\/\\\/dualdur.com\\\/#\\\/schema\\\/logo\\\/image\\\/\",\"url\":\"https:\\\/\\\/dualdur.com\\\/wp-content\\\/uploads\\\/2025\\\/03\\\/cropped-favicon.png\",\"contentUrl\":\"https:\\\/\\\/dualdur.com\\\/wp-content\\\/uploads\\\/2025\\\/03\\\/cropped-favicon.png\",\"width\":512,\"height\":512,\"caption\":\"DualDur\"},\"image\":{\"@id\":\"https:\\\/\\\/dualdur.com\\\/#\\\/schema\\\/logo\\\/image\\\/\"}}]}<\/script>\n<!-- \/ Yoast SEO Premium plugin. -->","yoast_head_json":{"title":"B\u00f3zsik Andr\u00e1s P\u00e1l","description":"B\u00f3zsik Andr\u00e1s P\u00e1l\u00a0magyar Lyme-k\u00f3r laborat\u00f3riumi szakember, a Lyme Diagnostics Kft. vezet\u0151je, a Lyme Borreliosis Alap\u00edtv\u00e1ny kurat\u00f3riumi tagja. Munk\u00e1ss\u00e1ga","robots":{"index":"index","follow":"follow","max-snippet":"max-snippet:-1","max-image-preview":"max-image-preview:large","max-video-preview":"max-video-preview:-1"},"canonical":"https:\/\/dualdur.com\/es\/bozsik-andras-pal\/","og_locale":"es_ES","og_type":"article","og_title":"B\u00f3zsik Andr\u00e1s P\u00e1l","og_description":"B\u00f3zsik Andr\u00e1s P\u00e1l\u00a0magyar Lyme-k\u00f3r laborat\u00f3riumi szakember, a Lyme Diagnostics Kft. vezet\u0151je, a Lyme Borreliosis Alap\u00edtv\u00e1ny kurat\u00f3riumi tagja. Munk\u00e1ss\u00e1ga","og_url":"https:\/\/dualdur.com\/es\/bozsik-andras-pal\/","og_site_name":"DualDur","article_modified_time":"2026-02-25T17:43:49+00:00","og_image":[{"width":1186,"height":1707,"url":"https:\/\/dualdur.com\/wp-content\/uploads\/2026\/02\/2024-02-08-bme-interju-portre-bozsik-andras-bme-geberle-berci-photography_0004-scaled-e1770838380438.jpg","type":"image\/jpeg"}],"twitter_card":"summary_large_image","twitter_misc":{"Tiempo de lectura":"3 minutos"},"schema":{"@context":"https:\/\/schema.org","@graph":[{"@type":"WebPage","@id":"https:\/\/dualdur.com\/bozsik-andras-pal\/","url":"https:\/\/dualdur.com\/bozsik-andras-pal\/","name":"B\u00f3zsik Andr\u00e1s P\u00e1l","isPartOf":{"@id":"https:\/\/dualdur.com\/#website"},"primaryImageOfPage":{"@id":"https:\/\/dualdur.com\/bozsik-andras-pal\/#primaryimage"},"image":{"@id":"https:\/\/dualdur.com\/bozsik-andras-pal\/#primaryimage"},"thumbnailUrl":"https:\/\/dualdur.com\/wp-content\/uploads\/2026\/02\/2024-02-08-bme-interju-portre-bozsik-andras-bme-geberle-berci-photography_0004-scaled-e1770838380438-711x1024.jpg","datePublished":"2026-02-11T19:26:40+00:00","dateModified":"2026-02-25T17:43:49+00:00","description":"B\u00f3zsik Andr\u00e1s P\u00e1l\u00a0magyar Lyme-k\u00f3r laborat\u00f3riumi szakember, a Lyme Diagnostics Kft. vezet\u0151je, a Lyme Borreliosis Alap\u00edtv\u00e1ny kurat\u00f3riumi tagja. Munk\u00e1ss\u00e1ga","breadcrumb":{"@id":"https:\/\/dualdur.com\/bozsik-andras-pal\/#breadcrumb"},"inLanguage":"es","potentialAction":[{"@type":"ReadAction","target":["https:\/\/dualdur.com\/bozsik-andras-pal\/"]}]},{"@type":"ImageObject","inLanguage":"es","@id":"https:\/\/dualdur.com\/bozsik-andras-pal\/#primaryimage","url":"https:\/\/dualdur.com\/wp-content\/uploads\/2026\/02\/2024-02-08-bme-interju-portre-bozsik-andras-bme-geberle-berci-photography_0004-scaled-e1770838380438-711x1024.jpg","contentUrl":"https:\/\/dualdur.com\/wp-content\/uploads\/2026\/02\/2024-02-08-bme-interju-portre-bozsik-andras-bme-geberle-berci-photography_0004-scaled-e1770838380438-711x1024.jpg"},{"@type":"BreadcrumbList","@id":"https:\/\/dualdur.com\/bozsik-andras-pal\/#breadcrumb","itemListElement":[{"@type":"ListItem","position":1,"name":"Kezd\u0151lap","item":"https:\/\/dualdur.com\/"},{"@type":"ListItem","position":2,"name":"B\u00f3zsik Andr\u00e1s P\u00e1l"}]},{"@type":"WebSite","@id":"https:\/\/dualdur.com\/#website","url":"https:\/\/dualdur.com\/","name":"Doble titulaci\u00f3n","description":"","publisher":{"@id":"https:\/\/dualdur.com\/#organization"},"potentialAction":[{"@type":"SearchAction","target":{"@type":"EntryPoint","urlTemplate":"https:\/\/dualdur.com\/?s={search_term_string}"},"query-input":{"@type":"PropertyValueSpecification","valueRequired":true,"valueName":"search_term_string"}}],"inLanguage":"es"},{"@type":"Organization","@id":"https:\/\/dualdur.com\/#organization","name":"Doble titulaci\u00f3n","url":"https:\/\/dualdur.com\/","logo":{"@type":"ImageObject","inLanguage":"es","@id":"https:\/\/dualdur.com\/#\/schema\/logo\/image\/","url":"https:\/\/dualdur.com\/wp-content\/uploads\/2025\/03\/cropped-favicon.png","contentUrl":"https:\/\/dualdur.com\/wp-content\/uploads\/2025\/03\/cropped-favicon.png","width":512,"height":512,"caption":"DualDur"},"image":{"@id":"https:\/\/dualdur.com\/#\/schema\/logo\/image\/"}}]}},"_links":{"self":[{"href":"https:\/\/dualdur.com\/es\/wp-json\/wp\/v2\/pages\/1833","targetHints":{"allow":["GET"]}}],"collection":[{"href":"https:\/\/dualdur.com\/es\/wp-json\/wp\/v2\/pages"}],"about":[{"href":"https:\/\/dualdur.com\/es\/wp-json\/wp\/v2\/types\/page"}],"author":[{"embeddable":true,"href":"https:\/\/dualdur.com\/es\/wp-json\/wp\/v2\/users\/1"}],"replies":[{"embeddable":true,"href":"https:\/\/dualdur.com\/es\/wp-json\/wp\/v2\/comments?post=1833"}],"version-history":[{"count":12,"href":"https:\/\/dualdur.com\/es\/wp-json\/wp\/v2\/pages\/1833\/revisions"}],"predecessor-version":[{"id":1882,"href":"https:\/\/dualdur.com\/es\/wp-json\/wp\/v2\/pages\/1833\/revisions\/1882"}],"wp:attachment":[{"href":"https:\/\/dualdur.com\/es\/wp-json\/wp\/v2\/media?parent=1833"}],"curies":[{"name":"wp","href":"https:\/\/api.w.org\/{rel}","templated":true}]}}