{"id":1033,"date":"2025-07-15T18:59:01","date_gmt":"2025-07-15T16:59:01","guid":{"rendered":"https:\/\/dualdur.com\/?page_id=1033"},"modified":"2025-11-03T07:49:18","modified_gmt":"2025-11-03T06:49:18","slug":"pruebas-arak","status":"publish","type":"page","link":"https:\/\/dualdur.com\/es\/tesztek-arak\/","title":{"rendered":"Pruebas y precios"},"content":{"rendered":"<div data-elementor-type=\"wp-page\" data-elementor-id=\"1033\" class=\"elementor elementor-1033\" data-elementor-post-type=\"page\">\n\t\t\t\t<div class=\"elementor-element elementor-element-304b0c6 e-con-full e-flex e-con e-parent\" data-id=\"304b0c6\" data-element_type=\"container\" data-e-type=\"container\" data-settings=\"{&quot;background_background&quot;:&quot;classic&quot;}\">\n\t\t\t\t<div class=\"elementor-element elementor-element-007b1a7 elementor-widget elementor-widget-heading\" data-id=\"007b1a7\" data-element_type=\"widget\" data-e-type=\"widget\" data-widget_type=\"heading.default\">\n\t\t\t\t\t<h2 class=\"elementor-heading-title elementor-size-default\">Pruebas y precios<\/h2>\t\t\t\t<\/div>\n\t\t\t\t<div class=\"elementor-element elementor-element-368f880 elementor-align-center elementor-widget elementor-widget-breadcrumbs\" data-id=\"368f880\" data-element_type=\"widget\" data-e-type=\"widget\" data-widget_type=\"breadcrumbs.default\">\n\t\t\t\t\t<p id=\"breadcrumbs\"><span><span><a href=\"https:\/\/dualdur.com\/es\/\">P\u00e1gina de inicio<\/a><\/span><\/span><\/p>\t\t\t\t<\/div>\n\t\t\t\t<\/div>\n\t\t<div class=\"elementor-element elementor-element-cfd450c e-flex e-con-boxed e-con e-parent\" data-id=\"cfd450c\" data-element_type=\"container\" data-e-type=\"container\">\n\t\t\t\t\t<div class=\"e-con-inner\">\n\t\t\t\t<div class=\"elementor-element elementor-element-c8ac803 elementor-widget elementor-widget-price-list\" data-id=\"c8ac803\" data-element_type=\"widget\" data-e-type=\"widget\" data-widget_type=\"price-list.default\">\n\t\t\t\t\t\n\t\t<ul class=\"elementor-price-list\">\n\n\t\t\t\t\t\t\t\t\t<li><a class=\"elementor-price-list-item\" href=\"#\">\t\t\t\t\n\t\t\t\t<div class=\"elementor-price-list-text\">\n\t\t\t\t\t\t\t\t\t<div class=\"elementor-price-list-header\">\n\t\t\t\t\t\t\t\t\t\t\t<span class=\"elementor-price-list-title\">\n\t\t\t\t\t\t\tDualDur - DD-LYME 4.0\t\t\t\t\t\t<\/span>\n\t\t\t\t\t\t\t\t\t\t\t\t\t\t\t\t\t\t<span class=\"elementor-price-list-separator\"><\/span>\n\t\t\t\t\t\t\t\t\t\t\t\t\t\t\t\t\t\t\t<span class=\"elementor-price-list-price\">48 000 pies<\/span>\n\t\t\t\t\t\t\t\t\t\t<\/div>\n\t\t\t\t\t\t\t\t\t\t\t\t\t\t\t<p class=\"elementor-price-list-description\">\n\t\t\t\t\t\t\t- La \u00fanica prueba de laboratorio del mundo validada cl\u00ednicamente y con marcado CE que diagnostica los casos infectados con una precisi\u00f3n de 96%. <br>\n- Permite confirmar, mostrar, visualizar la presencia del agente pat\u00f3geno al microscopio mediante un examen directo, antes de que se produzca la reacci\u00f3n serol\u00f3gica o inmunol\u00f3gica y antes de que los s\u00edntomas se acent\u00faen. <br>\n- La microscop\u00eda automatizada de campo oscuro (AIM) utiliza inteligencia artificial con validaci\u00f3n humana <br>\n- La \u00fanica prueba directa que puede utilizarse para comprobar la eficacia del tratamiento, ya que detecta la presencia real del agente pat\u00f3geno. <br>\n- El cliente recibir\u00e1 un informe en texto de la prueba. Si es especialista, pregunte por los servicios adicionales disponibles.\t\t\t\t\t\t<\/p>\n\t\t\t\t\t\t\t\t<\/div>\n\t\t\t\t<\/a><\/li>\t\t\t\t\t\t\t\t\t\t\t\t<li><a class=\"elementor-price-list-item\" href=\"#\">\t\t\t\t\n\t\t\t\t<div class=\"elementor-price-list-text\">\n\t\t\t\t\t\t\t\t\t<div class=\"elementor-price-list-header\">\n\t\t\t\t\t\t\t\t\t\t\t<span class=\"elementor-price-list-title\">\n\t\t\t\t\t\t\tCo-infecciones - DD-TICK 2.0\t\t\t\t\t\t<\/span>\n\t\t\t\t\t\t\t\t\t\t\t\t\t\t\t\t\t\t<span class=\"elementor-price-list-separator\"><\/span>\n\t\t\t\t\t\t\t\t\t\t\t\t\t\t\t\t\t\t\t<span class=\"elementor-price-list-price\">68 000 pies<\/span>\n\t\t\t\t\t\t\t\t\t\t<\/div>\n\t\t\t\t\t\t\t\t\t\t\t\t\t\t\t<p class=\"elementor-price-list-description\">\n\t\t\t\t\t\t\t- Examen microsc\u00f3pico manual de campo oscuro para detectar las coinfecciones que se producen simult\u00e1neamente con la infecci\u00f3n por Borrelia con una frecuencia de hasta 70% <br>\n- Bacterias coinfectantes: Bartonella, Babesia, Anaplasma\/Ehrilichia, Mycoplasma <br>\n- La presencia de diferentes pat\u00f3genos puede influir en el dise\u00f1o del plan de tratamiento, y puede ser responsable del posible fracaso del tratamiento de Lyme <br>\n- \u00a1S\u00f3lo disponible con DD-LYME 4.0! <br>\n- Tras la prueba, el cliente recibe un mensaje de texto con el resultado y una imagen de las infecciones detectadas.\t\t\t\t\t\t<\/p>\n\t\t\t\t\t\t\t\t<\/div>\n\t\t\t\t<\/a><\/li>\t\t\t\t\t\t\t\t\t\t\t\t<li><a class=\"elementor-price-list-item\" href=\"#\">\t\t\t\t\n\t\t\t\t<div class=\"elementor-price-list-text\">\n\t\t\t\t\t\t\t\t\t<div class=\"elementor-price-list-header\">\n\t\t\t\t\t\t\t\t\t\t\t<span class=\"elementor-price-list-title\">\n\t\t\t\t\t\t\t'B\u00f3zsik' Western blot - DD-LYME 3.0 WB\t\t\t\t\t\t<\/span>\n\t\t\t\t\t\t\t\t\t\t\t\t\t\t\t\t\t\t<span class=\"elementor-price-list-separator\"><\/span>\n\t\t\t\t\t\t\t\t\t\t\t\t\t\t\t\t\t\t\t<span class=\"elementor-price-list-price\">39 000 pies<\/span>\n\t\t\t\t\t\t\t\t\t\t<\/div>\n\t\t\t\t\t\t\t\t\t\t\t\t\t\t\t<p class=\"elementor-price-list-description\">\n\t\t\t\t\t\t\t- Una prueba serol\u00f3gica con una sensibilidad significativamente mejorada en comparaci\u00f3n con pruebas similares, demostrada por ensayos cl\u00ednicos que es 50% superior <br>\n- El objetivo de la prueba es medir el nivel de respuesta inmunitaria espec\u00edfica producida por el organismo, lo que proporciona informaci\u00f3n sobre el estado del sistema inmunitario.\nComo especialista, inf\u00f3rmese sobre los servicios adicionales disponibles <br>\n- Si como especialista est\u00e1 buscando una opini\u00f3n sobre la cepa de Borrelia causante de la infecci\u00f3n, esta prueba debe realizarse al mismo tiempo que la prueba DD-LYME 4.0 - diferentes subra\u00edces pueden responder de manera diferente a la terapia antibi\u00f3tica con diferentes ingredientes activos, y la elecci\u00f3n del agente antibi\u00f3tico puede ser responsable de la eficacia de algunas terapias. <br>\n- El cliente recibe un resultado textual detallado tras la prueba\t\t\t\t\t\t<\/p>\n\t\t\t\t\t\t\t\t<\/div>\n\t\t\t\t<\/a><\/li>\t\t\t\t\t\t\t\t\t\t\t\t<li><a class=\"elementor-price-list-item\" href=\"#\">\t\t\t\t\n\t\t\t\t<div class=\"elementor-price-list-text\">\n\t\t\t\t\t\t\t\t\t<div class=\"elementor-price-list-header\">\n\t\t\t\t\t\t\t\t\t\t\t<span class=\"elementor-price-list-title\">\n\t\t\t\t\t\t\tInmunofluorescencia - DD-LYME 2.0 FL\t\t\t\t\t\t<\/span>\n\t\t\t\t\t\t\t\t\t\t\t\t\t\t\t\t\t\t<span class=\"elementor-price-list-separator\"><\/span>\n\t\t\t\t\t\t\t\t\t\t\t\t\t\t\t\t\t\t\t<span class=\"elementor-price-list-price\">26 500 pies<\/span>\n\t\t\t\t\t\t\t\t\t\t<\/div>\n\t\t\t\t\t\t\t\t\t\t\t\t\t\t\t<p class=\"elementor-price-list-description\">\n\t\t\t\t\t\t\t- Tinci\u00f3n confirmatoria de bacterias Borrelia en la muestra con anticuerpos espec\u00edficos de Borrelia. <br>\n- M\u00e9todo aceptado por los profesionales de los laboratorios de microbiolog\u00eda <br>\n- S\u00f3lo puede interpretarse junto con la prueba DD-LYME 4.0 y no puede pedirse por separado. <br>\n- Tras la prueba, el cliente recibe un resultado visual con una explicaci\u00f3n textual\t\t\t\t\t\t<\/p>\n\t\t\t\t\t\t\t\t<\/div>\n\t\t\t\t<\/a><\/li>\t\t\t\t\t\n\t\t<\/ul>\n\n\t\t\t\t\t\t<\/div>\n\t\t\t\t<div class=\"elementor-element elementor-element-d6cb557 elementor-widget elementor-widget-text-editor\" data-id=\"d6cb557\" data-element_type=\"widget\" data-e-type=\"widget\" data-widget_type=\"text-editor.default\">\n\t\t\t\t\t\t\t\t\t<p>Al solicitar conjuntamente las pruebas DualDur, Co-infecciones y B\u00f3zsik Western blot, el paciente obtiene una imagen completa de su enfermedad.<\/p>\n<p>Puede hacerse an\u00e1lisis de sangre en varios lugares del pa\u00eds, como Budapest, Mosonmagyar\u00f3v\u00e1r y Szombathely.<\/p>\n<p>Para conocer los lugares exactos, p\u00f3ngase en contacto con nosotros, nuestros colegas estar\u00e1n encantados de informarle sobre la hora y el lugar de la extracci\u00f3n de sangre en funci\u00f3n de las fechas disponibles. Nuestro personal cualificado le extraer\u00e1 la cantidad de sangre necesaria sin dolor y en pocos minutos en nuestros puntos de extracci\u00f3n.<\/p>\n<p><strong>test@dualdur.com<\/strong><br \/><strong>+36 30 108 5916<\/strong><\/p>\n<p>\u00ad<\/p>\n<p><em>*Los precios anteriores no incluyen posibles gastos de env\u00edo\/log\u00edstica.<\/em><\/p>\n<p><em>*Nuestros socios contratados pueden cobrar una tasa \u00fanica de toma de muestras de sangre por cada muestra tomada (la toma de muestras en el centro de toma de muestras es gratuita y est\u00e1 incluida en la tasa de la prueba).<\/em><\/p>\n<p>Tenga en cuenta que podemos cobrarle una tasa administrativa por las correcciones de datos y la emisi\u00f3n de nuevas facturas; consulte el siguiente documento para obtener m\u00e1s informaci\u00f3n sobre nuestras tasas:\u00a0\u00a0<a href=\"https:\/\/dualdur.com\/wp-content\/uploads\/2025\/10\/Adminisztracios-dij-bevezetese.pdf\" target=\"_blank\" rel=\"noopener\">Introducci\u00f3n de una tasa administrativa<\/a><\/p>\t\t\t\t\t\t\t\t<\/div>\n\t\t\t\t\t<\/div>\n\t\t\t\t<\/div>\n\t\t\t\t<\/div>","protected":false},"excerpt":{"rendered":"<p>Tesztek \u00e9s \u00e1rak DualDur &#8211; DD-LYME 4.0 48 000 Ft &#8211; A vil\u00e1gon egyed\u00fcl\u00e1ll\u00f3, klinikailag igazolt, CE-jelz\u00e9ssel rendelkez\u0151 laborat\u00f3riumi teszt, mely a fert\u0151z\u00f6tt eseteket 96%-os pontoss\u00e1ggal diagnosztiz\u00e1lja &#8211; Lehet\u0151v\u00e9 teszi, hogy direkt vizsg\u00e1lati m\u00f3dszerrel igazoljuk, megmutassuk, l\u00e1that\u00f3v\u00e1 tegy\u00fck a k\u00f3rokoz\u00f3 jelenl\u00e9t\u00e9t a mikroszk\u00f3p alatt, m\u00e9g a szerol\u00f3giai-, azaz immunreakci\u00f3 kialakul\u00e1sa el\u0151tt, \u00e9s miel\u0151tt a t\u00fcnetek [&hellip;]<\/p>\n","protected":false},"author":1,"featured_media":0,"parent":0,"menu_order":0,"comment_status":"closed","ping_status":"closed","template":"elementor_header_footer","meta":{"footnotes":""},"class_list":["post-1033","page","type-page","status-publish","hentry"],"yoast_head":"<!-- This site is optimized with the Yoast SEO Premium plugin v27.4 (Yoast SEO v27.4) - https:\/\/yoast.com\/product\/yoast-seo-premium-wordpress\/ -->\n<title>Tesztek \u00e9s \u00e1rak<\/title>\n<meta name=\"description\" content=\"Tesztek \u00e9s \u00e1rak DualDur - DD-LYME 4.0 48 000 Ft - A vil\u00e1gon egyed\u00fcl\u00e1ll\u00f3, klinikailag igazolt, CE-jelz\u00e9ssel rendelkez\u0151 laborat\u00f3riumi teszt, mely a\" \/>\n<meta name=\"robots\" content=\"index, follow, max-snippet:-1, max-image-preview:large, max-video-preview:-1\" \/>\n<link rel=\"canonical\" href=\"https:\/\/uj.dualdur.com\/tesztek-arak\/\" \/>\n<meta property=\"og:locale\" content=\"es_ES\" \/>\n<meta property=\"og:type\" content=\"article\" \/>\n<meta property=\"og:title\" content=\"Tesztek \u00e9s \u00e1rak\" \/>\n<meta property=\"og:description\" content=\"Tesztek \u00e9s \u00e1rak DualDur - DD-LYME 4.0 48 000 Ft - A vil\u00e1gon egyed\u00fcl\u00e1ll\u00f3, klinikailag igazolt, CE-jelz\u00e9ssel rendelkez\u0151 laborat\u00f3riumi teszt, mely a\" \/>\n<meta property=\"og:url\" content=\"https:\/\/uj.dualdur.com\/tesztek-arak\/\" \/>\n<meta property=\"og:site_name\" content=\"DualDur\" \/>\n<meta property=\"article:modified_time\" content=\"2025-11-03T06:49:18+00:00\" \/>\n<meta name=\"twitter:card\" content=\"summary_large_image\" \/>\n<meta name=\"twitter:label1\" content=\"Tiempo de lectura\" \/>\n\t<meta name=\"twitter:data1\" content=\"3 minutos\" \/>\n<script type=\"application\/ld+json\" class=\"yoast-schema-graph\">{\"@context\":\"https:\\\/\\\/schema.org\",\"@graph\":[{\"@type\":\"WebPage\",\"@id\":\"https:\\\/\\\/uj.dualdur.com\\\/tesztek-arak\\\/\",\"url\":\"https:\\\/\\\/uj.dualdur.com\\\/tesztek-arak\\\/\",\"name\":\"Tesztek \u00e9s \u00e1rak\",\"isPartOf\":{\"@id\":\"https:\\\/\\\/dualdur.com\\\/#website\"},\"datePublished\":\"2025-07-15T16:59:01+00:00\",\"dateModified\":\"2025-11-03T06:49:18+00:00\",\"description\":\"Tesztek \u00e9s \u00e1rak DualDur - DD-LYME 4.0 48 000 Ft - A vil\u00e1gon egyed\u00fcl\u00e1ll\u00f3, klinikailag igazolt, CE-jelz\u00e9ssel rendelkez\u0151 laborat\u00f3riumi teszt, mely a\",\"breadcrumb\":{\"@id\":\"https:\\\/\\\/uj.dualdur.com\\\/tesztek-arak\\\/#breadcrumb\"},\"inLanguage\":\"es\",\"potentialAction\":[{\"@type\":\"ReadAction\",\"target\":[\"https:\\\/\\\/uj.dualdur.com\\\/tesztek-arak\\\/\"]}]},{\"@type\":\"BreadcrumbList\",\"@id\":\"https:\\\/\\\/uj.dualdur.com\\\/tesztek-arak\\\/#breadcrumb\",\"itemListElement\":[{\"@type\":\"ListItem\",\"position\":1,\"name\":\"Kezd\u0151lap\",\"item\":\"https:\\\/\\\/dualdur.com\\\/\"},{\"@type\":\"ListItem\",\"position\":2,\"name\":\"Tesztek \u00e9s \u00e1rak\"}]},{\"@type\":\"WebSite\",\"@id\":\"https:\\\/\\\/dualdur.com\\\/#website\",\"url\":\"https:\\\/\\\/dualdur.com\\\/\",\"name\":\"DualDur\",\"description\":\"\",\"publisher\":{\"@id\":\"https:\\\/\\\/dualdur.com\\\/#organization\"},\"potentialAction\":[{\"@type\":\"SearchAction\",\"target\":{\"@type\":\"EntryPoint\",\"urlTemplate\":\"https:\\\/\\\/dualdur.com\\\/?s={search_term_string}\"},\"query-input\":{\"@type\":\"PropertyValueSpecification\",\"valueRequired\":true,\"valueName\":\"search_term_string\"}}],\"inLanguage\":\"es\"},{\"@type\":\"Organization\",\"@id\":\"https:\\\/\\\/dualdur.com\\\/#organization\",\"name\":\"DualDur\",\"url\":\"https:\\\/\\\/dualdur.com\\\/\",\"logo\":{\"@type\":\"ImageObject\",\"inLanguage\":\"es\",\"@id\":\"https:\\\/\\\/dualdur.com\\\/#\\\/schema\\\/logo\\\/image\\\/\",\"url\":\"https:\\\/\\\/dualdur.com\\\/wp-content\\\/uploads\\\/2025\\\/03\\\/cropped-favicon.png\",\"contentUrl\":\"https:\\\/\\\/dualdur.com\\\/wp-content\\\/uploads\\\/2025\\\/03\\\/cropped-favicon.png\",\"width\":512,\"height\":512,\"caption\":\"DualDur\"},\"image\":{\"@id\":\"https:\\\/\\\/dualdur.com\\\/#\\\/schema\\\/logo\\\/image\\\/\"}}]}<\/script>\n<!-- \/ Yoast SEO Premium plugin. -->","yoast_head_json":{"title":"Pruebas y precios","description":"Pruebas y precios DualDur - DD-LYME 4.0 48 000 Ft - La \u00fanica prueba de laboratorio del mundo cl\u00ednicamente probada y con marcado CE que","robots":{"index":"index","follow":"follow","max-snippet":"max-snippet:-1","max-image-preview":"max-image-preview:large","max-video-preview":"max-video-preview:-1"},"canonical":"https:\/\/uj.dualdur.com\/tesztek-arak\/","og_locale":"es_ES","og_type":"article","og_title":"Tesztek \u00e9s \u00e1rak","og_description":"Tesztek \u00e9s \u00e1rak DualDur - DD-LYME 4.0 48 000 Ft - A vil\u00e1gon egyed\u00fcl\u00e1ll\u00f3, klinikailag igazolt, CE-jelz\u00e9ssel rendelkez\u0151 laborat\u00f3riumi teszt, mely a","og_url":"https:\/\/uj.dualdur.com\/tesztek-arak\/","og_site_name":"DualDur","article_modified_time":"2025-11-03T06:49:18+00:00","twitter_card":"summary_large_image","twitter_misc":{"Tiempo de lectura":"3 minutos"},"schema":{"@context":"https:\/\/schema.org","@graph":[{"@type":"WebPage","@id":"https:\/\/uj.dualdur.com\/tesztek-arak\/","url":"https:\/\/uj.dualdur.com\/tesztek-arak\/","name":"Pruebas y precios","isPartOf":{"@id":"https:\/\/dualdur.com\/#website"},"datePublished":"2025-07-15T16:59:01+00:00","dateModified":"2025-11-03T06:49:18+00:00","description":"Pruebas y precios DualDur - DD-LYME 4.0 48 000 Ft - La \u00fanica prueba de laboratorio del mundo cl\u00ednicamente probada y con marcado CE que","breadcrumb":{"@id":"https:\/\/uj.dualdur.com\/tesztek-arak\/#breadcrumb"},"inLanguage":"es","potentialAction":[{"@type":"ReadAction","target":["https:\/\/uj.dualdur.com\/tesztek-arak\/"]}]},{"@type":"BreadcrumbList","@id":"https:\/\/uj.dualdur.com\/tesztek-arak\/#breadcrumb","itemListElement":[{"@type":"ListItem","position":1,"name":"Kezd\u0151lap","item":"https:\/\/dualdur.com\/"},{"@type":"ListItem","position":2,"name":"Tesztek \u00e9s \u00e1rak"}]},{"@type":"WebSite","@id":"https:\/\/dualdur.com\/#website","url":"https:\/\/dualdur.com\/","name":"Doble titulaci\u00f3n","description":"","publisher":{"@id":"https:\/\/dualdur.com\/#organization"},"potentialAction":[{"@type":"SearchAction","target":{"@type":"EntryPoint","urlTemplate":"https:\/\/dualdur.com\/?s={search_term_string}"},"query-input":{"@type":"PropertyValueSpecification","valueRequired":true,"valueName":"search_term_string"}}],"inLanguage":"es"},{"@type":"Organization","@id":"https:\/\/dualdur.com\/#organization","name":"Doble titulaci\u00f3n","url":"https:\/\/dualdur.com\/","logo":{"@type":"ImageObject","inLanguage":"es","@id":"https:\/\/dualdur.com\/#\/schema\/logo\/image\/","url":"https:\/\/dualdur.com\/wp-content\/uploads\/2025\/03\/cropped-favicon.png","contentUrl":"https:\/\/dualdur.com\/wp-content\/uploads\/2025\/03\/cropped-favicon.png","width":512,"height":512,"caption":"DualDur"},"image":{"@id":"https:\/\/dualdur.com\/#\/schema\/logo\/image\/"}}]}},"_links":{"self":[{"href":"https:\/\/dualdur.com\/es\/wp-json\/wp\/v2\/pages\/1033","targetHints":{"allow":["GET"]}}],"collection":[{"href":"https:\/\/dualdur.com\/es\/wp-json\/wp\/v2\/pages"}],"about":[{"href":"https:\/\/dualdur.com\/es\/wp-json\/wp\/v2\/types\/page"}],"author":[{"embeddable":true,"href":"https:\/\/dualdur.com\/es\/wp-json\/wp\/v2\/users\/1"}],"replies":[{"embeddable":true,"href":"https:\/\/dualdur.com\/es\/wp-json\/wp\/v2\/comments?post=1033"}],"version-history":[{"count":20,"href":"https:\/\/dualdur.com\/es\/wp-json\/wp\/v2\/pages\/1033\/revisions"}],"predecessor-version":[{"id":1730,"href":"https:\/\/dualdur.com\/es\/wp-json\/wp\/v2\/pages\/1033\/revisions\/1730"}],"wp:attachment":[{"href":"https:\/\/dualdur.com\/es\/wp-json\/wp\/v2\/media?parent=1033"}],"curies":[{"name":"wp","href":"https:\/\/api.w.org\/{rel}","templated":true}]}}