{"id":685,"date":"2025-07-07T19:11:44","date_gmt":"2025-07-07T17:11:44","guid":{"rendered":"https:\/\/dualdur.com\/?page_id=685"},"modified":"2025-11-03T07:30:48","modified_gmt":"2025-11-03T06:30:48","slug":"mi-a-dualdur","status":"publish","type":"page","link":"https:\/\/dualdur.com\/en\/mi-a-dualdur\/","title":{"rendered":"About DualDur"},"content":{"rendered":"<div data-elementor-type=\"wp-page\" data-elementor-id=\"685\" class=\"elementor elementor-685\" data-elementor-post-type=\"page\">\n\t\t\t\t<div class=\"elementor-element elementor-element-4fd982c e-con-full e-flex e-con e-parent\" data-id=\"4fd982c\" data-element_type=\"container\" data-e-type=\"container\" data-settings=\"{&quot;background_background&quot;:&quot;classic&quot;}\">\n\t\t\t\t<div class=\"elementor-element elementor-element-20d7ad3 elementor-align-center elementor-widget elementor-widget-breadcrumbs\" data-id=\"20d7ad3\" data-element_type=\"widget\" data-e-type=\"widget\" data-widget_type=\"breadcrumbs.default\">\n\t\t\t\t\t<p id=\"breadcrumbs\"><span><span><a href=\"https:\/\/dualdur.com\/en\/\">Home<\/a><\/span><\/span><\/p>\t\t\t\t<\/div>\n\t\t\t\t<\/div>\n\t\t<div class=\"elementor-element elementor-element-604bcce e-flex e-con-boxed e-con e-parent\" data-id=\"604bcce\" data-element_type=\"container\" data-e-type=\"container\">\n\t\t\t\t\t<div class=\"e-con-inner\">\n\t\t\t\t<div class=\"elementor-element elementor-element-45aedce6 elementor-widget elementor-widget-text-editor\" data-id=\"45aedce6\" data-element_type=\"widget\" data-e-type=\"widget\" data-widget_type=\"text-editor.default\">\n\t\t\t\t\t\t\t\t\t<div class=\"wpb_column vc_column_container vc_col-sm-3\">\r\n<div class=\"vc_column-inner\">\r\n<div class=\"wpb_wrapper\">\r\n<div class=\"aio-icon-component    style_1\">\r\n<div id=\"Info-box-wrap-2556\" class=\"aio-icon-box top-icon\">\r\n<div class=\"aio-icon-description ult-responsive\" data-ultimate-target=\"#Info-box-wrap-2556 .aio-icon-description\" data-responsive-json-new=\"{&quot;font-size&quot;:&quot;&quot;,&quot;line-height&quot;:&quot;&quot;}\">The DualDur\u00ae test is a simple blood test. It is performed in an accredited laboratory, and it has a mandatory quality certification and a valid registration. The essence of this unique testing method lies in its specific focus on detecting the bacteria that cause Lyme borreliosis.\u00a0<strong>presence of bacteria<\/strong> can be detected more effectively from the patients\u2019 blood.<\/div>\r\n<div class=\"aio-icon-description ult-responsive\" data-ultimate-target=\"#Info-box-wrap-2556 .aio-icon-description\" data-responsive-json-new=\"{&quot;font-size&quot;:&quot;&quot;,&quot;line-height&quot;:&quot;&quot;}\">The key to the DualDur\u00ae test is a cell technology medium and a preparation method that enables the direct detection and confirmation of <strong>the visible presence<\/strong>\u00a0of the pathogen under the microscope, even before the serological \u2014 that is, immune \u2014 reaction develops, and before the symptoms become more pronounced.<\/div>\r\n<\/div>\r\n<\/div>\r\n<\/div>\r\n<\/div>\r\n<\/div>\r\n<div class=\"wpb_column vc_column_container vc_col-sm-3\">\r\n<div class=\"vc_column-inner\">\r\n<div class=\"wpb_wrapper\">\r\n<div class=\"aio-icon-component    style_1\">\r\n<div id=\"Info-box-wrap-4402\" class=\"aio-icon-box top-icon\">\r\n<div class=\"aio-icon-top\">\r\n<div class=\"ult-just-icon-wrapper\">\r\n<div class=\"aio-icon-img\">\r\n<div class=\"wpb_column vc_column_container vc_col-sm-3\">\r\n<div class=\"vc_column-inner\">\r\n<div class=\"wpb_wrapper\">\r\n<div class=\"aio-icon-component    style_1\">\r\n<div id=\"Info-box-wrap-8238\" class=\"aio-icon-box top-icon\">\r\n<div class=\"aio-icon-top\">\r\n<div class=\"ult-just-icon-wrapper\">\r\n<div class=\"align-icon\">\r\n<div class=\"aio-icon-img\">\r\n<div class=\"wpb_column vc_column_container vc_col-sm-3\">\r\n<div class=\"vc_column-inner\">\r\n<div class=\"wpb_wrapper\">\r\n<div class=\"aio-icon-component    style_1\">\r\n<div id=\"Info-box-wrap-8238\" class=\"aio-icon-box top-icon\">\r\n<div class=\"aio-icon-description ult-responsive\" data-ultimate-target=\"#Info-box-wrap-8238 .aio-icon-description\" data-responsive-json-new=\"{&quot;font-size&quot;:&quot;&quot;,&quot;line-height&quot;:&quot;&quot;}\">DualDur\u00ae was validated by Europe\u2019s largest clinical research on Lyme disease diagnostics before the test was made available to the public. After sample preparation using our method, automatic dark-field microscopy (AIM) analysis in the study showed significantly\u00a0<strong>higher diagnostic results<\/strong> than those achieved with the standard methods currently in use.<\/div>\r\n<div class=\"aio-icon-description ult-responsive\" data-ultimate-target=\"#Info-box-wrap-8238 .aio-icon-description\" data-responsive-json-new=\"{&quot;font-size&quot;:&quot;&quot;,&quot;line-height&quot;:&quot;&quot;}\">We recommend our test \u2014 following medical consultation \u2014 for patients in whom Lyme disease or another bacterial infection is suspected, and whose symptoms persist despite treatment of other diseases.<\/div>\r\n<\/div>\r\n<\/div>\r\n<\/div>\r\n<\/div>\r\n<\/div>\r\n<div class=\"wpb_column vc_column_container vc_col-sm-3\">\r\n<div class=\"vc_column-inner\">\r\n<div class=\"wpb_wrapper\">\r\n<div class=\"aio-icon-component    style_1\">\r\n<div id=\"Info-box-wrap-1825\" class=\"aio-icon-box top-icon\">\r\n<div class=\"aio-icon-top\">\r\n<div class=\"ult-just-icon-wrapper\">\r\n<div class=\"align-icon\">\r\n<div class=\"aio-icon-img\">\r\n<div class=\"wpb_text_column wpb_content_element\">\r\n<div class=\"wpb_wrapper\">\r\n<div class=\"vc_row wpb_row vc_row-fluid mi-a-dualdur\">\r\n<div class=\"wpb_column vc_column_container vc_col-sm-12\">\r\n<div class=\"vc_column-inner\">\r\n<div class=\"wpb_wrapper\">\r\n<div class=\"wpb_text_column wpb_content_element\">\r\n<div class=\"wpb_wrapper\">\r\n\r\nDualDur is therefore the only diagnostic procedure for detecting Lyme disease that has been validated in public, pre-planned clinical studies,\u00a0<strong>verified in Europe.<\/strong>\u00a0and perfomed in\u00a0<strong>accredited<\/strong>\u00a0<strong>laboratories<\/strong>\u00a0in Europe. Compared to serological tests (such as Western blot, ELISA, ELISPOT, Vibrant, or pharmacy rapid tests), it provides more reliable information about the actual state of infection \u2014 even when the immune response cannot yet be measured. Among the tested methods, DualDur showed the highest sensitivity value, meaning it was the most effective in detecting the actual state of infection.\r\n\r\n<\/div>\r\n<\/div>\r\n<\/div>\r\n<\/div>\r\n<\/div>\r\n<\/div>\r\n<div class=\"vc_row wpb_row vc_row-fluid\">\r\n<div class=\"wpb_column vc_column_container vc_col-sm-12\">\r\n<div class=\"vc_column-inner\">\r\n<div class=\"wpb_wrapper\"><\/div>\r\n<\/div>\r\n<\/div>\r\n<\/div>\r\n<\/div>\r\n<\/div>\r\n<\/div>\r\n<\/div>\r\n<\/div>\r\n<\/div>\r\n<\/div>\r\n<\/div>\r\n<\/div>\r\n<\/div>\r\n<\/div>\r\n<\/div>\r\n<\/div>\r\n<\/div>\r\n<\/div>\r\n<\/div>\r\n<\/div>\r\n<\/div>\r\n<\/div>\r\n<\/div>\r\n<\/div>\r\n<\/div>\r\n<\/div>\r\n<\/div>\r\n<\/div>\r\n<\/div>\r\n<\/div>\r\n<\/div>\t\t\t\t\t\t\t\t<\/div>\n\t\t\t\t\t<\/div>\n\t\t\t\t<\/div>\n\t\t\t\t<\/div>","protected":false},"excerpt":{"rendered":"<p>A DualDur\u00ae teszt egy egyszer\u0171 v\u00e9rv\u00e9tel. A k\u00f6telez\u0151 min\u0151s\u00e9gi jel\u00f6l\u00e9ssel \u00e9s \u00e9rv\u00e9nyes regisztr\u00e1ci\u00f3val, akkredit\u00e1lt laborat\u00f3riumban v\u00e9gzik. Az egyed\u00fcl\u00e1ll\u00f3 vizsg\u00e1lati m\u00f3dszer l\u00e9nyege az, hogy speci\u00e1lisan a Lyme borreliosist okoz\u00f3\u00a0bakt\u00e9riumok jelenl\u00e9t\u00e9t a betegek v\u00e9r\u00e9b\u0151l tudjuk hat\u00e9konyabban kimutatni. A DualDur\u00ae teszt kulcsa egy sejttechnol\u00f3giai folyad\u00e9k \u00e9s el\u0151k\u00e9sz\u00edt\u00e9si m\u00f3dszer, mely lehet\u0151v\u00e9 teszi, hogy direkt vizsg\u00e1lati m\u00f3dszerekkel igazoljuk, l\u00e1that\u00f3v\u00e1 tegy\u00fck\u00a0a [&hellip;]<\/p>\n","protected":false},"author":1,"featured_media":0,"parent":0,"menu_order":0,"comment_status":"closed","ping_status":"closed","template":"","meta":{"footnotes":""},"class_list":["post-685","page","type-page","status-publish","hentry"],"yoast_head":"<!-- This site is optimized with the Yoast SEO Premium plugin v27.4 (Yoast SEO v27.4) - https:\/\/yoast.com\/product\/yoast-seo-premium-wordpress\/ -->\n<title>Mi a DualDur?<\/title>\n<meta name=\"description\" content=\"A DualDur\u00ae teszt egy egyszer\u0171 v\u00e9rv\u00e9tel. A k\u00f6telez\u0151 min\u0151s\u00e9gi jel\u00f6l\u00e9ssel \u00e9s \u00e9rv\u00e9nyes regisztr\u00e1ci\u00f3val, akkredit\u00e1lt laborat\u00f3riumban v\u00e9gzik. Az egyed\u00fcl\u00e1ll\u00f3\" \/>\n<meta name=\"robots\" content=\"index, follow, max-snippet:-1, max-image-preview:large, max-video-preview:-1\" \/>\n<link rel=\"canonical\" href=\"https:\/\/uj.dualdur.com\/mi-a-dualdur\/\" \/>\n<meta property=\"og:locale\" content=\"en_US\" \/>\n<meta property=\"og:type\" content=\"article\" \/>\n<meta property=\"og:title\" content=\"Mi a DualDur?\" \/>\n<meta property=\"og:description\" content=\"A DualDur\u00ae teszt egy egyszer\u0171 v\u00e9rv\u00e9tel. A k\u00f6telez\u0151 min\u0151s\u00e9gi jel\u00f6l\u00e9ssel \u00e9s \u00e9rv\u00e9nyes regisztr\u00e1ci\u00f3val, akkredit\u00e1lt laborat\u00f3riumban v\u00e9gzik. Az egyed\u00fcl\u00e1ll\u00f3\" \/>\n<meta property=\"og:url\" content=\"https:\/\/uj.dualdur.com\/mi-a-dualdur\/\" \/>\n<meta property=\"og:site_name\" content=\"DualDur\" \/>\n<meta property=\"article:modified_time\" content=\"2025-11-03T06:30:48+00:00\" \/>\n<meta name=\"twitter:card\" content=\"summary_large_image\" \/>\n<meta name=\"twitter:label1\" content=\"Est. reading time\" \/>\n\t<meta name=\"twitter:data1\" content=\"2 minutes\" \/>\n<script type=\"application\/ld+json\" class=\"yoast-schema-graph\">{\"@context\":\"https:\\\/\\\/schema.org\",\"@graph\":[{\"@type\":\"WebPage\",\"@id\":\"https:\\\/\\\/uj.dualdur.com\\\/mi-a-dualdur\\\/\",\"url\":\"https:\\\/\\\/uj.dualdur.com\\\/mi-a-dualdur\\\/\",\"name\":\"Mi a DualDur?\",\"isPartOf\":{\"@id\":\"https:\\\/\\\/dualdur.com\\\/#website\"},\"datePublished\":\"2025-07-07T17:11:44+00:00\",\"dateModified\":\"2025-11-03T06:30:48+00:00\",\"description\":\"A DualDur\u00ae teszt egy egyszer\u0171 v\u00e9rv\u00e9tel. A k\u00f6telez\u0151 min\u0151s\u00e9gi jel\u00f6l\u00e9ssel \u00e9s \u00e9rv\u00e9nyes regisztr\u00e1ci\u00f3val, akkredit\u00e1lt laborat\u00f3riumban v\u00e9gzik. Az egyed\u00fcl\u00e1ll\u00f3\",\"breadcrumb\":{\"@id\":\"https:\\\/\\\/uj.dualdur.com\\\/mi-a-dualdur\\\/#breadcrumb\"},\"inLanguage\":\"en-US\",\"potentialAction\":[{\"@type\":\"ReadAction\",\"target\":[\"https:\\\/\\\/uj.dualdur.com\\\/mi-a-dualdur\\\/\"]}]},{\"@type\":\"BreadcrumbList\",\"@id\":\"https:\\\/\\\/uj.dualdur.com\\\/mi-a-dualdur\\\/#breadcrumb\",\"itemListElement\":[{\"@type\":\"ListItem\",\"position\":1,\"name\":\"Kezd\u0151lap\",\"item\":\"https:\\\/\\\/dualdur.com\\\/\"},{\"@type\":\"ListItem\",\"position\":2,\"name\":\"Mi a DualDur?\"}]},{\"@type\":\"WebSite\",\"@id\":\"https:\\\/\\\/dualdur.com\\\/#website\",\"url\":\"https:\\\/\\\/dualdur.com\\\/\",\"name\":\"DualDur\",\"description\":\"\",\"publisher\":{\"@id\":\"https:\\\/\\\/dualdur.com\\\/#organization\"},\"potentialAction\":[{\"@type\":\"SearchAction\",\"target\":{\"@type\":\"EntryPoint\",\"urlTemplate\":\"https:\\\/\\\/dualdur.com\\\/?s={search_term_string}\"},\"query-input\":{\"@type\":\"PropertyValueSpecification\",\"valueRequired\":true,\"valueName\":\"search_term_string\"}}],\"inLanguage\":\"en-US\"},{\"@type\":\"Organization\",\"@id\":\"https:\\\/\\\/dualdur.com\\\/#organization\",\"name\":\"DualDur\",\"url\":\"https:\\\/\\\/dualdur.com\\\/\",\"logo\":{\"@type\":\"ImageObject\",\"inLanguage\":\"en-US\",\"@id\":\"https:\\\/\\\/dualdur.com\\\/#\\\/schema\\\/logo\\\/image\\\/\",\"url\":\"https:\\\/\\\/dualdur.com\\\/wp-content\\\/uploads\\\/2025\\\/03\\\/cropped-favicon.png\",\"contentUrl\":\"https:\\\/\\\/dualdur.com\\\/wp-content\\\/uploads\\\/2025\\\/03\\\/cropped-favicon.png\",\"width\":512,\"height\":512,\"caption\":\"DualDur\"},\"image\":{\"@id\":\"https:\\\/\\\/dualdur.com\\\/#\\\/schema\\\/logo\\\/image\\\/\"}}]}<\/script>\n<!-- \/ Yoast SEO Premium plugin. -->","yoast_head_json":{"title":"About DualDur","description":"The DualDur\u00ae test is a simple blood test. It is carried out in an accredited laboratory with the obligatory quality mark and valid registration. The unique","robots":{"index":"index","follow":"follow","max-snippet":"max-snippet:-1","max-image-preview":"max-image-preview:large","max-video-preview":"max-video-preview:-1"},"canonical":"https:\/\/uj.dualdur.com\/mi-a-dualdur\/","og_locale":"en_US","og_type":"article","og_title":"Mi a DualDur?","og_description":"A DualDur\u00ae teszt egy egyszer\u0171 v\u00e9rv\u00e9tel. A k\u00f6telez\u0151 min\u0151s\u00e9gi jel\u00f6l\u00e9ssel \u00e9s \u00e9rv\u00e9nyes regisztr\u00e1ci\u00f3val, akkredit\u00e1lt laborat\u00f3riumban v\u00e9gzik. Az egyed\u00fcl\u00e1ll\u00f3","og_url":"https:\/\/uj.dualdur.com\/mi-a-dualdur\/","og_site_name":"DualDur","article_modified_time":"2025-11-03T06:30:48+00:00","twitter_card":"summary_large_image","twitter_misc":{"Est. reading time":"2 minutes"},"schema":{"@context":"https:\/\/schema.org","@graph":[{"@type":"WebPage","@id":"https:\/\/uj.dualdur.com\/mi-a-dualdur\/","url":"https:\/\/uj.dualdur.com\/mi-a-dualdur\/","name":"About DualDur","isPartOf":{"@id":"https:\/\/dualdur.com\/#website"},"datePublished":"2025-07-07T17:11:44+00:00","dateModified":"2025-11-03T06:30:48+00:00","description":"The DualDur\u00ae test is a simple blood test. It is carried out in an accredited laboratory with the obligatory quality mark and valid registration. The unique","breadcrumb":{"@id":"https:\/\/uj.dualdur.com\/mi-a-dualdur\/#breadcrumb"},"inLanguage":"en-US","potentialAction":[{"@type":"ReadAction","target":["https:\/\/uj.dualdur.com\/mi-a-dualdur\/"]}]},{"@type":"BreadcrumbList","@id":"https:\/\/uj.dualdur.com\/mi-a-dualdur\/#breadcrumb","itemListElement":[{"@type":"ListItem","position":1,"name":"Kezd\u0151lap","item":"https:\/\/dualdur.com\/"},{"@type":"ListItem","position":2,"name":"Mi a DualDur?"}]},{"@type":"WebSite","@id":"https:\/\/dualdur.com\/#website","url":"https:\/\/dualdur.com\/","name":"Dual major","description":"","publisher":{"@id":"https:\/\/dualdur.com\/#organization"},"potentialAction":[{"@type":"SearchAction","target":{"@type":"EntryPoint","urlTemplate":"https:\/\/dualdur.com\/?s={search_term_string}"},"query-input":{"@type":"PropertyValueSpecification","valueRequired":true,"valueName":"search_term_string"}}],"inLanguage":"en-US"},{"@type":"Organization","@id":"https:\/\/dualdur.com\/#organization","name":"Dual major","url":"https:\/\/dualdur.com\/","logo":{"@type":"ImageObject","inLanguage":"en-US","@id":"https:\/\/dualdur.com\/#\/schema\/logo\/image\/","url":"https:\/\/dualdur.com\/wp-content\/uploads\/2025\/03\/cropped-favicon.png","contentUrl":"https:\/\/dualdur.com\/wp-content\/uploads\/2025\/03\/cropped-favicon.png","width":512,"height":512,"caption":"DualDur"},"image":{"@id":"https:\/\/dualdur.com\/#\/schema\/logo\/image\/"}}]}},"_links":{"self":[{"href":"https:\/\/dualdur.com\/en\/wp-json\/wp\/v2\/pages\/685","targetHints":{"allow":["GET"]}}],"collection":[{"href":"https:\/\/dualdur.com\/en\/wp-json\/wp\/v2\/pages"}],"about":[{"href":"https:\/\/dualdur.com\/en\/wp-json\/wp\/v2\/types\/page"}],"author":[{"embeddable":true,"href":"https:\/\/dualdur.com\/en\/wp-json\/wp\/v2\/users\/1"}],"replies":[{"embeddable":true,"href":"https:\/\/dualdur.com\/en\/wp-json\/wp\/v2\/comments?post=685"}],"version-history":[{"count":10,"href":"https:\/\/dualdur.com\/en\/wp-json\/wp\/v2\/pages\/685\/revisions"}],"predecessor-version":[{"id":1721,"href":"https:\/\/dualdur.com\/en\/wp-json\/wp\/v2\/pages\/685\/revisions\/1721"}],"wp:attachment":[{"href":"https:\/\/dualdur.com\/en\/wp-json\/wp\/v2\/media?parent=685"}],"curies":[{"name":"wp","href":"https:\/\/api.w.org\/{rel}","templated":true}]}}