{"id":1465,"date":"2025-09-08T18:38:37","date_gmt":"2025-09-08T16:38:37","guid":{"rendered":"https:\/\/dualdur.com\/?page_id=1465"},"modified":"2025-11-03T07:28:48","modified_gmt":"2025-11-03T06:28:48","slug":"dualdur-kutatas","status":"publish","type":"page","link":"https:\/\/dualdur.com\/en\/dualdur-kutatas\/","title":{"rendered":"Research results behind DualDur"},"content":{"rendered":"\t\t<div data-elementor-type=\"wp-page\" data-elementor-id=\"1465\" class=\"elementor elementor-1465\" data-elementor-post-type=\"page\">\n\t\t\t\t<div class=\"elementor-element elementor-element-6f6f670 e-flex e-con-boxed e-con e-parent\" data-id=\"6f6f670\" data-element_type=\"container\" data-e-type=\"container\">\n\t\t\t\t\t<div class=\"e-con-inner\">\n\t\t<div class=\"elementor-element elementor-element-fdcb015 e-con-full e-flex e-con e-child\" data-id=\"fdcb015\" data-element_type=\"container\" data-e-type=\"container\" data-settings=\"{&quot;background_background&quot;:&quot;classic&quot;}\">\n\t\t\t\t<div class=\"elementor-element elementor-element-f3e8851 elementor-align-center elementor-widget elementor-widget-breadcrumbs\" data-id=\"f3e8851\" data-element_type=\"widget\" data-e-type=\"widget\" data-widget_type=\"breadcrumbs.default\">\n\t\t\t\t\t<p id=\"breadcrumbs\"><span><span><a href=\"https:\/\/dualdur.com\/\">Kezd\u0151lap<\/a><\/span><\/span><\/p>\t\t\t\t<\/div>\n\t\t\t\t<\/div>\n\t\t\t\t\t<\/div>\n\t\t\t\t<\/div>\n\t\t<div class=\"elementor-element elementor-element-9bb59c0 e-flex e-con-boxed e-con e-parent\" data-id=\"9bb59c0\" data-element_type=\"container\" data-e-type=\"container\">\n\t\t\t\t\t<div class=\"e-con-inner\">\n\t\t\t\t<div class=\"elementor-element elementor-element-985a13f elementor-widget elementor-widget-text-editor\" data-id=\"985a13f\" data-element_type=\"widget\" data-e-type=\"widget\" data-widget_type=\"text-editor.default\">\n\t\t\t\t\t\t\t\t\t<p>A DualDur Eur\u00f3p\u00e1ban a legsz\u00e9lesebb Lyme diagnosztikai klinikai kutat\u00e1son bizony\u00edtotta teljes\u00edt\u0151k\u00e9pess\u00e9g\u00e9t, amelyre \u00e9p\u00fclve megkapta az <b>eur\u00f3pai diagnosztikai regisztr\u00e1ci\u00f3t (IVD CE)<\/b>. 1986 \u00f3ta imm\u00e1r n\u00e9gy publik\u00e1ci\u00f3ban tett\u00e9k k\u00f6zz\u00e9 a tudom\u00e1nyos eredm\u00e9nyeket, \u00e9s t\u00f6bb sz\u00e1z Lyme szakorvos el\u0151tt, konferenci\u00e1kon mutatt\u00e1k be eredm\u00e9nyess\u00e9g\u00e9t. Specifikus immunfluoreszcencia vizsg\u00e1latokkal igazolt\u00e1k, hogy a mint\u00e1kban val\u00f3ban Borrelia l\u00e1that\u00f3, legfrissebben PCR eredm\u00e9nyek is igazolj\u00e1k a bakt\u00e9rium jelenl\u00e9t\u00e9t. A tudom\u00e1nyos eredm\u00e9nyeken t\u00fal azonban a legfontosabb a DualDur-t alkalmaz\u00f3 Lyme-\u00e9rt\u0151 szakorvosok visszajelz\u00e9se, akik mind a diagn\u00f3zisban, mind a kezel\u00e9s ellen\u0151rz\u00e9s\u00e9ben a leghat\u00e9konyabbnak tal\u00e1lt\u00e1k.<\/p>\t\t\t\t\t\t\t\t<\/div>\n\t\t\t\t\t<\/div>\n\t\t\t\t<\/div>\n\t\t<div class=\"elementor-element elementor-element-bc43175 e-flex e-con-boxed e-con e-parent\" data-id=\"bc43175\" data-element_type=\"container\" data-e-type=\"container\" data-settings=\"{&quot;background_background&quot;:&quot;classic&quot;}\">\n\t\t\t\t\t<div class=\"e-con-inner\">\n\t\t\t\t<div class=\"elementor-element elementor-element-482a4ea elementor-widget elementor-widget-heading\" data-id=\"482a4ea\" data-element_type=\"widget\" data-e-type=\"widget\" data-widget_type=\"heading.default\">\n\t\t\t\t\t<h2 class=\"elementor-heading-title elementor-size-default\">A DualDur orvostudom\u00e1nyi t\u00f6rt\u00e9nete<\/h2>\t\t\t\t<\/div>\n\t\t\t\t<div class=\"elementor-element elementor-element-1d700c4 elementor-widget elementor-widget-text-editor\" data-id=\"1d700c4\" data-element_type=\"widget\" data-e-type=\"widget\" data-widget_type=\"text-editor.default\">\n\t\t\t\t\t\t\t\t\t<p><\/p>\n<p>A DualDur Magyarorsz\u00e1g legmagasabb szint\u0171 szakmai laborat\u00f3rium\u00e1b\u00f3l, az Orsz\u00e1gos K\u00f6zeg\u00e9szs\u00e9g\u00fcgyi Int\u00e9zet (k\u00e9s\u0151bb Johann B\u00e9la OKI) szerol\u00f3giai laborat\u00f3riumb\u00f3l indult el. A mindm\u00e1ig a vil\u00e1g egyik m\u00e9g mindig akt\u00edv, els\u0151 gener\u00e1ci\u00f3s Lyme-kutat\u00f3ja, Dr. B\u00f3zsik B\u00e9la P\u00e1l csapata \u00e1ltal kifejlesztett m\u00f3dszerre az\u00e9rt volt sz\u00fcks\u00e9g, mert a szerol\u00f3giai megold\u00e1sok (akkor) sem tudt\u00e1k az orvosi diagn\u00f3zist megfelel\u0151en t\u00e1mogatni. B\u00f3zsik F\u0151rovos az els\u0151 hazai esetek le\u00edr\u00e1s\u00e1ban is vezet\u0151 szerepet j\u00e1tszott, \u00e9s hamar r\u00e1j\u00f6tt, hogy a k\u00f3rokoz\u00f3 speci\u00e1lis immunelker\u00fcl\u0151 mechanizmusai miatt a &#8222;szeronegat\u00edv Lyme borreliosis&#8221; eset\u00e9ben \u00faj megold\u00e1sokra lehet sz\u00fcks\u00e9g.<\/p>\n<p>A szabadalmakban, szakmai publik\u00e1ci\u00f3kban \u00e9s nemzetk\u00f6zi szakmai el\u0151ad\u00e1sokon, orvosi k\u00e9pz\u00e9seken \u00e9s tov\u00e1bbk\u00e9pz\u00e9seken r\u00e9szletesen bemutatott m\u00f3dszertan biztos\u00edtja a k\u00f3rokoz\u00f3k k\u00f6zvetlen kimutat\u00e1s\u00e1t, \u00e9s elker\u00fcli a direkt vizsg\u00e1latokn\u00e1l jelentkez\u0151 probl\u00e9m\u00e1kat. A Borreli\u00e1k jelenl\u00e9t\u00e9nek kimutat\u00e1s\u00e1t t\u00f6bb k\u00fcl\u00f6nb\u00f6z\u0151 m\u00f3dszerrel is ellen\u0151rizt\u00e9k az OKI laborat\u00f3rium\u00e1ban \u00e9s kutat\u00f3int\u00e9zetekben (pl. elektronmikroszk\u00f3ppal, immunfluoreszcencia-mikroszk\u00f3ppal), majd 1986-ban megkezd\u0151d\u00f6tt a m\u00f3dszer p\u00e1rhuzamos alkalmaz\u00e1sa szerol\u00f3giai vizsg\u00e1latok mellett.<\/p>\n<p>A t\u00f6bb mint harmincezer vizsg\u00e1lat adatelemz\u00e9s\u00e9t nemzetk\u00f6zi konferenci\u00e1kon mutatt\u00e1k be, majd tov\u00e1bbi t\u00edzezer vizsg\u00e1latot v\u00e9geztek el mag\u00e1nlaborat\u00f3riumokban is.<\/p>\n<p>2012-t\u0151l kezdve egy nemzetk\u00f6zi orvoscsapat v\u00e9lem\u00e9ny\u00e9re alapozva kezdt\u00e9k el az EU ter\u00fclet\u00e9n k\u00edv\u00fcl alkalmazni, majd \u00e9rdekl\u0151d\u00e9s mutatkozott sz\u00e1mos EU orsz\u00e1gb\u00f3l is. B\u00e1r akkredit\u00e1lt laborat\u00f3riumban jogszer\u0171 volt a teszt alkalmaz\u00e1sa, a feltal\u00e1l\u00f3 \u00e9s t\u00e1rsai \u00fagy d\u00f6nt\u00f6ttek, hogy az EU forgalmaz\u00e1si enged\u00e9lyt, az IVD CE jelz\u00e9st is megszerzik. Ennek \u00e9rdek\u00e9ben l\u00e9trehozt\u00e1k a DualDur kutat\u00e1si projektet, amelyet az Eur\u00f3pai Parlament is kit\u00fcntetett azzal, hogy p\u00e9ldak\u00e9nt eml\u00edtette hat\u00e1rozat\u00e1ban, illetve az Eur\u00f3pai Bizotts\u00e1g az EU \u00e1llampolg\u00e1rok eg\u00e9szs\u00e9g\u00e9\u00e9rt folytatott kutat\u00e1sok mintaprojektjek\u00e9nt v\u00e1lasztotta ki.<\/p>\n<p>A DualDur projekt keret\u00e9ben, orvosi, laborat\u00f3riumi, fejleszt\u00e9si, m\u00e9rn\u00f6ki, szoftveres, k\u00e9pfelismer\u00e9si, mesters\u00e9ges-intelligencia, klinikai kutat\u00e1si \u00e9s gazdas\u00e1gi szak\u00e9rt\u0151k seg\u00edts\u00e9g\u00e9vel a m\u00f3dszert a modern laborat\u00f3riumi k\u00f6r\u00fclm\u00e9nyekre alkalmazt\u00e1k. A teljes automatiz\u00e1l\u00e1s, mesters\u00e9ges intelligenci\u00e1val t\u00f6rt\u00e9n\u0151 felismer\u00e9s \u00e9s az online hum\u00e1n valid\u00e1ci\u00f3 kifejleszt\u00e9se miatt minimaliz\u00e1lhat\u00f3 az emberi hiba. A f\u00fcggetlen preklinikai \u00e9s analitikai vizsg\u00e1latok meger\u0151s\u00edtett\u00e9k a DualDur-nak az \u00e9vtizedek sor\u00e1n tapasztalt kedvez\u0151 laborat\u00f3riumi tulajdons\u00e1gait.<\/p>\n<p>A projekt legnagyobb l\u00e9pt\u00e9k\u0171 \u00e1llom\u00e1sa a 6 orsz\u00e1gban 8 Lyme-klinika r\u00e9szv\u00e9tel\u00e9vel zajl\u00f3 klinikai kutat\u00e1s volt. Ezt f\u00fcggetlen szervezet \u00e9s laborat\u00f3rium seg\u00edts\u00e9g\u00e9vel tervezt\u00e9k meg \u00e9s bonyol\u00edtott\u00e1k le. Ez volt azon kev\u00e9s eur\u00f3pai klinikai kutat\u00e1sok egyike, amelynek terv\u00e9t f\u00fcggetlen adatb\u00e1zisban a kutat\u00e1s kezdete el\u0151tt lek\u00f6z\u00f6ltek &#8211; ezzel elker\u00fclve az ut\u00f3lagos manipul\u00e1ci\u00f3 lehet\u0151s\u00e9g\u00e9t.<\/p>\n<p>A kutat\u00e1si adatokat az Illet\u00e9kes Hat\u00f3s\u00e1gok \u00e9s az Etikai Bizotts\u00e1gok rendelkez\u00e9s\u00e9re bocs\u00e1tott\u00e1k, akik j\u00f3v\u00e1hagy\u00e1s\u00e1val megny\u00edlt a lehet\u0151s\u00e9g az orvosdiagnosztikai regisztr\u00e1ci\u00f3ra.<\/p>\n<p>Az IVD CE jelz\u00e9s az in-vitro orvosdiagnosztikai eszk\u00f6zk\u00e9nt val\u00f3 regisztr\u00e1ci\u00f3t jelenti, melynek sor\u00e1n az Illet\u00e9kes Hat\u00f3s\u00e1g (OGY\u00c9I) ellen\u0151rzi a gy\u00e1rt\u00f3 folyamatait, deklar\u00e1ci\u00f3it \u00e9s az eszk\u00f6z teljes\u00edt\u0151k\u00e9pess\u00e9g\u00e9nek vizsg\u00e1lati eredm\u00e9nyeit. Ennek alapj\u00e1n a DualDur 2020-ban IVD CE min\u0151s\u00edt\u00e9st kapott, amely b\u00e1rmely EU-n bel\u00fcli \u00e9s t\u00e1rsult orsz\u00e1gban minden tov\u00e1bbi befogad\u00e1s n\u00e9lk\u00fcli alkalmazhat\u00f3s\u00e1got jelent.<\/p>\n<p>A t\u00f6bb \u00e9vtizedes kutat\u00e1si eredm\u00e9nyek megkoron\u00e1z\u00e1sa volt k\u00e9t friss, neves szaklapban k\u00f6zz\u00e9tett publik\u00e1ci\u00f3, amelyek \u00fan. &#8222;impakt faktoros&#8221;, rangos, nemzetk\u00f6zi foly\u00f3iratban jelentek meg. El\u0151k\u00e9sz\u00edt\u00e9s alatt vannak tov\u00e1bbi publik\u00e1ci\u00f3k, hiszen klinikai kutat\u00e1sokban \u00e9s laborat\u00f3riumi vizsg\u00e1latokban, esettanulm\u00e1nyokban volt jelent\u0151s szerepe a DualDur-nak, mint az egyetlen olyan m\u00f3dszernek, amely igazoltan k\u00e9pes a k\u00f3rokoz\u00f3t kimutatni, kezel\u00e9s el\u0151tt, alatt \u00e9s ut\u00e1n.<\/p><p>K\u00e9t klinikai kutat\u00e1s eredm\u00e9nyeit mutatt\u00e1k be egy nemzetk\u00f6zi, Lyme-orvosokat t\u00f6m\u00f6r\u00edt\u0151 szervezet (ILADS) konferenci\u00e1j\u00e1n, 2024-ben \u00e9s 2025-ben, ahol a DualDur jelent\u0151s szerepet j\u00e1tszott a diagn\u00f3zis fel\u00e1ll\u00edt\u00e1s\u00e1ban, meger\u0151s\u00edt\u00e9s\u00e9ben.<\/p>\t\t\t\t\t\t\t\t<\/div>\n\t\t\t\t\t<\/div>\n\t\t\t\t<\/div>\n\t\t<div class=\"elementor-element elementor-element-9b683e5 e-flex e-con-boxed e-con e-parent\" data-id=\"9b683e5\" data-element_type=\"container\" data-e-type=\"container\">\n\t\t\t\t\t<div class=\"e-con-inner\">\n\t\t\t\t<div class=\"elementor-element elementor-element-ee6c4d2 elementor-widget elementor-widget-heading\" data-id=\"ee6c4d2\" data-element_type=\"widget\" data-e-type=\"widget\" data-widget_type=\"heading.default\">\n\t\t\t\t\t<h2 class=\"elementor-heading-title elementor-size-default\">Hivatkoz\u00e1sjegyz\u00e9k<\/h2>\t\t\t\t<\/div>\n\t\t\t\t<div class=\"elementor-element elementor-element-74156be elementor-widget elementor-widget-text-editor\" data-id=\"74156be\" data-element_type=\"widget\" data-e-type=\"widget\" data-widget_type=\"text-editor.default\">\n\t\t\t\t\t\t\t\t\t<ol><li><span style=\"background-color: transparent;\">B\u00f3zsik B.P., B\u00f3zsik A.P., B\u00f3zsik B. Patent: Direct Detection Method for Tick-Borne Infections and a Cell Technology Medium for the Method. WO2020194003, 2020.<\/span><\/li><li>Andr\u00e1s P. B\u00f3zsik, B\u00e9la P. B\u00f3zsik P. FIRST APPLICATION OF AN IMPROVED-RESOLUTION DARK-FIELD MICROSCOPY SETUP, COMBINED WITH A NOVEL DIRECT-STAINING LIVE IMMUNOFLUORESCENCE INVESTIGATION METHOD, VISUALISING THE MOTION OF BORRELIA BURGDORFERI SPIROCHETES. acta [Internet]. 2024 Jun 14 [cited 2024 Jun 28];33(1). Available from: https:\/\/acta-microscopica.org\/acta\/article\/view\/698<\/li><li>B\u00f3zsik, A.P.; D\u00e9ri, J.; B\u00f3zsik, B.P.; Egri, B. Presence of Borrelia Spirochetes in White Stork (<i>Ciconia ciconia<\/i>), White-Tailed Eagle (<i>Haliaeetus albicilla<\/i>), and Eastern Imperial Eagle (<i>Aquila heliaca<\/i>): Hospitalized in a Wild Bird Hospital and Sanctuary (Hortob\u00e1gy, Hungary).\u00a0<em>Animals<\/em>\u00a02024,\u00a0<em>14<\/em>, 3553. https:\/\/doi.org\/10.3390\/ani14243553<\/li><li>European Parliament resolution of 15 November 2018 on Lyme disease (Borreliosis) [Internet]. 2018\/2774(RSP Nov 15, 2018. Available from: https:\/\/www.europarl.europa.eu\/doceo\/document\/TA-8-2018-0465_EN.html<\/li><\/ol>\t\t\t\t\t\t\t\t<\/div>\n\t\t\t\t\t<\/div>\n\t\t\t\t<\/div>\n\t\t\t\t<\/div>\n\t\t","protected":false},"excerpt":{"rendered":"<p>A DualDur Eur\u00f3p\u00e1ban a legsz\u00e9lesebb Lyme diagnosztikai klinikai kutat\u00e1son bizony\u00edtotta teljes\u00edt\u0151k\u00e9pess\u00e9g\u00e9t, amelyre \u00e9p\u00fclve megkapta az eur\u00f3pai diagnosztikai regisztr\u00e1ci\u00f3t (IVD CE). 1986 \u00f3ta imm\u00e1r n\u00e9gy publik\u00e1ci\u00f3ban tett\u00e9k k\u00f6zz\u00e9 a tudom\u00e1nyos eredm\u00e9nyeket, \u00e9s t\u00f6bb sz\u00e1z Lyme szakorvos el\u0151tt, konferenci\u00e1kon mutatt\u00e1k be eredm\u00e9nyess\u00e9g\u00e9t. Specifikus immunfluoreszcencia vizsg\u00e1latokkal igazolt\u00e1k, hogy a mint\u00e1kban val\u00f3ban Borrelia l\u00e1that\u00f3, legfrissebben PCR eredm\u00e9nyek is igazolj\u00e1k [&hellip;]<\/p>\n","protected":false},"author":1,"featured_media":0,"parent":0,"menu_order":0,"comment_status":"closed","ping_status":"closed","template":"elementor_header_footer","meta":{"footnotes":""},"class_list":["post-1465","page","type-page","status-publish","hentry"],"yoast_head":"<!-- This site is optimized with the Yoast SEO Premium plugin v27.4 (Yoast SEO v27.4) - https:\/\/yoast.com\/product\/yoast-seo-premium-wordpress\/ -->\n<title>Kutat\u00e1s a DualDur m\u00f6g\u00f6tt<\/title>\n<meta name=\"description\" content=\"A DualDur Eur\u00f3p\u00e1ban a legsz\u00e9lesebb Lyme diagnosztikai klinikai kutat\u00e1son bizony\u00edtotta teljes\u00edt\u0151k\u00e9pess\u00e9g\u00e9t, amelyre \u00e9p\u00fclve megkapta az eur\u00f3pai\" \/>\n<meta name=\"robots\" content=\"index, follow, max-snippet:-1, max-image-preview:large, max-video-preview:-1\" \/>\n<link rel=\"canonical\" href=\"https:\/\/uj.dualdur.com\/dualdur-kutatas\/\" \/>\n<meta property=\"og:locale\" content=\"en_US\" \/>\n<meta property=\"og:type\" content=\"article\" \/>\n<meta property=\"og:title\" content=\"Kutat\u00e1s a DualDur m\u00f6g\u00f6tt\" \/>\n<meta property=\"og:description\" content=\"A DualDur Eur\u00f3p\u00e1ban a legsz\u00e9lesebb Lyme diagnosztikai klinikai kutat\u00e1son bizony\u00edtotta teljes\u00edt\u0151k\u00e9pess\u00e9g\u00e9t, amelyre \u00e9p\u00fclve megkapta az eur\u00f3pai\" \/>\n<meta property=\"og:url\" content=\"https:\/\/uj.dualdur.com\/dualdur-kutatas\/\" \/>\n<meta property=\"og:site_name\" content=\"DualDur\" \/>\n<meta property=\"article:modified_time\" content=\"2025-11-03T06:28:48+00:00\" \/>\n<meta name=\"twitter:card\" content=\"summary_large_image\" \/>\n<meta name=\"twitter:label1\" content=\"Est. reading time\" \/>\n\t<meta name=\"twitter:data1\" content=\"4 minutes\" \/>\n<script type=\"application\/ld+json\" class=\"yoast-schema-graph\">{\"@context\":\"https:\\\/\\\/schema.org\",\"@graph\":[{\"@type\":\"WebPage\",\"@id\":\"https:\\\/\\\/uj.dualdur.com\\\/dualdur-kutatas\\\/\",\"url\":\"https:\\\/\\\/uj.dualdur.com\\\/dualdur-kutatas\\\/\",\"name\":\"Kutat\u00e1s a DualDur m\u00f6g\u00f6tt\",\"isPartOf\":{\"@id\":\"https:\\\/\\\/dualdur.com\\\/#website\"},\"datePublished\":\"2025-09-08T16:38:37+00:00\",\"dateModified\":\"2025-11-03T06:28:48+00:00\",\"description\":\"A DualDur Eur\u00f3p\u00e1ban a legsz\u00e9lesebb Lyme diagnosztikai klinikai kutat\u00e1son bizony\u00edtotta teljes\u00edt\u0151k\u00e9pess\u00e9g\u00e9t, amelyre \u00e9p\u00fclve megkapta az eur\u00f3pai\",\"breadcrumb\":{\"@id\":\"https:\\\/\\\/uj.dualdur.com\\\/dualdur-kutatas\\\/#breadcrumb\"},\"inLanguage\":\"en-US\",\"potentialAction\":[{\"@type\":\"ReadAction\",\"target\":[\"https:\\\/\\\/uj.dualdur.com\\\/dualdur-kutatas\\\/\"]}]},{\"@type\":\"BreadcrumbList\",\"@id\":\"https:\\\/\\\/uj.dualdur.com\\\/dualdur-kutatas\\\/#breadcrumb\",\"itemListElement\":[{\"@type\":\"ListItem\",\"position\":1,\"name\":\"Kezd\u0151lap\",\"item\":\"https:\\\/\\\/dualdur.com\\\/\"},{\"@type\":\"ListItem\",\"position\":2,\"name\":\"Kutat\u00e1s a DualDur m\u00f6g\u00f6tt\"}]},{\"@type\":\"WebSite\",\"@id\":\"https:\\\/\\\/dualdur.com\\\/#website\",\"url\":\"https:\\\/\\\/dualdur.com\\\/\",\"name\":\"DualDur\",\"description\":\"\",\"publisher\":{\"@id\":\"https:\\\/\\\/dualdur.com\\\/#organization\"},\"potentialAction\":[{\"@type\":\"SearchAction\",\"target\":{\"@type\":\"EntryPoint\",\"urlTemplate\":\"https:\\\/\\\/dualdur.com\\\/?s={search_term_string}\"},\"query-input\":{\"@type\":\"PropertyValueSpecification\",\"valueRequired\":true,\"valueName\":\"search_term_string\"}}],\"inLanguage\":\"en-US\"},{\"@type\":\"Organization\",\"@id\":\"https:\\\/\\\/dualdur.com\\\/#organization\",\"name\":\"DualDur\",\"url\":\"https:\\\/\\\/dualdur.com\\\/\",\"logo\":{\"@type\":\"ImageObject\",\"inLanguage\":\"en-US\",\"@id\":\"https:\\\/\\\/dualdur.com\\\/#\\\/schema\\\/logo\\\/image\\\/\",\"url\":\"https:\\\/\\\/dualdur.com\\\/wp-content\\\/uploads\\\/2025\\\/03\\\/cropped-favicon.png\",\"contentUrl\":\"https:\\\/\\\/dualdur.com\\\/wp-content\\\/uploads\\\/2025\\\/03\\\/cropped-favicon.png\",\"width\":512,\"height\":512,\"caption\":\"DualDur\"},\"image\":{\"@id\":\"https:\\\/\\\/dualdur.com\\\/#\\\/schema\\\/logo\\\/image\\\/\"}}]}<\/script>\n<!-- \/ Yoast SEO Premium plugin. -->","yoast_head_json":{"title":"Research results behind DualDur","description":"DualDur has demonstrated its performance in the most extensive Lyme diagnostic clinical research in Europe, on the basis of which it was awarded the European","robots":{"index":"index","follow":"follow","max-snippet":"max-snippet:-1","max-image-preview":"max-image-preview:large","max-video-preview":"max-video-preview:-1"},"canonical":"https:\/\/uj.dualdur.com\/dualdur-kutatas\/","og_locale":"en_US","og_type":"article","og_title":"Kutat\u00e1s a DualDur m\u00f6g\u00f6tt","og_description":"A DualDur Eur\u00f3p\u00e1ban a legsz\u00e9lesebb Lyme diagnosztikai klinikai kutat\u00e1son bizony\u00edtotta teljes\u00edt\u0151k\u00e9pess\u00e9g\u00e9t, amelyre \u00e9p\u00fclve megkapta az eur\u00f3pai","og_url":"https:\/\/uj.dualdur.com\/dualdur-kutatas\/","og_site_name":"DualDur","article_modified_time":"2025-11-03T06:28:48+00:00","twitter_card":"summary_large_image","twitter_misc":{"Est. reading time":"4 minutes"},"schema":{"@context":"https:\/\/schema.org","@graph":[{"@type":"WebPage","@id":"https:\/\/uj.dualdur.com\/dualdur-kutatas\/","url":"https:\/\/uj.dualdur.com\/dualdur-kutatas\/","name":"Research results behind DualDur","isPartOf":{"@id":"https:\/\/dualdur.com\/#website"},"datePublished":"2025-09-08T16:38:37+00:00","dateModified":"2025-11-03T06:28:48+00:00","description":"DualDur has demonstrated its performance in the most extensive Lyme diagnostic clinical research in Europe, on the basis of which it was awarded the European","breadcrumb":{"@id":"https:\/\/uj.dualdur.com\/dualdur-kutatas\/#breadcrumb"},"inLanguage":"en-US","potentialAction":[{"@type":"ReadAction","target":["https:\/\/uj.dualdur.com\/dualdur-kutatas\/"]}]},{"@type":"BreadcrumbList","@id":"https:\/\/uj.dualdur.com\/dualdur-kutatas\/#breadcrumb","itemListElement":[{"@type":"ListItem","position":1,"name":"Kezd\u0151lap","item":"https:\/\/dualdur.com\/"},{"@type":"ListItem","position":2,"name":"Kutat\u00e1s a DualDur m\u00f6g\u00f6tt"}]},{"@type":"WebSite","@id":"https:\/\/dualdur.com\/#website","url":"https:\/\/dualdur.com\/","name":"Dual major","description":"","publisher":{"@id":"https:\/\/dualdur.com\/#organization"},"potentialAction":[{"@type":"SearchAction","target":{"@type":"EntryPoint","urlTemplate":"https:\/\/dualdur.com\/?s={search_term_string}"},"query-input":{"@type":"PropertyValueSpecification","valueRequired":true,"valueName":"search_term_string"}}],"inLanguage":"en-US"},{"@type":"Organization","@id":"https:\/\/dualdur.com\/#organization","name":"Dual major","url":"https:\/\/dualdur.com\/","logo":{"@type":"ImageObject","inLanguage":"en-US","@id":"https:\/\/dualdur.com\/#\/schema\/logo\/image\/","url":"https:\/\/dualdur.com\/wp-content\/uploads\/2025\/03\/cropped-favicon.png","contentUrl":"https:\/\/dualdur.com\/wp-content\/uploads\/2025\/03\/cropped-favicon.png","width":512,"height":512,"caption":"DualDur"},"image":{"@id":"https:\/\/dualdur.com\/#\/schema\/logo\/image\/"}}]}},"_links":{"self":[{"href":"https:\/\/dualdur.com\/en\/wp-json\/wp\/v2\/pages\/1465","targetHints":{"allow":["GET"]}}],"collection":[{"href":"https:\/\/dualdur.com\/en\/wp-json\/wp\/v2\/pages"}],"about":[{"href":"https:\/\/dualdur.com\/en\/wp-json\/wp\/v2\/types\/page"}],"author":[{"embeddable":true,"href":"https:\/\/dualdur.com\/en\/wp-json\/wp\/v2\/users\/1"}],"replies":[{"embeddable":true,"href":"https:\/\/dualdur.com\/en\/wp-json\/wp\/v2\/comments?post=1465"}],"version-history":[{"count":13,"href":"https:\/\/dualdur.com\/en\/wp-json\/wp\/v2\/pages\/1465\/revisions"}],"predecessor-version":[{"id":1712,"href":"https:\/\/dualdur.com\/en\/wp-json\/wp\/v2\/pages\/1465\/revisions\/1712"}],"wp:attachment":[{"href":"https:\/\/dualdur.com\/en\/wp-json\/wp\/v2\/media?parent=1465"}],"curies":[{"name":"wp","href":"https:\/\/api.w.org\/{rel}","templated":true}]}}