{"id":1357,"date":"2025-08-16T10:57:38","date_gmt":"2025-08-16T08:57:38","guid":{"rendered":"https:\/\/dualdur.com\/?page_id=1357"},"modified":"2026-03-25T22:55:19","modified_gmt":"2026-03-25T21:55:19","slug":"dualdur-laboratory-test","status":"publish","type":"page","link":"https:\/\/dualdur.com\/en\/dualdur-laboratoriumi-teszt\/","title":{"rendered":"Information about the DualDur laboratory test"},"content":{"rendered":"\t\t<div data-elementor-type=\"wp-page\" data-elementor-id=\"1357\" class=\"elementor elementor-1357\" data-elementor-post-type=\"page\">\n\t\t\t\t<div class=\"elementor-element elementor-element-304b0c6 e-con-full e-flex e-con e-parent\" data-id=\"304b0c6\" data-element_type=\"container\" data-e-type=\"container\" data-settings=\"{&quot;background_background&quot;:&quot;classic&quot;}\">\n\t\t\t\t<div class=\"elementor-element elementor-element-007b1a7 elementor-widget elementor-widget-heading\" data-id=\"007b1a7\" data-element_type=\"widget\" data-e-type=\"widget\" data-widget_type=\"heading.default\">\n\t\t\t\t\t<h2 class=\"elementor-heading-title elementor-size-default\">T\u00e1j\u00e9koztat\u00f3 a DualDur laborat\u00f3riumi tesztr\u0151l<\/h2>\t\t\t\t<\/div>\n\t\t\t\t<div class=\"elementor-element elementor-element-368f880 elementor-align-center elementor-widget elementor-widget-breadcrumbs\" data-id=\"368f880\" data-element_type=\"widget\" data-e-type=\"widget\" data-widget_type=\"breadcrumbs.default\">\n\t\t\t\t\t<p id=\"breadcrumbs\"><span><span><a href=\"https:\/\/dualdur.com\/\">Kezd\u0151lap<\/a><\/span><\/span><\/p>\t\t\t\t<\/div>\n\t\t\t\t<\/div>\n\t\t<div class=\"elementor-element elementor-element-cfd450c e-flex e-con-boxed e-con e-parent\" data-id=\"cfd450c\" data-element_type=\"container\" data-e-type=\"container\">\n\t\t\t\t\t<div class=\"e-con-inner\">\n\t\t\t\t<div class=\"elementor-element elementor-element-d6cb557 elementor-widget elementor-widget-text-editor\" data-id=\"d6cb557\" data-element_type=\"widget\" data-e-type=\"widget\" data-widget_type=\"text-editor.default\">\n\t\t\t\t\t\t\t\t\t<p>A DualDur teszt egyed\u00fcl\u00e1ll\u00f3 magyar innov\u00e1ci\u00f3, mely k\u00e9pes l\u00e1that\u00f3v\u00e1 tenni a Lyme-k\u00f3rt okoz\u00f3 bakt\u00e9riumot, a Borreli\u00e1t.<\/p><p>Egy egyszer\u0171 v\u00e9rv\u00e9telt k\u00f6vet\u0151en a k\u00f3rokoz\u00f3t m\u00e1r a fert\u0151z\u00e9s korai st\u00e1dium\u00e1ban (4-6 nappal a kullancs-cs\u00edp\u00e9s ut\u00e1n) \u00e9s a k\u00e9s\u0151bbi szakaszokban is k\u00e9pes kimutatni.<\/p><p>Negyven \u00e9v tudom\u00e1nyos munk\u00e1j\u00e1nak gy\u00fcm\u00f6lcse, t\u00f6bb t\u00edzezer elv\u00e9gzett teszt \u00e9s Eur\u00f3pa legnagyobb Lyme diagnosztikai kutat\u00e1sa igazolja. Az Eur\u00f3pai Parlament \u00e1ll\u00e1sfoglal\u00e1sa a Lyme-k\u00f3rr\u00f3l a DualDur-t \u00e9s hasonl\u00f3 innovat\u00edv megk\u00f6zel\u00edt\u00e9seket javasol a k\u00f3r korai felismer\u00e9s\u00e9re. A DualDur az egyetlen olyan diagnosztikai elj\u00e1r\u00e1s a Lyme-k\u00f3r kimutat\u00e1s\u00e1ra, amelyet nyilv\u00e1nos, el\u0151re megtervezett kutat\u00e1sokban, <strong>Eur\u00f3p\u00e1ban igazoltak<\/strong> \u00e9s magyarorsz\u00e1gi, <strong>akkredit\u00e1lt\u00a0<\/strong><strong>laborat\u00f3riumban<\/strong> v\u00e9geznek.<\/p><p>Miut\u00e1n a DualDur teszt seg\u00edts\u00e9g\u00e9vel k\u00f6zvetlen\u00fcl a k\u00f3rokoz\u00f3t mutatjuk ki, \u00edgy nem csak k\u00e9zzelfoghat\u00f3 bizony\u00edt\u00e9kot ny\u00fajtunk a fert\u0151z\u00e9s t\u00e9ny\u00e9r\u0151l, de a ter\u00e1pi\u00e1val kapcsolatban is eligaz\u00edt\u00e1st tudunk adni az orvosoknak.<\/p><p>A DualDur az els\u0151 \u00e1ltal\u00e1nosan haszn\u00e1lhat\u00f3 laborat\u00f3riumi teszt, amely k\u00e9pes annyi k\u00f3rokoz\u00f3t koncentr\u00e1lni a v\u00e9rmint\u00e1b\u00f3l, hogy azok mikroszk\u00f3ppal is l\u00e1that\u00f3k a betegs\u00e9g folyam\u00e1n, ak\u00e1r a kr\u00f3nikus t\u00fcnetekkel rendelkez\u0151 szakaszban is.<\/p><p>A rendszer mesters\u00e9ges intelligencia seg\u00edts\u00e9g\u00e9vel k\u00e9pes arra, hogy elk\u00fcl\u00f6n\u00edtse a t\u00fcnetekkel m\u00e9g nem rendelkez\u0151, \u00e9s a szak\u00e9rt\u0151k \u00e1ltal m\u00e1r feltehet\u0151leg kezel\u00e9sre javasolt eseteket.<\/p><p>A teszt elv\u00e9gz\u00e9s\u00e9t szakorvos javaslat\u00e1ra aj\u00e1nljuk, t\u00fcnetek jelenl\u00e9te n\u00e9lk\u00fcl csak a kezel\u00e9s sikeress\u00e9g\u00e9nek ellen\u0151rz\u00e9s\u00e9re javasoljuk!<\/p><p>Tov\u00e1bbi inform\u00e1ci\u00f3 a DualDur tesztr\u0151l <a href=\"https:\/\/dualdur.com\/#mi-a-dualdur\">itt<\/a>.<\/p><p>A v\u00e9rv\u00e9telr\u0151l tov\u00e1bbi inform\u00e1ci\u00f3 <a href=\"https:\/\/dualdur.com\/verveteli-pontok\/\">itt<\/a>.<\/p><p>A vizsg\u00e1latra a lenti \u0171rlap kit\u00f6lt\u00e9s\u00e9vel is jelentkezhet, melynek alapj\u00e1n koll\u00e9g\u00e1ink megkeresik \u00d6nt.<\/p><p>*A k\u00e9peken egy Immunfluoreszcens reagenssel jel\u00f6lt Borrelia burgdorferi bakt\u00e9rium l\u00e1that\u00f3, a DD-Lab Kft saj\u00e1t felv\u00e9tele.<\/p>\t\t\t\t\t\t\t\t<\/div>\n\t\t\t\t\t<\/div>\n\t\t\t\t<\/div>\n\t\t<div class=\"elementor-element elementor-element-efdf8a2 e-con-full e-flex e-con e-parent\" data-id=\"efdf8a2\" data-element_type=\"container\" data-e-type=\"container\">\n\t\t<div class=\"elementor-element elementor-element-67cf19d e-con-full e-flex e-con e-child\" data-id=\"67cf19d\" data-element_type=\"container\" data-e-type=\"container\" data-settings=\"{&quot;background_background&quot;:&quot;classic&quot;}\">\n\t\t\t\t<div class=\"elementor-element elementor-element-2c59e04 elementor-widget elementor-widget-heading\" data-id=\"2c59e04\" data-element_type=\"widget\" data-e-type=\"widget\" data-widget_type=\"heading.default\">\n\t\t\t\t\t<h2 class=\"elementor-heading-title elementor-size-default\">Kapcsolatfelv\u00e9tel<\/h2>\t\t\t\t<\/div>\n\t\t\t\t<div class=\"elementor-element elementor-element-82e7c98 elementor-icon-list--layout-inline elementor-list-item-link-full_width elementor-widget elementor-widget-icon-list\" data-id=\"82e7c98\" data-element_type=\"widget\" data-e-type=\"widget\" data-widget_type=\"icon-list.default\">\n\t\t\t\t\t\t\t<ul class=\"elementor-icon-list-items elementor-inline-items\">\n\t\t\t\t\t\t\t<li class=\"elementor-icon-list-item elementor-inline-item\">\n\t\t\t\t\t\t\t\t\t\t<span class=\"elementor-icon-list-text\">test@dualdur.com<\/span>\n\t\t\t\t\t\t\t\t\t<\/li>\n\t\t\t\t\t\t\t\t<li class=\"elementor-icon-list-item elementor-inline-item\">\n\t\t\t\t\t\t\t\t\t\t<span class=\"elementor-icon-list-text\">+36 30 108 5916<\/span>\n\t\t\t\t\t\t\t\t\t<\/li>\n\t\t\t\t\t\t<\/ul>\n\t\t\t\t\t\t<\/div>\n\t\t\t\t<div class=\"elementor-element elementor-element-17561f7 elementor-button-align-center elementor-widget__width-initial elementor-widget elementor-widget-form\" data-id=\"17561f7\" data-element_type=\"widget\" data-e-type=\"widget\" data-settings=\"{&quot;step_next_label&quot;:&quot;K\\u00f6vetkez\\u0151&quot;,&quot;step_previous_label&quot;:&quot;El\\u0151z\\u0151&quot;,&quot;button_width&quot;:&quot;100&quot;,&quot;step_type&quot;:&quot;number_text&quot;,&quot;step_icon_shape&quot;:&quot;circle&quot;}\" data-widget_type=\"form.default\">\n\t\t\t\t\t\t\t<form class=\"elementor-form\" method=\"post\" name=\"V\u00e9rv\u00e9teli pontok\" aria-label=\"V\u00e9rv\u00e9teli pontok\">\n\t\t\t<input type=\"hidden\" name=\"post_id\" value=\"1357\"\/>\n\t\t\t<input type=\"hidden\" name=\"form_id\" value=\"17561f7\"\/>\n\t\t\t<input type=\"hidden\" name=\"referer_title\" value=\"T\u00e1j\u00e9koztat\u00f3 a DualDur laborat\u00f3riumi tesztr\u0151l\" \/>\n\n\t\t\t\t\t\t\t<input type=\"hidden\" name=\"queried_id\" value=\"1357\"\/>\n\t\t\t\n\t\t\t<div class=\"elementor-form-fields-wrapper elementor-labels-above\">\n\t\t\t\t\t\t\t\t<div class=\"elementor-field-type-text elementor-field-group elementor-column elementor-field-group-name elementor-col-100\">\n\t\t\t\t\t\t\t\t\t\t\t\t\t<input size=\"1\" type=\"text\" name=\"form_fields[name]\" id=\"form-field-name\" class=\"elementor-field elementor-size-sm  elementor-field-textual\" placeholder=\"N\u00e9v\">\n\t\t\t\t\t\t\t\t\t\t\t<\/div>\n\t\t\t\t\t\t\t\t<div class=\"elementor-field-type-text elementor-field-group elementor-column elementor-field-group-field_ba29cec elementor-col-100\">\n\t\t\t\t\t\t\t\t\t\t\t\t\t<input size=\"1\" type=\"text\" name=\"form_fields[field_ba29cec]\" id=\"form-field-field_ba29cec\" class=\"elementor-field elementor-size-sm  elementor-field-textual\" placeholder=\"Betegs\u00e9g kezdete\">\n\t\t\t\t\t\t\t\t\t\t\t<\/div>\n\t\t\t\t\t\t\t\t<div class=\"elementor-field-type-text elementor-field-group elementor-column elementor-field-group-field_92ef635 elementor-col-100\">\n\t\t\t\t\t\t\t\t\t\t\t\t\t<input size=\"1\" type=\"text\" name=\"form_fields[field_92ef635]\" id=\"form-field-field_92ef635\" class=\"elementor-field elementor-size-sm  elementor-field-textual\" placeholder=\"Kezel\u0151orvos\">\n\t\t\t\t\t\t\t\t\t\t\t<\/div>\n\t\t\t\t\t\t\t\t<div class=\"elementor-field-type-email elementor-field-group elementor-column elementor-field-group-email elementor-col-100 elementor-field-required elementor-mark-required\">\n\t\t\t\t\t\t\t\t\t\t\t\t\t<input size=\"1\" type=\"email\" name=\"form_fields[email]\" id=\"form-field-email\" class=\"elementor-field elementor-size-sm  elementor-field-textual\" placeholder=\"Email\" required=\"required\">\n\t\t\t\t\t\t\t\t\t\t\t<\/div>\n\t\t\t\t\t\t\t\t<div class=\"elementor-field-group elementor-column elementor-field-type-submit elementor-col-100 e-form__buttons\">\n\t\t\t\t\t<button class=\"elementor-button elementor-size-sm\" type=\"submit\">\n\t\t\t\t\t\t<span class=\"elementor-button-content-wrapper\">\n\t\t\t\t\t\t\t\t\t\t\t\t\t\t\t\t\t\t\t\t\t\t<span class=\"elementor-button-text\">K\u00fcld\u00e9s<\/span>\n\t\t\t\t\t\t\t\t\t\t\t\t\t<\/span>\n\t\t\t\t\t<\/button>\n\t\t\t\t<\/div>\n\t\t\t<\/div>\n\t\t<\/form>\n\t\t\t\t\t\t<\/div>\n\t\t\t\t<\/div>\n\t\t\t\t<\/div>\n\t\t\t\t<\/div>\n\t\t","protected":false},"excerpt":{"rendered":"<p>T\u00e1j\u00e9koztat\u00f3 a DualDur laborat\u00f3riumi tesztr\u0151l A DualDur teszt egyed\u00fcl\u00e1ll\u00f3 magyar innov\u00e1ci\u00f3, mely k\u00e9pes l\u00e1that\u00f3v\u00e1 tenni a Lyme-k\u00f3rt okoz\u00f3 bakt\u00e9riumot, a Borreli\u00e1t. Egy egyszer\u0171 v\u00e9rv\u00e9telt k\u00f6vet\u0151en a k\u00f3rokoz\u00f3t m\u00e1r a fert\u0151z\u00e9s korai st\u00e1dium\u00e1ban (4-6 nappal a kullancs-cs\u00edp\u00e9s ut\u00e1n) \u00e9s a k\u00e9s\u0151bbi szakaszokban is k\u00e9pes kimutatni. Negyven \u00e9v tudom\u00e1nyos munk\u00e1j\u00e1nak gy\u00fcm\u00f6lcse, t\u00f6bb t\u00edzezer elv\u00e9gzett teszt \u00e9s Eur\u00f3pa [&hellip;]<\/p>\n","protected":false},"author":1,"featured_media":0,"parent":0,"menu_order":0,"comment_status":"closed","ping_status":"closed","template":"elementor_header_footer","meta":{"footnotes":""},"class_list":["post-1357","page","type-page","status-publish","hentry"],"yoast_head":"<!-- This site is optimized with the Yoast SEO Premium plugin v27.4 (Yoast SEO v27.4) - https:\/\/yoast.com\/product\/yoast-seo-premium-wordpress\/ -->\n<title>T\u00e1j\u00e9koztat\u00f3 a DualDur laborat\u00f3riumi tesztr\u0151l<\/title>\n<meta name=\"description\" content=\"T\u00e1j\u00e9koztat\u00f3 a DualDur laborat\u00f3riumi tesztr\u0151l A DualDur teszt egyed\u00fcl\u00e1ll\u00f3 magyar innov\u00e1ci\u00f3, mely k\u00e9pes l\u00e1that\u00f3v\u00e1 tenni a Lyme-k\u00f3rt okoz\u00f3 bakt\u00e9riumot, a\" \/>\n<meta name=\"robots\" content=\"index, follow, max-snippet:-1, max-image-preview:large, max-video-preview:-1\" \/>\n<link rel=\"canonical\" href=\"https:\/\/dualdur.com\/en\/dualdur-laboratory-test\/\" \/>\n<meta property=\"og:locale\" content=\"en_US\" \/>\n<meta property=\"og:type\" content=\"article\" \/>\n<meta property=\"og:title\" content=\"T\u00e1j\u00e9koztat\u00f3 a DualDur laborat\u00f3riumi tesztr\u0151l\" \/>\n<meta property=\"og:description\" content=\"T\u00e1j\u00e9koztat\u00f3 a DualDur laborat\u00f3riumi tesztr\u0151l A DualDur teszt egyed\u00fcl\u00e1ll\u00f3 magyar innov\u00e1ci\u00f3, mely k\u00e9pes l\u00e1that\u00f3v\u00e1 tenni a Lyme-k\u00f3rt okoz\u00f3 bakt\u00e9riumot, a\" \/>\n<meta property=\"og:url\" content=\"https:\/\/dualdur.com\/en\/dualdur-laboratory-test\/\" \/>\n<meta property=\"og:site_name\" content=\"DualDur\" \/>\n<meta property=\"article:modified_time\" content=\"2026-03-25T21:55:19+00:00\" \/>\n<meta name=\"twitter:card\" content=\"summary_large_image\" \/>\n<meta name=\"twitter:label1\" content=\"Est. reading time\" \/>\n\t<meta name=\"twitter:data1\" content=\"2 minutes\" \/>\n<script type=\"application\/ld+json\" class=\"yoast-schema-graph\">{\"@context\":\"https:\\\/\\\/schema.org\",\"@graph\":[{\"@type\":\"WebPage\",\"@id\":\"https:\\\/\\\/dualdur.com\\\/dualdur-laboratoriumi-teszt\\\/\",\"url\":\"https:\\\/\\\/dualdur.com\\\/dualdur-laboratoriumi-teszt\\\/\",\"name\":\"T\u00e1j\u00e9koztat\u00f3 a DualDur laborat\u00f3riumi tesztr\u0151l\",\"isPartOf\":{\"@id\":\"https:\\\/\\\/dualdur.com\\\/#website\"},\"datePublished\":\"2025-08-16T08:57:38+00:00\",\"dateModified\":\"2026-03-25T21:55:19+00:00\",\"description\":\"T\u00e1j\u00e9koztat\u00f3 a DualDur laborat\u00f3riumi tesztr\u0151l A DualDur teszt egyed\u00fcl\u00e1ll\u00f3 magyar innov\u00e1ci\u00f3, mely k\u00e9pes l\u00e1that\u00f3v\u00e1 tenni a Lyme-k\u00f3rt okoz\u00f3 bakt\u00e9riumot, a\",\"breadcrumb\":{\"@id\":\"https:\\\/\\\/dualdur.com\\\/dualdur-laboratoriumi-teszt\\\/#breadcrumb\"},\"inLanguage\":\"en-US\",\"potentialAction\":[{\"@type\":\"ReadAction\",\"target\":[\"https:\\\/\\\/dualdur.com\\\/dualdur-laboratoriumi-teszt\\\/\"]}]},{\"@type\":\"BreadcrumbList\",\"@id\":\"https:\\\/\\\/dualdur.com\\\/dualdur-laboratoriumi-teszt\\\/#breadcrumb\",\"itemListElement\":[{\"@type\":\"ListItem\",\"position\":1,\"name\":\"Kezd\u0151lap\",\"item\":\"https:\\\/\\\/dualdur.com\\\/\"},{\"@type\":\"ListItem\",\"position\":2,\"name\":\"T\u00e1j\u00e9koztat\u00f3 a DualDur laborat\u00f3riumi tesztr\u0151l\"}]},{\"@type\":\"WebSite\",\"@id\":\"https:\\\/\\\/dualdur.com\\\/#website\",\"url\":\"https:\\\/\\\/dualdur.com\\\/\",\"name\":\"DualDur\",\"description\":\"\",\"publisher\":{\"@id\":\"https:\\\/\\\/dualdur.com\\\/#organization\"},\"potentialAction\":[{\"@type\":\"SearchAction\",\"target\":{\"@type\":\"EntryPoint\",\"urlTemplate\":\"https:\\\/\\\/dualdur.com\\\/?s={search_term_string}\"},\"query-input\":{\"@type\":\"PropertyValueSpecification\",\"valueRequired\":true,\"valueName\":\"search_term_string\"}}],\"inLanguage\":\"en-US\"},{\"@type\":\"Organization\",\"@id\":\"https:\\\/\\\/dualdur.com\\\/#organization\",\"name\":\"DualDur\",\"url\":\"https:\\\/\\\/dualdur.com\\\/\",\"logo\":{\"@type\":\"ImageObject\",\"inLanguage\":\"en-US\",\"@id\":\"https:\\\/\\\/dualdur.com\\\/#\\\/schema\\\/logo\\\/image\\\/\",\"url\":\"https:\\\/\\\/dualdur.com\\\/wp-content\\\/uploads\\\/2025\\\/03\\\/cropped-favicon.png\",\"contentUrl\":\"https:\\\/\\\/dualdur.com\\\/wp-content\\\/uploads\\\/2025\\\/03\\\/cropped-favicon.png\",\"width\":512,\"height\":512,\"caption\":\"DualDur\"},\"image\":{\"@id\":\"https:\\\/\\\/dualdur.com\\\/#\\\/schema\\\/logo\\\/image\\\/\"}}]}<\/script>\n<!-- \/ Yoast SEO Premium plugin. -->","yoast_head_json":{"title":"Information about the DualDur laboratory test","description":"Information about the DualDur laboratory test The DualDur test is a unique Hungarian innovation that can visualise the Lyme disease-causing bacterium, the","robots":{"index":"index","follow":"follow","max-snippet":"max-snippet:-1","max-image-preview":"max-image-preview:large","max-video-preview":"max-video-preview:-1"},"canonical":"https:\/\/dualdur.com\/en\/dualdur-laboratory-test\/","og_locale":"en_US","og_type":"article","og_title":"T\u00e1j\u00e9koztat\u00f3 a DualDur laborat\u00f3riumi tesztr\u0151l","og_description":"T\u00e1j\u00e9koztat\u00f3 a DualDur laborat\u00f3riumi tesztr\u0151l A DualDur teszt egyed\u00fcl\u00e1ll\u00f3 magyar innov\u00e1ci\u00f3, mely k\u00e9pes l\u00e1that\u00f3v\u00e1 tenni a Lyme-k\u00f3rt okoz\u00f3 bakt\u00e9riumot, a","og_url":"https:\/\/dualdur.com\/en\/dualdur-laboratory-test\/","og_site_name":"DualDur","article_modified_time":"2026-03-25T21:55:19+00:00","twitter_card":"summary_large_image","twitter_misc":{"Est. reading time":"2 minutes"},"schema":{"@context":"https:\/\/schema.org","@graph":[{"@type":"WebPage","@id":"https:\/\/dualdur.com\/dualdur-laboratoriumi-teszt\/","url":"https:\/\/dualdur.com\/dualdur-laboratoriumi-teszt\/","name":"Information about the DualDur laboratory test","isPartOf":{"@id":"https:\/\/dualdur.com\/#website"},"datePublished":"2025-08-16T08:57:38+00:00","dateModified":"2026-03-25T21:55:19+00:00","description":"Information about the DualDur laboratory test The DualDur test is a unique Hungarian innovation that can visualise the Lyme disease-causing bacterium, the","breadcrumb":{"@id":"https:\/\/dualdur.com\/dualdur-laboratoriumi-teszt\/#breadcrumb"},"inLanguage":"en-US","potentialAction":[{"@type":"ReadAction","target":["https:\/\/dualdur.com\/dualdur-laboratoriumi-teszt\/"]}]},{"@type":"BreadcrumbList","@id":"https:\/\/dualdur.com\/dualdur-laboratoriumi-teszt\/#breadcrumb","itemListElement":[{"@type":"ListItem","position":1,"name":"Kezd\u0151lap","item":"https:\/\/dualdur.com\/"},{"@type":"ListItem","position":2,"name":"T\u00e1j\u00e9koztat\u00f3 a DualDur laborat\u00f3riumi tesztr\u0151l"}]},{"@type":"WebSite","@id":"https:\/\/dualdur.com\/#website","url":"https:\/\/dualdur.com\/","name":"Dual major","description":"","publisher":{"@id":"https:\/\/dualdur.com\/#organization"},"potentialAction":[{"@type":"SearchAction","target":{"@type":"EntryPoint","urlTemplate":"https:\/\/dualdur.com\/?s={search_term_string}"},"query-input":{"@type":"PropertyValueSpecification","valueRequired":true,"valueName":"search_term_string"}}],"inLanguage":"en-US"},{"@type":"Organization","@id":"https:\/\/dualdur.com\/#organization","name":"Dual major","url":"https:\/\/dualdur.com\/","logo":{"@type":"ImageObject","inLanguage":"en-US","@id":"https:\/\/dualdur.com\/#\/schema\/logo\/image\/","url":"https:\/\/dualdur.com\/wp-content\/uploads\/2025\/03\/cropped-favicon.png","contentUrl":"https:\/\/dualdur.com\/wp-content\/uploads\/2025\/03\/cropped-favicon.png","width":512,"height":512,"caption":"DualDur"},"image":{"@id":"https:\/\/dualdur.com\/#\/schema\/logo\/image\/"}}]}},"_links":{"self":[{"href":"https:\/\/dualdur.com\/en\/wp-json\/wp\/v2\/pages\/1357","targetHints":{"allow":["GET"]}}],"collection":[{"href":"https:\/\/dualdur.com\/en\/wp-json\/wp\/v2\/pages"}],"about":[{"href":"https:\/\/dualdur.com\/en\/wp-json\/wp\/v2\/types\/page"}],"author":[{"embeddable":true,"href":"https:\/\/dualdur.com\/en\/wp-json\/wp\/v2\/users\/1"}],"replies":[{"embeddable":true,"href":"https:\/\/dualdur.com\/en\/wp-json\/wp\/v2\/comments?post=1357"}],"version-history":[{"count":28,"href":"https:\/\/dualdur.com\/en\/wp-json\/wp\/v2\/pages\/1357\/revisions"}],"predecessor-version":[{"id":1990,"href":"https:\/\/dualdur.com\/en\/wp-json\/wp\/v2\/pages\/1357\/revisions\/1990"}],"wp:attachment":[{"href":"https:\/\/dualdur.com\/en\/wp-json\/wp\/v2\/media?parent=1357"}],"curies":[{"name":"wp","href":"https:\/\/api.w.org\/{rel}","templated":true}]}}