{"id":1033,"date":"2025-07-15T18:59:01","date_gmt":"2025-07-15T16:59:01","guid":{"rendered":"https:\/\/dualdur.com\/?page_id=1033"},"modified":"2025-11-03T07:49:18","modified_gmt":"2025-11-03T06:49:18","slug":"tests-arak","status":"publish","type":"page","link":"https:\/\/dualdur.com\/en\/tesztek-arak\/","title":{"rendered":"Tests and Prices"},"content":{"rendered":"<div data-elementor-type=\"wp-page\" data-elementor-id=\"1033\" class=\"elementor elementor-1033\" data-elementor-post-type=\"page\">\n\t\t\t\t<div class=\"elementor-element elementor-element-304b0c6 e-con-full e-flex e-con e-parent\" data-id=\"304b0c6\" data-element_type=\"container\" data-e-type=\"container\" data-settings=\"{&quot;background_background&quot;:&quot;classic&quot;}\">\n\t\t\t\t<div class=\"elementor-element elementor-element-007b1a7 elementor-widget elementor-widget-heading\" data-id=\"007b1a7\" data-element_type=\"widget\" data-e-type=\"widget\" data-widget_type=\"heading.default\">\n\t\t\t\t\t<h2 class=\"elementor-heading-title elementor-size-default\">Tests and Prices<\/h2>\t\t\t\t<\/div>\n\t\t\t\t<div class=\"elementor-element elementor-element-368f880 elementor-align-center elementor-widget elementor-widget-breadcrumbs\" data-id=\"368f880\" data-element_type=\"widget\" data-e-type=\"widget\" data-widget_type=\"breadcrumbs.default\">\n\t\t\t\t\t<p id=\"breadcrumbs\"><span><span><a href=\"https:\/\/dualdur.com\/en\/\">Home<\/a><\/span><\/span><\/p>\t\t\t\t<\/div>\n\t\t\t\t<\/div>\n\t\t<div class=\"elementor-element elementor-element-cfd450c e-flex e-con-boxed e-con e-parent\" data-id=\"cfd450c\" data-element_type=\"container\" data-e-type=\"container\">\n\t\t\t\t\t<div class=\"e-con-inner\">\n\t\t\t\t<div class=\"elementor-element elementor-element-c8ac803 elementor-widget elementor-widget-price-list\" data-id=\"c8ac803\" data-element_type=\"widget\" data-e-type=\"widget\" data-widget_type=\"price-list.default\">\n\t\t\t\t\t\n\t\t<ul class=\"elementor-price-list\">\n\n\t\t\t\t\t\t\t\t\t<li><a class=\"elementor-price-list-item\" href=\"#\">\t\t\t\t\n\t\t\t\t<div class=\"elementor-price-list-text\">\n\t\t\t\t\t\t\t\t\t<div class=\"elementor-price-list-header\">\n\t\t\t\t\t\t\t\t\t\t\t<span class=\"elementor-price-list-title\">\n\t\t\t\t\t\t\tDualDur - DD-LYME 4.0\t\t\t\t\t\t<\/span>\n\t\t\t\t\t\t\t\t\t\t\t\t\t\t\t\t\t\t<span class=\"elementor-price-list-separator\"><\/span>\n\t\t\t\t\t\t\t\t\t\t\t\t\t\t\t\t\t\t\t<span class=\"elementor-price-list-price\">120 EUR<\/span>\n\t\t\t\t\t\t\t\t\t\t<\/div>\n\t\t\t\t\t\t\t\t\t\t\t\t\t\t\t<p class=\"elementor-price-list-description\">\n\t\t\t\t\t\t\t\u2013 A unique, clinically validated laboratory test with IVD CE certification that diagnoses infected cases with 96% accuracy. <br>\n\u2013 Enables the direct detection, demonstration, and visualization of the pathogen\u2019s presence under the microscope \u2014 even before the serological (immune) reaction develops and before the symptoms become more pronounced. <br>\n\u2013 The automatic dark-field microscopy (AIM) analysis uses artificial intelligence with human validation. <br>\n\u2013 The only direct test that allows monitoring of treatment effectiveness, as it detects the actual presence of the pathogen. <br>\n\u2013 The client receives a written report of the test results. If you are a medical specialist, please inquire about the additional services available.\t\t\t\t\t\t<\/p>\n\t\t\t\t\t\t\t\t<\/div>\n\t\t\t\t<\/a><\/li>\t\t\t\t\t\t\t\t\t\t\t\t<li><a class=\"elementor-price-list-item\" href=\"#\">\t\t\t\t\n\t\t\t\t<div class=\"elementor-price-list-text\">\n\t\t\t\t\t\t\t\t\t<div class=\"elementor-price-list-header\">\n\t\t\t\t\t\t\t\t\t\t\t<span class=\"elementor-price-list-title\">\n\t\t\t\t\t\t\tCo-infections \u2013 DD-TICK 2.0\t\t\t\t\t\t<\/span>\n\t\t\t\t\t\t\t\t\t\t\t\t\t\t\t\t\t\t<span class=\"elementor-price-list-separator\"><\/span>\n\t\t\t\t\t\t\t\t\t\t\t\t\t\t\t\t\t\t\t<span class=\"elementor-price-list-price\">170 EUR<\/span>\n\t\t\t\t\t\t\t\t\t\t<\/div>\n\t\t\t\t\t\t\t\t\t\t\t\t\t\t\t<p class=\"elementor-price-list-description\">\n\t\t\t\t\t\t\t\u2013 Manual dark-field microscopic examination focusing on co-infections that may occur alongside Borrelia infection, with a frequency of up to 70%. <br>\n\u2013 Bacteria causing co-infections: Bartonella, Babesia, Anaplasma\/Ehrlichia, Mycoplasma <br>\n\u2013 The presence of different pathogens may influence the development of the therapeutic plan and may be responsible for unsuccessful Lyme disease treatments. <br>\n\u2013 Can only be ordered together with the DD-LYME 4.0 test! <br>\n\u2013 After the test, the client receives a written report and images of the detected infections.\t\t\t\t\t\t<\/p>\n\t\t\t\t\t\t\t\t<\/div>\n\t\t\t\t<\/a><\/li>\t\t\t\t\t\t\t\t\t\t\t\t<li><a class=\"elementor-price-list-item\" href=\"#\">\t\t\t\t\n\t\t\t\t<div class=\"elementor-price-list-text\">\n\t\t\t\t\t\t\t\t\t<div class=\"elementor-price-list-header\">\n\t\t\t\t\t\t\t\t\t\t\t<span class=\"elementor-price-list-title\">\n\t\t\t\t\t\t\t'B\u00f3zsik' Western blot - DD-LYME 3.0 WB\t\t\t\t\t\t<\/span>\n\t\t\t\t\t\t\t\t\t\t\t\t\t\t\t\t\t\t<span class=\"elementor-price-list-separator\"><\/span>\n\t\t\t\t\t\t\t\t\t\t\t\t\t\t\t\t\t\t\t<span class=\"elementor-price-list-price\">100 EUR<\/span>\n\t\t\t\t\t\t\t\t\t\t<\/div>\n\t\t\t\t\t\t\t\t\t\t\t\t\t\t\t<p class=\"elementor-price-list-description\">\n\t\t\t\t\t\t\t\u2013 Serological test with significantly improved sensitivity \u2014 clinically proven to be 50% higher than that of comparable tests. <br>\n\u2013 The purpose of the test is to measure the level of specific immune response developed by the body, providing feedback on the condition of the immune system.\nIf you are a medical specialist, please inquire about the additional services available. <br>\n\u2013 If, as a medical specialist, you wish to request an analysis of the Borrelia strain causing the infection, this test must be performed simultaneously with the DD-LYME 4.0 test. The different subspecies may respond differently to various antibiotic agents, and the selection of the antibiotic agent can significantly influence the effectiveness of the therapy. <br>\n\u2013 After the test, the client receives a detailed written report.\t\t\t\t\t\t<\/p>\n\t\t\t\t\t\t\t\t<\/div>\n\t\t\t\t<\/a><\/li>\t\t\t\t\t\t\t\t\t\t\t\t<li><a class=\"elementor-price-list-item\" href=\"#\">\t\t\t\t\n\t\t\t\t<div class=\"elementor-price-list-text\">\n\t\t\t\t\t\t\t\t\t<div class=\"elementor-price-list-header\">\n\t\t\t\t\t\t\t\t\t\t\t<span class=\"elementor-price-list-title\">\n\t\t\t\t\t\t\tImmunofluorescence \u2013 DD-LYME 2.0 FL\t\t\t\t\t\t<\/span>\n\t\t\t\t\t\t\t\t\t\t\t\t\t\t\t\t\t\t<span class=\"elementor-price-list-separator\"><\/span>\n\t\t\t\t\t\t\t\t\t\t\t\t\t\t\t\t\t\t\t<span class=\"elementor-price-list-price\">80 EUR<\/span>\n\t\t\t\t\t\t\t\t\t\t<\/div>\n\t\t\t\t\t\t\t\t\t\t\t\t\t\t\t<p class=\"elementor-price-list-description\">\n\t\t\t\t\t\t\t\u2013 Confirmatory staining of Borrelia bacteria present in the sample using Borrelia-specific antibodies. <br>\n\u2013 A method accepted by microbiologist laboratory specialists. <br>\n\u2013 Can only be interpreted together with the DD-LYME 4.0 test and therefore cannot be ordered separately. <br>\n\u2013 After the test, the client receives image-based results with a written explanation.\t\t\t\t\t\t<\/p>\n\t\t\t\t\t\t\t\t<\/div>\n\t\t\t\t<\/a><\/li>\t\t\t\t\t\n\t\t<\/ul>\n\n\t\t\t\t\t\t<\/div>\n\t\t\t\t<div class=\"elementor-element elementor-element-d6cb557 elementor-widget elementor-widget-text-editor\" data-id=\"d6cb557\" data-element_type=\"widget\" data-e-type=\"widget\" data-widget_type=\"text-editor.default\">\n\t\t\t\t\t\t\t\t\t<p>By ordering the DualDur, Co-infections, and B\u00f3zsik Western blot tests together, the patient receives a complete picture of their condition.<\/p>\n<p>You can have the required blood sample taken for the tests at several locations across Europe, including Hungary, Poland, Spain, Sweden, and many other countries.<\/p>\n<p>For exact locations, please contact us \u2014 our colleagues will gladly provide information about the place and time of blood collection based on the available appointment slots. At our blood collection site, our qualified staff will take the required amount of blood painlessly within just a few minutes.<\/p>\n<p><strong>test@dualdur.com<\/strong><br \/><strong>+36 30 108 5916<\/strong><\/p>\n<p>\u00ad<\/p>\n<p><em>*The above prices do not include possible shipping or logistical costs.<\/em><\/p>\n<p><em>*Some of our contracted partners may charge a one-time blood collection fee after sampling. (Sampling at the central collection site is free of charge and included in the test fee.)<\/em><\/p>\n<p>Please note that in the case of data correction or the issuance of a new invoice, an administrative fee may be charged. You can find more information about the applicable fees in the following document:\u00a0\u00a0<a href=\"https:\/\/dualdur.com\/wp-content\/uploads\/2025\/10\/Adminisztracios-dij-bevezetese.pdf\" target=\"_blank\" rel=\"noopener\">Introduction of administrative fee<\/a><\/p>\t\t\t\t\t\t\t\t<\/div>\n\t\t\t\t\t<\/div>\n\t\t\t\t<\/div>\n\t\t\t\t<\/div>","protected":false},"excerpt":{"rendered":"<p>Tesztek \u00e9s \u00e1rak DualDur &#8211; DD-LYME 4.0 48 000 Ft &#8211; A vil\u00e1gon egyed\u00fcl\u00e1ll\u00f3, klinikailag igazolt, CE-jelz\u00e9ssel rendelkez\u0151 laborat\u00f3riumi teszt, mely a fert\u0151z\u00f6tt eseteket 96%-os pontoss\u00e1ggal diagnosztiz\u00e1lja &#8211; Lehet\u0151v\u00e9 teszi, hogy direkt vizsg\u00e1lati m\u00f3dszerrel igazoljuk, megmutassuk, l\u00e1that\u00f3v\u00e1 tegy\u00fck a k\u00f3rokoz\u00f3 jelenl\u00e9t\u00e9t a mikroszk\u00f3p alatt, m\u00e9g a szerol\u00f3giai-, azaz immunreakci\u00f3 kialakul\u00e1sa el\u0151tt, \u00e9s miel\u0151tt a t\u00fcnetek [&hellip;]<\/p>\n","protected":false},"author":1,"featured_media":0,"parent":0,"menu_order":0,"comment_status":"closed","ping_status":"closed","template":"elementor_header_footer","meta":{"footnotes":""},"class_list":["post-1033","page","type-page","status-publish","hentry"],"yoast_head":"<!-- This site is optimized with the Yoast SEO Premium plugin v27.4 (Yoast SEO v27.4) - https:\/\/yoast.com\/product\/yoast-seo-premium-wordpress\/ -->\n<title>Tesztek \u00e9s \u00e1rak<\/title>\n<meta name=\"description\" content=\"Tesztek \u00e9s \u00e1rak DualDur - DD-LYME 4.0 48 000 Ft - A vil\u00e1gon egyed\u00fcl\u00e1ll\u00f3, klinikailag igazolt, CE-jelz\u00e9ssel rendelkez\u0151 laborat\u00f3riumi teszt, mely a\" \/>\n<meta name=\"robots\" content=\"index, follow, max-snippet:-1, max-image-preview:large, max-video-preview:-1\" \/>\n<link rel=\"canonical\" href=\"https:\/\/uj.dualdur.com\/tesztek-arak\/\" \/>\n<meta property=\"og:locale\" content=\"en_US\" \/>\n<meta property=\"og:type\" content=\"article\" \/>\n<meta property=\"og:title\" content=\"Tesztek \u00e9s \u00e1rak\" \/>\n<meta property=\"og:description\" content=\"Tesztek \u00e9s \u00e1rak DualDur - DD-LYME 4.0 48 000 Ft - A vil\u00e1gon egyed\u00fcl\u00e1ll\u00f3, klinikailag igazolt, CE-jelz\u00e9ssel rendelkez\u0151 laborat\u00f3riumi teszt, mely a\" \/>\n<meta property=\"og:url\" content=\"https:\/\/uj.dualdur.com\/tesztek-arak\/\" \/>\n<meta property=\"og:site_name\" content=\"DualDur\" \/>\n<meta property=\"article:modified_time\" content=\"2025-11-03T06:49:18+00:00\" \/>\n<meta name=\"twitter:card\" content=\"summary_large_image\" \/>\n<meta name=\"twitter:label1\" content=\"Est. reading time\" \/>\n\t<meta name=\"twitter:data1\" content=\"3 minutes\" \/>\n<script type=\"application\/ld+json\" class=\"yoast-schema-graph\">{\"@context\":\"https:\\\/\\\/schema.org\",\"@graph\":[{\"@type\":\"WebPage\",\"@id\":\"https:\\\/\\\/uj.dualdur.com\\\/tesztek-arak\\\/\",\"url\":\"https:\\\/\\\/uj.dualdur.com\\\/tesztek-arak\\\/\",\"name\":\"Tesztek \u00e9s \u00e1rak\",\"isPartOf\":{\"@id\":\"https:\\\/\\\/dualdur.com\\\/#website\"},\"datePublished\":\"2025-07-15T16:59:01+00:00\",\"dateModified\":\"2025-11-03T06:49:18+00:00\",\"description\":\"Tesztek \u00e9s \u00e1rak DualDur - DD-LYME 4.0 48 000 Ft - A vil\u00e1gon egyed\u00fcl\u00e1ll\u00f3, klinikailag igazolt, CE-jelz\u00e9ssel rendelkez\u0151 laborat\u00f3riumi teszt, mely a\",\"breadcrumb\":{\"@id\":\"https:\\\/\\\/uj.dualdur.com\\\/tesztek-arak\\\/#breadcrumb\"},\"inLanguage\":\"en-US\",\"potentialAction\":[{\"@type\":\"ReadAction\",\"target\":[\"https:\\\/\\\/uj.dualdur.com\\\/tesztek-arak\\\/\"]}]},{\"@type\":\"BreadcrumbList\",\"@id\":\"https:\\\/\\\/uj.dualdur.com\\\/tesztek-arak\\\/#breadcrumb\",\"itemListElement\":[{\"@type\":\"ListItem\",\"position\":1,\"name\":\"Kezd\u0151lap\",\"item\":\"https:\\\/\\\/dualdur.com\\\/\"},{\"@type\":\"ListItem\",\"position\":2,\"name\":\"Tesztek \u00e9s \u00e1rak\"}]},{\"@type\":\"WebSite\",\"@id\":\"https:\\\/\\\/dualdur.com\\\/#website\",\"url\":\"https:\\\/\\\/dualdur.com\\\/\",\"name\":\"DualDur\",\"description\":\"\",\"publisher\":{\"@id\":\"https:\\\/\\\/dualdur.com\\\/#organization\"},\"potentialAction\":[{\"@type\":\"SearchAction\",\"target\":{\"@type\":\"EntryPoint\",\"urlTemplate\":\"https:\\\/\\\/dualdur.com\\\/?s={search_term_string}\"},\"query-input\":{\"@type\":\"PropertyValueSpecification\",\"valueRequired\":true,\"valueName\":\"search_term_string\"}}],\"inLanguage\":\"en-US\"},{\"@type\":\"Organization\",\"@id\":\"https:\\\/\\\/dualdur.com\\\/#organization\",\"name\":\"DualDur\",\"url\":\"https:\\\/\\\/dualdur.com\\\/\",\"logo\":{\"@type\":\"ImageObject\",\"inLanguage\":\"en-US\",\"@id\":\"https:\\\/\\\/dualdur.com\\\/#\\\/schema\\\/logo\\\/image\\\/\",\"url\":\"https:\\\/\\\/dualdur.com\\\/wp-content\\\/uploads\\\/2025\\\/03\\\/cropped-favicon.png\",\"contentUrl\":\"https:\\\/\\\/dualdur.com\\\/wp-content\\\/uploads\\\/2025\\\/03\\\/cropped-favicon.png\",\"width\":512,\"height\":512,\"caption\":\"DualDur\"},\"image\":{\"@id\":\"https:\\\/\\\/dualdur.com\\\/#\\\/schema\\\/logo\\\/image\\\/\"}}]}<\/script>\n<!-- \/ Yoast SEO Premium plugin. -->","yoast_head_json":{"title":"Tests and Prices","description":"Tests and prices DualDur - DD-LYME 4.0 48 000 Ft - The world's only clinically proven, CE-marked laboratory test that","robots":{"index":"index","follow":"follow","max-snippet":"max-snippet:-1","max-image-preview":"max-image-preview:large","max-video-preview":"max-video-preview:-1"},"canonical":"https:\/\/uj.dualdur.com\/tesztek-arak\/","og_locale":"en_US","og_type":"article","og_title":"Tesztek \u00e9s \u00e1rak","og_description":"Tesztek \u00e9s \u00e1rak DualDur - DD-LYME 4.0 48 000 Ft - A vil\u00e1gon egyed\u00fcl\u00e1ll\u00f3, klinikailag igazolt, CE-jelz\u00e9ssel rendelkez\u0151 laborat\u00f3riumi teszt, mely a","og_url":"https:\/\/uj.dualdur.com\/tesztek-arak\/","og_site_name":"DualDur","article_modified_time":"2025-11-03T06:49:18+00:00","twitter_card":"summary_large_image","twitter_misc":{"Est. reading time":"3 minutes"},"schema":{"@context":"https:\/\/schema.org","@graph":[{"@type":"WebPage","@id":"https:\/\/uj.dualdur.com\/tesztek-arak\/","url":"https:\/\/uj.dualdur.com\/tesztek-arak\/","name":"Tests and Prices","isPartOf":{"@id":"https:\/\/dualdur.com\/#website"},"datePublished":"2025-07-15T16:59:01+00:00","dateModified":"2025-11-03T06:49:18+00:00","description":"Tests and prices DualDur - DD-LYME 4.0 48 000 Ft - The world's only clinically proven, CE-marked laboratory test that","breadcrumb":{"@id":"https:\/\/uj.dualdur.com\/tesztek-arak\/#breadcrumb"},"inLanguage":"en-US","potentialAction":[{"@type":"ReadAction","target":["https:\/\/uj.dualdur.com\/tesztek-arak\/"]}]},{"@type":"BreadcrumbList","@id":"https:\/\/uj.dualdur.com\/tesztek-arak\/#breadcrumb","itemListElement":[{"@type":"ListItem","position":1,"name":"Kezd\u0151lap","item":"https:\/\/dualdur.com\/"},{"@type":"ListItem","position":2,"name":"Tesztek \u00e9s \u00e1rak"}]},{"@type":"WebSite","@id":"https:\/\/dualdur.com\/#website","url":"https:\/\/dualdur.com\/","name":"Dual major","description":"","publisher":{"@id":"https:\/\/dualdur.com\/#organization"},"potentialAction":[{"@type":"SearchAction","target":{"@type":"EntryPoint","urlTemplate":"https:\/\/dualdur.com\/?s={search_term_string}"},"query-input":{"@type":"PropertyValueSpecification","valueRequired":true,"valueName":"search_term_string"}}],"inLanguage":"en-US"},{"@type":"Organization","@id":"https:\/\/dualdur.com\/#organization","name":"Dual major","url":"https:\/\/dualdur.com\/","logo":{"@type":"ImageObject","inLanguage":"en-US","@id":"https:\/\/dualdur.com\/#\/schema\/logo\/image\/","url":"https:\/\/dualdur.com\/wp-content\/uploads\/2025\/03\/cropped-favicon.png","contentUrl":"https:\/\/dualdur.com\/wp-content\/uploads\/2025\/03\/cropped-favicon.png","width":512,"height":512,"caption":"DualDur"},"image":{"@id":"https:\/\/dualdur.com\/#\/schema\/logo\/image\/"}}]}},"_links":{"self":[{"href":"https:\/\/dualdur.com\/en\/wp-json\/wp\/v2\/pages\/1033","targetHints":{"allow":["GET"]}}],"collection":[{"href":"https:\/\/dualdur.com\/en\/wp-json\/wp\/v2\/pages"}],"about":[{"href":"https:\/\/dualdur.com\/en\/wp-json\/wp\/v2\/types\/page"}],"author":[{"embeddable":true,"href":"https:\/\/dualdur.com\/en\/wp-json\/wp\/v2\/users\/1"}],"replies":[{"embeddable":true,"href":"https:\/\/dualdur.com\/en\/wp-json\/wp\/v2\/comments?post=1033"}],"version-history":[{"count":20,"href":"https:\/\/dualdur.com\/en\/wp-json\/wp\/v2\/pages\/1033\/revisions"}],"predecessor-version":[{"id":1730,"href":"https:\/\/dualdur.com\/en\/wp-json\/wp\/v2\/pages\/1033\/revisions\/1730"}],"wp:attachment":[{"href":"https:\/\/dualdur.com\/en\/wp-json\/wp\/v2\/media?parent=1033"}],"curies":[{"name":"wp","href":"https:\/\/api.w.org\/{rel}","templated":true}]}}